{"id":11,"date":"2015-06-16T12:22:56","date_gmt":"2015-06-16T10:22:56","guid":{"rendered":"https:\/\/itw-technik.de\/?page_id=11"},"modified":"2021-09-02T11:29:28","modified_gmt":"2021-09-02T09:29:28","slug":"impressum","status":"publish","type":"page","link":"https:\/\/itw-technik.de\/de\/impressum\/","title":{"rendered":"Impressum"},"content":{"rendered":"<div id=\"pl-11\"  class=\"panel-layout\" ><div id=\"pg-11-0\"  class=\"panel-grid panel-no-style\" ><div id=\"pgc-11-0-0\"  class=\"panel-grid-cell\" ><div id=\"panel-11-0-0-0\" class=\"so-panel widget widget_sow-editor panel-first-child panel-last-child\" data-index=\"0\" ><div\n\t\t\t\n\t\t\tclass=\"so-widget-sow-editor so-widget-sow-editor-base\"\n\t\t\t\n\t\t>\n<div class=\"siteorigin-widget-tinymce textwidget\">\n\t<h1>Impressum<\/h1>\n<h3>Angaben gem\u00e4\u00df \u00a7 5 TMG:<\/h3>\n<h2>ITW Industrie-Technik Werth GmbH<\/h2>\n<p>Brachtstra\u00dfe 20<br \/>\n63633 Birstein<\/p>\n<p>Telefon: +49 (0)6054 909000<br \/>\nTelefax: +49 (0)6054 909009<\/p>\n<p>eMail: info@itw-technik.de<br \/>\nInternet: <a href=\"https:\/\/itw-technik.de\">www.itw-technik.de<\/a><\/p>\n<h3>Vertretungsberechtigte Gesch\u00e4ftsf\u00fchrer<\/h3>\n<p>Stephan Werth, Sascha Eckert (Anschrift wie oben)<\/p>\n<h3>Inhaltlich Verantwortlicher gem\u00e4\u00df \u00a755 Abs. 2 RSfV<\/h3>\n<p>Stephan Werth (Anschrift wie oben)<\/p>\n<h3>Umsatzsteuer-Identifikationsnummer gem\u00e4\u00df \u00a7 27 a Um\u00adsatz\u00adsteuer\u00adgesetz<\/h3>\n<p>USt-IdNr.: DE 812894018<\/p>\n<h3>Registergericht<\/h3>\n<p>Amtsgericht Hanau<br \/>\nRegisternummer: HRB 12906<\/p>\n<h3>Angaben gem\u00e4\u00df \u00a7 36 Abs. 1 VSBG - Ver\u00adbraucher\u00adstreit\u00adbei\u00adlegungs\u00adgesetz<\/h3>\n<p>Allgemeine Verbraucherschlichtungsstelle des Zentrums fu\u0308r Schlichtung e.V.<br \/>\nStra\u00dfburger Stra\u00dfe 8<br \/>\n77694 Kehl am Rhein<br \/>\nWir erkl\u00e4ren jedoch hiermit, zur Teilnahme an einem Streitbeilegungsverfahren weder bereit noch verpflichtet zu sein.<\/p>\n<h3>Rechtliche Hinweise<\/h3>\n<p>Die auf unseren Seiten erw\u00e4hnten Produkte und\/oder Produktbezeichnungen sind in der Regel eingetragene Warenzeichen und unterliegen als solche den gesetzlichen Bestimmungen. Auch die nicht explizite Nennung dieser Warenzeichen l\u00e4sst nicht den Schluss auf freie Verf\u00fcgbarkeit zu.<\/p>\n<h3>Urheberrecht<\/h3>\n<p>Alle Copyright-, Urheber- und anderen Rechte f\u00fcr alle Texte, Fotos und Grafiken liegen \u2013 soweit nicht anders vermerkt \u2013 bei ITW Industrie-Technik Werth GmbH.<\/p>\n<p>Jegliche Weiterverarbeitung von Bildern, Grafiken, Texten oder Zitate von Texten dieses Angebotes ohne Absprache\/Vertrag ist verboten und verst\u00f6\u00dft gegen die Urheberrechte.<br \/>\nJegliche Nutzung von Bildern, Grafiken, Texten aus diesem Angebot auf einer Internetseite oder Ver\u00f6ffentlichung jeder Art (ob auf digitalen oder analogen Speichermedien, im Internet, oder in gedruckten Erzeugnissen \u2013 jeglicher Nachdruck, Ver\u00f6ffentlichung oder Reproduktion in Online- und anderen Medien \u2013 auch auszugsweise) sind nur mit schriftlicher Genehmigung von ITW Industrie-Technik Werth GmbH gestattet.<\/p>\n<h3>Datenschutz<\/h3>\n<p>Die ITW Industrie-Technik Werth GmbH freut sich \u00fcber Ihren Besuch auf dieser Website sowie \u00fcber Ihr Interesse an unserem Unternehmen und unseren Produkten. Wir nehmen den Schutz Ihrer privaten Daten ernst und m\u00f6chten, dass Sie sich auf unserer Website wohl f\u00fchlen.<\/p>\n<p>Weitere Informationen entnehmen Sie bitte unserer <a href=\"\/datenschutzerklaerung\/\">Datenschutzerkl\u00e4rung<\/a>.<\/p>\n<p>Verantwortlich f\u00fcr die Gestaltung<br \/>\n<a href=\"https:\/\/flexible-web.solutions\" target=\"_blank\" rel=\"noopener\">Flexible Web Solutions<\/a><\/p>\n<\/div>\n<\/div><\/div><\/div><div id=\"pgc-11-0-1\"  class=\"panel-grid-cell\" ><div id=\"panel-11-0-1-0\" class=\"so-panel widget widget_sow-editor panel-first-child panel-last-child\" data-index=\"1\" ><div\n\t\t\t\n\t\t\tclass=\"so-widget-sow-editor so-widget-sow-editor-base\"\n\t\t\t\n\t\t>\n<div class=\"siteorigin-widget-tinymce textwidget\">\n\t<p><img decoding=\"async\" src=\"https:\/\/itw-technik.de\/wp-content\/uploads\/itw-logo-grey-blue-1000px.svg\" alt=\"ITW Industrie-Technik Werth GmbH Logo\" class=\"alignnone size-medium wp-image-657\" \/><\/p>\n<h3>Weitere Infos<\/h3>\n<p><a href=\"https:\/\/itw-technik.de\/unternehmen\/\">Das Unternehmen<\/a><br \/>\n<a href=\"https:\/\/itw-technik.de\/unternehmen\/karriere\/\">Karriere bei ITW<\/a><br \/>\n<a href=\"https:\/\/itw-technik.de\/wp-content\/uploads\/itw-agb-9-2021.pdf\" target=\"_blank\" rel=\"noopener\">Allgemeine Gesch\u00e4ftsbedingungen (AGB)<\/a><br \/>\n<a href=\"https:\/\/itw-technik.de\/wp-content\/uploads\/itw-agb-9-2021-en.pdf\" target=\"_blank\" rel=\"noopener\">Terms and Conditions<\/a><br \/>\n<a href=\"https:\/\/itw-technik.de\/datenschutzerklaerung\/\">Datenschutzerkl\u00e4rung<\/a><\/p>\n<\/div>\n<\/div><\/div><\/div><\/div><\/div>","protected":false},"excerpt":{"rendered":"<p>Impressum Angaben gem\u00e4\u00df \u00a7 5 TMG: ITW Industrie-Technik Werth GmbH Brachtstra\u00dfe 20 63633 Birstein Telefon: +49 (0)6054 909000 Telefax: +49 (0)6054 909009 eMail: info@itw-technik.de Internet: www.itw-technik.de Vertretungsberechtigte Gesch\u00e4ftsf\u00fchrer Stephan Werth, Sascha Eckert (Anschrift wie oben) Inhaltlich Verantwortlicher gem\u00e4\u00df \u00a755 Abs. 2 RSfV Stephan Werth (Anschrift wie oben) Umsatzsteuer-Identifikationsnummer gem\u00e4\u00df \u00a7 27 a Um\u00adsatz\u00adsteuer\u00adgesetz USt-IdNr.: DE [&hellip;]<\/p>\n","protected":false},"author":1,"featured_media":0,"parent":0,"menu_order":0,"comment_status":"closed","ping_status":"closed","template":"","meta":{"footnotes":""},"class_list":["post-11","page","type-page","status-publish","hentry"],"yoast_head":"<!-- This site is optimized with the Yoast SEO plugin v25.5 - https:\/\/yoast.com\/wordpress\/plugins\/seo\/ -->\n<title>Impressum - ITW Industrie-Technik Werth GmbH<\/title>\n<meta name=\"robots\" content=\"index, follow, max-snippet:-1, max-image-preview:large, max-video-preview:-1\" \/>\n<link rel=\"canonical\" href=\"https:\/\/itw-technik.de\/de\/impressum\/\" \/>\n<meta name=\"twitter:card\" content=\"summary_large_image\" \/>\n<meta name=\"twitter:title\" content=\"Impressum - ITW Industrie-Technik Werth GmbH\" \/>\n<meta name=\"twitter:description\" content=\"Impressum Angaben gem\u00e4\u00df \u00a7 5 TMG: ITW Industrie-Technik Werth GmbH Brachtstra\u00dfe 20 63633 Birstein Telefon: +49 (0)6054 909000 Telefax: +49 (0)6054 909009 eMail: info@itw-technik.de Internet: www.itw-technik.de Vertretungsberechtigte Gesch\u00e4ftsf\u00fchrer Stephan Werth, Sascha Eckert (Anschrift wie oben) Inhaltlich Verantwortlicher gem\u00e4\u00df \u00a755 Abs. 2 RSfV Stephan Werth (Anschrift wie oben) Umsatzsteuer-Identifikationsnummer gem\u00e4\u00df \u00a7 27 a Um\u00adsatz\u00adsteuer\u00adgesetz USt-IdNr.: DE [&hellip;]\" \/>\n<meta name=\"twitter:image\" content=\"https:\/\/itw-technik.de\/wp-content\/uploads\/itw-logo-grey-blue-1000px.svg\" \/>\n<meta name=\"twitter:label1\" content=\"Gesch\u00e4tzte Lesezeit\" \/>\n\t<meta name=\"twitter:data1\" content=\"2\u00a0Minuten\" \/>\n<script type=\"application\/ld+json\" class=\"yoast-schema-graph\">{\"@context\":\"https:\/\/schema.org\",\"@graph\":[{\"@type\":\"WebPage\",\"@id\":\"https:\/\/itw-technik.de\/de\/impressum\/\",\"url\":\"https:\/\/itw-technik.de\/de\/impressum\/\",\"name\":\"Impressum - ITW Industrie-Technik Werth GmbH\",\"isPartOf\":{\"@id\":\"https:\/\/itw-technik.de\/de\/#website\"},\"primaryImageOfPage\":{\"@id\":\"https:\/\/itw-technik.de\/de\/impressum\/#primaryimage\"},\"image\":{\"@id\":\"https:\/\/itw-technik.de\/de\/impressum\/#primaryimage\"},\"thumbnailUrl\":\"https:\/\/itw-technik.de\/wp-content\/uploads\/itw-logo-grey-blue-1000px.svg\",\"datePublished\":\"2015-06-16T10:22:56+00:00\",\"dateModified\":\"2021-09-02T09:29:28+00:00\",\"inLanguage\":\"de\",\"potentialAction\":[{\"@type\":\"ReadAction\",\"target\":[\"https:\/\/itw-technik.de\/de\/impressum\/\"]}]},{\"@type\":\"ImageObject\",\"inLanguage\":\"de\",\"@id\":\"https:\/\/itw-technik.de\/de\/impressum\/#primaryimage\",\"url\":\"https:\/\/itw-technik.de\/wp-content\/uploads\/itw-logo-grey-blue-1000px.svg\",\"contentUrl\":\"https:\/\/itw-technik.de\/wp-content\/uploads\/itw-logo-grey-blue-1000px.svg\"},{\"@type\":\"WebSite\",\"@id\":\"https:\/\/itw-technik.de\/de\/#website\",\"url\":\"https:\/\/itw-technik.de\/de\/\",\"name\":\"ITW Industrie-Technik Werth GmbH\",\"description\":\"Industrie Technik Maschinenbau\",\"potentialAction\":[{\"@type\":\"SearchAction\",\"target\":{\"@type\":\"EntryPoint\",\"urlTemplate\":\"https:\/\/itw-technik.de\/de\/?s={search_term_string}\"},\"query-input\":{\"@type\":\"PropertyValueSpecification\",\"valueRequired\":true,\"valueName\":\"search_term_string\"}}],\"inLanguage\":\"de\"}]}<\/script>\n<!-- \/ Yoast SEO plugin. -->","yoast_head_json":{"title":"Impressum - ITW Industrie-Technik Werth GmbH","robots":{"index":"index","follow":"follow","max-snippet":"max-snippet:-1","max-image-preview":"max-image-preview:large","max-video-preview":"max-video-preview:-1"},"canonical":"https:\/\/itw-technik.de\/de\/impressum\/","twitter_card":"summary_large_image","twitter_title":"Impressum - ITW Industrie-Technik Werth GmbH","twitter_description":"Impressum Angaben gem\u00e4\u00df \u00a7 5 TMG: ITW Industrie-Technik Werth GmbH Brachtstra\u00dfe 20 63633 Birstein Telefon: +49 (0)6054 909000 Telefax: +49 (0)6054 909009 eMail: info@itw-technik.de Internet: www.itw-technik.de Vertretungsberechtigte Gesch\u00e4ftsf\u00fchrer Stephan Werth, Sascha Eckert (Anschrift wie oben) Inhaltlich Verantwortlicher gem\u00e4\u00df \u00a755 Abs. 2 RSfV Stephan Werth (Anschrift wie oben) Umsatzsteuer-Identifikationsnummer gem\u00e4\u00df \u00a7 27 a Um\u00adsatz\u00adsteuer\u00adgesetz USt-IdNr.: DE [&hellip;]","twitter_image":"https:\/\/itw-technik.de\/wp-content\/uploads\/itw-logo-grey-blue-1000px.svg","twitter_misc":{"Gesch\u00e4tzte Lesezeit":"2\u00a0Minuten"},"schema":{"@context":"https:\/\/schema.org","@graph":[{"@type":"WebPage","@id":"https:\/\/itw-technik.de\/de\/impressum\/","url":"https:\/\/itw-technik.de\/de\/impressum\/","name":"Impressum - ITW Industrie-Technik Werth GmbH","isPartOf":{"@id":"https:\/\/itw-technik.de\/de\/#website"},"primaryImageOfPage":{"@id":"https:\/\/itw-technik.de\/de\/impressum\/#primaryimage"},"image":{"@id":"https:\/\/itw-technik.de\/de\/impressum\/#primaryimage"},"thumbnailUrl":"https:\/\/itw-technik.de\/wp-content\/uploads\/itw-logo-grey-blue-1000px.svg","datePublished":"2015-06-16T10:22:56+00:00","dateModified":"2021-09-02T09:29:28+00:00","inLanguage":"de","potentialAction":[{"@type":"ReadAction","target":["https:\/\/itw-technik.de\/de\/impressum\/"]}]},{"@type":"ImageObject","inLanguage":"de","@id":"https:\/\/itw-technik.de\/de\/impressum\/#primaryimage","url":"https:\/\/itw-technik.de\/wp-content\/uploads\/itw-logo-grey-blue-1000px.svg","contentUrl":"https:\/\/itw-technik.de\/wp-content\/uploads\/itw-logo-grey-blue-1000px.svg"},{"@type":"WebSite","@id":"https:\/\/itw-technik.de\/de\/#website","url":"https:\/\/itw-technik.de\/de\/","name":"ITW Industrie-Technik Werth GmbH","description":"Industrie Technik Maschinenbau","potentialAction":[{"@type":"SearchAction","target":{"@type":"EntryPoint","urlTemplate":"https:\/\/itw-technik.de\/de\/?s={search_term_string}"},"query-input":{"@type":"PropertyValueSpecification","valueRequired":true,"valueName":"search_term_string"}}],"inLanguage":"de"}]}},"publishpress_future_action":{"enabled":false,"date":"2026-05-06 14:03:37","action":"change-status","newStatus":"draft","terms":[],"taxonomy":"translation_priority","extraData":[]},"publishpress_future_workflow_manual_trigger":{"enabledWorkflows":[]},"_links":{"self":[{"href":"https:\/\/itw-technik.de\/de\/wp-json\/wp\/v2\/pages\/11","targetHints":{"allow":["GET"]}}],"collection":[{"href":"https:\/\/itw-technik.de\/de\/wp-json\/wp\/v2\/pages"}],"about":[{"href":"https:\/\/itw-technik.de\/de\/wp-json\/wp\/v2\/types\/page"}],"author":[{"embeddable":true,"href":"https:\/\/itw-technik.de\/de\/wp-json\/wp\/v2\/users\/1"}],"replies":[{"embeddable":true,"href":"https:\/\/itw-technik.de\/de\/wp-json\/wp\/v2\/comments?post=11"}],"version-history":[{"count":5,"href":"https:\/\/itw-technik.de\/de\/wp-json\/wp\/v2\/pages\/11\/revisions"}],"predecessor-version":[{"id":4532,"href":"https:\/\/itw-technik.de\/de\/wp-json\/wp\/v2\/pages\/11\/revisions\/4532"}],"wp:attachment":[{"href":"https:\/\/itw-technik.de\/de\/wp-json\/wp\/v2\/media?parent=11"}],"curies":[{"name":"wp","href":"https:\/\/api.w.org\/{rel}","templated":true}]}}