{"id":1692,"date":"2018-06-14T03:39:29","date_gmt":"2018-06-14T01:39:29","guid":{"rendered":"https:\/\/itw-technik.de\/?page_id=1692"},"modified":"2021-02-17T18:14:32","modified_gmt":"2021-02-17T17:14:32","slug":"steuerungstechnik","status":"publish","type":"page","link":"https:\/\/itw-technik.de\/de\/steuerungstechnik\/","title":{"rendered":"Steuerungstechnik"},"content":{"rendered":"<div id=\"pl-1692\"  class=\"panel-layout\" ><div id=\"pg-1692-0\"  class=\"panel-grid panel-has-style\" ><div class=\"siteorigin-panels-stretch panel-row-style panel-row-style-for-1692-0\" data-stretch-type=\"full-stretched\" ><div id=\"pgc-1692-0-0\"  class=\"panel-grid-cell\" ><div id=\"panel-1692-0-0-0\" class=\"so-panel widget widget_sow-editor panel-first-child panel-last-child\" data-index=\"0\" ><div class=\"panel-widget-style panel-widget-style-for-1692-0-0-0\" ><div\n\t\t\t\n\t\t\tclass=\"so-widget-sow-editor so-widget-sow-editor-base\"\n\t\t\t\n\t\t>\n<div class=\"siteorigin-widget-tinymce textwidget\">\n\t<h2 class=\"img-line\">Steuerungstechnik<\/h2>\n<\/div>\n<\/div><\/div><\/div><\/div><\/div><\/div><div id=\"pg-1692-1\"  class=\"panel-grid panel-no-style\" ><div id=\"pgc-1692-1-0\"  class=\"panel-grid-cell\" ><div id=\"panel-1692-1-0-0\" class=\"so-panel widget widget_sow-editor panel-first-child panel-last-child\" data-index=\"1\" ><div\n\t\t\t\n\t\t\tclass=\"so-widget-sow-editor so-widget-sow-editor-base\"\n\t\t\t\n\t\t>\n<div class=\"siteorigin-widget-tinymce textwidget\">\n\t<h2>Steuerungstechnik<\/h2>\n<h3>Moderne und benutzerfreundliche \u00adHMI \u00adSteuerungstechnik<\/h3>\n<p>Moderne und effiziente Steuerungstechnik ist unverzichtbar f\u00fcr einen innovativen und zeitgem\u00e4\u00dfen Maschinenbau. Wir bieten daher, zusammen mit unseren Partnern (nachfolgend aufgef\u00fchrt), ein kompetentes und erfahrenes Team. Von der Kleinst-Steuerung f\u00fcr B\u00e4nder bis hin zur Hi-Tech Maschinensteuerung mit HMI (Humen Machine Interface). Gerade die Benutzerschnittstelle (HMI) ist ein wichtiger Aspekt in der heutigen Zeit, da die Schnittstelle Mensch &lt; - &gt; Maschine einfach und \u00fcbersichtlich sein muss. Datenmanagementsystem (MDE \/ BDE), sowie Kontrollsysteme (Visionsensoren etc. ) geh\u00f6ren ebenfalls bei Bedarf dazu.<\/p>\n<ul class=\"aufzaehlung\">\n<li>Siemens S7300 u. S71200 Steuerungen<\/li>\n<li>HMI mit Touchpanel<\/li>\n<li>Hohe Kompetenz und Erfahrung in Programmierung und IBN<\/li>\n<li>EPlan und ECad<\/li>\n<li>Datenmanagement bzw. BDE System aus eigener Entwicklung<\/li>\n<li>RFID und Kontrollsysteme (Vision- Sensor)<\/li>\n<li>Benutzerverwaltung (auch \u00fcber RFID)<\/li>\n<\/ul>\n<p>Daher steht ITW f\u00fcr innovative und \u00fcbersichtliche Steuerungstechnik mit durchdachter HMI und Software.<\/p>\n<\/div>\n<\/div><\/div><\/div><div id=\"pgc-1692-1-1\"  class=\"panel-grid-cell\" ><div id=\"panel-1692-1-1-0\" class=\"so-panel widget widget_sow-editor panel-first-child panel-last-child\" data-index=\"2\" ><div\n\t\t\t\n\t\t\tclass=\"so-widget-sow-editor so-widget-sow-editor-base\"\n\t\t\t\n\t\t>\n<div class=\"siteorigin-widget-tinymce textwidget\">\n\t<p><img loading=\"lazy\" decoding=\"async\" src=\"https:\/\/itw-technik.de\/wp-content\/uploads\/itw-steuerungstechnik-HMI3.jpg\" alt=\"ITW Industrie-Technik Werth GmbH - Steuerungstechnik\" width=\"800\" height=\"493\" class=\"alignnone size-full wp-image-1697\" srcset=\"https:\/\/itw-technik.de\/wp-content\/uploads\/itw-steuerungstechnik-HMI3.jpg 800w, https:\/\/itw-technik.de\/wp-content\/uploads\/itw-steuerungstechnik-HMI3-768x473.jpg 768w\" sizes=\"auto, (max-width: 800px) 100vw, 800px\" \/><\/p>\n<\/div>\n<\/div><\/div><\/div><div id=\"pgc-1692-1-2\"  class=\"panel-grid-cell\" ><div id=\"panel-1692-1-2-0\" class=\"so-panel widget widget_sow-editor panel-first-child panel-last-child\" data-index=\"3\" ><div\n\t\t\t\n\t\t\tclass=\"so-widget-sow-editor so-widget-sow-editor-base\"\n\t\t\t\n\t\t>\n<div class=\"siteorigin-widget-tinymce textwidget\">\n\t<p><img loading=\"lazy\" decoding=\"async\" src=\"https:\/\/itw-technik.de\/wp-content\/uploads\/itw-steuerungstechnik-HMI2.jpg\" alt=\"ITW Industrie-Technik Werth GmbH - Steuerungstechnik\" width=\"800\" height=\"482\" class=\"alignnone size-full wp-image-1698\" srcset=\"https:\/\/itw-technik.de\/wp-content\/uploads\/itw-steuerungstechnik-HMI2.jpg 800w, https:\/\/itw-technik.de\/wp-content\/uploads\/itw-steuerungstechnik-HMI2-768x463.jpg 768w\" sizes=\"auto, (max-width: 800px) 100vw, 800px\" \/><\/p>\n<\/div>\n<\/div><\/div><\/div><div id=\"pgc-1692-1-3\"  class=\"panel-grid-cell\" ><div id=\"panel-1692-1-3-0\" class=\"so-panel widget widget_sow-editor panel-first-child panel-last-child\" data-index=\"4\" ><div\n\t\t\t\n\t\t\tclass=\"so-widget-sow-editor so-widget-sow-editor-base\"\n\t\t\t\n\t\t>\n<div class=\"siteorigin-widget-tinymce textwidget\">\n\t<p><img loading=\"lazy\" decoding=\"async\" src=\"https:\/\/itw-technik.de\/wp-content\/uploads\/itw-steuerungstechnik-HMI-0.jpg\" alt=\"ITW Industrie-Technik Werth GmbH - Steuerungstechnik\" width=\"800\" height=\"583\" class=\"alignnone size-full wp-image-1699\" srcset=\"https:\/\/itw-technik.de\/wp-content\/uploads\/itw-steuerungstechnik-HMI-0.jpg 800w, https:\/\/itw-technik.de\/wp-content\/uploads\/itw-steuerungstechnik-HMI-0-768x560.jpg 768w\" sizes=\"auto, (max-width: 800px) 100vw, 800px\" \/><\/p>\n<\/div>\n<\/div><\/div><\/div><\/div><div id=\"pg-1692-2\"  class=\"panel-grid panel-no-style\" ><div id=\"pgc-1692-2-0\"  class=\"panel-grid-cell\" ><div id=\"panel-1692-2-0-0\" class=\"so-panel widget widget_sow-editor panel-first-child panel-last-child\" data-index=\"5\" ><div\n\t\t\t\n\t\t\tclass=\"so-widget-sow-editor so-widget-sow-editor-base\"\n\t\t\t\n\t\t>\n<div class=\"siteorigin-widget-tinymce textwidget\">\n\t<h2>Unser Partner<\/h2>\n<\/div>\n<\/div><\/div><\/div><\/div><div id=\"pg-1692-3\"  class=\"panel-grid panel-no-style\" ><div id=\"pgc-1692-3-0\"  class=\"panel-grid-cell\" ><div id=\"panel-1692-3-0-0\" class=\"so-panel widget widget_sow-editor panel-first-child panel-last-child\" data-index=\"6\" ><div class=\"panel-widget-style panel-widget-style-for-1692-3-0-0\" ><div\n\t\t\t\n\t\t\tclass=\"so-widget-sow-editor so-widget-sow-editor-base\"\n\t\t\t\n\t\t>\n<div class=\"siteorigin-widget-tinymce textwidget\">\n\t<p><a href=\"https:\/\/www.smb-nidda.de\/\" rel=\"noopener\" target=\"_blank\"><img loading=\"lazy\" decoding=\"async\" src=\"https:\/\/itw-technik.de\/wp-content\/uploads\/smb-logo-partner-250x150.jpg\" alt=\"ITW Partner SMB GmbH\" width=\"250\" height=\"150\" class=\"alignnone size-full wp-image-989\" \/><\/a><\/p>\n<\/div>\n<\/div><\/div><\/div><\/div><div id=\"pgc-1692-3-1\"  class=\"panel-grid-cell\" ><div id=\"panel-1692-3-1-0\" class=\"so-panel widget widget_sow-editor panel-first-child panel-last-child\" data-index=\"7\" ><div\n\t\t\t\n\t\t\tclass=\"so-widget-sow-editor so-widget-sow-editor-base\"\n\t\t\t\n\t\t>\n<div class=\"siteorigin-widget-tinymce textwidget\">\n\t<p><strong>SMB GmbH<\/strong><\/p>\n<p>Steuerungstechnik, Automatisierungstechnik, Schaltschrankbau<\/p>\n<\/div>\n<\/div><\/div><\/div><div id=\"pgc-1692-3-2\"  class=\"panel-grid-cell panel-grid-cell-empty\" ><\/div><div id=\"pgc-1692-3-3\"  class=\"panel-grid-cell panel-grid-cell-empty\" ><\/div><div id=\"pgc-1692-3-4\"  class=\"panel-grid-cell panel-grid-cell-empty panel-grid-cell-mobile-last\" ><\/div><div id=\"pgc-1692-3-5\"  class=\"panel-grid-cell panel-grid-cell-empty\" ><\/div><\/div><div id=\"pg-1692-4\"  class=\"panel-grid panel-no-style\" ><div id=\"pgc-1692-4-0\"  class=\"panel-grid-cell\" ><div id=\"panel-1692-4-0-0\" class=\"so-panel widget widget_sow-editor panel-first-child panel-last-child\" data-index=\"8\" ><div id=\"produkte\" class=\"panel-widget-style panel-widget-style-for-1692-4-0-0\" ><div\n\t\t\t\n\t\t\tclass=\"so-widget-sow-editor so-widget-sow-editor-base\"\n\t\t\t\n\t\t>\n<div class=\"siteorigin-widget-tinymce textwidget\">\n\t<h2>Weitere ITW-Produkte<\/h2>\n<\/div>\n<\/div><\/div><\/div><\/div><\/div><div id=\"pg-1692-5\"  class=\"panel-grid panel-has-style\" ><div class=\"so-parallax siteorigin-panels-stretch panel-row-style panel-row-style-for-1692-5\" data-stretch-type=\"full-stretched\" ><img fetchpriority=\"high\" decoding=\"async\" width=\"1600\" height=\"800\" src=\"https:\/\/itw-technik.de\/wp-content\/uploads\/itw-sondermaschinen-main-4.jpg\" class=\"attachment-full size-full\" alt=\"ITW - Sondermaschinen\" data-siteorigin-parallax=\"true\" loading=\"eager\" srcset=\"https:\/\/itw-technik.de\/wp-content\/uploads\/itw-sondermaschinen-main-4.jpg 1600w, https:\/\/itw-technik.de\/wp-content\/uploads\/itw-sondermaschinen-main-4-768x384.jpg 768w\" sizes=\"(max-width: 1600px) 100vw, 1600px\" \/><div id=\"pgc-1692-5-0\"  class=\"panel-grid-cell\" ><div id=\"panel-1692-5-0-0\" class=\"so-panel widget widget_sow-editor panel-first-child\" data-index=\"9\" ><div class=\"prod panel-widget-style panel-widget-style-for-1692-5-0-0\" ><div\n\t\t\t\n\t\t\tclass=\"so-widget-sow-editor so-widget-sow-editor-base\"\n\t\t\t\n\t\t>\n<div class=\"siteorigin-widget-tinymce textwidget\">\n\t<h3 style=\"text-align: center;\"><span style=\"color: #000;\"><a href=\"https:\/\/itw-technik.de\/verpackungstechnik\/\">Verpackungs\u00adtechnik<\/a><\/span><\/h3>\n<p>Vierrand\u00adsiegel\u00admaschinen sowie individuelle Verpackungsl\u00f6sungen<\/p>\n<\/div>\n<\/div><\/div><\/div><div id=\"panel-1692-5-0-1\" class=\"so-panel widget widget_sow-editor\" data-index=\"10\" ><div class=\"prod panel-widget-style panel-widget-style-for-1692-5-0-1\" ><div\n\t\t\t\n\t\t\tclass=\"so-widget-sow-editor so-widget-sow-editor-base\"\n\t\t\t\n\t\t>\n<div class=\"siteorigin-widget-tinymce textwidget\">\n\t<h3 style=\"text-align: center;\"><span style=\"color: #000;\"><a href=\"https:\/\/itw-technik.de\/hygienefoerderer\/\">Hygiene\u00adf\u00f6rderer<\/a><\/span><\/h3>\n<p>nach h\u00f6chsten Anforderungen und Standards (FDA etc.)<\/p>\n<\/div>\n<\/div><\/div><\/div><div id=\"panel-1692-5-0-2\" class=\"so-panel widget widget_sow-editor panel-last-child\" data-index=\"11\" ><div class=\"prod panel-widget-style panel-widget-style-for-1692-5-0-2\" ><div\n\t\t\t\n\t\t\tclass=\"so-widget-sow-editor so-widget-sow-editor-base\"\n\t\t\t\n\t\t>\n<div class=\"siteorigin-widget-tinymce textwidget\">\n\t<h3 style=\"text-align: center;\"><span style=\"color: #000;\"><a href=\"https:\/\/itw-technik.de\/hebegeraete\/\">Hebe\u00adger\u00e4te<\/a><\/span><\/h3>\n<p>Hebeb\u00fchnen, Hebe- und Kippger\u00e4te<\/p>\n<\/div>\n<\/div><\/div><\/div><\/div><div id=\"pgc-1692-5-1\"  class=\"panel-grid-cell\" ><div id=\"panel-1692-5-1-0\" class=\"so-panel widget widget_sow-editor panel-first-child\" data-index=\"12\" ><div class=\"prod panel-widget-style panel-widget-style-for-1692-5-1-0\" ><div\n\t\t\t\n\t\t\tclass=\"so-widget-sow-editor so-widget-sow-editor-base\"\n\t\t\t\n\t\t>\n<div class=\"siteorigin-widget-tinymce textwidget\">\n\t<h3 style=\"text-align: center;\"><span style=\"color: #000;\"><a href=\"https:\/\/itw-technik.de\/transportbaender\/\">Transport\u00adb\u00e4nder<\/a><\/span><\/h3>\n<p>Transportb\u00e4nder in allen Ausf\u00fchrungen<\/p>\n<\/div>\n<\/div><\/div><\/div><div id=\"panel-1692-5-1-1\" class=\"so-panel widget widget_sow-editor\" data-index=\"13\" ><div class=\"prod panel-widget-style panel-widget-style-for-1692-5-1-1\" ><div\n\t\t\t\n\t\t\tclass=\"so-widget-sow-editor so-widget-sow-editor-base\"\n\t\t\t\n\t\t>\n<div class=\"siteorigin-widget-tinymce textwidget\">\n\t<h3 style=\"text-align: center;\"><span style=\"color: #000;\"><a href=\"https:\/\/itw-technik.de\/vierrandsiegelmaschine-fm\/\">Vierrand\u00adsiegel\u00admaschine FM<\/a><\/span><\/h3>\n<p>Verpackungsmaschine f\u00fcr den klassischen Flachbeutel<\/p>\n<\/div>\n<\/div><\/div><\/div><div id=\"panel-1692-5-1-2\" class=\"so-panel widget widget_sow-editor panel-last-child\" data-index=\"14\" ><div class=\"prod panel-widget-style panel-widget-style-for-1692-5-1-2\" ><div\n\t\t\t\n\t\t\tclass=\"so-widget-sow-editor so-widget-sow-editor-base\"\n\t\t\t\n\t\t>\n<div class=\"siteorigin-widget-tinymce textwidget\">\n\t<h3 style=\"text-align: center;\"><span style=\"color: #000;\"><a href=\"https:\/\/itw-technik.de\/sonderkonstruktionen\/\">Sonder\u00adkonstruk\u00adtionen<\/a><\/span><\/h3>\n<p>Sonderbaugruppen, Maschinen und Applikationen<\/p>\n<\/div>\n<\/div><\/div><\/div><\/div><div id=\"pgc-1692-5-2\"  class=\"panel-grid-cell\" ><div id=\"panel-1692-5-2-0\" class=\"so-panel widget widget_sow-editor panel-first-child\" data-index=\"15\" ><div class=\"prod panel-widget-style panel-widget-style-for-1692-5-2-0\" ><div\n\t\t\t\n\t\t\tclass=\"so-widget-sow-editor so-widget-sow-editor-base\"\n\t\t\t\n\t\t>\n<div class=\"siteorigin-widget-tinymce textwidget\">\n\t<h3 style=\"text-align: center;\"><span style=\"color: #000;\"><a href=\"https:\/\/itw-technik.de\/spezialbaender\/\">Spezial\u00adb\u00e4nder<\/a><\/span><\/h3>\n<p>Konzipiert nur f\u00fcr Ihre Anwendung<\/p>\n<\/div>\n<\/div><\/div><\/div><div id=\"panel-1692-5-2-1\" class=\"so-panel widget widget_sow-editor\" data-index=\"16\" ><div class=\"prod panel-widget-style panel-widget-style-for-1692-5-2-1\" ><div\n\t\t\t\n\t\t\tclass=\"so-widget-sow-editor so-widget-sow-editor-base\"\n\t\t\t\n\t\t>\n<div class=\"siteorigin-widget-tinymce textwidget\">\n\t<h3 style=\"text-align: center;\"><span style=\"color: #000;\"><a href=\"https:\/\/itw-technik.de\/foerdertechnik\/\">F\u00f6rder\u00adtechnik<\/a><\/span><\/h3>\n<p>Standardf\u00f6rdertechnik bis hin zum Spezial- oder \/ und Hygienef\u00f6rderer in Edelstahl<\/p>\n<\/div>\n<\/div><\/div><\/div><div id=\"panel-1692-5-2-2\" class=\"so-panel widget widget_sow-editor panel-last-child\" data-index=\"17\" ><div class=\"prod panel-widget-style panel-widget-style-for-1692-5-2-2\" ><div\n\t\t\t\n\t\t\tclass=\"so-widget-sow-editor so-widget-sow-editor-base\"\n\t\t\t\n\t\t>\n<div class=\"siteorigin-widget-tinymce textwidget\">\n\t<h3 style=\"text-align: center;\"><span style=\"color: #000;\"><a href=\"https:\/\/itw-technik.de\/foerderschnecken\/\">F\u00f6rder\u00adschnecken<\/a><\/span><\/h3>\n<p>H\u00f6henf\u00f6rderschnecken, Querschnecken, Trogschnecken bis hin zur Schneckendosierung<\/p>\n<\/div>\n<\/div><\/div><\/div><\/div><div id=\"pgc-1692-5-3\"  class=\"panel-grid-cell\" ><div id=\"panel-1692-5-3-0\" class=\"so-panel widget widget_sow-editor panel-first-child\" data-index=\"18\" ><div class=\"prod panel-widget-style panel-widget-style-for-1692-5-3-0\" ><div\n\t\t\t\n\t\t\tclass=\"so-widget-sow-editor so-widget-sow-editor-base\"\n\t\t\t\n\t\t>\n<div class=\"siteorigin-widget-tinymce textwidget\">\n\t<h3 style=\"text-align: center;\"><span style=\"color: #000;\"><a href=\"https:\/\/itw-technik.de\/abfuell-und-verteilersysteme\/\">Abf\u00fcll- und Ver\u00adteiler\u00adsysteme<\/a><\/span><\/h3>\n<p>Verpacken in kundenspezifische Gebinde<\/p>\n<\/div>\n<\/div><\/div><\/div><div id=\"panel-1692-5-3-1\" class=\"so-panel widget widget_sow-editor\" data-index=\"19\" ><div class=\"prod panel-widget-style panel-widget-style-for-1692-5-3-1\" ><div\n\t\t\t\n\t\t\tclass=\"so-widget-sow-editor so-widget-sow-editor-base\"\n\t\t\t\n\t\t>\n<div class=\"siteorigin-widget-tinymce textwidget\">\n\t<h3 style=\"text-align: center;\"><span style=\"color: #000;\"><a href=\"https:\/\/itw-technik.de\/produktionsanlagen\/\">Produktions\u00adanlagen<\/a><\/span><\/h3>\n<p>Kunden- und Branchenspezifische L\u00f6sungen<\/p>\n<\/div>\n<\/div><\/div><\/div><div id=\"panel-1692-5-3-2\" class=\"so-panel widget widget_sow-editor panel-last-child\" data-index=\"20\" ><div class=\"prod panel-widget-style panel-widget-style-for-1692-5-3-2\" ><div\n\t\t\t\n\t\t\tclass=\"so-widget-sow-editor so-widget-sow-editor-base\"\n\t\t\t\n\t\t>\n<div class=\"siteorigin-widget-tinymce textwidget\">\n\t<h3 style=\"text-align: center;\"><span style=\"color: #000;\"><a href=\"https:\/\/itw-technik.de\/zufuehrsysteme\/\">Zuf\u00fchr\u00adsysteme<\/a><\/span><\/h3>\n<p>Produktzuf\u00fchrungen schl\u00fcsselfertig aus einer Hand<\/p>\n<\/div>\n<\/div><\/div><\/div><\/div><div id=\"pgc-1692-5-4\"  class=\"panel-grid-cell\" ><div id=\"panel-1692-5-4-0\" class=\"so-panel widget widget_sow-editor panel-first-child\" data-index=\"21\" ><div class=\"prod panel-widget-style panel-widget-style-for-1692-5-4-0\" ><div\n\t\t\t\n\t\t\tclass=\"so-widget-sow-editor so-widget-sow-editor-base\"\n\t\t\t\n\t\t>\n<div class=\"siteorigin-widget-tinymce textwidget\">\n\t<h3 style=\"text-align: center;\"><span style=\"color: #000;\"><a href=\"https:\/\/itw-technik.de\/edelstahlkonstruktionen\/\">Edel\u00adstahl\u00adkonstruk\u00adtionen<\/a><\/span><\/h3>\n<p>B\u00fchnen und Plattformen sowie Sonderkonstruktionen<\/p>\n<\/div>\n<\/div><\/div><\/div><div id=\"panel-1692-5-4-1\" class=\"so-panel widget widget_sow-editor\" data-index=\"22\" ><div class=\"prod panel-widget-style panel-widget-style-for-1692-5-4-1\" ><div\n\t\t\t\n\t\t\tclass=\"so-widget-sow-editor so-widget-sow-editor-base\"\n\t\t\t\n\t\t>\n<div class=\"siteorigin-widget-tinymce textwidget\">\n\t<h3 style=\"text-align: center;\"><span style=\"color: #000;\"><a href=\"https:\/\/itw-technik.de\/elevatoren-steigfoerderer\/\">Elevatoren,\u00ad Steig\u00adf\u00f6rderer<\/a><\/span><\/h3>\n<p>Elevatoren, Steigf\u00f6rderer in vielen Ausf\u00fchrungen<\/p>\n<\/div>\n<\/div><\/div><\/div><div id=\"panel-1692-5-4-2\" class=\"so-panel widget widget_sow-editor panel-last-child\" data-index=\"23\" ><div class=\"prod panel-widget-style panel-widget-style-for-1692-5-4-2\" ><div\n\t\t\t\n\t\t\tclass=\"so-widget-sow-editor so-widget-sow-editor-base\"\n\t\t\t\n\t\t>\n<div class=\"siteorigin-widget-tinymce textwidget\">\n\t<h3 style=\"text-align: center;\"><span style=\"color: #000;\"><a href=\"https:\/\/itw-technik.de\/wiegetechnik\/\">Wieg\u00ade\u00adtechnik<\/a><\/span><\/h3>\n<p>Wiegeanlagen auch f\u00fcr schwierige Einsatzbereiche<\/p>\n<\/div>\n<\/div><\/div><\/div><\/div><\/div><\/div><\/div>","protected":false},"excerpt":{"rendered":"<p>Steuerungstechnik Steuerungstechnik Moderne und benutzerfreundliche \u00adHMI \u00adSteuerungstechnik Moderne und effiziente Steuerungstechnik ist unverzichtbar f\u00fcr einen innovativen und zeitgem\u00e4\u00dfen Maschinenbau. Wir bieten daher, zusammen mit unseren Partnern (nachfolgend aufgef\u00fchrt), ein kompetentes und erfahrenes Team. Von der Kleinst-Steuerung f\u00fcr B\u00e4nder bis hin zur Hi-Tech Maschinensteuerung mit HMI (Humen Machine Interface). Gerade die Benutzerschnittstelle (HMI) ist ein wichtiger [&hellip;]<\/p>\n","protected":false},"author":1,"featured_media":0,"parent":0,"menu_order":0,"comment_status":"closed","ping_status":"closed","template":"","meta":{"footnotes":""},"class_list":["post-1692","page","type-page","status-publish","hentry"],"yoast_head":"<!-- This site is optimized with the Yoast SEO plugin v25.5 - https:\/\/yoast.com\/wordpress\/plugins\/seo\/ -->\n<title>Steuerungstechnik - ITW Industrie-Technik Werth GmbH<\/title>\n<meta name=\"robots\" content=\"index, follow, max-snippet:-1, max-image-preview:large, max-video-preview:-1\" \/>\n<link rel=\"canonical\" href=\"https:\/\/itw-technik.de\/de\/steuerungstechnik\/\" \/>\n<meta name=\"twitter:card\" content=\"summary_large_image\" \/>\n<meta name=\"twitter:title\" content=\"Steuerungstechnik - ITW Industrie-Technik Werth GmbH\" \/>\n<meta name=\"twitter:description\" content=\"Steuerungstechnik Steuerungstechnik Moderne und benutzerfreundliche \u00adHMI \u00adSteuerungstechnik Moderne und effiziente Steuerungstechnik ist unverzichtbar f\u00fcr einen innovativen und zeitgem\u00e4\u00dfen Maschinenbau. Wir bieten daher, zusammen mit unseren Partnern (nachfolgend aufgef\u00fchrt), ein kompetentes und erfahrenes Team. Von der Kleinst-Steuerung f\u00fcr B\u00e4nder bis hin zur Hi-Tech Maschinensteuerung mit HMI (Humen Machine Interface). Gerade die Benutzerschnittstelle (HMI) ist ein wichtiger [&hellip;]\" \/>\n<meta name=\"twitter:image\" content=\"https:\/\/itw-technik.de\/wp-content\/uploads\/itw-steuerungstechnik-HMI3.jpg\" \/>\n<meta name=\"twitter:label1\" content=\"Gesch\u00e4tzte Lesezeit\" \/>\n\t<meta name=\"twitter:data1\" content=\"1\u00a0Minute\" \/>\n<script type=\"application\/ld+json\" class=\"yoast-schema-graph\">{\"@context\":\"https:\/\/schema.org\",\"@graph\":[{\"@type\":\"WebPage\",\"@id\":\"https:\/\/itw-technik.de\/de\/steuerungstechnik\/\",\"url\":\"https:\/\/itw-technik.de\/de\/steuerungstechnik\/\",\"name\":\"Steuerungstechnik - ITW Industrie-Technik Werth GmbH\",\"isPartOf\":{\"@id\":\"https:\/\/itw-technik.de\/de\/#website\"},\"primaryImageOfPage\":{\"@id\":\"https:\/\/itw-technik.de\/de\/steuerungstechnik\/#primaryimage\"},\"image\":{\"@id\":\"https:\/\/itw-technik.de\/de\/steuerungstechnik\/#primaryimage\"},\"thumbnailUrl\":\"https:\/\/itw-technik.de\/wp-content\/uploads\/itw-steuerungstechnik-HMI3.jpg\",\"datePublished\":\"2018-06-14T01:39:29+00:00\",\"dateModified\":\"2021-02-17T17:14:32+00:00\",\"inLanguage\":\"de\",\"potentialAction\":[{\"@type\":\"ReadAction\",\"target\":[\"https:\/\/itw-technik.de\/de\/steuerungstechnik\/\"]}]},{\"@type\":\"ImageObject\",\"inLanguage\":\"de\",\"@id\":\"https:\/\/itw-technik.de\/de\/steuerungstechnik\/#primaryimage\",\"url\":\"https:\/\/itw-technik.de\/wp-content\/uploads\/itw-steuerungstechnik-HMI3.jpg\",\"contentUrl\":\"https:\/\/itw-technik.de\/wp-content\/uploads\/itw-steuerungstechnik-HMI3.jpg\"},{\"@type\":\"WebSite\",\"@id\":\"https:\/\/itw-technik.de\/de\/#website\",\"url\":\"https:\/\/itw-technik.de\/de\/\",\"name\":\"ITW Industrie-Technik Werth GmbH\",\"description\":\"Industrie Technik Maschinenbau\",\"potentialAction\":[{\"@type\":\"SearchAction\",\"target\":{\"@type\":\"EntryPoint\",\"urlTemplate\":\"https:\/\/itw-technik.de\/de\/?s={search_term_string}\"},\"query-input\":{\"@type\":\"PropertyValueSpecification\",\"valueRequired\":true,\"valueName\":\"search_term_string\"}}],\"inLanguage\":\"de\"}]}<\/script>\n<!-- \/ Yoast SEO plugin. -->","yoast_head_json":{"title":"Steuerungstechnik - ITW Industrie-Technik Werth GmbH","robots":{"index":"index","follow":"follow","max-snippet":"max-snippet:-1","max-image-preview":"max-image-preview:large","max-video-preview":"max-video-preview:-1"},"canonical":"https:\/\/itw-technik.de\/de\/steuerungstechnik\/","twitter_card":"summary_large_image","twitter_title":"Steuerungstechnik - ITW Industrie-Technik Werth GmbH","twitter_description":"Steuerungstechnik Steuerungstechnik Moderne und benutzerfreundliche \u00adHMI \u00adSteuerungstechnik Moderne und effiziente Steuerungstechnik ist unverzichtbar f\u00fcr einen innovativen und zeitgem\u00e4\u00dfen Maschinenbau. Wir bieten daher, zusammen mit unseren Partnern (nachfolgend aufgef\u00fchrt), ein kompetentes und erfahrenes Team. Von der Kleinst-Steuerung f\u00fcr B\u00e4nder bis hin zur Hi-Tech Maschinensteuerung mit HMI (Humen Machine Interface). Gerade die Benutzerschnittstelle (HMI) ist ein wichtiger [&hellip;]","twitter_image":"https:\/\/itw-technik.de\/wp-content\/uploads\/itw-steuerungstechnik-HMI3.jpg","twitter_misc":{"Gesch\u00e4tzte Lesezeit":"1\u00a0Minute"},"schema":{"@context":"https:\/\/schema.org","@graph":[{"@type":"WebPage","@id":"https:\/\/itw-technik.de\/de\/steuerungstechnik\/","url":"https:\/\/itw-technik.de\/de\/steuerungstechnik\/","name":"Steuerungstechnik - ITW Industrie-Technik Werth GmbH","isPartOf":{"@id":"https:\/\/itw-technik.de\/de\/#website"},"primaryImageOfPage":{"@id":"https:\/\/itw-technik.de\/de\/steuerungstechnik\/#primaryimage"},"image":{"@id":"https:\/\/itw-technik.de\/de\/steuerungstechnik\/#primaryimage"},"thumbnailUrl":"https:\/\/itw-technik.de\/wp-content\/uploads\/itw-steuerungstechnik-HMI3.jpg","datePublished":"2018-06-14T01:39:29+00:00","dateModified":"2021-02-17T17:14:32+00:00","inLanguage":"de","potentialAction":[{"@type":"ReadAction","target":["https:\/\/itw-technik.de\/de\/steuerungstechnik\/"]}]},{"@type":"ImageObject","inLanguage":"de","@id":"https:\/\/itw-technik.de\/de\/steuerungstechnik\/#primaryimage","url":"https:\/\/itw-technik.de\/wp-content\/uploads\/itw-steuerungstechnik-HMI3.jpg","contentUrl":"https:\/\/itw-technik.de\/wp-content\/uploads\/itw-steuerungstechnik-HMI3.jpg"},{"@type":"WebSite","@id":"https:\/\/itw-technik.de\/de\/#website","url":"https:\/\/itw-technik.de\/de\/","name":"ITW Industrie-Technik Werth GmbH","description":"Industrie Technik Maschinenbau","potentialAction":[{"@type":"SearchAction","target":{"@type":"EntryPoint","urlTemplate":"https:\/\/itw-technik.de\/de\/?s={search_term_string}"},"query-input":{"@type":"PropertyValueSpecification","valueRequired":true,"valueName":"search_term_string"}}],"inLanguage":"de"}]}},"publishpress_future_action":{"enabled":false,"date":"2026-05-06 16:00:33","action":"change-status","newStatus":"draft","terms":[],"taxonomy":"translation_priority","extraData":[]},"publishpress_future_workflow_manual_trigger":{"enabledWorkflows":[]},"_links":{"self":[{"href":"https:\/\/itw-technik.de\/de\/wp-json\/wp\/v2\/pages\/1692","targetHints":{"allow":["GET"]}}],"collection":[{"href":"https:\/\/itw-technik.de\/de\/wp-json\/wp\/v2\/pages"}],"about":[{"href":"https:\/\/itw-technik.de\/de\/wp-json\/wp\/v2\/types\/page"}],"author":[{"embeddable":true,"href":"https:\/\/itw-technik.de\/de\/wp-json\/wp\/v2\/users\/1"}],"replies":[{"embeddable":true,"href":"https:\/\/itw-technik.de\/de\/wp-json\/wp\/v2\/comments?post=1692"}],"version-history":[{"count":5,"href":"https:\/\/itw-technik.de\/de\/wp-json\/wp\/v2\/pages\/1692\/revisions"}],"predecessor-version":[{"id":3575,"href":"https:\/\/itw-technik.de\/de\/wp-json\/wp\/v2\/pages\/1692\/revisions\/3575"}],"wp:attachment":[{"href":"https:\/\/itw-technik.de\/de\/wp-json\/wp\/v2\/media?parent=1692"}],"curies":[{"name":"wp","href":"https:\/\/api.w.org\/{rel}","templated":true}]}}