{"id":1739,"date":"2018-06-14T04:29:11","date_gmt":"2018-06-14T02:29:11","guid":{"rendered":"https:\/\/itw-technik.de\/?page_id=1739"},"modified":"2021-02-17T17:45:23","modified_gmt":"2021-02-17T16:45:23","slug":"montage-ibn","status":"publish","type":"page","link":"https:\/\/itw-technik.de\/de\/montage-ibn\/","title":{"rendered":"Montage und IBN"},"content":{"rendered":"<div id=\"pl-1739\"  class=\"panel-layout\" ><div id=\"pg-1739-0\"  class=\"panel-grid panel-has-style\" ><div class=\"siteorigin-panels-stretch panel-row-style panel-row-style-for-1739-0\" data-stretch-type=\"full-stretched\" ><div id=\"pgc-1739-0-0\"  class=\"panel-grid-cell\" ><div id=\"panel-1739-0-0-0\" class=\"so-panel widget widget_sow-editor panel-first-child panel-last-child\" data-index=\"0\" ><div class=\"panel-widget-style panel-widget-style-for-1739-0-0-0\" ><div\n\t\t\t\n\t\t\tclass=\"so-widget-sow-editor so-widget-sow-editor-base\"\n\t\t\t\n\t\t>\n<div class=\"siteorigin-widget-tinymce textwidget\">\n\t<h2 class=\"img-line\">Montage und IBN<\/h2>\n<\/div>\n<\/div><\/div><\/div><\/div><\/div><\/div><div id=\"pg-1739-1\"  class=\"panel-grid panel-no-style\" ><div id=\"pgc-1739-1-0\"  class=\"panel-grid-cell\" ><div id=\"panel-1739-1-0-0\" class=\"so-panel widget widget_sow-editor panel-first-child panel-last-child\" data-index=\"1\" ><div\n\t\t\t\n\t\t\tclass=\"so-widget-sow-editor so-widget-sow-editor-base\"\n\t\t\t\n\t\t>\n<div class=\"siteorigin-widget-tinymce textwidget\">\n\t<h2>Montage und IBN<\/h2>\n<h3>Je nach Anforderung Inhouse sowie beim Endkunden inkl. schl\u00fcsselfertiger \u00dcbergabe<\/h3>\n<p>Mit den ITW Mitarbeitern greifen Sie immer auf ein erfahrenes, kompetentes und engagiertes Montageteam zur\u00fcck. Wir sehen die Montage unserer Komponenten, sowie die anschlie\u00dfende Inbetriebnahme als ma\u00dfgeblich f\u00fcr ein schl\u00fcsselfertiges Produkt, weshalb hier auch Schwerpunkte gesetzt werden. Diese werden nicht nur f\u00fcr die Leistung an eigenen Produkten eingesetzt, sondern k\u00f6nnen auch in Form von reiner Dienstleistung in Anspruch genommen werden.<\/p>\n<p>Sprechen Sie uns gerne hierzu an.<\/p>\n<\/div>\n<\/div><\/div><\/div><div id=\"pgc-1739-1-1\"  class=\"panel-grid-cell\" ><div id=\"panel-1739-1-1-0\" class=\"so-panel widget widget_sow-editor panel-first-child panel-last-child\" data-index=\"2\" ><div\n\t\t\t\n\t\t\tclass=\"so-widget-sow-editor so-widget-sow-editor-base\"\n\t\t\t\n\t\t>\n<div class=\"siteorigin-widget-tinymce textwidget\">\n\t<h3>Montageleistungen<\/h3>\n<ul class=\"aufzaehlung\">\n<li>Umzug von Maschinen und Anlagen<\/li>\n<li>Demontage von Altanlagen<\/li>\n<li>Montage in Maschinen und Anlagen<\/li>\n<li>Schwei\u00dfen Edelstahl, Stahl und Aluminium<\/li>\n<li>Wartung und Servicearbeiten an Maschinen<\/li>\n<li>Elektroinstallation<\/li>\n<li>mech. und elektrische Inbetriebnahme<\/li>\n<li>SPS und HMI Programmierung<\/li>\n<li>Fehlersuche und Analyse<\/li>\n<\/ul>\n<\/div>\n<\/div><\/div><\/div><\/div><div id=\"pg-1739-2\"  class=\"panel-grid panel-no-style\" ><div id=\"pgc-1739-2-0\"  class=\"panel-grid-cell\" ><div id=\"panel-1739-2-0-0\" class=\"so-panel widget widget_sow-editor panel-first-child panel-last-child\" data-index=\"3\" ><div id=\"produkte\" class=\"panel-widget-style panel-widget-style-for-1739-2-0-0\" ><div\n\t\t\t\n\t\t\tclass=\"so-widget-sow-editor so-widget-sow-editor-base\"\n\t\t\t\n\t\t>\n<div class=\"siteorigin-widget-tinymce textwidget\">\n\t<h2>Weitere ITW-Produkte<\/h2>\n<\/div>\n<\/div><\/div><\/div><\/div><\/div><div id=\"pg-1739-3\"  class=\"panel-grid panel-has-style\" ><div class=\"so-parallax siteorigin-panels-stretch panel-row-style panel-row-style-for-1739-3\" data-stretch-type=\"full-stretched\" ><img fetchpriority=\"high\" decoding=\"async\" width=\"1600\" height=\"800\" src=\"https:\/\/itw-technik.de\/wp-content\/uploads\/itw-sondermaschinen-main-4.jpg\" class=\"attachment-full size-full\" alt=\"ITW - Sondermaschinen\" data-siteorigin-parallax=\"true\" loading=\"eager\" srcset=\"https:\/\/itw-technik.de\/wp-content\/uploads\/itw-sondermaschinen-main-4.jpg 1600w, https:\/\/itw-technik.de\/wp-content\/uploads\/itw-sondermaschinen-main-4-768x384.jpg 768w\" sizes=\"(max-width: 1600px) 100vw, 1600px\" \/><div id=\"pgc-1739-3-0\"  class=\"panel-grid-cell\" ><div id=\"panel-1739-3-0-0\" class=\"so-panel widget widget_sow-editor panel-first-child\" data-index=\"4\" ><div class=\"prod panel-widget-style panel-widget-style-for-1739-3-0-0\" ><div\n\t\t\t\n\t\t\tclass=\"so-widget-sow-editor so-widget-sow-editor-base\"\n\t\t\t\n\t\t>\n<div class=\"siteorigin-widget-tinymce textwidget\">\n\t<h3 style=\"text-align: center;\"><span style=\"color: #000;\"><a href=\"https:\/\/itw-technik.de\/verpackungstechnik\/\">Verpackungs\u00adtechnik<\/a><\/span><\/h3>\n<p>Vierrand\u00adsiegel\u00admaschinen sowie individuelle Verpackungsl\u00f6sungen<\/p>\n<\/div>\n<\/div><\/div><\/div><div id=\"panel-1739-3-0-1\" class=\"so-panel widget widget_sow-editor\" data-index=\"5\" ><div class=\"prod panel-widget-style panel-widget-style-for-1739-3-0-1\" ><div\n\t\t\t\n\t\t\tclass=\"so-widget-sow-editor so-widget-sow-editor-base\"\n\t\t\t\n\t\t>\n<div class=\"siteorigin-widget-tinymce textwidget\">\n\t<h3 style=\"text-align: center;\"><span style=\"color: #000;\"><a href=\"https:\/\/itw-technik.de\/hygienefoerderer\/\">Hygiene\u00adf\u00f6rderer<\/a><\/span><\/h3>\n<p>nach h\u00f6chsten Anforderungen und Standards (FDA etc.)<\/p>\n<\/div>\n<\/div><\/div><\/div><div id=\"panel-1739-3-0-2\" class=\"so-panel widget widget_sow-editor panel-last-child\" data-index=\"6\" ><div class=\"prod panel-widget-style panel-widget-style-for-1739-3-0-2\" ><div\n\t\t\t\n\t\t\tclass=\"so-widget-sow-editor so-widget-sow-editor-base\"\n\t\t\t\n\t\t>\n<div class=\"siteorigin-widget-tinymce textwidget\">\n\t<h3 style=\"text-align: center;\"><span style=\"color: #000;\"><a href=\"https:\/\/itw-technik.de\/hebegeraete\/\">Hebe\u00adger\u00e4te<\/a><\/span><\/h3>\n<p>Hebeb\u00fchnen, Hebe- und Kippger\u00e4te<\/p>\n<\/div>\n<\/div><\/div><\/div><\/div><div id=\"pgc-1739-3-1\"  class=\"panel-grid-cell\" ><div id=\"panel-1739-3-1-0\" class=\"so-panel widget widget_sow-editor panel-first-child\" data-index=\"7\" ><div class=\"prod panel-widget-style panel-widget-style-for-1739-3-1-0\" ><div\n\t\t\t\n\t\t\tclass=\"so-widget-sow-editor so-widget-sow-editor-base\"\n\t\t\t\n\t\t>\n<div class=\"siteorigin-widget-tinymce textwidget\">\n\t<h3 style=\"text-align: center;\"><span style=\"color: #000;\"><a href=\"https:\/\/itw-technik.de\/transportbaender\/\">Transport\u00adb\u00e4nder<\/a><\/span><\/h3>\n<p>Transportb\u00e4nder in allen Ausf\u00fchrungen<\/p>\n<\/div>\n<\/div><\/div><\/div><div id=\"panel-1739-3-1-1\" class=\"so-panel widget widget_sow-editor\" data-index=\"8\" ><div class=\"prod panel-widget-style panel-widget-style-for-1739-3-1-1\" ><div\n\t\t\t\n\t\t\tclass=\"so-widget-sow-editor so-widget-sow-editor-base\"\n\t\t\t\n\t\t>\n<div class=\"siteorigin-widget-tinymce textwidget\">\n\t<h3 style=\"text-align: center;\"><span style=\"color: #000;\"><a href=\"https:\/\/itw-technik.de\/vierrandsiegelmaschine-fm\/\">Vierrand\u00adsiegel\u00admaschine FM<\/a><\/span><\/h3>\n<p>Verpackungsmaschine f\u00fcr den klassischen Flachbeutel<\/p>\n<\/div>\n<\/div><\/div><\/div><div id=\"panel-1739-3-1-2\" class=\"so-panel widget widget_sow-editor panel-last-child\" data-index=\"9\" ><div class=\"prod panel-widget-style panel-widget-style-for-1739-3-1-2\" ><div\n\t\t\t\n\t\t\tclass=\"so-widget-sow-editor so-widget-sow-editor-base\"\n\t\t\t\n\t\t>\n<div class=\"siteorigin-widget-tinymce textwidget\">\n\t<h3 style=\"text-align: center;\"><span style=\"color: #000;\"><a href=\"https:\/\/itw-technik.de\/sonderkonstruktionen\/\">Sonder\u00adkonstruk\u00adtionen<\/a><\/span><\/h3>\n<p>Sonderbaugruppen, Maschinen und Applikationen<\/p>\n<\/div>\n<\/div><\/div><\/div><\/div><div id=\"pgc-1739-3-2\"  class=\"panel-grid-cell\" ><div id=\"panel-1739-3-2-0\" class=\"so-panel widget widget_sow-editor panel-first-child\" data-index=\"10\" ><div class=\"prod panel-widget-style panel-widget-style-for-1739-3-2-0\" ><div\n\t\t\t\n\t\t\tclass=\"so-widget-sow-editor so-widget-sow-editor-base\"\n\t\t\t\n\t\t>\n<div class=\"siteorigin-widget-tinymce textwidget\">\n\t<h3 style=\"text-align: center;\"><span style=\"color: #000;\"><a href=\"https:\/\/itw-technik.de\/spezialbaender\/\">Spezial\u00adb\u00e4nder<\/a><\/span><\/h3>\n<p>Konzipiert nur f\u00fcr Ihre Anwendung<\/p>\n<\/div>\n<\/div><\/div><\/div><div id=\"panel-1739-3-2-1\" class=\"so-panel widget widget_sow-editor\" data-index=\"11\" ><div class=\"prod panel-widget-style panel-widget-style-for-1739-3-2-1\" ><div\n\t\t\t\n\t\t\tclass=\"so-widget-sow-editor so-widget-sow-editor-base\"\n\t\t\t\n\t\t>\n<div class=\"siteorigin-widget-tinymce textwidget\">\n\t<h3 style=\"text-align: center;\"><span style=\"color: #000;\"><a href=\"https:\/\/itw-technik.de\/foerdertechnik\/\">F\u00f6rder\u00adtechnik<\/a><\/span><\/h3>\n<p>Standardf\u00f6rdertechnik bis hin zum Spezial- oder \/ und Hygienef\u00f6rderer in Edelstahl<\/p>\n<\/div>\n<\/div><\/div><\/div><div id=\"panel-1739-3-2-2\" class=\"so-panel widget widget_sow-editor panel-last-child\" data-index=\"12\" ><div class=\"prod panel-widget-style panel-widget-style-for-1739-3-2-2\" ><div\n\t\t\t\n\t\t\tclass=\"so-widget-sow-editor so-widget-sow-editor-base\"\n\t\t\t\n\t\t>\n<div class=\"siteorigin-widget-tinymce textwidget\">\n\t<h3 style=\"text-align: center;\"><span style=\"color: #000;\"><a href=\"https:\/\/itw-technik.de\/foerderschnecken\/\">F\u00f6rder\u00adschnecken<\/a><\/span><\/h3>\n<p>H\u00f6henf\u00f6rderschnecken, Querschnecken, Trogschnecken bis hin zur Schneckendosierung<\/p>\n<\/div>\n<\/div><\/div><\/div><\/div><div id=\"pgc-1739-3-3\"  class=\"panel-grid-cell\" ><div id=\"panel-1739-3-3-0\" class=\"so-panel widget widget_sow-editor panel-first-child\" data-index=\"13\" ><div class=\"prod panel-widget-style panel-widget-style-for-1739-3-3-0\" ><div\n\t\t\t\n\t\t\tclass=\"so-widget-sow-editor so-widget-sow-editor-base\"\n\t\t\t\n\t\t>\n<div class=\"siteorigin-widget-tinymce textwidget\">\n\t<h3 style=\"text-align: center;\"><span style=\"color: #000;\"><a href=\"https:\/\/itw-technik.de\/abfuell-und-verteilersysteme\/\">Abf\u00fcll- und Ver\u00adteiler\u00adsysteme<\/a><\/span><\/h3>\n<p>Verpacken in kundenspezifische Gebinde<\/p>\n<\/div>\n<\/div><\/div><\/div><div id=\"panel-1739-3-3-1\" class=\"so-panel widget widget_sow-editor\" data-index=\"14\" ><div class=\"prod panel-widget-style panel-widget-style-for-1739-3-3-1\" ><div\n\t\t\t\n\t\t\tclass=\"so-widget-sow-editor so-widget-sow-editor-base\"\n\t\t\t\n\t\t>\n<div class=\"siteorigin-widget-tinymce textwidget\">\n\t<h3 style=\"text-align: center;\"><span style=\"color: #000;\"><a href=\"https:\/\/itw-technik.de\/produktionsanlagen\/\">Produktions\u00adanlagen<\/a><\/span><\/h3>\n<p>Kunden- und Branchenspezifische L\u00f6sungen<\/p>\n<\/div>\n<\/div><\/div><\/div><div id=\"panel-1739-3-3-2\" class=\"so-panel widget widget_sow-editor panel-last-child\" data-index=\"15\" ><div class=\"prod panel-widget-style panel-widget-style-for-1739-3-3-2\" ><div\n\t\t\t\n\t\t\tclass=\"so-widget-sow-editor so-widget-sow-editor-base\"\n\t\t\t\n\t\t>\n<div class=\"siteorigin-widget-tinymce textwidget\">\n\t<h3 style=\"text-align: center;\"><span style=\"color: #000;\"><a href=\"https:\/\/itw-technik.de\/zufuehrsysteme\/\">Zuf\u00fchr\u00adsysteme<\/a><\/span><\/h3>\n<p>Produktzuf\u00fchrungen schl\u00fcsselfertig aus einer Hand<\/p>\n<\/div>\n<\/div><\/div><\/div><\/div><div id=\"pgc-1739-3-4\"  class=\"panel-grid-cell\" ><div id=\"panel-1739-3-4-0\" class=\"so-panel widget widget_sow-editor panel-first-child\" data-index=\"16\" ><div class=\"prod panel-widget-style panel-widget-style-for-1739-3-4-0\" ><div\n\t\t\t\n\t\t\tclass=\"so-widget-sow-editor so-widget-sow-editor-base\"\n\t\t\t\n\t\t>\n<div class=\"siteorigin-widget-tinymce textwidget\">\n\t<h3 style=\"text-align: center;\"><span style=\"color: #000;\"><a href=\"https:\/\/itw-technik.de\/edelstahlkonstruktionen\/\">Edel\u00adstahl\u00adkonstruk\u00adtionen<\/a><\/span><\/h3>\n<p>B\u00fchnen und Plattformen sowie Sonderkonstruktionen<\/p>\n<\/div>\n<\/div><\/div><\/div><div id=\"panel-1739-3-4-1\" class=\"so-panel widget widget_sow-editor\" data-index=\"17\" ><div class=\"prod panel-widget-style panel-widget-style-for-1739-3-4-1\" ><div\n\t\t\t\n\t\t\tclass=\"so-widget-sow-editor so-widget-sow-editor-base\"\n\t\t\t\n\t\t>\n<div class=\"siteorigin-widget-tinymce textwidget\">\n\t<h3 style=\"text-align: center;\"><span style=\"color: #000;\"><a href=\"https:\/\/itw-technik.de\/elevatoren-steigfoerderer\/\">Elevatoren,\u00ad Steig\u00adf\u00f6rderer<\/a><\/span><\/h3>\n<p>Elevatoren, Steigf\u00f6rderer in vielen Ausf\u00fchrungen<\/p>\n<\/div>\n<\/div><\/div><\/div><div id=\"panel-1739-3-4-2\" class=\"so-panel widget widget_sow-editor panel-last-child\" data-index=\"18\" ><div class=\"prod panel-widget-style panel-widget-style-for-1739-3-4-2\" ><div\n\t\t\t\n\t\t\tclass=\"so-widget-sow-editor so-widget-sow-editor-base\"\n\t\t\t\n\t\t>\n<div class=\"siteorigin-widget-tinymce textwidget\">\n\t<h3 style=\"text-align: center;\"><span style=\"color: #000;\"><a href=\"https:\/\/itw-technik.de\/wiegetechnik\/\">Wieg\u00ade\u00adtechnik<\/a><\/span><\/h3>\n<p>Wiegeanlagen auch f\u00fcr schwierige Einsatzbereiche<\/p>\n<\/div>\n<\/div><\/div><\/div><\/div><\/div><\/div><\/div>","protected":false},"excerpt":{"rendered":"<p>Montage und IBN Montage und IBN Je nach Anforderung Inhouse sowie beim Endkunden inkl. schl\u00fcsselfertiger \u00dcbergabe Mit den ITW Mitarbeitern greifen Sie immer auf ein erfahrenes, kompetentes und engagiertes Montageteam zur\u00fcck. Wir sehen die Montage unserer Komponenten, sowie die anschlie\u00dfende Inbetriebnahme als ma\u00dfgeblich f\u00fcr ein schl\u00fcsselfertiges Produkt, weshalb hier auch Schwerpunkte gesetzt werden. Diese werden [&hellip;]<\/p>\n","protected":false},"author":1,"featured_media":0,"parent":0,"menu_order":0,"comment_status":"closed","ping_status":"closed","template":"","meta":{"footnotes":""},"class_list":["post-1739","page","type-page","status-publish","hentry"],"yoast_head":"<!-- This site is optimized with the Yoast SEO plugin v25.5 - https:\/\/yoast.com\/wordpress\/plugins\/seo\/ -->\n<title>Montage und IBN - ITW Industrie-Technik Werth GmbH<\/title>\n<meta name=\"robots\" content=\"index, follow, max-snippet:-1, max-image-preview:large, max-video-preview:-1\" \/>\n<link rel=\"canonical\" href=\"https:\/\/itw-technik.de\/de\/montage-ibn\/\" \/>\n<meta name=\"twitter:card\" content=\"summary_large_image\" \/>\n<meta name=\"twitter:title\" content=\"Montage und IBN - ITW Industrie-Technik Werth GmbH\" \/>\n<meta name=\"twitter:description\" content=\"Montage und IBN Montage und IBN Je nach Anforderung Inhouse sowie beim Endkunden inkl. schl\u00fcsselfertiger \u00dcbergabe Mit den ITW Mitarbeitern greifen Sie immer auf ein erfahrenes, kompetentes und engagiertes Montageteam zur\u00fcck. Wir sehen die Montage unserer Komponenten, sowie die anschlie\u00dfende Inbetriebnahme als ma\u00dfgeblich f\u00fcr ein schl\u00fcsselfertiges Produkt, weshalb hier auch Schwerpunkte gesetzt werden. Diese werden [&hellip;]\" \/>\n<meta name=\"twitter:label1\" content=\"Gesch\u00e4tzte Lesezeit\" \/>\n\t<meta name=\"twitter:data1\" content=\"1\u00a0Minute\" \/>\n<script type=\"application\/ld+json\" class=\"yoast-schema-graph\">{\"@context\":\"https:\/\/schema.org\",\"@graph\":[{\"@type\":\"WebPage\",\"@id\":\"https:\/\/itw-technik.de\/de\/montage-ibn\/\",\"url\":\"https:\/\/itw-technik.de\/de\/montage-ibn\/\",\"name\":\"Montage und IBN - ITW Industrie-Technik Werth GmbH\",\"isPartOf\":{\"@id\":\"https:\/\/itw-technik.de\/de\/#website\"},\"datePublished\":\"2018-06-14T02:29:11+00:00\",\"dateModified\":\"2021-02-17T16:45:23+00:00\",\"inLanguage\":\"de\",\"potentialAction\":[{\"@type\":\"ReadAction\",\"target\":[\"https:\/\/itw-technik.de\/de\/montage-ibn\/\"]}]},{\"@type\":\"WebSite\",\"@id\":\"https:\/\/itw-technik.de\/de\/#website\",\"url\":\"https:\/\/itw-technik.de\/de\/\",\"name\":\"ITW Industrie-Technik Werth GmbH\",\"description\":\"Industrie Technik Maschinenbau\",\"potentialAction\":[{\"@type\":\"SearchAction\",\"target\":{\"@type\":\"EntryPoint\",\"urlTemplate\":\"https:\/\/itw-technik.de\/de\/?s={search_term_string}\"},\"query-input\":{\"@type\":\"PropertyValueSpecification\",\"valueRequired\":true,\"valueName\":\"search_term_string\"}}],\"inLanguage\":\"de\"}]}<\/script>\n<!-- \/ Yoast SEO plugin. -->","yoast_head_json":{"title":"Montage und IBN - ITW Industrie-Technik Werth GmbH","robots":{"index":"index","follow":"follow","max-snippet":"max-snippet:-1","max-image-preview":"max-image-preview:large","max-video-preview":"max-video-preview:-1"},"canonical":"https:\/\/itw-technik.de\/de\/montage-ibn\/","twitter_card":"summary_large_image","twitter_title":"Montage und IBN - ITW Industrie-Technik Werth GmbH","twitter_description":"Montage und IBN Montage und IBN Je nach Anforderung Inhouse sowie beim Endkunden inkl. schl\u00fcsselfertiger \u00dcbergabe Mit den ITW Mitarbeitern greifen Sie immer auf ein erfahrenes, kompetentes und engagiertes Montageteam zur\u00fcck. Wir sehen die Montage unserer Komponenten, sowie die anschlie\u00dfende Inbetriebnahme als ma\u00dfgeblich f\u00fcr ein schl\u00fcsselfertiges Produkt, weshalb hier auch Schwerpunkte gesetzt werden. Diese werden [&hellip;]","twitter_misc":{"Gesch\u00e4tzte Lesezeit":"1\u00a0Minute"},"schema":{"@context":"https:\/\/schema.org","@graph":[{"@type":"WebPage","@id":"https:\/\/itw-technik.de\/de\/montage-ibn\/","url":"https:\/\/itw-technik.de\/de\/montage-ibn\/","name":"Montage und IBN - ITW Industrie-Technik Werth GmbH","isPartOf":{"@id":"https:\/\/itw-technik.de\/de\/#website"},"datePublished":"2018-06-14T02:29:11+00:00","dateModified":"2021-02-17T16:45:23+00:00","inLanguage":"de","potentialAction":[{"@type":"ReadAction","target":["https:\/\/itw-technik.de\/de\/montage-ibn\/"]}]},{"@type":"WebSite","@id":"https:\/\/itw-technik.de\/de\/#website","url":"https:\/\/itw-technik.de\/de\/","name":"ITW Industrie-Technik Werth GmbH","description":"Industrie Technik Maschinenbau","potentialAction":[{"@type":"SearchAction","target":{"@type":"EntryPoint","urlTemplate":"https:\/\/itw-technik.de\/de\/?s={search_term_string}"},"query-input":{"@type":"PropertyValueSpecification","valueRequired":true,"valueName":"search_term_string"}}],"inLanguage":"de"}]}},"publishpress_future_action":{"enabled":false,"date":"2026-05-06 17:06:23","action":"change-status","newStatus":"draft","terms":[],"taxonomy":"translation_priority","extraData":[]},"publishpress_future_workflow_manual_trigger":{"enabledWorkflows":[]},"_links":{"self":[{"href":"https:\/\/itw-technik.de\/de\/wp-json\/wp\/v2\/pages\/1739","targetHints":{"allow":["GET"]}}],"collection":[{"href":"https:\/\/itw-technik.de\/de\/wp-json\/wp\/v2\/pages"}],"about":[{"href":"https:\/\/itw-technik.de\/de\/wp-json\/wp\/v2\/types\/page"}],"author":[{"embeddable":true,"href":"https:\/\/itw-technik.de\/de\/wp-json\/wp\/v2\/users\/1"}],"replies":[{"embeddable":true,"href":"https:\/\/itw-technik.de\/de\/wp-json\/wp\/v2\/comments?post=1739"}],"version-history":[{"count":5,"href":"https:\/\/itw-technik.de\/de\/wp-json\/wp\/v2\/pages\/1739\/revisions"}],"predecessor-version":[{"id":3559,"href":"https:\/\/itw-technik.de\/de\/wp-json\/wp\/v2\/pages\/1739\/revisions\/3559"}],"wp:attachment":[{"href":"https:\/\/itw-technik.de\/de\/wp-json\/wp\/v2\/media?parent=1739"}],"curies":[{"name":"wp","href":"https:\/\/api.w.org\/{rel}","templated":true}]}}