{"id":2859,"date":"2021-01-14T20:32:08","date_gmt":"2021-01-14T19:32:08","guid":{"rendered":"https:\/\/itw-technik.de\/?page_id=2859"},"modified":"2021-01-21T11:04:06","modified_gmt":"2021-01-21T10:04:06","slug":"althaus","status":"publish","type":"page","link":"https:\/\/itw-technik.de\/de\/althaus\/","title":{"rendered":"Althaus"},"content":{"rendered":"<div id=\"pl-2859\"  class=\"panel-layout\" ><div id=\"pg-2859-0\"  class=\"panel-grid panel-no-style\" ><div id=\"pgc-2859-0-0\"  class=\"panel-grid-cell\" ><div id=\"panel-2859-0-0-0\" class=\"so-panel widget widget_sow-editor panel-first-child panel-last-child\" data-index=\"0\" ><div\n\t\t\t\n\t\t\tclass=\"so-widget-sow-editor so-widget-sow-editor-base\"\n\t\t\t\n\t\t>\n<div class=\"siteorigin-widget-tinymce textwidget\">\n\t<h3>ITW erweitert seine Produktpalette um die Sparte Wiegetechnik<\/h3>\n<p>Birstein, B\u00f6\u00df-Ges\u00e4\u00df (wm) Die Firma ITW Industrie-Technik Werth GmbH \u00fcbernahm am 1. Januar 2021 die langj\u00e4hrige Partnerfirma Dieter Althaus Wiegetechnik GmbH. Damit integriert ITW die Produktion, Vertrieb und Kundendienst der wichtigen Produktsparte <a href=\"https:\/\/itw-technik.de\/wiegetechnik\/\">Wiegetechnik<\/a>. Die bestehende Produktelinie Alpha (Alpha I-V) wird weitergef\u00fchrt und kontinuierlich technisch weiterentwickelt. Dadurch wird sichergestellt, dass Bestandskunden der Firma Althaus Wiegetechnik GmbH auch in Zukunft Ersatzteile und technischen Support erhalten.<\/p>\n<\/div>\n<\/div><\/div><\/div><div id=\"pgc-2859-0-1\"  class=\"panel-grid-cell\" ><div id=\"panel-2859-0-1-0\" class=\"so-panel widget widget_sow-editor panel-first-child panel-last-child\" data-index=\"1\" ><div\n\t\t\t\n\t\t\tclass=\"so-widget-sow-editor so-widget-sow-editor-base\"\n\t\t\t\n\t\t>\n<div class=\"siteorigin-widget-tinymce textwidget\">\n\t<p><a href=\"https:\/\/itw-technik.de\/wiegetechnik\/\"><img loading=\"lazy\" decoding=\"async\" class=\"alignnone size-full wp-image-2713\" src=\"https:\/\/itw-technik.de\/wp-content\/uploads\/althaus-itw-730x342-1.png\" alt=\"ITW Industrie Technik GmbH \u00fcbenimmt Dieter Althaus Wiegetechnik GmbH \" width=\"730\" height=\"343\" \/><\/a><\/p>\n<\/div>\n<\/div><\/div><\/div><\/div><div id=\"pg-2859-1\"  class=\"panel-grid panel-no-style\" ><div id=\"pgc-2859-1-0\"  class=\"panel-grid-cell\" ><div id=\"panel-2859-1-0-0\" class=\"so-panel widget widget_sow-editor panel-first-child panel-last-child\" data-index=\"2\" ><div\n\t\t\t\n\t\t\tclass=\"so-widget-sow-editor so-widget-sow-editor-base\"\n\t\t\t\n\t\t>\n<div class=\"siteorigin-widget-tinymce textwidget\">\n\t<h3>Dieter Althaus wird neuer technischer<br \/> Leiter<\/h3>\n<p>Ab 1. Februar 2021 \u00fcbernimmt Dieter Althaus die technische Leitung der Firma ITW. Herr Althaus steht Ihnen f\u00fcr alle Fragen rundum das Thema Wiegetechnik sowie die allgemeine technische Beratung zur Verf\u00fcgung.<\/p>\n<\/div>\n<\/div><\/div><\/div><div id=\"pgc-2859-1-1\"  class=\"panel-grid-cell\" ><div id=\"panel-2859-1-1-0\" class=\"so-panel widget widget_sow-editor panel-first-child panel-last-child\" data-index=\"3\" ><div\n\t\t\t\n\t\t\tclass=\"so-widget-sow-editor so-widget-sow-editor-base\"\n\t\t\t\n\t\t>\n<div class=\"siteorigin-widget-tinymce textwidget\">\n\t<p>&nbsp;<br \/>\n<img loading=\"lazy\" decoding=\"async\" class=\"img-circle\" src=\"https:\/\/itw-technik.de\/wp-content\/uploads\/dieter-althaus-500q.jpg\" alt=\"Dieter Althaus\" width=\"500\" height=\"500\" \/><\/p>\n<\/div>\n<\/div><\/div><\/div><div id=\"pgc-2859-1-2\"  class=\"panel-grid-cell\" ><div id=\"panel-2859-1-2-0\" class=\"so-panel widget widget_sow-editor panel-first-child panel-last-child\" data-index=\"4\" ><div\n\t\t\t\n\t\t\tclass=\"so-widget-sow-editor so-widget-sow-editor-base\"\n\t\t\t\n\t\t>\n<div class=\"siteorigin-widget-tinymce textwidget\">\n\t<p style=\"text-align: center;\"><a class=\"btn btn-default right\" href=\"\/wiegetechnik\/\" target=\"_self\" rel=\"noopener noreferrer\" type=\"button\">Zur Wiegetechnik<\/a><\/p>\n<\/div>\n<\/div><\/div><\/div><div id=\"pgc-2859-1-3\"  class=\"panel-grid-cell\" ><div id=\"panel-2859-1-3-0\" class=\"so-panel widget widget_sow-editor panel-first-child panel-last-child\" data-index=\"5\" ><div\n\t\t\t\n\t\t\tclass=\"so-widget-sow-editor so-widget-sow-editor-base\"\n\t\t\t\n\t\t>\n<div class=\"siteorigin-widget-tinymce textwidget\">\n\t<p style=\"text-align: center;\"><a class=\"btn btn-default right\" href=\"\/wiegeanlagen-produktuebersicht\/\" target=\"_self\" rel=\"noopener noreferrer\" type=\"button\">Zur Produkt\u00fcbersicht<\/a><\/p>\n<\/div>\n<\/div><\/div><\/div><div id=\"pgc-2859-1-4\"  class=\"panel-grid-cell\" ><div id=\"panel-2859-1-4-0\" class=\"so-panel widget widget_sow-editor panel-first-child panel-last-child\" data-index=\"6\" ><div\n\t\t\t\n\t\t\tclass=\"so-widget-sow-editor so-widget-sow-editor-base\"\n\t\t\t\n\t\t>\n<div class=\"siteorigin-widget-tinymce textwidget\">\n\t<p style=\"text-align: center;\"><a class=\"btn btn-default right\" href=\"\/#kontakt\" target=\"_self\" rel=\"noopener noreferrer\" type=\"button\">Sie haben Fragen?<\/a><\/p>\n<\/div>\n<\/div><\/div><\/div><\/div><\/div>","protected":false},"excerpt":{"rendered":"<p>ITW erweitert seine Produktpalette um die Sparte Wiegetechnik Birstein, B\u00f6\u00df-Ges\u00e4\u00df (wm) Die Firma ITW Industrie-Technik Werth GmbH \u00fcbernahm am 1. Januar 2021 die langj\u00e4hrige Partnerfirma Dieter Althaus Wiegetechnik GmbH. Damit integriert ITW die Produktion, Vertrieb und Kundendienst der wichtigen Produktsparte Wiegetechnik. Die bestehende Produktelinie Alpha (Alpha I-V) wird weitergef\u00fchrt und kontinuierlich technisch weiterentwickelt. Dadurch wird [&hellip;]<\/p>\n","protected":false},"author":1,"featured_media":0,"parent":0,"menu_order":0,"comment_status":"closed","ping_status":"closed","template":"","meta":{"footnotes":""},"class_list":["post-2859","page","type-page","status-publish","hentry"],"yoast_head":"<!-- This site is optimized with the Yoast SEO plugin v25.5 - https:\/\/yoast.com\/wordpress\/plugins\/seo\/ -->\n<title>ITW \u00fcbernimmt die Dieter Althaus Wiegetechnik GmbH<\/title>\n<meta name=\"description\" content=\"Ab 1.2.2021 \u00fcbernimmt Dieter Althaus die technische Leitung der Firma ITW. Herr Althaus steht Ihnen f\u00fcr alle Fragen rundum Wiegetechnik zur..\" \/>\n<meta name=\"robots\" content=\"index, follow, max-snippet:-1, max-image-preview:large, max-video-preview:-1\" \/>\n<link rel=\"canonical\" href=\"https:\/\/itw-technik.de\/de\/althaus\/\" \/>\n<meta name=\"twitter:card\" content=\"summary_large_image\" \/>\n<meta name=\"twitter:title\" content=\"ITW \u00fcbernimmt die Dieter Althaus Wiegetechnik GmbH\" \/>\n<meta name=\"twitter:description\" content=\"Ab 1.2.2021 \u00fcbernimmt Dieter Althaus die technische Leitung der Firma ITW. Herr Althaus steht Ihnen f\u00fcr alle Fragen rundum Wiegetechnik zur..\" \/>\n<meta name=\"twitter:image\" content=\"https:\/\/itw-technik.de\/wp-content\/uploads\/althaus-itw-730x342-1.png\" \/>\n<meta name=\"twitter:label1\" content=\"Gesch\u00e4tzte Lesezeit\" \/>\n\t<meta name=\"twitter:data1\" content=\"1\u00a0Minute\" \/>\n<script type=\"application\/ld+json\" class=\"yoast-schema-graph\">{\"@context\":\"https:\/\/schema.org\",\"@graph\":[{\"@type\":\"WebPage\",\"@id\":\"https:\/\/itw-technik.de\/de\/althaus\/\",\"url\":\"https:\/\/itw-technik.de\/de\/althaus\/\",\"name\":\"ITW \u00fcbernimmt die Dieter Althaus Wiegetechnik GmbH\",\"isPartOf\":{\"@id\":\"https:\/\/itw-technik.de\/de\/#website\"},\"primaryImageOfPage\":{\"@id\":\"https:\/\/itw-technik.de\/de\/althaus\/#primaryimage\"},\"image\":{\"@id\":\"https:\/\/itw-technik.de\/de\/althaus\/#primaryimage\"},\"thumbnailUrl\":\"https:\/\/itw-technik.de\/wp-content\/uploads\/althaus-itw-730x342-1.png\",\"datePublished\":\"2021-01-14T19:32:08+00:00\",\"dateModified\":\"2021-01-21T10:04:06+00:00\",\"description\":\"Ab 1.2.2021 \u00fcbernimmt Dieter Althaus die technische Leitung der Firma ITW. Herr Althaus steht Ihnen f\u00fcr alle Fragen rundum Wiegetechnik zur..\",\"inLanguage\":\"de\",\"potentialAction\":[{\"@type\":\"ReadAction\",\"target\":[\"https:\/\/itw-technik.de\/de\/althaus\/\"]}]},{\"@type\":\"ImageObject\",\"inLanguage\":\"de\",\"@id\":\"https:\/\/itw-technik.de\/de\/althaus\/#primaryimage\",\"url\":\"https:\/\/itw-technik.de\/wp-content\/uploads\/althaus-itw-730x342-1.png\",\"contentUrl\":\"https:\/\/itw-technik.de\/wp-content\/uploads\/althaus-itw-730x342-1.png\"},{\"@type\":\"WebSite\",\"@id\":\"https:\/\/itw-technik.de\/de\/#website\",\"url\":\"https:\/\/itw-technik.de\/de\/\",\"name\":\"ITW Industrie-Technik Werth GmbH\",\"description\":\"Industrie Technik Maschinenbau\",\"potentialAction\":[{\"@type\":\"SearchAction\",\"target\":{\"@type\":\"EntryPoint\",\"urlTemplate\":\"https:\/\/itw-technik.de\/de\/?s={search_term_string}\"},\"query-input\":{\"@type\":\"PropertyValueSpecification\",\"valueRequired\":true,\"valueName\":\"search_term_string\"}}],\"inLanguage\":\"de\"}]}<\/script>\n<!-- \/ Yoast SEO plugin. -->","yoast_head_json":{"title":"ITW \u00fcbernimmt die Dieter Althaus Wiegetechnik GmbH","description":"Ab 1.2.2021 \u00fcbernimmt Dieter Althaus die technische Leitung der Firma ITW. Herr Althaus steht Ihnen f\u00fcr alle Fragen rundum Wiegetechnik zur..","robots":{"index":"index","follow":"follow","max-snippet":"max-snippet:-1","max-image-preview":"max-image-preview:large","max-video-preview":"max-video-preview:-1"},"canonical":"https:\/\/itw-technik.de\/de\/althaus\/","twitter_card":"summary_large_image","twitter_title":"ITW \u00fcbernimmt die Dieter Althaus Wiegetechnik GmbH","twitter_description":"Ab 1.2.2021 \u00fcbernimmt Dieter Althaus die technische Leitung der Firma ITW. Herr Althaus steht Ihnen f\u00fcr alle Fragen rundum Wiegetechnik zur..","twitter_image":"https:\/\/itw-technik.de\/wp-content\/uploads\/althaus-itw-730x342-1.png","twitter_misc":{"Gesch\u00e4tzte Lesezeit":"1\u00a0Minute"},"schema":{"@context":"https:\/\/schema.org","@graph":[{"@type":"WebPage","@id":"https:\/\/itw-technik.de\/de\/althaus\/","url":"https:\/\/itw-technik.de\/de\/althaus\/","name":"ITW \u00fcbernimmt die Dieter Althaus Wiegetechnik GmbH","isPartOf":{"@id":"https:\/\/itw-technik.de\/de\/#website"},"primaryImageOfPage":{"@id":"https:\/\/itw-technik.de\/de\/althaus\/#primaryimage"},"image":{"@id":"https:\/\/itw-technik.de\/de\/althaus\/#primaryimage"},"thumbnailUrl":"https:\/\/itw-technik.de\/wp-content\/uploads\/althaus-itw-730x342-1.png","datePublished":"2021-01-14T19:32:08+00:00","dateModified":"2021-01-21T10:04:06+00:00","description":"Ab 1.2.2021 \u00fcbernimmt Dieter Althaus die technische Leitung der Firma ITW. Herr Althaus steht Ihnen f\u00fcr alle Fragen rundum Wiegetechnik zur..","inLanguage":"de","potentialAction":[{"@type":"ReadAction","target":["https:\/\/itw-technik.de\/de\/althaus\/"]}]},{"@type":"ImageObject","inLanguage":"de","@id":"https:\/\/itw-technik.de\/de\/althaus\/#primaryimage","url":"https:\/\/itw-technik.de\/wp-content\/uploads\/althaus-itw-730x342-1.png","contentUrl":"https:\/\/itw-technik.de\/wp-content\/uploads\/althaus-itw-730x342-1.png"},{"@type":"WebSite","@id":"https:\/\/itw-technik.de\/de\/#website","url":"https:\/\/itw-technik.de\/de\/","name":"ITW Industrie-Technik Werth GmbH","description":"Industrie Technik Maschinenbau","potentialAction":[{"@type":"SearchAction","target":{"@type":"EntryPoint","urlTemplate":"https:\/\/itw-technik.de\/de\/?s={search_term_string}"},"query-input":{"@type":"PropertyValueSpecification","valueRequired":true,"valueName":"search_term_string"}}],"inLanguage":"de"}]}},"publishpress_future_action":{"enabled":false,"date":"2026-04-11 00:40:10","action":"change-status","newStatus":"draft","terms":[],"taxonomy":"translation_priority","extraData":[]},"publishpress_future_workflow_manual_trigger":{"enabledWorkflows":[]},"_links":{"self":[{"href":"https:\/\/itw-technik.de\/de\/wp-json\/wp\/v2\/pages\/2859","targetHints":{"allow":["GET"]}}],"collection":[{"href":"https:\/\/itw-technik.de\/de\/wp-json\/wp\/v2\/pages"}],"about":[{"href":"https:\/\/itw-technik.de\/de\/wp-json\/wp\/v2\/types\/page"}],"author":[{"embeddable":true,"href":"https:\/\/itw-technik.de\/de\/wp-json\/wp\/v2\/users\/1"}],"replies":[{"embeddable":true,"href":"https:\/\/itw-technik.de\/de\/wp-json\/wp\/v2\/comments?post=2859"}],"version-history":[{"count":4,"href":"https:\/\/itw-technik.de\/de\/wp-json\/wp\/v2\/pages\/2859\/revisions"}],"predecessor-version":[{"id":2870,"href":"https:\/\/itw-technik.de\/de\/wp-json\/wp\/v2\/pages\/2859\/revisions\/2870"}],"wp:attachment":[{"href":"https:\/\/itw-technik.de\/de\/wp-json\/wp\/v2\/media?parent=2859"}],"curies":[{"name":"wp","href":"https:\/\/api.w.org\/{rel}","templated":true}]}}