{"id":740,"date":"2018-06-05T07:08:56","date_gmt":"2018-06-05T05:08:56","guid":{"rendered":"https:\/\/itw-technik.de\/?page_id=740"},"modified":"2021-01-20T13:45:38","modified_gmt":"2021-01-20T12:45:38","slug":"itw-ueber-uns","status":"publish","type":"page","link":"https:\/\/itw-technik.de\/de\/unternehmen\/itw-ueber-uns\/","title":{"rendered":"\u00dcber uns &#8230;"},"content":{"rendered":"<div id=\"pl-740\"  class=\"panel-layout\" ><div id=\"pg-740-0\"  class=\"panel-grid panel-has-style\" ><div class=\"siteorigin-panels-stretch panel-row-style panel-row-style-for-740-0\" data-stretch-type=\"full-stretched\" ><div id=\"pgc-740-0-0\"  class=\"panel-grid-cell\" ><div id=\"panel-740-0-0-0\" class=\"so-panel widget widget_sow-editor panel-first-child panel-last-child\" data-index=\"0\" ><div class=\"panel-widget-style panel-widget-style-for-740-0-0-0\" ><div\n\t\t\t\n\t\t\tclass=\"so-widget-sow-editor so-widget-sow-editor-base\"\n\t\t\t\n\t\t>\n<div class=\"siteorigin-widget-tinymce textwidget\">\n\t<h2 class=\"img-line-3\"><\/h2>\n<\/div>\n<\/div><\/div><\/div><\/div><\/div><\/div><div id=\"pg-740-1\"  class=\"panel-grid panel-no-style\" ><div id=\"pgc-740-1-0\"  class=\"panel-grid-cell\" ><div id=\"panel-740-1-0-0\" class=\"so-panel widget widget_sow-editor panel-first-child\" data-index=\"1\" ><div\n\t\t\t\n\t\t\tclass=\"so-widget-sow-editor so-widget-sow-editor-base\"\n\t\t\t\n\t\t>\n<div class=\"siteorigin-widget-tinymce textwidget\">\n\t<p><img decoding=\"async\" src=\"https:\/\/itw-technik.de\/wp-content\/uploads\/itw-logo-grey-blue-1000px.svg\" alt=\"ITW Industrie-Technik Werth GmbH Logo\" class=\"alignnone size-full wp-image-657\" width=\"80%\" height=\"80%\" \/><\/p>\n<\/div>\n<\/div><\/div><div id=\"panel-740-1-0-1\" class=\"so-panel widget widget_sow-editor panel-last-child\" data-index=\"2\" ><div\n\t\t\t\n\t\t\tclass=\"so-widget-sow-editor so-widget-sow-editor-base\"\n\t\t\t\n\t\t>\n<div class=\"siteorigin-widget-tinymce textwidget\">\n\t<h3>Das Unternehmen, wenn es um ma\u00dfgeschneiderte L\u00f6sungen im Bereich Verpackungstechnik, F\u00f6rdertechnik, Sondermaschinenbau und Edelstahlkonstruktionen geht<\/h3>\n<p>Die Firma ITW ist Partner von namhaften Unternehmen aus dem Bereich der Verpackungstechnik und Nahrungsmittelproduktion f\u00fcr Mensch und Tier. Wir w\u00fcrden uns freuen auch Sie bald zu unseren zufriedenen Kunden z\u00e4hlen zu d\u00fcrfen.<\/p>\n<\/div>\n<\/div><\/div><\/div><div id=\"pgc-740-1-1\"  class=\"panel-grid-cell\" ><div id=\"panel-740-1-1-0\" class=\"so-panel widget widget_sow-editor panel-first-child panel-last-child\" data-index=\"3\" ><div\n\t\t\t\n\t\t\tclass=\"so-widget-sow-editor so-widget-sow-editor-base\"\n\t\t\t\n\t\t>\n<div class=\"siteorigin-widget-tinymce textwidget\">\n\t<h2>Unsere Unternehmensziele<\/h2>\n<p>Die im folgenden formulierten Unternehmensgrunds\u00e4tze der ITW Industrie-Technik Werth GmbH repr\u00e4sentieren das Denken und Handeln des gesamten ITW-Teams. Sie sind dar\u00fcber hinaus ein Leitfaden f\u00fcr das Verhalten und die Entscheidungen im t\u00e4glichen Arbeitsprozess.<\/p>\n<ul class=\"aufzaehlung\">\n<li>Die zielorientierte Zusammenarbeit aller Mitarbeiter ist das Kapital unseres Unternehmens.<\/li>\n<li>Die Basis des Unternehmenserfolges beruht auf der Qualifikation und Motivation der Mitarbeiter.<\/li>\n<li>Unsere Kunden sind f\u00fcr uns Partner und entscheiden \u00fcber den Erfolg unseres Unternehmens. Wir m\u00fcssen durch kundenorientiertes Denken und Handeln die Erwartungen unserer Kunden erf\u00fcllen.<\/li>\n<li>Unsere Dienstleistungen und Produkte m\u00fcssen klare Wettbewerbsvorteile, vor allem hinsichtlich der Qualit\u00e4t und Termintreue, bieten.<\/li>\n<li>Unsere Ideen und unsere Kreativit\u00e4t sichern uns einen Wettbewerbsvorsprung, d.h. wir m\u00fcssen uns st\u00e4ndig um neue Denkanst\u00f6\u00dfe und Ideen und deren konsequente sowie professionelle Umsetzung bem\u00fchen.<\/li>\n<li>Unser Ziel ist es, zu unseren Lieferanten eine partnerschaftliche und langfristige Beziehung aufzubauen. Voraussetzung hierf\u00fcr sind Leistungsf\u00e4higkeit hinsichtlich Qualit\u00e4t, Liefertreue sowie eine optimale Probleml\u00f6sung.<\/li>\n<\/ul>\n<\/div>\n<\/div><\/div><\/div><\/div><div id=\"pg-740-2\"  class=\"panel-grid panel-no-style\" ><div id=\"pgc-740-2-0\"  class=\"panel-grid-cell\" ><div id=\"panel-740-2-0-0\" class=\"so-panel widget widget_sow-editor panel-first-child\" data-index=\"4\" ><div\n\t\t\t\n\t\t\tclass=\"so-widget-sow-editor so-widget-sow-editor-base\"\n\t\t\t\n\t\t>\n<div class=\"siteorigin-widget-tinymce textwidget\">\n\t<h2>ITW Imagebrosch\u00fcre<\/h2>\n<\/div>\n<\/div><\/div><div id=\"panel-740-2-0-1\" class=\"so-panel widget widget_sow-editor panel-last-child\" data-index=\"5\" ><div\n\t\t\t\n\t\t\tclass=\"so-widget-sow-editor so-widget-sow-editor-base\"\n\t\t\t\n\t\t>\n<div class=\"siteorigin-widget-tinymce textwidget\">\n\t<p>Informieren Sie sich mit unserer aktuellen Imagebrosch\u00fcre.<br \/>\nSie k\u00f6nnen diese auch als PDF-Datei Herunterladen.<br \/>\n&nbsp;<br \/>\n<a href=\"https:\/\/itw-technik.de\/pdf\/itw-imagebrochure-f128.pdf\" rel=\"noopener\" target=\"_blank\"><img loading=\"lazy\" decoding=\"async\" src=\"https:\/\/itw-technik.de\/wp-content\/uploads\/itw-technik-broschuere.icon_.jpg\" alt=\"ITW Imagebrosch\u00fcre Icon\" width=\"400\" height=\"555\" class=\"alignnone size-full wp-image-2476\" \/><\/a><\/p>\n<\/div>\n<\/div><\/div><\/div><div id=\"pgc-740-2-1\"  class=\"panel-grid-cell\" ><div id=\"panel-740-2-1-0\" class=\"so-panel widget widget_sow-editor panel-first-child\" data-index=\"6\" ><div\n\t\t\t\n\t\t\tclass=\"so-widget-sow-editor so-widget-sow-editor-base\"\n\t\t\t\n\t\t>\n<div class=\"siteorigin-widget-tinymce textwidget\">\n\t<h2>ITW Imagefilm<\/h2>\n<p>&nbsp;<br \/>\nUnser Imagefilm bietet Ihnen eine kurze Zusammenfassung unseres Firmenprofils und unserer Unternehmensziele.<\/p>\n<\/div>\n<\/div><\/div><div id=\"panel-740-2-1-1\" class=\"so-panel widget widget_sow-editor panel-last-child\" data-index=\"7\" ><div\n\t\t\t\n\t\t\tclass=\"so-widget-sow-editor so-widget-sow-editor-base\"\n\t\t\t\n\t\t>\n<div class=\"siteorigin-widget-tinymce textwidget\">\n\t<div style=\"width: 730px;\" class=\"wp-video\"><!--[if lt IE 9]><script>document.createElement('video');<\/script><![endif]-->\n<video class=\"wp-video-shortcode\" id=\"video-740-1\" width=\"730\" height=\"386\" preload=\"metadata\" controls=\"controls\"><source type=\"video\/mp4\" src=\"https:\/\/itw-technik.de\/wp-content\/videos\/itw-imagefilm-2019-s.mp4?_=1\" \/><a href=\"https:\/\/itw-technik.de\/wp-content\/videos\/itw-imagefilm-2019-s.mp4\">https:\/\/itw-technik.de\/wp-content\/videos\/itw-imagefilm-2019-s.mp4<\/a><\/video><\/div>\n<\/div>\n<\/div><\/div><\/div><\/div><div id=\"pg-740-3\"  class=\"panel-grid panel-no-style\" ><div id=\"pgc-740-3-0\"  class=\"panel-grid-cell\" ><div id=\"panel-740-3-0-0\" class=\"so-panel widget widget_sow-editor panel-first-child panel-last-child\" data-index=\"8\" ><div\n\t\t\t\n\t\t\tclass=\"so-widget-sow-editor so-widget-sow-editor-base\"\n\t\t\t\n\t\t>\n<div class=\"siteorigin-widget-tinymce textwidget\">\n\t<h2>ITW Firmensitz Luftaufnahmen<\/h2>\n<\/div>\n<\/div><\/div><\/div><\/div><div id=\"pg-740-4\"  class=\"panel-grid panel-no-style\" ><div id=\"pgc-740-4-0\"  class=\"panel-grid-cell\" ><div id=\"panel-740-4-0-0\" class=\"so-panel widget widget_sow-editor panel-first-child panel-last-child\" data-index=\"9\" ><div\n\t\t\t\n\t\t\tclass=\"so-widget-sow-editor so-widget-sow-editor-base\"\n\t\t\t\n\t\t>\n<div class=\"siteorigin-widget-tinymce textwidget\">\n\t<div class=\"foogallery foogallery-container foogallery-masonry foogallery-lightbox-dfactory fg-center fg-masonry fg-light fg-loading-dots fg-loaded-fade-in fg-hover-fade fg-hover-circle-plus fg-ready fg-col3\" id=\"foogallery-gallery-2396\" data-foogallery=\"{&quot;item&quot;:{&quot;showCaptionTitle&quot;:true,&quot;showCaptionDescription&quot;:true},&quot;lazy&quot;:true}\" >\n\t\t<div class=\"fg-column-width\"><\/div>\n\t<div class=\"fg-gutter-width\"><\/div>\n\t\t<div class=\"fg-item fg-type-image fg-idle\"><figure class=\"fg-item-inner\"><a href=\"https:\/\/itw-technik.de\/wp-content\/uploads\/itw-industrie-technik-werth-firmensitz-luftaufnahme-dji-0021-1050x600.jpg\" data-attachment-id=\"2395\" data-rel=\"lightbox-image-bGlnaHRib3g=\" data-rl_title=\"\" data-rl_caption=\"\" data-type=\"image\" class=\"fg-thumb\" title=\"\"><span class=\"fg-image-wrap\"><img fetchpriority=\"high\" decoding=\"async\" alt=\"ITW Industrie-Technik-Werth GmbH - Firmensitz Luftaufnahme\" width=\"400\" height=\"229\" class=\"skip-lazy fg-image\" data-src-fg=\"https:\/\/itw-technik.de\/wp-content\/uploads\/cache\/itw-industrie-technik-werth-firmensitz-luftaufnahme-dji-0021-1050x600\/1938022715.jpg\" src=\"data:image\/svg+xml,%3Csvg%20xmlns%3D%22http%3A%2F%2Fwww.w3.org%2F2000%2Fsvg%22%20width%3D%22400%22%20height%3D%22229%22%20viewBox%3D%220%200%20400%20229%22%3E%3C%2Fsvg%3E\" loading=\"eager\"><\/span><span class=\"fg-image-overlay\"><\/span><\/a><figcaption class=\"fg-caption\"><div class=\"fg-caption-inner\"><\/div><\/figcaption><\/figure><div class=\"fg-loader\"><\/div><\/div><div class=\"fg-item fg-type-image fg-idle\"><figure class=\"fg-item-inner\"><a href=\"https:\/\/itw-technik.de\/wp-content\/uploads\/itw-industrie-technik-werth-firmensitz-luftaufnahme-dji-0022-1050x600.jpg\" data-attachment-id=\"2394\" data-rel=\"lightbox-image-bGlnaHRib3g=\" data-rl_title=\"\" data-rl_caption=\"\" data-type=\"image\" class=\"fg-thumb\" title=\"\"><span class=\"fg-image-wrap\"><img decoding=\"async\" alt=\"ITW Industrie-Technik-Werth GmbH - Firmensitz Luftaufnahme\" width=\"400\" height=\"229\" class=\"skip-lazy fg-image\" data-src-fg=\"https:\/\/itw-technik.de\/wp-content\/uploads\/cache\/itw-industrie-technik-werth-firmensitz-luftaufnahme-dji-0022-1050x600\/643265026.jpg\" src=\"data:image\/svg+xml,%3Csvg%20xmlns%3D%22http%3A%2F%2Fwww.w3.org%2F2000%2Fsvg%22%20width%3D%22400%22%20height%3D%22229%22%20viewBox%3D%220%200%20400%20229%22%3E%3C%2Fsvg%3E\" loading=\"eager\"><\/span><span class=\"fg-image-overlay\"><\/span><\/a><figcaption class=\"fg-caption\"><div class=\"fg-caption-inner\"><\/div><\/figcaption><\/figure><div class=\"fg-loader\"><\/div><\/div><div class=\"fg-item fg-type-image fg-idle\"><figure class=\"fg-item-inner\"><a href=\"https:\/\/itw-technik.de\/wp-content\/uploads\/itw-industrie-technik-werth-firmensitz-luftaufnahme-dji-0023-1050x600.jpg\" data-attachment-id=\"2393\" data-rel=\"lightbox-image-bGlnaHRib3g=\" data-rl_title=\"\" data-rl_caption=\"\" data-type=\"image\" class=\"fg-thumb\" title=\"\"><span class=\"fg-image-wrap\"><img decoding=\"async\" alt=\"ITW Industrie-Technik-Werth GmbH - Firmensitz Luftaufnahme\" width=\"400\" height=\"229\" class=\"skip-lazy fg-image\" data-src-fg=\"https:\/\/itw-technik.de\/wp-content\/uploads\/cache\/itw-industrie-technik-werth-firmensitz-luftaufnahme-dji-0023-1050x600\/2988032626.jpg\" src=\"data:image\/svg+xml,%3Csvg%20xmlns%3D%22http%3A%2F%2Fwww.w3.org%2F2000%2Fsvg%22%20width%3D%22400%22%20height%3D%22229%22%20viewBox%3D%220%200%20400%20229%22%3E%3C%2Fsvg%3E\" loading=\"eager\"><\/span><span class=\"fg-image-overlay\"><\/span><\/a><figcaption class=\"fg-caption\"><div class=\"fg-caption-inner\"><\/div><\/figcaption><\/figure><div class=\"fg-loader\"><\/div><\/div><div class=\"fg-item fg-type-image fg-idle\"><figure class=\"fg-item-inner\"><a href=\"https:\/\/itw-technik.de\/wp-content\/uploads\/itw-industrie-technik-werth-firmensitz-luftaufnahme-dji-0024-1050x600.jpg\" data-attachment-id=\"2392\" data-rel=\"lightbox-image-bGlnaHRib3g=\" data-rl_title=\"\" data-rl_caption=\"\" data-type=\"image\" class=\"fg-thumb\" title=\"\"><span class=\"fg-image-wrap\"><img decoding=\"async\" alt=\"ITW Industrie-Technik-Werth GmbH - Firmensitz Luftaufnahme\" width=\"400\" height=\"229\" class=\"skip-lazy fg-image\" data-src-fg=\"https:\/\/itw-technik.de\/wp-content\/uploads\/cache\/itw-industrie-technik-werth-firmensitz-luftaufnahme-dji-0024-1050x600\/2495968900.jpg\" src=\"data:image\/svg+xml,%3Csvg%20xmlns%3D%22http%3A%2F%2Fwww.w3.org%2F2000%2Fsvg%22%20width%3D%22400%22%20height%3D%22229%22%20viewBox%3D%220%200%20400%20229%22%3E%3C%2Fsvg%3E\" loading=\"eager\"><\/span><span class=\"fg-image-overlay\"><\/span><\/a><figcaption class=\"fg-caption\"><div class=\"fg-caption-inner\"><\/div><\/figcaption><\/figure><div class=\"fg-loader\"><\/div><\/div><div class=\"fg-item fg-type-image fg-idle\"><figure class=\"fg-item-inner\"><a href=\"https:\/\/itw-technik.de\/wp-content\/uploads\/itw-industrie-technik-werth-firmensitz-luftaufnahme-dji-0025-1050x600.jpg\" data-attachment-id=\"2391\" data-rel=\"lightbox-image-bGlnaHRib3g=\" data-rl_title=\"\" data-rl_caption=\"\" data-type=\"image\" class=\"fg-thumb\" title=\"\"><span class=\"fg-image-wrap\"><img decoding=\"async\" alt=\"ITW Industrie-Technik-Werth GmbH - Firmensitz Luftaufnahme\" width=\"400\" height=\"229\" class=\"skip-lazy fg-image\" data-src-fg=\"https:\/\/itw-technik.de\/wp-content\/uploads\/cache\/itw-industrie-technik-werth-firmensitz-luftaufnahme-dji-0025-1050x600\/431023104.jpg\" src=\"data:image\/svg+xml,%3Csvg%20xmlns%3D%22http%3A%2F%2Fwww.w3.org%2F2000%2Fsvg%22%20width%3D%22400%22%20height%3D%22229%22%20viewBox%3D%220%200%20400%20229%22%3E%3C%2Fsvg%3E\" loading=\"eager\"><\/span><span class=\"fg-image-overlay\"><\/span><\/a><figcaption class=\"fg-caption\"><div class=\"fg-caption-inner\"><\/div><\/figcaption><\/figure><div class=\"fg-loader\"><\/div><\/div><div class=\"fg-item fg-type-image fg-idle\"><figure class=\"fg-item-inner\"><a href=\"https:\/\/itw-technik.de\/wp-content\/uploads\/itw-industrie-technik-werth-firmensitz-luftaufnahme-dji-0026-1050x600.jpg\" data-attachment-id=\"2390\" data-rel=\"lightbox-image-bGlnaHRib3g=\" data-rl_title=\"\" data-rl_caption=\"\" data-type=\"image\" class=\"fg-thumb\" title=\"\"><span class=\"fg-image-wrap\"><img decoding=\"async\" alt=\"ITW Industrie-Technik-Werth GmbH - Firmensitz Luftaufnahme\" width=\"400\" height=\"229\" class=\"skip-lazy fg-image\" data-src-fg=\"https:\/\/itw-technik.de\/wp-content\/uploads\/cache\/itw-industrie-technik-werth-firmensitz-luftaufnahme-dji-0026-1050x600\/1281652537.jpg\" src=\"data:image\/svg+xml,%3Csvg%20xmlns%3D%22http%3A%2F%2Fwww.w3.org%2F2000%2Fsvg%22%20width%3D%22400%22%20height%3D%22229%22%20viewBox%3D%220%200%20400%20229%22%3E%3C%2Fsvg%3E\" loading=\"eager\"><\/span><span class=\"fg-image-overlay\"><\/span><\/a><figcaption class=\"fg-caption\"><div class=\"fg-caption-inner\"><\/div><\/figcaption><\/figure><div class=\"fg-loader\"><\/div><\/div><div class=\"fg-item fg-type-image fg-idle\"><figure class=\"fg-item-inner\"><a href=\"https:\/\/itw-technik.de\/wp-content\/uploads\/itw-industrie-technik-werth-firmensitz-luftaufnahme-dji-0027-1050x600.jpg\" data-attachment-id=\"2389\" data-rel=\"lightbox-image-bGlnaHRib3g=\" data-rl_title=\"\" data-rl_caption=\"\" data-type=\"image\" class=\"fg-thumb\" title=\"\"><span class=\"fg-image-wrap\"><img decoding=\"async\" alt=\"ITW Industrie-Technik-Werth GmbH - Firmensitz Luftaufnahme\" width=\"400\" height=\"229\" class=\"skip-lazy fg-image\" data-src-fg=\"https:\/\/itw-technik.de\/wp-content\/uploads\/cache\/itw-industrie-technik-werth-firmensitz-luftaufnahme-dji-0027-1050x600\/1244442838.jpg\" src=\"data:image\/svg+xml,%3Csvg%20xmlns%3D%22http%3A%2F%2Fwww.w3.org%2F2000%2Fsvg%22%20width%3D%22400%22%20height%3D%22229%22%20viewBox%3D%220%200%20400%20229%22%3E%3C%2Fsvg%3E\" loading=\"eager\"><\/span><span class=\"fg-image-overlay\"><\/span><\/a><figcaption class=\"fg-caption\"><div class=\"fg-caption-inner\"><\/div><\/figcaption><\/figure><div class=\"fg-loader\"><\/div><\/div><div class=\"fg-item fg-type-image fg-idle\"><figure class=\"fg-item-inner\"><a href=\"https:\/\/itw-technik.de\/wp-content\/uploads\/itw-industrie-technik-werth-firmensitz-luftaufnahme-dji-0028-1050x600.jpg\" data-attachment-id=\"2388\" data-rel=\"lightbox-image-bGlnaHRib3g=\" data-rl_title=\"\" data-rl_caption=\"\" data-type=\"image\" class=\"fg-thumb\" title=\"\"><span class=\"fg-image-wrap\"><img decoding=\"async\" alt=\"ITW Industrie-Technik-Werth GmbH - Firmensitz Luftaufnahme\" width=\"400\" height=\"229\" class=\"skip-lazy fg-image\" data-src-fg=\"https:\/\/itw-technik.de\/wp-content\/uploads\/cache\/itw-industrie-technik-werth-firmensitz-luftaufnahme-dji-0028-1050x600\/2329955262.jpg\" src=\"data:image\/svg+xml,%3Csvg%20xmlns%3D%22http%3A%2F%2Fwww.w3.org%2F2000%2Fsvg%22%20width%3D%22400%22%20height%3D%22229%22%20viewBox%3D%220%200%20400%20229%22%3E%3C%2Fsvg%3E\" loading=\"eager\"><\/span><span class=\"fg-image-overlay\"><\/span><\/a><figcaption class=\"fg-caption\"><div class=\"fg-caption-inner\"><\/div><\/figcaption><\/figure><div class=\"fg-loader\"><\/div><\/div><div class=\"fg-item fg-type-image fg-idle\"><figure class=\"fg-item-inner\"><a href=\"https:\/\/itw-technik.de\/wp-content\/uploads\/itw-industrie-technik-werth-firmensitz-luftaufnahme-dji-0029-1050x600.jpg\" data-attachment-id=\"2387\" data-rel=\"lightbox-image-bGlnaHRib3g=\" data-rl_title=\"\" data-rl_caption=\"\" data-type=\"image\" class=\"fg-thumb\" title=\"\"><span class=\"fg-image-wrap\"><img decoding=\"async\" alt=\"ITW Industrie-Technik-Werth GmbH - Firmensitz Luftaufnahme\" width=\"400\" height=\"229\" class=\"skip-lazy fg-image\" data-src-fg=\"https:\/\/itw-technik.de\/wp-content\/uploads\/cache\/itw-industrie-technik-werth-firmensitz-luftaufnahme-dji-0029-1050x600\/752401958.jpg\" src=\"data:image\/svg+xml,%3Csvg%20xmlns%3D%22http%3A%2F%2Fwww.w3.org%2F2000%2Fsvg%22%20width%3D%22400%22%20height%3D%22229%22%20viewBox%3D%220%200%20400%20229%22%3E%3C%2Fsvg%3E\" loading=\"eager\"><\/span><span class=\"fg-image-overlay\"><\/span><\/a><figcaption class=\"fg-caption\"><div class=\"fg-caption-inner\"><\/div><\/figcaption><\/figure><div class=\"fg-loader\"><\/div><\/div><\/div>\n<\/div>\n<\/div><\/div><\/div><\/div><\/div>","protected":false},"excerpt":{"rendered":"<p>Das Unternehmen, wenn es um ma\u00dfgeschneiderte L\u00f6sungen im Bereich Verpackungstechnik, F\u00f6rdertechnik, Sondermaschinenbau und Edelstahlkonstruktionen geht Die Firma ITW ist Partner von namhaften Unternehmen aus dem Bereich der Verpackungstechnik und Nahrungsmittelproduktion f\u00fcr Mensch und Tier. Wir w\u00fcrden uns freuen auch Sie bald zu unseren zufriedenen Kunden z\u00e4hlen zu d\u00fcrfen. Unsere Unternehmensziele Die im folgenden formulierten Unternehmensgrunds\u00e4tze [&hellip;]<\/p>\n","protected":false},"author":1,"featured_media":0,"parent":743,"menu_order":0,"comment_status":"closed","ping_status":"closed","template":"","meta":{"footnotes":""},"class_list":["post-740","page","type-page","status-publish","hentry"],"yoast_head":"<!-- This site is optimized with the Yoast SEO plugin v25.5 - https:\/\/yoast.com\/wordpress\/plugins\/seo\/ -->\n<title>Unternehmensziele - ITW Industrie-Technik Werth GmbH<\/title>\n<meta name=\"description\" content=\"Die Unternehmensziele der ITW Industrie-Technik Werth GmbH repr\u00e4sentieren das Denken und Handelns des gesamten ITW-Teams ...\" \/>\n<meta name=\"robots\" content=\"index, follow, max-snippet:-1, max-image-preview:large, max-video-preview:-1\" \/>\n<link rel=\"canonical\" href=\"https:\/\/itw-technik.de\/de\/unternehmen\/itw-ueber-uns\/\" \/>\n<meta name=\"twitter:card\" content=\"summary_large_image\" \/>\n<meta name=\"twitter:title\" content=\"Unternehmensziele - ITW Industrie-Technik Werth GmbH\" \/>\n<meta name=\"twitter:description\" content=\"Die Unternehmensziele der ITW Industrie-Technik Werth GmbH repr\u00e4sentieren das Denken und Handelns des gesamten ITW-Teams ...\" \/>\n<meta name=\"twitter:image\" content=\"https:\/\/itw-technik.de\/wp-content\/uploads\/itw-logo-grey-blue-1000px.svg\" \/>\n<meta name=\"twitter:label1\" content=\"Gesch\u00e4tzte Lesezeit\" \/>\n\t<meta name=\"twitter:data1\" content=\"1\u00a0Minute\" \/>\n<script type=\"application\/ld+json\" class=\"yoast-schema-graph\">{\"@context\":\"https:\/\/schema.org\",\"@graph\":[{\"@type\":\"WebPage\",\"@id\":\"https:\/\/itw-technik.de\/de\/unternehmen\/itw-ueber-uns\/\",\"url\":\"https:\/\/itw-technik.de\/de\/unternehmen\/itw-ueber-uns\/\",\"name\":\"Unternehmensziele - ITW Industrie-Technik Werth GmbH\",\"isPartOf\":{\"@id\":\"https:\/\/itw-technik.de\/de\/#website\"},\"primaryImageOfPage\":{\"@id\":\"https:\/\/itw-technik.de\/de\/unternehmen\/itw-ueber-uns\/#primaryimage\"},\"image\":{\"@id\":\"https:\/\/itw-technik.de\/de\/unternehmen\/itw-ueber-uns\/#primaryimage\"},\"thumbnailUrl\":\"https:\/\/itw-technik.de\/wp-content\/uploads\/itw-logo-grey-blue-1000px.svg\",\"datePublished\":\"2018-06-05T05:08:56+00:00\",\"dateModified\":\"2021-01-20T12:45:38+00:00\",\"description\":\"Die Unternehmensziele der ITW Industrie-Technik Werth GmbH repr\u00e4sentieren das Denken und Handelns des gesamten ITW-Teams ...\",\"breadcrumb\":{\"@id\":\"https:\/\/itw-technik.de\/de\/unternehmen\/itw-ueber-uns\/#breadcrumb\"},\"inLanguage\":\"de\",\"potentialAction\":[{\"@type\":\"ReadAction\",\"target\":[\"https:\/\/itw-technik.de\/de\/unternehmen\/itw-ueber-uns\/\"]}]},{\"@type\":\"ImageObject\",\"inLanguage\":\"de\",\"@id\":\"https:\/\/itw-technik.de\/de\/unternehmen\/itw-ueber-uns\/#primaryimage\",\"url\":\"https:\/\/itw-technik.de\/wp-content\/uploads\/itw-logo-grey-blue-1000px.svg\",\"contentUrl\":\"https:\/\/itw-technik.de\/wp-content\/uploads\/itw-logo-grey-blue-1000px.svg\"},{\"@type\":\"BreadcrumbList\",\"@id\":\"https:\/\/itw-technik.de\/de\/unternehmen\/itw-ueber-uns\/#breadcrumb\",\"itemListElement\":[{\"@type\":\"ListItem\",\"position\":1,\"name\":\"Das Unternehmen\",\"item\":\"https:\/\/itw-technik.de\/de\/unternehmen\/\"},{\"@type\":\"ListItem\",\"position\":2,\"name\":\"\u00dcber uns &#8230;\"}]},{\"@type\":\"WebSite\",\"@id\":\"https:\/\/itw-technik.de\/de\/#website\",\"url\":\"https:\/\/itw-technik.de\/de\/\",\"name\":\"ITW Industrie-Technik Werth GmbH\",\"description\":\"Industrie Technik Maschinenbau\",\"potentialAction\":[{\"@type\":\"SearchAction\",\"target\":{\"@type\":\"EntryPoint\",\"urlTemplate\":\"https:\/\/itw-technik.de\/de\/?s={search_term_string}\"},\"query-input\":{\"@type\":\"PropertyValueSpecification\",\"valueRequired\":true,\"valueName\":\"search_term_string\"}}],\"inLanguage\":\"de\"}]}<\/script>\n<!-- \/ Yoast SEO plugin. -->","yoast_head_json":{"title":"Unternehmensziele - ITW Industrie-Technik Werth GmbH","description":"Die Unternehmensziele der ITW Industrie-Technik Werth GmbH repr\u00e4sentieren das Denken und Handelns des gesamten ITW-Teams ...","robots":{"index":"index","follow":"follow","max-snippet":"max-snippet:-1","max-image-preview":"max-image-preview:large","max-video-preview":"max-video-preview:-1"},"canonical":"https:\/\/itw-technik.de\/de\/unternehmen\/itw-ueber-uns\/","twitter_card":"summary_large_image","twitter_title":"Unternehmensziele - ITW Industrie-Technik Werth GmbH","twitter_description":"Die Unternehmensziele der ITW Industrie-Technik Werth GmbH repr\u00e4sentieren das Denken und Handelns des gesamten ITW-Teams ...","twitter_image":"https:\/\/itw-technik.de\/wp-content\/uploads\/itw-logo-grey-blue-1000px.svg","twitter_misc":{"Gesch\u00e4tzte Lesezeit":"1\u00a0Minute"},"schema":{"@context":"https:\/\/schema.org","@graph":[{"@type":"WebPage","@id":"https:\/\/itw-technik.de\/de\/unternehmen\/itw-ueber-uns\/","url":"https:\/\/itw-technik.de\/de\/unternehmen\/itw-ueber-uns\/","name":"Unternehmensziele - ITW Industrie-Technik Werth GmbH","isPartOf":{"@id":"https:\/\/itw-technik.de\/de\/#website"},"primaryImageOfPage":{"@id":"https:\/\/itw-technik.de\/de\/unternehmen\/itw-ueber-uns\/#primaryimage"},"image":{"@id":"https:\/\/itw-technik.de\/de\/unternehmen\/itw-ueber-uns\/#primaryimage"},"thumbnailUrl":"https:\/\/itw-technik.de\/wp-content\/uploads\/itw-logo-grey-blue-1000px.svg","datePublished":"2018-06-05T05:08:56+00:00","dateModified":"2021-01-20T12:45:38+00:00","description":"Die Unternehmensziele der ITW Industrie-Technik Werth GmbH repr\u00e4sentieren das Denken und Handelns des gesamten ITW-Teams ...","breadcrumb":{"@id":"https:\/\/itw-technik.de\/de\/unternehmen\/itw-ueber-uns\/#breadcrumb"},"inLanguage":"de","potentialAction":[{"@type":"ReadAction","target":["https:\/\/itw-technik.de\/de\/unternehmen\/itw-ueber-uns\/"]}]},{"@type":"ImageObject","inLanguage":"de","@id":"https:\/\/itw-technik.de\/de\/unternehmen\/itw-ueber-uns\/#primaryimage","url":"https:\/\/itw-technik.de\/wp-content\/uploads\/itw-logo-grey-blue-1000px.svg","contentUrl":"https:\/\/itw-technik.de\/wp-content\/uploads\/itw-logo-grey-blue-1000px.svg"},{"@type":"BreadcrumbList","@id":"https:\/\/itw-technik.de\/de\/unternehmen\/itw-ueber-uns\/#breadcrumb","itemListElement":[{"@type":"ListItem","position":1,"name":"Das Unternehmen","item":"https:\/\/itw-technik.de\/de\/unternehmen\/"},{"@type":"ListItem","position":2,"name":"\u00dcber uns &#8230;"}]},{"@type":"WebSite","@id":"https:\/\/itw-technik.de\/de\/#website","url":"https:\/\/itw-technik.de\/de\/","name":"ITW Industrie-Technik Werth GmbH","description":"Industrie Technik Maschinenbau","potentialAction":[{"@type":"SearchAction","target":{"@type":"EntryPoint","urlTemplate":"https:\/\/itw-technik.de\/de\/?s={search_term_string}"},"query-input":{"@type":"PropertyValueSpecification","valueRequired":true,"valueName":"search_term_string"}}],"inLanguage":"de"}]}},"publishpress_future_action":{"enabled":false,"date":"2026-05-06 15:15:33","action":"change-status","newStatus":"draft","terms":[],"taxonomy":"translation_priority","extraData":[]},"publishpress_future_workflow_manual_trigger":{"enabledWorkflows":[]},"_links":{"self":[{"href":"https:\/\/itw-technik.de\/de\/wp-json\/wp\/v2\/pages\/740","targetHints":{"allow":["GET"]}}],"collection":[{"href":"https:\/\/itw-technik.de\/de\/wp-json\/wp\/v2\/pages"}],"about":[{"href":"https:\/\/itw-technik.de\/de\/wp-json\/wp\/v2\/types\/page"}],"author":[{"embeddable":true,"href":"https:\/\/itw-technik.de\/de\/wp-json\/wp\/v2\/users\/1"}],"replies":[{"embeddable":true,"href":"https:\/\/itw-technik.de\/de\/wp-json\/wp\/v2\/comments?post=740"}],"version-history":[{"count":5,"href":"https:\/\/itw-technik.de\/de\/wp-json\/wp\/v2\/pages\/740\/revisions"}],"predecessor-version":[{"id":2814,"href":"https:\/\/itw-technik.de\/de\/wp-json\/wp\/v2\/pages\/740\/revisions\/2814"}],"up":[{"embeddable":true,"href":"https:\/\/itw-technik.de\/de\/wp-json\/wp\/v2\/pages\/743"}],"wp:attachment":[{"href":"https:\/\/itw-technik.de\/de\/wp-json\/wp\/v2\/media?parent=740"}],"curies":[{"name":"wp","href":"https:\/\/api.w.org\/{rel}","templated":true}]}}