{"id":860,"date":"2018-06-06T13:35:48","date_gmt":"2018-06-06T11:35:48","guid":{"rendered":"https:\/\/itw-technik.de\/?page_id=860"},"modified":"2025-02-17T11:46:25","modified_gmt":"2025-02-17T10:46:25","slug":"karriere","status":"publish","type":"page","link":"https:\/\/itw-technik.de\/de\/unternehmen\/karriere\/","title":{"rendered":"Ihre Karriere bei ITW"},"content":{"rendered":"<div id=\"pl-860\"  class=\"panel-layout\" ><div id=\"pg-860-0\"  class=\"panel-grid panel-has-style\" ><div class=\"siteorigin-panels-stretch panel-row-style panel-row-style-for-860-0\" data-stretch-type=\"full-width-stretch\" ><div id=\"pgc-860-0-0\"  class=\"panel-grid-cell\" ><div id=\"panel-860-0-0-0\" class=\"so-panel widget widget_sow-editor panel-first-child panel-last-child\" data-index=\"0\" ><div class=\"panel-widget-style panel-widget-style-for-860-0-0-0\" ><div\n\t\t\t\n\t\t\tclass=\"so-widget-sow-editor so-widget-sow-editor-base\"\n\t\t\t\n\t\t>\n<div class=\"siteorigin-widget-tinymce textwidget\">\n\t<h2 class=\"img-line\">Zur Verst\u00e4rkung unseres Teams suchen wir Sie!<\/h2>\n<\/div>\n<\/div><\/div><\/div><\/div><\/div><\/div><div id=\"pg-860-1\"  class=\"panel-grid panel-no-style\" ><div id=\"pgc-860-1-0\"  class=\"panel-grid-cell\" ><div id=\"panel-860-1-0-0\" class=\"so-panel widget widget_sow-editor panel-first-child panel-last-child\" data-index=\"1\" ><div\n\t\t\t\n\t\t\tclass=\"so-widget-sow-editor so-widget-sow-editor-base\"\n\t\t\t\n\t\t>\n<div class=\"siteorigin-widget-tinymce textwidget\">\n\t<h2>Spannende Aufgaben warten auf Sie, denn wir gestalten die Zukunft mit Innovationen!<\/h2>\n<\/div>\n<\/div><\/div><\/div><\/div><div id=\"pg-860-2\"  class=\"panel-grid panel-no-style\" ><div id=\"pgc-860-2-0\"  class=\"panel-grid-cell\" ><div id=\"panel-860-2-0-0\" class=\"so-panel widget widget_sow-editor panel-first-child panel-last-child\" data-index=\"2\" ><div class=\"panel-widget-style panel-widget-style-for-860-2-0-0\" ><div\n\t\t\t\n\t\t\tclass=\"so-widget-sow-editor so-widget-sow-editor-base\"\n\t\t\t\n\t\t>\n<div class=\"siteorigin-widget-tinymce textwidget\">\n\t<p><img decoding=\"async\" src=\"https:\/\/itw-technik.de\/wp-content\/uploads\/itw-logo-grey-blue-1000px.svg\" alt=\"ITW Industrie-Technik Werth GmbH Logo\" class=\"alignnone size-full wp-image-657\" \/><\/p>\n<p>ITW Industrie-Technik Werth GmbH ist eines der innovativsten mittelst\u00e4ndigen Unternehmen im Bereich der Verpackungs- und F\u00f6rdertechnik, sowie des Sondermaschinenbaus. Wir entwickeln, konstruieren und fertigen bereits seit \u00fcber 30 Jahren erfolgreich ma\u00dfgeschneiderte L\u00f6sungen f\u00fcr unsere Kunden im In- und Ausland.<\/p>\n<\/div>\n<\/div><\/div><\/div><\/div><div id=\"pgc-860-2-1\"  class=\"panel-grid-cell\" ><div id=\"panel-860-2-1-0\" class=\"so-panel widget widget_sow-editor panel-first-child panel-last-child\" data-index=\"3\" ><div\n\t\t\t\n\t\t\tclass=\"so-widget-sow-editor so-widget-sow-editor-base\"\n\t\t\t\n\t\t>\n<div class=\"siteorigin-widget-tinymce textwidget\">\n\t<h2>Bewerben Sie sich!<\/h2>\n<p>Wir freuen uns selbstverst\u00e4ndlich \u00fcber Ihre Initiativ-Bewerbung, sollten die ausgeschriebenen Stellen nicht Ihrem Profil entsprechen.<\/p>\n<p>Bitte senden Sie Ihre aussagekr\u00e4ftigen Bewerbungsunterlagen \u2013 gerne per eMail \u2013 unter Angabe Ihrer Gehaltsvorstellung und Verf\u00fcgbarkeit an:<\/p>\n<p><strong>ITW Industrie-Technik Werth GmbH<\/strong><br \/>\nHerrn Steve Wagner<br \/>\nBrachtstra\u00dfe 20<br \/>\n63633 Birstein<br \/>\nTelefon +49 6054 90900-23<br \/>\neMail: personal@itw-technik.de <\/p>\n<\/div>\n<\/div><\/div><\/div><div id=\"pgc-860-2-2\"  class=\"panel-grid-cell\" ><div id=\"panel-860-2-2-0\" class=\"so-panel widget widget_sow-editor panel-first-child\" data-index=\"4\" ><div class=\"panel-widget-style panel-widget-style-for-860-2-2-0\" ><div\n\t\t\t\n\t\t\tclass=\"so-widget-sow-editor so-widget-sow-editor-base\"\n\t\t\t\n\t\t>\n<div class=\"siteorigin-widget-tinymce textwidget\">\n\t<h2>Offene Stellen<\/h2>\n<\/div>\n<\/div><\/div><\/div><div id=\"panel-860-2-2-1\" class=\"so-panel widget widget_sow-editor panel-last-child\" data-index=\"5\" ><div class=\"panel-widget-style panel-widget-style-for-860-2-2-1\" ><div\n\t\t\t\n\t\t\tclass=\"so-widget-sow-editor so-widget-sow-editor-base\"\n\t\t\t\n\t\t>\n<div class=\"siteorigin-widget-tinymce textwidget\">\n\t<h4><a href=\"https:\/\/itw-technik.de\/unternehmen\/karriere\/auszubildende-zum-konstruktionsmechaniker-m-w-d\/\">Auszubildende zum Konstruktions\u00admechaniker (m\/w\/d)<\/a><\/h4>\n<\/div>\n<\/div><\/div><\/div><\/div><\/div><\/div>","protected":false},"excerpt":{"rendered":"<p>Zur Verst\u00e4rkung unseres Teams suchen wir Sie! Spannende Aufgaben warten auf Sie, denn wir gestalten die Zukunft mit Innovationen!<\/p>\n","protected":false},"author":1,"featured_media":0,"parent":743,"menu_order":0,"comment_status":"closed","ping_status":"closed","template":"","meta":{"footnotes":""},"class_list":["post-860","page","type-page","status-publish","hentry"],"yoast_head":"<!-- This site is optimized with the Yoast SEO plugin v25.5 - https:\/\/yoast.com\/wordpress\/plugins\/seo\/ -->\n<title>Ihre Karriere bei ITW - ITW Industrie-Technik Werth GmbH<\/title>\n<meta name=\"description\" content=\"Karriere bei ITW Industrie-Technik Werth. Spannende Aufgaben warten auf Sie, denn wir gestalten die Zukunft mit Innovationen! Bewerben Sie...\" \/>\n<meta name=\"robots\" content=\"index, follow, max-snippet:-1, max-image-preview:large, max-video-preview:-1\" \/>\n<link rel=\"canonical\" href=\"https:\/\/itw-technik.de\/de\/unternehmen\/karriere\/\" \/>\n<meta name=\"twitter:card\" content=\"summary_large_image\" \/>\n<meta name=\"twitter:title\" content=\"Ihre Karriere bei ITW - ITW Industrie-Technik Werth GmbH\" \/>\n<meta name=\"twitter:description\" content=\"Karriere bei ITW Industrie-Technik Werth. Spannende Aufgaben warten auf Sie, denn wir gestalten die Zukunft mit Innovationen! Bewerben Sie...\" \/>\n<meta name=\"twitter:label1\" content=\"Gesch\u00e4tzte Lesezeit\" \/>\n\t<meta name=\"twitter:data1\" content=\"1\u00a0Minute\" \/>\n<script type=\"application\/ld+json\" class=\"yoast-schema-graph\">{\"@context\":\"https:\/\/schema.org\",\"@graph\":[{\"@type\":\"WebPage\",\"@id\":\"https:\/\/itw-technik.de\/de\/unternehmen\/karriere\/\",\"url\":\"https:\/\/itw-technik.de\/de\/unternehmen\/karriere\/\",\"name\":\"Ihre Karriere bei ITW - ITW Industrie-Technik Werth GmbH\",\"isPartOf\":{\"@id\":\"https:\/\/itw-technik.de\/de\/#website\"},\"primaryImageOfPage\":{\"@id\":\"https:\/\/itw-technik.de\/de\/unternehmen\/karriere\/#primaryimage\"},\"image\":{\"@id\":\"https:\/\/itw-technik.de\/de\/unternehmen\/karriere\/#primaryimage\"},\"thumbnailUrl\":\"https:\/\/itw-technik.de\/wp-content\/uploads\/itw-logo-grey-blue-1000px.svg\",\"datePublished\":\"2018-06-06T11:35:48+00:00\",\"dateModified\":\"2025-02-17T10:46:25+00:00\",\"description\":\"Karriere bei ITW Industrie-Technik Werth. Spannende Aufgaben warten auf Sie, denn wir gestalten die Zukunft mit Innovationen! Bewerben Sie...\",\"breadcrumb\":{\"@id\":\"https:\/\/itw-technik.de\/de\/unternehmen\/karriere\/#breadcrumb\"},\"inLanguage\":\"de\",\"potentialAction\":[{\"@type\":\"ReadAction\",\"target\":[\"https:\/\/itw-technik.de\/de\/unternehmen\/karriere\/\"]}]},{\"@type\":\"ImageObject\",\"inLanguage\":\"de\",\"@id\":\"https:\/\/itw-technik.de\/de\/unternehmen\/karriere\/#primaryimage\",\"url\":\"https:\/\/itw-technik.de\/wp-content\/uploads\/itw-logo-grey-blue-1000px.svg\",\"contentUrl\":\"https:\/\/itw-technik.de\/wp-content\/uploads\/itw-logo-grey-blue-1000px.svg\"},{\"@type\":\"BreadcrumbList\",\"@id\":\"https:\/\/itw-technik.de\/de\/unternehmen\/karriere\/#breadcrumb\",\"itemListElement\":[{\"@type\":\"ListItem\",\"position\":1,\"name\":\"Das Unternehmen\",\"item\":\"https:\/\/itw-technik.de\/de\/unternehmen\/\"},{\"@type\":\"ListItem\",\"position\":2,\"name\":\"Ihre Karriere bei ITW\"}]},{\"@type\":\"WebSite\",\"@id\":\"https:\/\/itw-technik.de\/de\/#website\",\"url\":\"https:\/\/itw-technik.de\/de\/\",\"name\":\"ITW Industrie-Technik Werth GmbH\",\"description\":\"Industrie Technik Maschinenbau\",\"potentialAction\":[{\"@type\":\"SearchAction\",\"target\":{\"@type\":\"EntryPoint\",\"urlTemplate\":\"https:\/\/itw-technik.de\/de\/?s={search_term_string}\"},\"query-input\":{\"@type\":\"PropertyValueSpecification\",\"valueRequired\":true,\"valueName\":\"search_term_string\"}}],\"inLanguage\":\"de\"}]}<\/script>\n<!-- \/ Yoast SEO plugin. -->","yoast_head_json":{"title":"Ihre Karriere bei ITW - ITW Industrie-Technik Werth GmbH","description":"Karriere bei ITW Industrie-Technik Werth. Spannende Aufgaben warten auf Sie, denn wir gestalten die Zukunft mit Innovationen! Bewerben Sie...","robots":{"index":"index","follow":"follow","max-snippet":"max-snippet:-1","max-image-preview":"max-image-preview:large","max-video-preview":"max-video-preview:-1"},"canonical":"https:\/\/itw-technik.de\/de\/unternehmen\/karriere\/","twitter_card":"summary_large_image","twitter_title":"Ihre Karriere bei ITW - ITW Industrie-Technik Werth GmbH","twitter_description":"Karriere bei ITW Industrie-Technik Werth. Spannende Aufgaben warten auf Sie, denn wir gestalten die Zukunft mit Innovationen! Bewerben Sie...","twitter_misc":{"Gesch\u00e4tzte Lesezeit":"1\u00a0Minute"},"schema":{"@context":"https:\/\/schema.org","@graph":[{"@type":"WebPage","@id":"https:\/\/itw-technik.de\/de\/unternehmen\/karriere\/","url":"https:\/\/itw-technik.de\/de\/unternehmen\/karriere\/","name":"Ihre Karriere bei ITW - ITW Industrie-Technik Werth GmbH","isPartOf":{"@id":"https:\/\/itw-technik.de\/de\/#website"},"primaryImageOfPage":{"@id":"https:\/\/itw-technik.de\/de\/unternehmen\/karriere\/#primaryimage"},"image":{"@id":"https:\/\/itw-technik.de\/de\/unternehmen\/karriere\/#primaryimage"},"thumbnailUrl":"https:\/\/itw-technik.de\/wp-content\/uploads\/itw-logo-grey-blue-1000px.svg","datePublished":"2018-06-06T11:35:48+00:00","dateModified":"2025-02-17T10:46:25+00:00","description":"Karriere bei ITW Industrie-Technik Werth. Spannende Aufgaben warten auf Sie, denn wir gestalten die Zukunft mit Innovationen! Bewerben Sie...","breadcrumb":{"@id":"https:\/\/itw-technik.de\/de\/unternehmen\/karriere\/#breadcrumb"},"inLanguage":"de","potentialAction":[{"@type":"ReadAction","target":["https:\/\/itw-technik.de\/de\/unternehmen\/karriere\/"]}]},{"@type":"ImageObject","inLanguage":"de","@id":"https:\/\/itw-technik.de\/de\/unternehmen\/karriere\/#primaryimage","url":"https:\/\/itw-technik.de\/wp-content\/uploads\/itw-logo-grey-blue-1000px.svg","contentUrl":"https:\/\/itw-technik.de\/wp-content\/uploads\/itw-logo-grey-blue-1000px.svg"},{"@type":"BreadcrumbList","@id":"https:\/\/itw-technik.de\/de\/unternehmen\/karriere\/#breadcrumb","itemListElement":[{"@type":"ListItem","position":1,"name":"Das Unternehmen","item":"https:\/\/itw-technik.de\/de\/unternehmen\/"},{"@type":"ListItem","position":2,"name":"Ihre Karriere bei ITW"}]},{"@type":"WebSite","@id":"https:\/\/itw-technik.de\/de\/#website","url":"https:\/\/itw-technik.de\/de\/","name":"ITW Industrie-Technik Werth GmbH","description":"Industrie Technik Maschinenbau","potentialAction":[{"@type":"SearchAction","target":{"@type":"EntryPoint","urlTemplate":"https:\/\/itw-technik.de\/de\/?s={search_term_string}"},"query-input":{"@type":"PropertyValueSpecification","valueRequired":true,"valueName":"search_term_string"}}],"inLanguage":"de"}]}},"publishpress_future_action":{"enabled":false,"date":"2026-05-06 14:08:47","action":"change-status","newStatus":"draft","terms":[],"taxonomy":"translation_priority","extraData":[]},"publishpress_future_workflow_manual_trigger":{"enabledWorkflows":[]},"_links":{"self":[{"href":"https:\/\/itw-technik.de\/de\/wp-json\/wp\/v2\/pages\/860","targetHints":{"allow":["GET"]}}],"collection":[{"href":"https:\/\/itw-technik.de\/de\/wp-json\/wp\/v2\/pages"}],"about":[{"href":"https:\/\/itw-technik.de\/de\/wp-json\/wp\/v2\/types\/page"}],"author":[{"embeddable":true,"href":"https:\/\/itw-technik.de\/de\/wp-json\/wp\/v2\/users\/1"}],"replies":[{"embeddable":true,"href":"https:\/\/itw-technik.de\/de\/wp-json\/wp\/v2\/comments?post=860"}],"version-history":[{"count":5,"href":"https:\/\/itw-technik.de\/de\/wp-json\/wp\/v2\/pages\/860\/revisions"}],"predecessor-version":[{"id":4728,"href":"https:\/\/itw-technik.de\/de\/wp-json\/wp\/v2\/pages\/860\/revisions\/4728"}],"up":[{"embeddable":true,"href":"https:\/\/itw-technik.de\/de\/wp-json\/wp\/v2\/pages\/743"}],"wp:attachment":[{"href":"https:\/\/itw-technik.de\/de\/wp-json\/wp\/v2\/media?parent=860"}],"curies":[{"name":"wp","href":"https:\/\/api.w.org\/{rel}","templated":true}]}}