{"id":9,"date":"2015-06-16T12:19:27","date_gmt":"2015-06-16T10:19:27","guid":{"rendered":"https:\/\/itw-technik.de\/?page_id=9"},"modified":"2018-06-11T16:42:03","modified_gmt":"2018-06-11T14:42:03","slug":"datenschutzerklaerung","status":"publish","type":"page","link":"https:\/\/itw-technik.de\/de\/datenschutzerklaerung\/","title":{"rendered":"Daten&shy;schutz&shy;erkl\u00e4rung"},"content":{"rendered":"<div id=\"pl-9\"  class=\"panel-layout\" ><div id=\"pg-9-0\"  class=\"panel-grid panel-no-style\" ><div id=\"pgc-9-0-0\"  class=\"panel-grid-cell\" ><div id=\"panel-9-0-0-0\" class=\"so-panel widget widget_sow-editor panel-first-child panel-last-child\" data-index=\"0\" ><div\n\t\t\t\n\t\t\tclass=\"so-widget-sow-editor so-widget-sow-editor-base\"\n\t\t\t\n\t\t>\n<div class=\"siteorigin-widget-tinymce textwidget\">\n\t<h1>Daten&shy;schutz&shy;erkl\u00e4rung<\/h1>\n<h3>Datenschutz ist heute wichtiger denn je ...<\/h3>\n<p>Wir freuen uns \u00fcber Ihren Besuch auf dieser Website sowie \u00fcber Ihr Interesse an unseren Angeboten und Dienstleistungen. Wir nehmen den Schutz Ihrer privaten Daten ernst und m\u00f6chten, dass Sie sich auf unserer Website wohl f\u00fchlen.<br \/>\nNachstehend m\u00f6chten wir Sie ausf\u00fchrlich \u00fcber den Umgang mit Ihren pers\u00f6nlichen Daten informieren. Dabei werden selbstverst\u00e4ndlich alle gesetzlichen Bestimmungen der EU-DSGVO, des Bundesdatenschutzgesetzes (BDSG), des Telemediengesetzes (TMG) sowie weiterer datenschutzrechtlicher Vorschriften beachtet.<\/p>\n<h3>Hosting<\/h3>\n<p>Die von uns in Anspruch genommenen Hosting-Leistungen dienen der Bereitstellung folgender Leistungen: Infrastruktur- und Plattformdienstleistungen, Rechenkapazit\u00e4t, Speicherplatz und Datenbankdienste, Sicherheitsleistungen sowie technische Wartungsleistungen, die wir zum Zwecke des Betriebs dieses Onlineangebotes einsetzen.<\/p>\n<p>Hierbei verarbeiten wir, bzw. unser Hoster Bestandsdaten, Kontaktdaten, Inhaltsdaten, Vertragsdaten, Nutzungsdaten, Meta- und Kommunikationsdaten von Kunden, Interessenten und Besuchern dieses Onlineangebotes auf Grundlage unserer berechtigten Interessen an einer effizienten und sicheren Bereitstellung dieses Onlineangebotes gem. Art. 6 Abs. 1 lit. f DSGVO in Verbindung mit Art. 28 DSGVO (Auftragsdatenverarbeitungsvertrag).<\/p>\n<h3>Erhebung von Zugriffsdaten und Logfiles<\/h3>\n<p>Unser Hoster erhebt auf Grundlage unserer berechtigten Interessen im Sinne des Art. 6 Abs. 1 lit. f. DSGVO Daten \u00fcber jeden Zugriff auf den Server, auf dem sich dieser Dienst befindet (sogenannte Serverlogfiles). Zu den Zugriffsdaten geh\u00f6ren Name der abgerufenen Webseite, Datei, Datum und Uhrzeit des Abrufs, \u00fcbertragene Datenmenge, Meldung \u00fcber erfolgreichen Abruf, Browsertyp nebst Version, das Betriebssystem des Nutzers, Referrer URL (die zuvor besuchte Seite), IP-Adresse und der anfragende Provider. Logfile-Informationen werden aus Sicherheitsgr\u00fcnden (z.B. zur Aufkl\u00e4rung von Missbrauchs- oder Betrugshandlungen) f\u00fcr die Dauer von maximal 7 Tagen gespeichert und danach gel\u00f6scht. Daten, deren weitere Aufbewahrung zu Beweiszwecken erforderlich ist, sind bis zur endg\u00fcltigen Kl\u00e4rung des jeweiligen Vorfalls von der L\u00f6schung ausgenommen.<\/p>\n<h3>Einsatz von Analysesoftware<\/h3>\n<p>Diese Website benutzt eine Analysesoftware, die sogenannte \u201cCookies\u201d verwendet, die auf Ihrem Computer gespeichert werden und eine Analyse Ihrer Nutzung der Website erm\u00f6glichen. Die durch den Cookie erzeugten Informationen (einschlie\u00dflich Ihrer anonymisierten IP-Adresse) wird auf unserem Server gespeichert. Die Informationen dienen ausschlie\u00dflich zur Analyse der Websiteaktivit\u00e4ten. Sie k\u00f6nnen die Installation der Cookies durch eine entsprechende Einstellung Ihrer Browser-Software verhindern. Wir weisen Sie jedoch darauf hin, dass Sie in diesem Fall gegebenenfalls nicht s\u00e4mtliche Funktionen dieser Website vollumf\u00e4nglich nutzen k\u00f6nnen. Durch die Nutzung dieser Website erkl\u00e4ren Sie sich mit der Bearbeitung der \u00fcber Sie erhobenen Daten in der zuvor beschriebenen Art und Weise und zu dem zuvor benannten Zweck einverstanden.<\/p>\n<h3>Verwendung von Social-PlugIns<\/h3>\n<p>Es werden bewusst keinerlei Social-Media PlugIns oder Buttons eingesetzt.<\/p>\n<h3>Verwendung von Google-Diensten<\/h3>\n<p>Wir binden die Landkarten des Dienstes \u201cGoogle Maps\u201d des Anbieters Google LLC, 1600 Amphitheatre Parkway, Mountain View, CA 94043, USA, ein. Zu den verarbeiteten Daten k\u00f6nnen insbesondere IP-Adressen und Standortdaten der Nutzer geh\u00f6ren, die jedoch nicht ohne deren Einwilligung (im Regelfall im Rahmen der Einstellungen ihrer Mobilger\u00e4te vollzogen), erhoben werden. Die Daten k\u00f6nnen in den USA verarbeitet werden. Des Weiteren binden wir die Schriftarten, sogenannte \"Google Fonts\" des oben angegebenen Anbieters ein. Datenschutzerkl\u00e4rung: <a href=\"https:\/\/www.google.com\/policies\/privacy\/\">https:\/\/www.google.com\/policies\/privacy\/<\/a>, Opt-Out: <a href=\"https:\/\/adssettings.google.com\/authenticated\">https:\/\/adssettings.google.com\/authenticated<\/a>.<\/p>\n<h3>Nutzung und Weitergabe personenbezogener Daten<\/h3>\n<p>F\u00fcr die Nutzung unseres Online-Angebotes ist es grunds\u00e4tzlich nicht erforderlich, personenbezogene Daten anzugeben. Gespeichert werden lediglich Zugriffsdaten ohne Personenbezug, wie z.B. Name der abgerufenen Webseite, Datei, Datum und Uhrzeit des Abrufs, \u00fcbertragene Datenmenge, Meldung \u00fcber erfolgreichen Abruf, Browsertyp nebst Version, das Betriebssystem des Nutzers, Referrer URL (die zuvor besuchte Seite), IP-Adresse und der anfragende Provider. Diese Daten werden ausschlie\u00dflich zur Verbesserung unseres Angebotes ausgewertet und erlauben keinerlei R\u00fcckschl\u00fcsse auf Ihre Person.<\/p>\n<p>Personenbezogene Daten werden dagegen nur erhoben, wenn Sie uns diese freiwillig mitteilen, bspw. bei der Kontaktaufnahme (z.B. \u00fcber das Kontaktformular, per eMail oder Telefon). In diesem Falle werden Ihre pers\u00f6nlichen Daten und Angaben zur Bearbeitung der Kontaktanfrage und deren Abwicklung gem. Art. 6 Abs. 1 lit. b) DSGVO verarbeitet. Diese Angaben k\u00f6nnen in einem CRM-System \u201eCustomer-Relationship-Management System\u201c oder vergleichbarem Organisationssystem gespeichert werden.<br \/>\nWenn Sie uns mit der Erbringung einer Dienstleistung oder der Zusendung von Ware beauftragen, werden Ihre pers\u00f6nlichen Daten ohne Ihre gesonderte Einwilligung nur insoweit verwendet, wie es f\u00fcr die Erbringung der Dienstleistung oder die Durchf\u00fchrung des Vertrages notwendig ist.<br \/>\nHierzu z\u00e4hlt insbesondere die Weitergabe Ihrer Daten an Transportunternehmen, Kreditunternehmen oder andere zur Erbringung der Dienstleistung oder Vertragsabwicklung eingesetzte Service-Dienste.<\/p>\n<p>Mit vollst\u00e4ndiger Vertragsabwicklung werden Ihre Daten f\u00fcr die weitere Verwendung gesperrt und nach Ablauf der steuer- und handelsrechtlichen Aufbewahrungsfristen gel\u00f6scht, sofern Sie nicht ausdr\u00fccklich in eine weitergehende Nutzung eingewilligt haben.<\/p>\n<h3>Administration, Finanzbuchhaltung, B\u00fcroorganisation, Kontaktverwaltung<\/h3>\n<p>Wir verarbeiten Daten im Rahmen von Verwaltungsaufgaben sowie Organisation unseres Betriebes, Finanzbuchhaltung und Befolgung der gesetzlichen Pflichten, wie z.B. der Archivierung. Hierbei verarbeiten wir dieselben Daten, die wir im Rahmen der Erbringung unserer vertraglichen Leistungen verarbeiten. Die Verarbeitungsgrundlagen sind Art. 6 Abs. 1 lit. c DSGVO, Art. 6 Abs. 1 lit. f DSGVO. Von der Verarbeitung sind Kunden, Interessenten, Gesch\u00e4ftspartner und Websitebesucher betroffen. Der Zweck und unser Interesse an der Verarbeitung liegt in der Administration, Finanzbuchhaltung, B\u00fcroorganisation, Archivierung von Daten, also Aufgaben die der Aufrechterhaltung unserer Gesch\u00e4ftst\u00e4tigkeiten, Wahrnehmung unserer Aufgaben und Erbringung unserer Leistungen dienen. Die L\u00f6schung der Daten im Hinblick auf vertragliche Leistungen und die vertragliche Kommunikation entspricht den, bei diesen Verarbeitungst\u00e4tigkeiten genannten Angaben. Wir offenbaren oder \u00fcbermitteln hierbei Daten an die Finanzverwaltung, Berater, wie z.B., Steuerberater sowie weitere Geb\u00fchrenstellen und Zahlungsdienstleister. Ferner speichern wir auf Grundlage unserer betriebswirtschaftlichen Interessen Angaben zu Lieferanten, Veranstaltern und sonstigen Gesch\u00e4ftspartnern, z.B. zwecks sp\u00e4terer Kontaktaufnahme. Diese mehrheitlich unternehmensbezogenen Daten, speichern wir grunds\u00e4tzlich dauerhaft.<\/p>\n<h3>Sicherheit<\/h3>\n<p>Wir sind uns der Bedeutung der Sicherheit der verwalteten Daten bewusst. Um h\u00f6chste Sicherheitsstandards zu gew\u00e4hrleisten, werden technische und organisatorische Ma\u00dfnahmen eingesetzt. Die Sicherheitsma\u00dfnahmen werden gem\u00e4\u00df den neuesten technologischen Entwicklungen stets aktualisiert.<\/p>\n<h3>Auskunftsrecht<\/h3>\n<p>Nach den Regelungen des Bundesdatenschutzgesetzes haben Sie ein Recht auf unentgeltliche Auskunft \u00fcber Ihre gespeicherten Daten sowie ggf. ein Recht auf Berichtigung, Sperrung oder L\u00f6schung dieser Daten. Dies setzt jedoch eine eindeutige Verifizierung Ihrer Person voraus.<\/p>\n<p>Sollten Sie Fragen zur Erhebung, Verarbeitung oder Nutzung Ihrer personenbezogenen Daten haben oder Auskunft, Berichtigung, Sperrung oder L\u00f6schung von Daten begehren, wenden Sie sich bitte ebenso wie zum Widerruf erteilter Einwilligungen an:<br \/>\n&nbsp;<br \/>\n<strong>ITW Industrie-Technik Werth GmbH<\/strong><br \/>\nDatenschutzbeauftragter<br \/>\nSteve Wagner<br \/>\nBrachtstra\u00dfe 20<br \/>\n63633 Birstein<\/p>\n<p>Telefon: +49 (0)6054 909000<br \/>\neMail: datenschutz@itw-technik.de<\/p>\n<\/div>\n<\/div><\/div><\/div><div id=\"pgc-9-0-1\"  class=\"panel-grid-cell\" ><div id=\"panel-9-0-1-0\" class=\"so-panel widget widget_sow-editor panel-first-child panel-last-child\" data-index=\"1\" ><div\n\t\t\t\n\t\t\tclass=\"so-widget-sow-editor so-widget-sow-editor-base\"\n\t\t\t\n\t\t>\n<div class=\"siteorigin-widget-tinymce textwidget\">\n\t<p><img decoding=\"async\" src=\"https:\/\/itw-technik.de\/wp-content\/uploads\/itw-logo-grey-blue-1000px.svg\" alt=\"ITW Industrie-Technik Werth GmbH Logo\" class=\"alignnone size-medium wp-image-657\" \/><\/p>\n<p>Datenschutzbeauftragter<br \/>\nSteve Wagner<br \/>\nBrachtstra\u00dfe 20<br \/>\n63633 Birstein<\/p>\n<p>Telefon: +49 (0)6054 909000<br \/>\neMail: datenschutz@itw-technik.de<\/p>\n<\/div>\n<\/div><\/div><\/div><\/div><\/div>","protected":false},"excerpt":{"rendered":"<p>Daten&shy;schutz&shy;erkl\u00e4rung Datenschutz ist heute wichtiger denn je &#8230; Wir freuen uns \u00fcber Ihren Besuch auf dieser Website sowie \u00fcber Ihr Interesse an unseren Angeboten und Dienstleistungen. Wir nehmen den Schutz Ihrer privaten Daten ernst und m\u00f6chten, dass Sie sich auf unserer Website wohl f\u00fchlen. Nachstehend m\u00f6chten wir Sie ausf\u00fchrlich \u00fcber den Umgang mit Ihren pers\u00f6nlichen [&hellip;]<\/p>\n","protected":false},"author":1,"featured_media":0,"parent":0,"menu_order":0,"comment_status":"closed","ping_status":"open","template":"","meta":{"footnotes":""},"class_list":["post-9","page","type-page","status-publish","hentry"],"yoast_head":"<!-- This site is optimized with the Yoast SEO plugin v25.5 - https:\/\/yoast.com\/wordpress\/plugins\/seo\/ -->\n<title>Daten&shy;schutz&shy;erkl\u00e4rung - ITW Industrie-Technik Werth GmbH<\/title>\n<meta name=\"robots\" content=\"index, follow, max-snippet:-1, max-image-preview:large, max-video-preview:-1\" \/>\n<link rel=\"canonical\" href=\"https:\/\/itw-technik.de\/de\/datenschutzerklaerung\/\" \/>\n<meta name=\"twitter:card\" content=\"summary_large_image\" \/>\n<meta name=\"twitter:title\" content=\"Daten&shy;schutz&shy;erkl\u00e4rung - ITW Industrie-Technik Werth GmbH\" \/>\n<meta name=\"twitter:description\" content=\"Daten&shy;schutz&shy;erkl\u00e4rung Datenschutz ist heute wichtiger denn je ... Wir freuen uns \u00fcber Ihren Besuch auf dieser Website sowie \u00fcber Ihr Interesse an unseren Angeboten und Dienstleistungen. Wir nehmen den Schutz Ihrer privaten Daten ernst und m\u00f6chten, dass Sie sich auf unserer Website wohl f\u00fchlen. Nachstehend m\u00f6chten wir Sie ausf\u00fchrlich \u00fcber den Umgang mit Ihren pers\u00f6nlichen [&hellip;]\" \/>\n<meta name=\"twitter:image\" content=\"https:\/\/itw-technik.de\/wp-content\/uploads\/itw-logo-grey-blue-1000px.svg\" \/>\n<meta name=\"twitter:label1\" content=\"Gesch\u00e4tzte Lesezeit\" \/>\n\t<meta name=\"twitter:data1\" content=\"5\u00a0Minuten\" \/>\n<script type=\"application\/ld+json\" class=\"yoast-schema-graph\">{\"@context\":\"https:\/\/schema.org\",\"@graph\":[{\"@type\":\"WebPage\",\"@id\":\"https:\/\/itw-technik.de\/de\/datenschutzerklaerung\/\",\"url\":\"https:\/\/itw-technik.de\/de\/datenschutzerklaerung\/\",\"name\":\"Daten&shy;schutz&shy;erkl\u00e4rung - ITW Industrie-Technik Werth GmbH\",\"isPartOf\":{\"@id\":\"https:\/\/itw-technik.de\/de\/#website\"},\"primaryImageOfPage\":{\"@id\":\"https:\/\/itw-technik.de\/de\/datenschutzerklaerung\/#primaryimage\"},\"image\":{\"@id\":\"https:\/\/itw-technik.de\/de\/datenschutzerklaerung\/#primaryimage\"},\"thumbnailUrl\":\"https:\/\/itw-technik.de\/wp-content\/uploads\/itw-logo-grey-blue-1000px.svg\",\"datePublished\":\"2015-06-16T10:19:27+00:00\",\"dateModified\":\"2018-06-11T14:42:03+00:00\",\"inLanguage\":\"de\",\"potentialAction\":[{\"@type\":\"ReadAction\",\"target\":[\"https:\/\/itw-technik.de\/de\/datenschutzerklaerung\/\"]}]},{\"@type\":\"ImageObject\",\"inLanguage\":\"de\",\"@id\":\"https:\/\/itw-technik.de\/de\/datenschutzerklaerung\/#primaryimage\",\"url\":\"https:\/\/itw-technik.de\/wp-content\/uploads\/itw-logo-grey-blue-1000px.svg\",\"contentUrl\":\"https:\/\/itw-technik.de\/wp-content\/uploads\/itw-logo-grey-blue-1000px.svg\"},{\"@type\":\"WebSite\",\"@id\":\"https:\/\/itw-technik.de\/de\/#website\",\"url\":\"https:\/\/itw-technik.de\/de\/\",\"name\":\"ITW Industrie-Technik Werth GmbH\",\"description\":\"Industrie Technik Maschinenbau\",\"potentialAction\":[{\"@type\":\"SearchAction\",\"target\":{\"@type\":\"EntryPoint\",\"urlTemplate\":\"https:\/\/itw-technik.de\/de\/?s={search_term_string}\"},\"query-input\":{\"@type\":\"PropertyValueSpecification\",\"valueRequired\":true,\"valueName\":\"search_term_string\"}}],\"inLanguage\":\"de\"}]}<\/script>\n<!-- \/ Yoast SEO plugin. -->","yoast_head_json":{"title":"Daten&shy;schutz&shy;erkl\u00e4rung - ITW Industrie-Technik Werth GmbH","robots":{"index":"index","follow":"follow","max-snippet":"max-snippet:-1","max-image-preview":"max-image-preview:large","max-video-preview":"max-video-preview:-1"},"canonical":"https:\/\/itw-technik.de\/de\/datenschutzerklaerung\/","twitter_card":"summary_large_image","twitter_title":"Daten&shy;schutz&shy;erkl\u00e4rung - ITW Industrie-Technik Werth GmbH","twitter_description":"Daten&shy;schutz&shy;erkl\u00e4rung Datenschutz ist heute wichtiger denn je ... Wir freuen uns \u00fcber Ihren Besuch auf dieser Website sowie \u00fcber Ihr Interesse an unseren Angeboten und Dienstleistungen. Wir nehmen den Schutz Ihrer privaten Daten ernst und m\u00f6chten, dass Sie sich auf unserer Website wohl f\u00fchlen. Nachstehend m\u00f6chten wir Sie ausf\u00fchrlich \u00fcber den Umgang mit Ihren pers\u00f6nlichen [&hellip;]","twitter_image":"https:\/\/itw-technik.de\/wp-content\/uploads\/itw-logo-grey-blue-1000px.svg","twitter_misc":{"Gesch\u00e4tzte Lesezeit":"5\u00a0Minuten"},"schema":{"@context":"https:\/\/schema.org","@graph":[{"@type":"WebPage","@id":"https:\/\/itw-technik.de\/de\/datenschutzerklaerung\/","url":"https:\/\/itw-technik.de\/de\/datenschutzerklaerung\/","name":"Daten&shy;schutz&shy;erkl\u00e4rung - ITW Industrie-Technik Werth GmbH","isPartOf":{"@id":"https:\/\/itw-technik.de\/de\/#website"},"primaryImageOfPage":{"@id":"https:\/\/itw-technik.de\/de\/datenschutzerklaerung\/#primaryimage"},"image":{"@id":"https:\/\/itw-technik.de\/de\/datenschutzerklaerung\/#primaryimage"},"thumbnailUrl":"https:\/\/itw-technik.de\/wp-content\/uploads\/itw-logo-grey-blue-1000px.svg","datePublished":"2015-06-16T10:19:27+00:00","dateModified":"2018-06-11T14:42:03+00:00","inLanguage":"de","potentialAction":[{"@type":"ReadAction","target":["https:\/\/itw-technik.de\/de\/datenschutzerklaerung\/"]}]},{"@type":"ImageObject","inLanguage":"de","@id":"https:\/\/itw-technik.de\/de\/datenschutzerklaerung\/#primaryimage","url":"https:\/\/itw-technik.de\/wp-content\/uploads\/itw-logo-grey-blue-1000px.svg","contentUrl":"https:\/\/itw-technik.de\/wp-content\/uploads\/itw-logo-grey-blue-1000px.svg"},{"@type":"WebSite","@id":"https:\/\/itw-technik.de\/de\/#website","url":"https:\/\/itw-technik.de\/de\/","name":"ITW Industrie-Technik Werth GmbH","description":"Industrie Technik Maschinenbau","potentialAction":[{"@type":"SearchAction","target":{"@type":"EntryPoint","urlTemplate":"https:\/\/itw-technik.de\/de\/?s={search_term_string}"},"query-input":{"@type":"PropertyValueSpecification","valueRequired":true,"valueName":"search_term_string"}}],"inLanguage":"de"}]}},"publishpress_future_action":{"enabled":false,"date":"2026-05-08 17:43:15","action":"change-status","newStatus":"draft","terms":[],"taxonomy":"translation_priority","extraData":[]},"publishpress_future_workflow_manual_trigger":{"enabledWorkflows":[]},"_links":{"self":[{"href":"https:\/\/itw-technik.de\/de\/wp-json\/wp\/v2\/pages\/9","targetHints":{"allow":["GET"]}}],"collection":[{"href":"https:\/\/itw-technik.de\/de\/wp-json\/wp\/v2\/pages"}],"about":[{"href":"https:\/\/itw-technik.de\/de\/wp-json\/wp\/v2\/types\/page"}],"author":[{"embeddable":true,"href":"https:\/\/itw-technik.de\/de\/wp-json\/wp\/v2\/users\/1"}],"replies":[{"embeddable":true,"href":"https:\/\/itw-technik.de\/de\/wp-json\/wp\/v2\/comments?post=9"}],"version-history":[{"count":5,"href":"https:\/\/itw-technik.de\/de\/wp-json\/wp\/v2\/pages\/9\/revisions"}],"predecessor-version":[{"id":1253,"href":"https:\/\/itw-technik.de\/de\/wp-json\/wp\/v2\/pages\/9\/revisions\/1253"}],"wp:attachment":[{"href":"https:\/\/itw-technik.de\/de\/wp-json\/wp\/v2\/media?parent=9"}],"curies":[{"name":"wp","href":"https:\/\/api.w.org\/{rel}","templated":true}]}}