{"id":983,"date":"2018-06-07T17:26:17","date_gmt":"2018-06-07T15:26:17","guid":{"rendered":"https:\/\/itw-technik.de\/?page_id=983"},"modified":"2021-03-16T12:12:12","modified_gmt":"2021-03-16T11:12:12","slug":"partner","status":"publish","type":"page","link":"https:\/\/itw-technik.de\/de\/unternehmen\/partner\/","title":{"rendered":"Partner"},"content":{"rendered":"<div id=\"pl-983\"  class=\"panel-layout\" ><div id=\"pg-983-0\"  class=\"panel-grid panel-no-style\" ><div id=\"pgc-983-0-0\"  class=\"panel-grid-cell\" ><div id=\"panel-983-0-0-0\" class=\"so-panel widget widget_sow-editor panel-first-child panel-last-child\" data-index=\"0\" ><div\n\t\t\t\n\t\t\tclass=\"so-widget-sow-editor so-widget-sow-editor-base\"\n\t\t\t\n\t\t>\n<div class=\"siteorigin-widget-tinymce textwidget\">\n\t<h2>Unsere Partner<\/h2>\n<h3>Richtige und gute Partnerschaften<br \/> sichern den langfristigen Erfolg!<\/h3>\n<p>Durch Auswahl von zuverl\u00e4ssigen und kompetenten Partnern sichern wir uns auch das Know-how au\u00dferhalb unserer Kern-Kompetenz.<\/p>\n<p>Deshalb setzt ITW schon seit Anbeginn auf langj\u00e4hrige und vertrauensvolle Partnerschaften.<\/p>\n<\/div>\n<\/div><\/div><\/div><div id=\"pgc-983-0-1\"  class=\"panel-grid-cell\" ><div id=\"panel-983-0-1-0\" class=\"so-panel widget widget_sow-editor panel-first-child\" data-index=\"1\" ><div class=\"panel-widget-style panel-widget-style-for-983-0-1-0\" ><div\n\t\t\t\n\t\t\tclass=\"so-widget-sow-editor so-widget-sow-editor-base\"\n\t\t\t\n\t\t>\n<div class=\"siteorigin-widget-tinymce textwidget\">\n\t<p><a href=\"https:\/\/www.smb-nidda.de\/\" rel=\"noopener\" target=\"_blank\"><img loading=\"lazy\" decoding=\"async\" src=\"https:\/\/itw-technik.de\/wp-content\/uploads\/smb-logo-partner-250x150.jpg\" alt=\"ITW Partner SMB\" width=\"250\" height=\"150\" class=\"alignnone size-full wp-image-989\" \/><\/a><\/p>\n<\/div>\n<\/div><\/div><\/div><div id=\"panel-983-0-1-1\" class=\"so-panel widget widget_sow-editor\" data-index=\"2\" ><div\n\t\t\t\n\t\t\tclass=\"so-widget-sow-editor so-widget-sow-editor-base\"\n\t\t\t\n\t\t>\n<div class=\"siteorigin-widget-tinymce textwidget\">\n\t<p><strong>SMB GmbH<\/strong><br \/>\nSteuerungs&shy;technik, Auto&shy;mati&shy;sierungs&shy;technik, Schalt&shy;schrank&shy;bau<\/p>\n<\/div>\n<\/div><\/div><div id=\"panel-983-0-1-2\" class=\"so-panel widget widget_sow-editor\" data-index=\"3\" ><div class=\"panel-widget-style panel-widget-style-for-983-0-1-2\" ><div\n\t\t\t\n\t\t\tclass=\"so-widget-sow-editor so-widget-sow-editor-base\"\n\t\t\t\n\t\t>\n<div class=\"siteorigin-widget-tinymce textwidget\">\n\t<p><a href=\"http:\/\/www.kerres-group.de\/\" rel=\"noopener\" target=\"_blank\"><img loading=\"lazy\" decoding=\"async\" src=\"https:\/\/itw-technik.de\/wp-content\/uploads\/kerres-group-logo-partner-250x150.jpg\" alt=\"ITW Partner - KERRES Group Anlagensysteme\" width=\"250\" height=\"150\" class=\"alignnone size-full wp-image-1014\" \/><\/a><\/p>\n<\/div>\n<\/div><\/div><\/div><div id=\"panel-983-0-1-3\" class=\"so-panel widget widget_sow-editor panel-last-child\" data-index=\"4\" ><div\n\t\t\t\n\t\t\tclass=\"so-widget-sow-editor so-widget-sow-editor-base\"\n\t\t\t\n\t\t>\n<div class=\"siteorigin-widget-tinymce textwidget\">\n\t<p><strong>Kerres Anlagensysteme GmbH<\/strong><br \/>\nSmoke Air und Cleaning Systeme<\/p>\n<\/div>\n<\/div><\/div><\/div><div id=\"pgc-983-0-2\"  class=\"panel-grid-cell\" ><div id=\"panel-983-0-2-0\" class=\"so-panel widget widget_sow-editor panel-first-child\" data-index=\"5\" ><div class=\"panel-widget-style panel-widget-style-for-983-0-2-0\" ><div\n\t\t\t\n\t\t\tclass=\"so-widget-sow-editor so-widget-sow-editor-base\"\n\t\t\t\n\t\t>\n<div class=\"siteorigin-widget-tinymce textwidget\">\n\t<p><a href=\"http:\/\/www.wehner-metallbau.de\" rel=\"noopener\" target=\"_blank\"><img loading=\"lazy\" decoding=\"async\" src=\"https:\/\/itw-technik.de\/wp-content\/uploads\/wehner-metalltechnik-logo-partner-250x150.jpg\" alt=\"ITW Partner - wehner Metalltechnik\" width=\"250\" height=\"150\" class=\"alignnone size-full wp-image-1009\" \/><\/a><\/p>\n<\/div>\n<\/div><\/div><\/div><div id=\"panel-983-0-2-1\" class=\"so-panel widget widget_sow-editor\" data-index=\"6\" ><div\n\t\t\t\n\t\t\tclass=\"so-widget-sow-editor so-widget-sow-editor-base\"\n\t\t\t\n\t\t>\n<div class=\"siteorigin-widget-tinymce textwidget\">\n\t<p><strong>Wehner Metallbau GmbH & Co. KG<\/strong><br \/>\nBlechbearbeitung, Laser- und Zer&shy;spanungs&shy;zentrum <\/p>\n<\/div>\n<\/div><\/div><div id=\"panel-983-0-2-2\" class=\"so-panel widget widget_sow-editor\" data-index=\"7\" ><div class=\"panel-widget-style panel-widget-style-for-983-0-2-2\" ><div\n\t\t\t\n\t\t\tclass=\"so-widget-sow-editor so-widget-sow-editor-base\"\n\t\t\t\n\t\t>\n<div class=\"siteorigin-widget-tinymce textwidget\">\n\t<p><a href=\"https:\/\/www.smb-fernwald.de\" rel=\"noopener\" target=\"_blank\"><img loading=\"lazy\" decoding=\"async\" src=\"https:\/\/itw-technik.de\/wp-content\/uploads\/smb-schroeder-gmbh-logo-partner-250x150.jpg\" alt=\"ITW Partner SMB Schr\u00f6der GmbH\" width=\"250\" height=\"150\" class=\"alignnone size-full wp-image-1002\" \/><\/a><\/p>\n<\/div>\n<\/div><\/div><\/div><div id=\"panel-983-0-2-3\" class=\"so-panel widget widget_sow-editor panel-last-child\" data-index=\"8\" ><div\n\t\t\t\n\t\t\tclass=\"so-widget-sow-editor so-widget-sow-editor-base\"\n\t\t\t\n\t\t>\n<div class=\"siteorigin-widget-tinymce textwidget\">\n\t<p><strong>SMB Schr\u00f6der GmbH<\/strong><br \/>\nKompetenz in der Zer&shy;spanungs&shy;technik <\/p>\n<\/div>\n<\/div><\/div><\/div><div id=\"pgc-983-0-3\"  class=\"panel-grid-cell\" ><div id=\"panel-983-0-3-0\" class=\"so-panel widget widget_sow-editor panel-first-child\" data-index=\"9\" ><div class=\"panel-widget-style panel-widget-style-for-983-0-3-0\" ><div\n\t\t\t\n\t\t\tclass=\"so-widget-sow-editor so-widget-sow-editor-base\"\n\t\t\t\n\t\t>\n<div class=\"siteorigin-widget-tinymce textwidget\">\n\t<p><img loading=\"lazy\" decoding=\"async\" src=\"https:\/\/itw-technik.de\/wp-content\/uploads\/wolfgang-daesch-logo-partner-250x150.jpg\" alt=\"ITW Partner - Wolfgang D\u00e4sch Dreherei\" width=\"250\" height=\"150\" class=\"alignnone size-full wp-image-1019\" \/><\/p>\n<\/div>\n<\/div><\/div><\/div><div id=\"panel-983-0-3-1\" class=\"so-panel widget widget_sow-editor\" data-index=\"10\" ><div\n\t\t\t\n\t\t\tclass=\"so-widget-sow-editor so-widget-sow-editor-base\"\n\t\t\t\n\t\t>\n<div class=\"siteorigin-widget-tinymce textwidget\">\n\t<p><strong>Wolfgang D\u00e4sch Dreherei<\/strong><br \/>\nDrehen, Fr\u00e4sen von Pr\u00e4zisionsteilen<br \/>\n&nbsp;   <\/p>\n<\/div>\n<\/div><\/div><div id=\"panel-983-0-3-2\" class=\"so-panel widget widget_sow-editor\" data-index=\"11\" ><div class=\"panel-widget-style panel-widget-style-for-983-0-3-2\" ><div\n\t\t\t\n\t\t\tclass=\"so-widget-sow-editor so-widget-sow-editor-base\"\n\t\t\t\n\t\t>\n<div class=\"siteorigin-widget-tinymce textwidget\">\n\t<p><a href=\"https:\/\/www.apc-tec.de\/\" rel=\"noopener\" target=\"_blank\"><img loading=\"lazy\" decoding=\"async\" src=\"https:\/\/itw-technik.de\/wp-content\/uploads\/apc-tec-logo-partner-250x150-1.png\" alt=\"apc-tec Partner ITW Industrie-Technik Werth\" width=\"250\" height=\"150\" class=\"alignnone size-full wp-image-4484\" \/><\/a><\/p>\n<\/div>\n<\/div><\/div><\/div><div id=\"panel-983-0-3-3\" class=\"so-panel widget widget_sow-editor panel-last-child\" data-index=\"12\" ><div\n\t\t\t\n\t\t\tclass=\"so-widget-sow-editor so-widget-sow-editor-base\"\n\t\t\t\n\t\t>\n<div class=\"siteorigin-widget-tinymce textwidget\">\n\t<p><strong>apc-tec GmbH<\/strong><br \/>\nIhre Experten f\u00fcr industriellen 3D-Druck!<\/p>\n<\/div>\n<\/div><\/div><\/div><\/div><\/div>","protected":false},"excerpt":{"rendered":"<p>Unsere Partner Richtige und gute Partnerschaften sichern den langfristigen Erfolg! Durch Auswahl von zuverl\u00e4ssigen und kompetenten Partnern sichern wir uns auch das Know-how au\u00dferhalb unserer Kern-Kompetenz. Deshalb setzt ITW schon seit Anbeginn auf langj\u00e4hrige und vertrauensvolle Partnerschaften. SMB GmbH Steuerungs&shy;technik, Auto&shy;mati&shy;sierungs&shy;technik, Schalt&shy;schrank&shy;bau Kerres Anlagensysteme GmbH Smoke Air und Cleaning Systeme Wehner Metallbau GmbH &#038; Co. [&hellip;]<\/p>\n","protected":false},"author":1,"featured_media":0,"parent":743,"menu_order":0,"comment_status":"closed","ping_status":"closed","template":"","meta":{"footnotes":""},"class_list":["post-983","page","type-page","status-publish","hentry"],"yoast_head":"<!-- This site is optimized with the Yoast SEO plugin v25.5 - https:\/\/yoast.com\/wordpress\/plugins\/seo\/ -->\n<title>Partner - ITW Industrie-Technik Werth GmbH<\/title>\n<meta name=\"robots\" content=\"index, follow, max-snippet:-1, max-image-preview:large, max-video-preview:-1\" \/>\n<link rel=\"canonical\" href=\"https:\/\/itw-technik.de\/de\/unternehmen\/partner\/\" \/>\n<meta name=\"twitter:card\" content=\"summary_large_image\" \/>\n<meta name=\"twitter:title\" content=\"Partner - ITW Industrie-Technik Werth GmbH\" \/>\n<meta name=\"twitter:description\" content=\"Unsere Partner Richtige und gute Partnerschaften sichern den langfristigen Erfolg! Durch Auswahl von zuverl\u00e4ssigen und kompetenten Partnern sichern wir uns auch das Know-how au\u00dferhalb unserer Kern-Kompetenz. Deshalb setzt ITW schon seit Anbeginn auf langj\u00e4hrige und vertrauensvolle Partnerschaften. SMB GmbH Steuerungs&shy;technik, Auto&shy;mati&shy;sierungs&shy;technik, Schalt&shy;schrank&shy;bau Kerres Anlagensysteme GmbH Smoke Air und Cleaning Systeme Wehner Metallbau GmbH &amp; Co. [&hellip;]\" \/>\n<meta name=\"twitter:image\" content=\"https:\/\/itw-technik.de\/wp-content\/uploads\/smb-logo-partner-250x150.jpg\" \/>\n<meta name=\"twitter:label1\" content=\"Gesch\u00e4tzte Lesezeit\" \/>\n\t<meta name=\"twitter:data1\" content=\"2\u00a0Minuten\" \/>\n<script type=\"application\/ld+json\" class=\"yoast-schema-graph\">{\"@context\":\"https:\/\/schema.org\",\"@graph\":[{\"@type\":\"WebPage\",\"@id\":\"https:\/\/itw-technik.de\/de\/unternehmen\/partner\/\",\"url\":\"https:\/\/itw-technik.de\/de\/unternehmen\/partner\/\",\"name\":\"Partner - ITW Industrie-Technik Werth GmbH\",\"isPartOf\":{\"@id\":\"https:\/\/itw-technik.de\/de\/#website\"},\"primaryImageOfPage\":{\"@id\":\"https:\/\/itw-technik.de\/de\/unternehmen\/partner\/#primaryimage\"},\"image\":{\"@id\":\"https:\/\/itw-technik.de\/de\/unternehmen\/partner\/#primaryimage\"},\"thumbnailUrl\":\"https:\/\/itw-technik.de\/wp-content\/uploads\/smb-logo-partner-250x150.jpg\",\"datePublished\":\"2018-06-07T15:26:17+00:00\",\"dateModified\":\"2021-03-16T11:12:12+00:00\",\"breadcrumb\":{\"@id\":\"https:\/\/itw-technik.de\/de\/unternehmen\/partner\/#breadcrumb\"},\"inLanguage\":\"de\",\"potentialAction\":[{\"@type\":\"ReadAction\",\"target\":[\"https:\/\/itw-technik.de\/de\/unternehmen\/partner\/\"]}]},{\"@type\":\"ImageObject\",\"inLanguage\":\"de\",\"@id\":\"https:\/\/itw-technik.de\/de\/unternehmen\/partner\/#primaryimage\",\"url\":\"https:\/\/itw-technik.de\/wp-content\/uploads\/smb-logo-partner-250x150.jpg\",\"contentUrl\":\"https:\/\/itw-technik.de\/wp-content\/uploads\/smb-logo-partner-250x150.jpg\"},{\"@type\":\"BreadcrumbList\",\"@id\":\"https:\/\/itw-technik.de\/de\/unternehmen\/partner\/#breadcrumb\",\"itemListElement\":[{\"@type\":\"ListItem\",\"position\":1,\"name\":\"Das Unternehmen\",\"item\":\"https:\/\/itw-technik.de\/de\/unternehmen\/\"},{\"@type\":\"ListItem\",\"position\":2,\"name\":\"Partner\"}]},{\"@type\":\"WebSite\",\"@id\":\"https:\/\/itw-technik.de\/de\/#website\",\"url\":\"https:\/\/itw-technik.de\/de\/\",\"name\":\"ITW Industrie-Technik Werth GmbH\",\"description\":\"Industrie Technik Maschinenbau\",\"potentialAction\":[{\"@type\":\"SearchAction\",\"target\":{\"@type\":\"EntryPoint\",\"urlTemplate\":\"https:\/\/itw-technik.de\/de\/?s={search_term_string}\"},\"query-input\":{\"@type\":\"PropertyValueSpecification\",\"valueRequired\":true,\"valueName\":\"search_term_string\"}}],\"inLanguage\":\"de\"}]}<\/script>\n<!-- \/ Yoast SEO plugin. -->","yoast_head_json":{"title":"Partner - ITW Industrie-Technik Werth GmbH","robots":{"index":"index","follow":"follow","max-snippet":"max-snippet:-1","max-image-preview":"max-image-preview:large","max-video-preview":"max-video-preview:-1"},"canonical":"https:\/\/itw-technik.de\/de\/unternehmen\/partner\/","twitter_card":"summary_large_image","twitter_title":"Partner - ITW Industrie-Technik Werth GmbH","twitter_description":"Unsere Partner Richtige und gute Partnerschaften sichern den langfristigen Erfolg! Durch Auswahl von zuverl\u00e4ssigen und kompetenten Partnern sichern wir uns auch das Know-how au\u00dferhalb unserer Kern-Kompetenz. Deshalb setzt ITW schon seit Anbeginn auf langj\u00e4hrige und vertrauensvolle Partnerschaften. SMB GmbH Steuerungs&shy;technik, Auto&shy;mati&shy;sierungs&shy;technik, Schalt&shy;schrank&shy;bau Kerres Anlagensysteme GmbH Smoke Air und Cleaning Systeme Wehner Metallbau GmbH & Co. [&hellip;]","twitter_image":"https:\/\/itw-technik.de\/wp-content\/uploads\/smb-logo-partner-250x150.jpg","twitter_misc":{"Gesch\u00e4tzte Lesezeit":"2\u00a0Minuten"},"schema":{"@context":"https:\/\/schema.org","@graph":[{"@type":"WebPage","@id":"https:\/\/itw-technik.de\/de\/unternehmen\/partner\/","url":"https:\/\/itw-technik.de\/de\/unternehmen\/partner\/","name":"Partner - ITW Industrie-Technik Werth GmbH","isPartOf":{"@id":"https:\/\/itw-technik.de\/de\/#website"},"primaryImageOfPage":{"@id":"https:\/\/itw-technik.de\/de\/unternehmen\/partner\/#primaryimage"},"image":{"@id":"https:\/\/itw-technik.de\/de\/unternehmen\/partner\/#primaryimage"},"thumbnailUrl":"https:\/\/itw-technik.de\/wp-content\/uploads\/smb-logo-partner-250x150.jpg","datePublished":"2018-06-07T15:26:17+00:00","dateModified":"2021-03-16T11:12:12+00:00","breadcrumb":{"@id":"https:\/\/itw-technik.de\/de\/unternehmen\/partner\/#breadcrumb"},"inLanguage":"de","potentialAction":[{"@type":"ReadAction","target":["https:\/\/itw-technik.de\/de\/unternehmen\/partner\/"]}]},{"@type":"ImageObject","inLanguage":"de","@id":"https:\/\/itw-technik.de\/de\/unternehmen\/partner\/#primaryimage","url":"https:\/\/itw-technik.de\/wp-content\/uploads\/smb-logo-partner-250x150.jpg","contentUrl":"https:\/\/itw-technik.de\/wp-content\/uploads\/smb-logo-partner-250x150.jpg"},{"@type":"BreadcrumbList","@id":"https:\/\/itw-technik.de\/de\/unternehmen\/partner\/#breadcrumb","itemListElement":[{"@type":"ListItem","position":1,"name":"Das Unternehmen","item":"https:\/\/itw-technik.de\/de\/unternehmen\/"},{"@type":"ListItem","position":2,"name":"Partner"}]},{"@type":"WebSite","@id":"https:\/\/itw-technik.de\/de\/#website","url":"https:\/\/itw-technik.de\/de\/","name":"ITW Industrie-Technik Werth GmbH","description":"Industrie Technik Maschinenbau","potentialAction":[{"@type":"SearchAction","target":{"@type":"EntryPoint","urlTemplate":"https:\/\/itw-technik.de\/de\/?s={search_term_string}"},"query-input":{"@type":"PropertyValueSpecification","valueRequired":true,"valueName":"search_term_string"}}],"inLanguage":"de"}]}},"publishpress_future_action":{"enabled":false,"date":"2026-05-11 14:26:52","action":"change-status","newStatus":"draft","terms":[],"taxonomy":"translation_priority","extraData":[]},"publishpress_future_workflow_manual_trigger":{"enabledWorkflows":[]},"_links":{"self":[{"href":"https:\/\/itw-technik.de\/de\/wp-json\/wp\/v2\/pages\/983","targetHints":{"allow":["GET"]}}],"collection":[{"href":"https:\/\/itw-technik.de\/de\/wp-json\/wp\/v2\/pages"}],"about":[{"href":"https:\/\/itw-technik.de\/de\/wp-json\/wp\/v2\/types\/page"}],"author":[{"embeddable":true,"href":"https:\/\/itw-technik.de\/de\/wp-json\/wp\/v2\/users\/1"}],"replies":[{"embeddable":true,"href":"https:\/\/itw-technik.de\/de\/wp-json\/wp\/v2\/comments?post=983"}],"version-history":[{"count":5,"href":"https:\/\/itw-technik.de\/de\/wp-json\/wp\/v2\/pages\/983\/revisions"}],"predecessor-version":[{"id":4501,"href":"https:\/\/itw-technik.de\/de\/wp-json\/wp\/v2\/pages\/983\/revisions\/4501"}],"up":[{"embeddable":true,"href":"https:\/\/itw-technik.de\/de\/wp-json\/wp\/v2\/pages\/743"}],"wp:attachment":[{"href":"https:\/\/itw-technik.de\/de\/wp-json\/wp\/v2\/media?parent=983"}],"curies":[{"name":"wp","href":"https:\/\/api.w.org\/{rel}","templated":true}]}}