{"id":3006,"date":"2021-01-14T20:32:08","date_gmt":"2021-01-14T19:32:08","guid":{"rendered":"https:\/\/itw-technik.de\/?page_id=3006"},"modified":"2021-02-17T16:22:41","modified_gmt":"2021-02-17T15:22:41","slug":"althaus","status":"publish","type":"page","link":"https:\/\/itw-technik.de\/en\/althaus\/","title":{"rendered":"Althaus"},"content":{"rendered":"<div id=\"pl-3006\"  class=\"panel-layout\" ><div id=\"pg-3006-0\"  class=\"panel-grid panel-no-style\" ><div id=\"pgc-3006-0-0\"  class=\"panel-grid-cell\" ><div id=\"panel-3006-0-0-0\" class=\"so-panel widget widget_sow-editor panel-first-child panel-last-child\" data-index=\"0\" ><div\n\t\t\t\n\t\t\tclass=\"so-widget-sow-editor so-widget-sow-editor-base\"\n\t\t\t\n\t\t>\n<div class=\"siteorigin-widget-tinymce textwidget\">\n\t<h3>ITW expands its product range with weighing technology<\/h3>\n<p>Birstein, B\u00f6\u00df-Ges\u00e4\u00df (wm) On 1 January 2021, ITW Industrie-Technik Werth GmbH took over the long-standing partner company Dieter Althaus Wiegetechnik GmbH. In doing so, ITW integrated the production, sales and customer service of the important weighing technology product division. The existing Alpha product line (Alpha I\u2013V) will continue and will be further technically improved. This ensures that existing customers of Althaus Wiegetechnik GmbH will continue to receive spare parts and technical support.<\/p>\n<\/div>\n<\/div><\/div><\/div><div id=\"pgc-3006-0-1\"  class=\"panel-grid-cell\" ><div id=\"panel-3006-0-1-0\" class=\"so-panel widget widget_sow-editor panel-first-child panel-last-child\" data-index=\"1\" ><div\n\t\t\t\n\t\t\tclass=\"so-widget-sow-editor so-widget-sow-editor-base\"\n\t\t\t\n\t\t>\n<div class=\"siteorigin-widget-tinymce textwidget\">\n\t<p><a href=\"https:\/\/itw-technik.de\/weighing-technology\/\"><img loading=\"lazy\" decoding=\"async\" class=\"alignnone size-full wp-image-3007\" src=\"https:\/\/itw-technik.de\/wp-content\/uploads\/althaus-itw-730x342-1.png\" alt=\"ITW Industrie Technik GmbH takes over Dieter Althaus Wiegetechnik GmbH\" width=\"730\" height=\"343\" \/><\/a><\/p>\n<\/div>\n<\/div><\/div><\/div><\/div><div id=\"pg-3006-1\"  class=\"panel-grid panel-no-style\" ><div id=\"pgc-3006-1-0\"  class=\"panel-grid-cell\" ><div id=\"panel-3006-1-0-0\" class=\"so-panel widget widget_sow-editor panel-first-child panel-last-child\" data-index=\"2\" ><div\n\t\t\t\n\t\t\tclass=\"so-widget-sow-editor so-widget-sow-editor-base\"\n\t\t\t\n\t\t>\n<div class=\"siteorigin-widget-tinymce textwidget\">\n\t<h3>Dieter Althaus becomes the new<br \/>\ntechnical manager<\/h3>\n<p>From 1 February 2021, Dieter Althaus will take over the technical management of the ITW company. Mr. Althaus will answer all of your questions regarding weighing technology and is at your disposal to provide general technical advice.<\/p>\n<\/div>\n<\/div><\/div><\/div><div id=\"pgc-3006-1-1\"  class=\"panel-grid-cell\" ><div id=\"panel-3006-1-1-0\" class=\"so-panel widget widget_sow-editor panel-first-child panel-last-child\" data-index=\"3\" ><div\n\t\t\t\n\t\t\tclass=\"so-widget-sow-editor so-widget-sow-editor-base\"\n\t\t\t\n\t\t>\n<div class=\"siteorigin-widget-tinymce textwidget\">\n\t<p><img loading=\"lazy\" decoding=\"async\" class=\"img-circle\" src=\"https:\/\/itw-technik.de\/wp-content\/uploads\/dieter-althaus-500q.jpg\" alt=\"Dieter Althaus\" width=\"500\" height=\"500\"\/><\/p>\n<\/div>\n<\/div><\/div><\/div><div id=\"pgc-3006-1-2\"  class=\"panel-grid-cell\" ><div id=\"panel-3006-1-2-0\" class=\"so-panel widget widget_sow-editor panel-first-child panel-last-child\" data-index=\"4\" ><div\n\t\t\t\n\t\t\tclass=\"so-widget-sow-editor so-widget-sow-editor-base\"\n\t\t\t\n\t\t>\n<div class=\"siteorigin-widget-tinymce textwidget\">\n\t<p style=\"text-align: center;\"><a class=\"btn btn-default right\" href=\"https:\/\/itw-technik.de\/weighing-technology\/\" target=\"_self\" rel=\"noopener noreferrer\" type=\"button\">To weighing technology<\/a><\/p>\n<\/div>\n<\/div><\/div><\/div><div id=\"pgc-3006-1-3\"  class=\"panel-grid-cell\" ><div id=\"panel-3006-1-3-0\" class=\"so-panel widget widget_sow-editor panel-first-child panel-last-child\" data-index=\"5\" ><div\n\t\t\t\n\t\t\tclass=\"so-widget-sow-editor so-widget-sow-editor-base\"\n\t\t\t\n\t\t>\n<div class=\"siteorigin-widget-tinymce textwidget\">\n\t<p style=\"text-align: center;\"><a class=\"btn btn-default right\" href=\"https:\/\/itw-technik.de\/\/weighing-systems\/\" target=\"_self\" rel=\"noopener noreferrer\" type=\"button\">To the product overview<\/a><\/p>\n<\/div>\n<\/div><\/div><\/div><div id=\"pgc-3006-1-4\"  class=\"panel-grid-cell\" ><div id=\"panel-3006-1-4-0\" class=\"so-panel widget widget_sow-editor panel-first-child panel-last-child\" data-index=\"6\" ><div\n\t\t\t\n\t\t\tclass=\"so-widget-sow-editor so-widget-sow-editor-base\"\n\t\t\t\n\t\t>\n<div class=\"siteorigin-widget-tinymce textwidget\">\n\t<p style=\"text-align: center;\"><a class=\"btn btn-default right\" href=\"\/en\/#contact\" target=\"_self\" rel=\"noopener noreferrer\" type=\"button\">Any questions?<\/a><\/p>\n<\/div>\n<\/div><\/div><\/div><\/div><\/div>","protected":false},"excerpt":{"rendered":"<p>ITW expands its product range with weighing technology Birstein, B\u00f6\u00df-Ges\u00e4\u00df (wm) On 1 January 2021, ITW Industrie-Technik Werth GmbH took over the long-standing partner company Dieter Althaus Wiegetechnik GmbH. In doing so, ITW integrated the production, sales and customer service of the important weighing technology product division. The existing Alpha product line (Alpha I\u2013V) will [&hellip;]<\/p>\n","protected":false},"author":1,"featured_media":0,"parent":0,"menu_order":0,"comment_status":"closed","ping_status":"closed","template":"","meta":{"footnotes":""},"class_list":["post-3006","page","type-page","status-publish","hentry"],"yoast_head":"<!-- This site is optimized with the Yoast SEO plugin v25.5 - https:\/\/yoast.com\/wordpress\/plugins\/seo\/ -->\n<title>ITW \u00fcbernimmt die Dieter Althaus Wiegetechnik GmbH<\/title>\n<meta name=\"description\" content=\"Ab 1.2.2021 \u00fcbernimmt Dieter Althaus die technische Leitung der Firma ITW. Herr Althaus steht Ihnen f\u00fcr alle Fragen rundum Wiegetechnik zur..\" \/>\n<meta name=\"robots\" content=\"index, follow, max-snippet:-1, max-image-preview:large, max-video-preview:-1\" \/>\n<link rel=\"canonical\" href=\"https:\/\/itw-technik.de\/en\/althaus\/\" \/>\n<meta name=\"twitter:card\" content=\"summary_large_image\" \/>\n<meta name=\"twitter:title\" content=\"ITW \u00fcbernimmt die Dieter Althaus Wiegetechnik GmbH\" \/>\n<meta name=\"twitter:description\" content=\"Ab 1.2.2021 \u00fcbernimmt Dieter Althaus die technische Leitung der Firma ITW. Herr Althaus steht Ihnen f\u00fcr alle Fragen rundum Wiegetechnik zur..\" \/>\n<meta name=\"twitter:image\" content=\"https:\/\/itw-technik.de\/wp-content\/uploads\/althaus-itw-730x342-1.png\" \/>\n<meta name=\"twitter:label1\" content=\"Est. reading time\" \/>\n\t<meta name=\"twitter:data1\" content=\"1 minute\" \/>\n<script type=\"application\/ld+json\" class=\"yoast-schema-graph\">{\"@context\":\"https:\/\/schema.org\",\"@graph\":[{\"@type\":\"WebPage\",\"@id\":\"https:\/\/itw-technik.de\/en\/althaus\/\",\"url\":\"https:\/\/itw-technik.de\/en\/althaus\/\",\"name\":\"ITW \u00fcbernimmt die Dieter Althaus Wiegetechnik GmbH\",\"isPartOf\":{\"@id\":\"https:\/\/itw-technik.de\/en\/#website\"},\"primaryImageOfPage\":{\"@id\":\"https:\/\/itw-technik.de\/en\/althaus\/#primaryimage\"},\"image\":{\"@id\":\"https:\/\/itw-technik.de\/en\/althaus\/#primaryimage\"},\"thumbnailUrl\":\"https:\/\/itw-technik.de\/wp-content\/uploads\/althaus-itw-730x342-1.png\",\"datePublished\":\"2021-01-14T19:32:08+00:00\",\"dateModified\":\"2021-02-17T15:22:41+00:00\",\"description\":\"Ab 1.2.2021 \u00fcbernimmt Dieter Althaus die technische Leitung der Firma ITW. Herr Althaus steht Ihnen f\u00fcr alle Fragen rundum Wiegetechnik zur..\",\"inLanguage\":\"en-US\",\"potentialAction\":[{\"@type\":\"ReadAction\",\"target\":[\"https:\/\/itw-technik.de\/en\/althaus\/\"]}]},{\"@type\":\"ImageObject\",\"inLanguage\":\"en-US\",\"@id\":\"https:\/\/itw-technik.de\/en\/althaus\/#primaryimage\",\"url\":\"https:\/\/itw-technik.de\/wp-content\/uploads\/althaus-itw-730x342-1.png\",\"contentUrl\":\"https:\/\/itw-technik.de\/wp-content\/uploads\/althaus-itw-730x342-1.png\"},{\"@type\":\"WebSite\",\"@id\":\"https:\/\/itw-technik.de\/en\/#website\",\"url\":\"https:\/\/itw-technik.de\/en\/\",\"name\":\"ITW Industrie-Technik Werth GmbH\",\"description\":\"Industrie Technik Maschinenbau\",\"potentialAction\":[{\"@type\":\"SearchAction\",\"target\":{\"@type\":\"EntryPoint\",\"urlTemplate\":\"https:\/\/itw-technik.de\/en\/?s={search_term_string}\"},\"query-input\":{\"@type\":\"PropertyValueSpecification\",\"valueRequired\":true,\"valueName\":\"search_term_string\"}}],\"inLanguage\":\"en-US\"}]}<\/script>\n<!-- \/ Yoast SEO plugin. -->","yoast_head_json":{"title":"ITW \u00fcbernimmt die Dieter Althaus Wiegetechnik GmbH","description":"Ab 1.2.2021 \u00fcbernimmt Dieter Althaus die technische Leitung der Firma ITW. Herr Althaus steht Ihnen f\u00fcr alle Fragen rundum Wiegetechnik zur..","robots":{"index":"index","follow":"follow","max-snippet":"max-snippet:-1","max-image-preview":"max-image-preview:large","max-video-preview":"max-video-preview:-1"},"canonical":"https:\/\/itw-technik.de\/en\/althaus\/","twitter_card":"summary_large_image","twitter_title":"ITW \u00fcbernimmt die Dieter Althaus Wiegetechnik GmbH","twitter_description":"Ab 1.2.2021 \u00fcbernimmt Dieter Althaus die technische Leitung der Firma ITW. Herr Althaus steht Ihnen f\u00fcr alle Fragen rundum Wiegetechnik zur..","twitter_image":"https:\/\/itw-technik.de\/wp-content\/uploads\/althaus-itw-730x342-1.png","twitter_misc":{"Est. reading time":"1 minute"},"schema":{"@context":"https:\/\/schema.org","@graph":[{"@type":"WebPage","@id":"https:\/\/itw-technik.de\/en\/althaus\/","url":"https:\/\/itw-technik.de\/en\/althaus\/","name":"ITW \u00fcbernimmt die Dieter Althaus Wiegetechnik GmbH","isPartOf":{"@id":"https:\/\/itw-technik.de\/en\/#website"},"primaryImageOfPage":{"@id":"https:\/\/itw-technik.de\/en\/althaus\/#primaryimage"},"image":{"@id":"https:\/\/itw-technik.de\/en\/althaus\/#primaryimage"},"thumbnailUrl":"https:\/\/itw-technik.de\/wp-content\/uploads\/althaus-itw-730x342-1.png","datePublished":"2021-01-14T19:32:08+00:00","dateModified":"2021-02-17T15:22:41+00:00","description":"Ab 1.2.2021 \u00fcbernimmt Dieter Althaus die technische Leitung der Firma ITW. Herr Althaus steht Ihnen f\u00fcr alle Fragen rundum Wiegetechnik zur..","inLanguage":"en-US","potentialAction":[{"@type":"ReadAction","target":["https:\/\/itw-technik.de\/en\/althaus\/"]}]},{"@type":"ImageObject","inLanguage":"en-US","@id":"https:\/\/itw-technik.de\/en\/althaus\/#primaryimage","url":"https:\/\/itw-technik.de\/wp-content\/uploads\/althaus-itw-730x342-1.png","contentUrl":"https:\/\/itw-technik.de\/wp-content\/uploads\/althaus-itw-730x342-1.png"},{"@type":"WebSite","@id":"https:\/\/itw-technik.de\/en\/#website","url":"https:\/\/itw-technik.de\/en\/","name":"ITW Industrie-Technik Werth GmbH","description":"Industrie Technik Maschinenbau","potentialAction":[{"@type":"SearchAction","target":{"@type":"EntryPoint","urlTemplate":"https:\/\/itw-technik.de\/en\/?s={search_term_string}"},"query-input":{"@type":"PropertyValueSpecification","valueRequired":true,"valueName":"search_term_string"}}],"inLanguage":"en-US"}]}},"publishpress_future_action":{"enabled":false,"date":"2026-04-10 23:24:28","action":"change-status","newStatus":"draft","terms":[],"taxonomy":"translation_priority","extraData":[]},"publishpress_future_workflow_manual_trigger":{"enabledWorkflows":[]},"_links":{"self":[{"href":"https:\/\/itw-technik.de\/en\/wp-json\/wp\/v2\/pages\/3006","targetHints":{"allow":["GET"]}}],"collection":[{"href":"https:\/\/itw-technik.de\/en\/wp-json\/wp\/v2\/pages"}],"about":[{"href":"https:\/\/itw-technik.de\/en\/wp-json\/wp\/v2\/types\/page"}],"author":[{"embeddable":true,"href":"https:\/\/itw-technik.de\/en\/wp-json\/wp\/v2\/users\/1"}],"replies":[{"embeddable":true,"href":"https:\/\/itw-technik.de\/en\/wp-json\/wp\/v2\/comments?post=3006"}],"version-history":[{"count":4,"href":"https:\/\/itw-technik.de\/en\/wp-json\/wp\/v2\/pages\/3006\/revisions"}],"predecessor-version":[{"id":3534,"href":"https:\/\/itw-technik.de\/en\/wp-json\/wp\/v2\/pages\/3006\/revisions\/3534"}],"wp:attachment":[{"href":"https:\/\/itw-technik.de\/en\/wp-json\/wp\/v2\/media?parent=3006"}],"curies":[{"name":"wp","href":"https:\/\/api.w.org\/{rel}","templated":true}]}}