{"id":4127,"date":"2021-01-14T20:32:08","date_gmt":"2021-01-14T19:32:08","guid":{"rendered":"https:\/\/itw-technik.de\/?page_id=4127"},"modified":"2021-02-25T11:17:55","modified_gmt":"2021-02-25T10:17:55","slug":"althaus","status":"publish","type":"page","link":"https:\/\/itw-technik.de\/fr\/althaus\/","title":{"rendered":"Althaus"},"content":{"rendered":"<div id=\"pl-4127\"  class=\"panel-layout\" ><div id=\"pg-4127-0\"  class=\"panel-grid panel-no-style\" ><div id=\"pgc-4127-0-0\"  class=\"panel-grid-cell\" ><div id=\"panel-4127-0-0-0\" class=\"so-panel widget widget_sow-editor panel-first-child panel-last-child\" data-index=\"0\" ><div\n\t\t\t\n\t\t\tclass=\"so-widget-sow-editor so-widget-sow-editor-base\"\n\t\t\t\n\t\t>\n<div class=\"siteorigin-widget-tinymce textwidget\">\n\t<h3>ITW \u00e9largit son assortiment en y ajoutant le domaine des technologies de pesage<\/h3>\n<p>Birstein, B\u00f6\u00df-Ges\u00e4\u00df (wm) En date du 1<sup>er<\/sup> janvier 2021, la soci\u00e9t\u00e9 ITW Industrie-Technik Werth GmbH a rachet\u00e9 son partenaire de longue date, la soci\u00e9t\u00e9 Dieter Althaus Wiegetechnik GmbH. Par ce biais, la soci\u00e9t\u00e9 ITW a int\u00e9gr\u00e9 la production, les ventes et le service \u00e0 la client\u00e8le de l'importante division des produits appartenant au domaine des <a href=\"https:\/\/itw-technik.de\/fr\/technologies-de-pesage\/\">technologies de pesage<\/a>. La gamme de produits Alpha (Alpha I\u2013V) existante continuera ainsi d'exister et \u00e0 se d\u00e9velopper. Les clients actuels de la soci\u00e9t\u00e9 Althaus Wiegetechnik GmbH peuvent donc \u00eatre rassur\u00e9s, ils continueront \u00e0 recevoir des pi\u00e8ces de rechange et un soutien technique.<\/p>\n<\/div>\n<\/div><\/div><\/div><div id=\"pgc-4127-0-1\"  class=\"panel-grid-cell\" ><div id=\"panel-4127-0-1-0\" class=\"so-panel widget widget_sow-editor panel-first-child panel-last-child\" data-index=\"1\" ><div\n\t\t\t\n\t\t\tclass=\"so-widget-sow-editor so-widget-sow-editor-base\"\n\t\t\t\n\t\t>\n<div class=\"siteorigin-widget-tinymce textwidget\">\n\t<p>\t<a href=\"https:\/\/itw-technik.de\/wiegetechnik\/\"><img loading=\"lazy\" decoding=\"async\" class=\"alignnone size-full wp-image-2713\" src=\"https:\/\/itw-technik.de\/wp-content\/uploads\/althaus-itw-730x342-1.png\" alt=\"La soci\u00e9t\u00e9 ITW Industrie Technik GmbH a rachet\u00e9 la soci\u00e9t\u00e9 Dieter Althaus Wiegetechnik GmbH\" width=\"730\" height=\"343\"\/><\/a><\/p>\n<\/div>\n<\/div><\/div><\/div><\/div><div id=\"pg-4127-1\"  class=\"panel-grid panel-no-style\" ><div id=\"pgc-4127-1-0\"  class=\"panel-grid-cell\" ><div id=\"panel-4127-1-0-0\" class=\"so-panel widget widget_sow-editor panel-first-child panel-last-child\" data-index=\"2\" ><div\n\t\t\t\n\t\t\tclass=\"so-widget-sow-editor so-widget-sow-editor-base\"\n\t\t\t\n\t\t>\n<div class=\"siteorigin-widget-tinymce textwidget\">\n\t<h3>Monsieur Dieter Althaus <br \/> devient le nouveau Responsable technique<\/h3>\n<p>\u00c0 compter du 1<sup>er<\/sup> f\u00e9vrier 2021, Monsieur Dieter Althaus occupera le poste de directeur technique de la soci\u00e9t\u00e9 ITW. Monsieur Althaus reste \u00e0 votre disposition pour toute question relative aux technologies de pesage et pour tout conseil technique d'ordre g\u00e9n\u00e9ral.<\/p>\n<\/div>\n<\/div><\/div><\/div><div id=\"pgc-4127-1-1\"  class=\"panel-grid-cell\" ><div id=\"panel-4127-1-1-0\" class=\"so-panel widget widget_sow-editor panel-first-child panel-last-child\" data-index=\"3\" ><div\n\t\t\t\n\t\t\tclass=\"so-widget-sow-editor so-widget-sow-editor-base\"\n\t\t\t\n\t\t>\n<div class=\"siteorigin-widget-tinymce textwidget\">\n\t<p>\t&nbsp; <img loading=\"lazy\" decoding=\"async\" class=\"img-circle\" src=\"https:\/\/itw-technik.de\/wp-content\/uploads\/dieter-althaus-500q.jpg\" alt=\"Dieter Althaus\" width=\"500\" height=\"500\"\/><\/p>\n<\/div>\n<\/div><\/div><\/div><div id=\"pgc-4127-1-2\"  class=\"panel-grid-cell\" ><div id=\"panel-4127-1-2-0\" class=\"so-panel widget widget_sow-editor panel-first-child\" data-index=\"4\" ><div\n\t\t\t\n\t\t\tclass=\"so-widget-sow-editor so-widget-sow-editor-base\"\n\t\t\t\n\t\t>\n<div class=\"siteorigin-widget-tinymce textwidget\">\n\t<p>&nbsp;<\/p>\n<p style=\"text-align: center;\"><a class=\"btn btn-default right\" href=\"\/fr\/technologies-de-pesage\/\" target=\"_self\" rel=\"noopener noreferrer\" type=\"button\">En savoir plus sur les technologies de pesage<\/a><\/p>\n<\/div>\n<\/div><\/div><div id=\"panel-4127-1-2-1\" class=\"so-panel widget widget_sow-editor\" data-index=\"5\" ><div\n\t\t\t\n\t\t\tclass=\"so-widget-sow-editor so-widget-sow-editor-base\"\n\t\t\t\n\t\t>\n<div class=\"siteorigin-widget-tinymce textwidget\">\n\t<p style=\"text-align: center;\"><a class=\"btn btn-default right\" href=\"\/fr\/systemes-de-pesage\/\" target=\"_self\" rel=\"noopener noreferrer\" type=\"button\">En savoir plus sur l'aper\u00e7u des produits<\/a><\/p>\n<\/div>\n<\/div><\/div><div id=\"panel-4127-1-2-2\" class=\"so-panel widget widget_sow-editor panel-last-child\" data-index=\"6\" ><div\n\t\t\t\n\t\t\tclass=\"so-widget-sow-editor so-widget-sow-editor-base\"\n\t\t\t\n\t\t>\n<div class=\"siteorigin-widget-tinymce textwidget\">\n\t<p style=\"text-align: center;\"><a class=\"btn btn-default right\" href=\"\/fr\/#kontakt\" target=\"_self\" rel=\"noopener noreferrer\" type=\"button\">Vous avez des questions ?<\/a><\/p>\n<\/div>\n<\/div><\/div><\/div><div id=\"pgc-4127-1-3\"  class=\"panel-grid-cell panel-grid-cell-empty panel-grid-cell-mobile-last\" ><\/div><div id=\"pgc-4127-1-4\"  class=\"panel-grid-cell panel-grid-cell-empty\" ><\/div><\/div><\/div>","protected":false},"excerpt":{"rendered":"<p>ITW \u00e9largit son assortiment en y ajoutant le domaine des technologies de pesage Birstein, B\u00f6\u00df-Ges\u00e4\u00df (wm) En date du 1er janvier 2021, la soci\u00e9t\u00e9 ITW Industrie-Technik Werth GmbH a rachet\u00e9 son partenaire de longue date, la soci\u00e9t\u00e9 Dieter Althaus Wiegetechnik GmbH. Par ce biais, la soci\u00e9t\u00e9 ITW a int\u00e9gr\u00e9 la production, les ventes et le [&hellip;]<\/p>\n","protected":false},"author":1,"featured_media":0,"parent":0,"menu_order":0,"comment_status":"closed","ping_status":"closed","template":"","meta":{"footnotes":""},"class_list":["post-4127","page","type-page","status-publish","hentry"],"yoast_head":"<!-- This site is optimized with the Yoast SEO plugin v25.5 - https:\/\/yoast.com\/wordpress\/plugins\/seo\/ -->\n<title>Althaus - ITW Industrie-Technik Werth GmbH<\/title>\n<meta name=\"robots\" content=\"index, follow, max-snippet:-1, max-image-preview:large, max-video-preview:-1\" \/>\n<link rel=\"canonical\" href=\"https:\/\/itw-technik.de\/fr\/althaus\/\" \/>\n<meta name=\"twitter:card\" content=\"summary_large_image\" \/>\n<meta name=\"twitter:title\" content=\"Althaus - ITW Industrie-Technik Werth GmbH\" \/>\n<meta name=\"twitter:description\" content=\"ITW \u00e9largit son assortiment en y ajoutant le domaine des technologies de pesage Birstein, B\u00f6\u00df-Ges\u00e4\u00df (wm) En date du 1er janvier 2021, la soci\u00e9t\u00e9 ITW Industrie-Technik Werth GmbH a rachet\u00e9 son partenaire de longue date, la soci\u00e9t\u00e9 Dieter Althaus Wiegetechnik GmbH. Par ce biais, la soci\u00e9t\u00e9 ITW a int\u00e9gr\u00e9 la production, les ventes et le [&hellip;]\" \/>\n<meta name=\"twitter:image\" content=\"https:\/\/itw-technik.de\/wp-content\/uploads\/althaus-itw-730x342-1.png\" \/>\n<meta name=\"twitter:label1\" content=\"Dur\u00e9e de lecture estim\u00e9e\" \/>\n\t<meta name=\"twitter:data1\" content=\"1 minute\" \/>\n<script type=\"application\/ld+json\" class=\"yoast-schema-graph\">{\"@context\":\"https:\/\/schema.org\",\"@graph\":[{\"@type\":\"WebPage\",\"@id\":\"https:\/\/itw-technik.de\/fr\/althaus\/\",\"url\":\"https:\/\/itw-technik.de\/fr\/althaus\/\",\"name\":\"Althaus - ITW Industrie-Technik Werth GmbH\",\"isPartOf\":{\"@id\":\"https:\/\/itw-technik.de\/fr\/#website\"},\"primaryImageOfPage\":{\"@id\":\"https:\/\/itw-technik.de\/fr\/althaus\/#primaryimage\"},\"image\":{\"@id\":\"https:\/\/itw-technik.de\/fr\/althaus\/#primaryimage\"},\"thumbnailUrl\":\"https:\/\/itw-technik.de\/wp-content\/uploads\/althaus-itw-730x342-1.png\",\"datePublished\":\"2021-01-14T19:32:08+00:00\",\"dateModified\":\"2021-02-25T10:17:55+00:00\",\"inLanguage\":\"fr-FR\",\"potentialAction\":[{\"@type\":\"ReadAction\",\"target\":[\"https:\/\/itw-technik.de\/fr\/althaus\/\"]}]},{\"@type\":\"ImageObject\",\"inLanguage\":\"fr-FR\",\"@id\":\"https:\/\/itw-technik.de\/fr\/althaus\/#primaryimage\",\"url\":\"https:\/\/itw-technik.de\/wp-content\/uploads\/althaus-itw-730x342-1.png\",\"contentUrl\":\"https:\/\/itw-technik.de\/wp-content\/uploads\/althaus-itw-730x342-1.png\"},{\"@type\":\"WebSite\",\"@id\":\"https:\/\/itw-technik.de\/fr\/#website\",\"url\":\"https:\/\/itw-technik.de\/fr\/\",\"name\":\"ITW Industrie-Technik Werth GmbH\",\"description\":\"Industrie Technik Maschinenbau\",\"potentialAction\":[{\"@type\":\"SearchAction\",\"target\":{\"@type\":\"EntryPoint\",\"urlTemplate\":\"https:\/\/itw-technik.de\/fr\/?s={search_term_string}\"},\"query-input\":{\"@type\":\"PropertyValueSpecification\",\"valueRequired\":true,\"valueName\":\"search_term_string\"}}],\"inLanguage\":\"fr-FR\"}]}<\/script>\n<!-- \/ Yoast SEO plugin. -->","yoast_head_json":{"title":"Althaus - ITW Industrie-Technik Werth GmbH","robots":{"index":"index","follow":"follow","max-snippet":"max-snippet:-1","max-image-preview":"max-image-preview:large","max-video-preview":"max-video-preview:-1"},"canonical":"https:\/\/itw-technik.de\/fr\/althaus\/","twitter_card":"summary_large_image","twitter_title":"Althaus - ITW Industrie-Technik Werth GmbH","twitter_description":"ITW \u00e9largit son assortiment en y ajoutant le domaine des technologies de pesage Birstein, B\u00f6\u00df-Ges\u00e4\u00df (wm) En date du 1er janvier 2021, la soci\u00e9t\u00e9 ITW Industrie-Technik Werth GmbH a rachet\u00e9 son partenaire de longue date, la soci\u00e9t\u00e9 Dieter Althaus Wiegetechnik GmbH. Par ce biais, la soci\u00e9t\u00e9 ITW a int\u00e9gr\u00e9 la production, les ventes et le [&hellip;]","twitter_image":"https:\/\/itw-technik.de\/wp-content\/uploads\/althaus-itw-730x342-1.png","twitter_misc":{"Dur\u00e9e de lecture estim\u00e9e":"1 minute"},"schema":{"@context":"https:\/\/schema.org","@graph":[{"@type":"WebPage","@id":"https:\/\/itw-technik.de\/fr\/althaus\/","url":"https:\/\/itw-technik.de\/fr\/althaus\/","name":"Althaus - ITW Industrie-Technik Werth GmbH","isPartOf":{"@id":"https:\/\/itw-technik.de\/fr\/#website"},"primaryImageOfPage":{"@id":"https:\/\/itw-technik.de\/fr\/althaus\/#primaryimage"},"image":{"@id":"https:\/\/itw-technik.de\/fr\/althaus\/#primaryimage"},"thumbnailUrl":"https:\/\/itw-technik.de\/wp-content\/uploads\/althaus-itw-730x342-1.png","datePublished":"2021-01-14T19:32:08+00:00","dateModified":"2021-02-25T10:17:55+00:00","inLanguage":"fr-FR","potentialAction":[{"@type":"ReadAction","target":["https:\/\/itw-technik.de\/fr\/althaus\/"]}]},{"@type":"ImageObject","inLanguage":"fr-FR","@id":"https:\/\/itw-technik.de\/fr\/althaus\/#primaryimage","url":"https:\/\/itw-technik.de\/wp-content\/uploads\/althaus-itw-730x342-1.png","contentUrl":"https:\/\/itw-technik.de\/wp-content\/uploads\/althaus-itw-730x342-1.png"},{"@type":"WebSite","@id":"https:\/\/itw-technik.de\/fr\/#website","url":"https:\/\/itw-technik.de\/fr\/","name":"ITW Industrie-Technik Werth GmbH","description":"Industrie Technik Maschinenbau","potentialAction":[{"@type":"SearchAction","target":{"@type":"EntryPoint","urlTemplate":"https:\/\/itw-technik.de\/fr\/?s={search_term_string}"},"query-input":{"@type":"PropertyValueSpecification","valueRequired":true,"valueName":"search_term_string"}}],"inLanguage":"fr-FR"}]}},"publishpress_future_action":{"enabled":false,"date":"2026-04-11 00:38:17","action":"change-status","newStatus":"draft","terms":[],"taxonomy":"translation_priority","extraData":[]},"publishpress_future_workflow_manual_trigger":{"enabledWorkflows":[]},"_links":{"self":[{"href":"https:\/\/itw-technik.de\/fr\/wp-json\/wp\/v2\/pages\/4127","targetHints":{"allow":["GET"]}}],"collection":[{"href":"https:\/\/itw-technik.de\/fr\/wp-json\/wp\/v2\/pages"}],"about":[{"href":"https:\/\/itw-technik.de\/fr\/wp-json\/wp\/v2\/types\/page"}],"author":[{"embeddable":true,"href":"https:\/\/itw-technik.de\/fr\/wp-json\/wp\/v2\/users\/1"}],"replies":[{"embeddable":true,"href":"https:\/\/itw-technik.de\/fr\/wp-json\/wp\/v2\/comments?post=4127"}],"version-history":[{"count":4,"href":"https:\/\/itw-technik.de\/fr\/wp-json\/wp\/v2\/pages\/4127\/revisions"}],"predecessor-version":[{"id":4132,"href":"https:\/\/itw-technik.de\/fr\/wp-json\/wp\/v2\/pages\/4127\/revisions\/4132"}],"wp:attachment":[{"href":"https:\/\/itw-technik.de\/fr\/wp-json\/wp\/v2\/media?parent=4127"}],"curies":[{"name":"wp","href":"https:\/\/api.w.org\/{rel}","templated":true}]}}