{"id":4134,"date":"2018-06-05T07:08:56","date_gmt":"2018-06-05T05:08:56","guid":{"rendered":"https:\/\/itw-technik.de\/?page_id=4134"},"modified":"2021-02-25T11:29:06","modified_gmt":"2021-02-25T10:29:06","slug":"itw-qui-nous-sommes","status":"publish","type":"page","link":"https:\/\/itw-technik.de\/fr\/entreprises\/itw-qui-nous-sommes\/","title":{"rendered":"ITW &#8211; Qui nous sommes"},"content":{"rendered":"<div id=\"pl-4134\"  class=\"panel-layout\" ><div id=\"pg-4134-0\"  class=\"panel-grid panel-has-style\" ><div class=\"siteorigin-panels-stretch panel-row-style panel-row-style-for-4134-0\" data-stretch-type=\"full-stretched\" ><div id=\"pgc-4134-0-0\"  class=\"panel-grid-cell\" ><div id=\"panel-4134-0-0-0\" class=\"so-panel widget widget_sow-editor panel-first-child panel-last-child\" data-index=\"0\" ><div class=\"panel-widget-style panel-widget-style-for-4134-0-0-0\" ><div\n\t\t\t\n\t\t\tclass=\"so-widget-sow-editor so-widget-sow-editor-base\"\n\t\t\t\n\t\t>\n<div class=\"siteorigin-widget-tinymce textwidget\">\n\t<h2 class=\"img-line-3\"><\/h2>\n<\/div>\n<\/div><\/div><\/div><\/div><\/div><\/div><div id=\"pg-4134-1\"  class=\"panel-grid panel-no-style\" ><div id=\"pgc-4134-1-0\"  class=\"panel-grid-cell\" ><div id=\"panel-4134-1-0-0\" class=\"so-panel widget widget_sow-editor panel-first-child\" data-index=\"1\" ><div\n\t\t\t\n\t\t\tclass=\"so-widget-sow-editor so-widget-sow-editor-base\"\n\t\t\t\n\t\t>\n<div class=\"siteorigin-widget-tinymce textwidget\">\n\t<p><img decoding=\"async\" src=\"https:\/\/itw-technik.de\/wp-content\/uploads\/itw-logo-grey-blue-1000px.svg\" alt=\"Logo ITW Industrie-Technik Werth GmbH\" class=\"alignnone size-full wp-image-657\" width=\"80%\" height=\"80%\"\/><\/p>\n<\/div>\n<\/div><\/div><div id=\"panel-4134-1-0-1\" class=\"so-panel widget widget_sow-editor panel-last-child\" data-index=\"2\" ><div\n\t\t\t\n\t\t\tclass=\"so-widget-sow-editor so-widget-sow-editor-base\"\n\t\t\t\n\t\t>\n<div class=\"siteorigin-widget-tinymce textwidget\">\n\t<h3>Une soci\u00e9t\u00e9 qui propose des solutions sur mesures dans le domaine des technologies du conditionnement et des transports, de la production de machines sp\u00e9ciales et de la fabrication de structures en acier ennobli.<\/h3>\n<p>ITW est le partenaire de diverses soci\u00e9t\u00e9s de renom exer\u00e7ant leurs activit\u00e9s dans le domaine des technologies de conditionnement et de la production d'aliments destin\u00e9s aussi bien aux hommes qu'aux animaux. Nous serions heureux de vous compter parmi nos clients satisfaits.<\/p>\n<\/div>\n<\/div><\/div><\/div><div id=\"pgc-4134-1-1\"  class=\"panel-grid-cell\" ><div id=\"panel-4134-1-1-0\" class=\"so-panel widget widget_sow-editor panel-first-child panel-last-child\" data-index=\"3\" ><div\n\t\t\t\n\t\t\tclass=\"so-widget-sow-editor so-widget-sow-editor-base\"\n\t\t\t\n\t\t>\n<div class=\"siteorigin-widget-tinymce textwidget\">\n\t<h2>Objectifs de notre soci\u00e9t\u00e9<\/h2>\n<p>Les principes de la soci\u00e9t\u00e9 ITW Industrie-Technik Werth GmbH qui sont repris ci-dessous repr\u00e9sentent la philosophie et le codex de l'ensemble de l'\u00e9quipe ITW. Ils servent \u00e9galement de notice d\u00e9finissant le comportement \u00e0 adopter et la mani\u00e8re dont les d\u00e9cisions doivent \u00eatre prises dans le cadre des processus quotidiens.<\/p>\n<ul class=\"aufzaehlung\">\n<li>Le fait que tous nos employ\u00e9s aient mis en place une coop\u00e9ration qui est focalis\u00e9e sur l'objectif \u00e0 atteindre est le principal capital de notre soci\u00e9t\u00e9.<\/li>\n<li>Les fondements du succ\u00e8s de notre soci\u00e9t\u00e9 r\u00e9sident dans la qualification et la motivation de nos employ\u00e9s.<\/li>\n<li>Nos clients sont nos partenaires et c'est eux qui d\u00e9cident de la r\u00e9ussite et du succ\u00e8s de notre soci\u00e9t\u00e9. Nous nous devons de r\u00e9pondre \u00e0 leurs attentes par le biais d'une philosophie et d'un codex de comportement qui sont orient\u00e9s vers le client.<\/li>\n<li>Nos services et nos produits doivent procurer des avantages concurrentiels \u00e9vidents et ce, principalement en ce qui concerne la qualit\u00e9 et le respect des d\u00e9lais.<\/li>\n<li>Nos id\u00e9es et notre cr\u00e9ativit\u00e9 nous garantissent un avantage concurrentiel. Cela signifie donc que nous nous devons de constamment trouver de nouvelles id\u00e9es et solutions et que nous devons ensuite tout mettre en \u0153uvre pour les r\u00e9aliser de mani\u00e8re consciencieuse et professionnelle.<\/li>\n<li>Notre objectif est de mettre en place un partenariat de longue dur\u00e9e avec nos fournisseurs. Les conditions sine qua non pour pouvoir y arriver sont les suivantes : \u00eatre efficaces termes de qualit\u00e9, avoir des fournitures qui soient fiables et r\u00e9soudre les probl\u00e8mes de mani\u00e8re optimale.<\/li>\n<\/ul>\n<\/div>\n<\/div><\/div><\/div><\/div><div id=\"pg-4134-2\"  class=\"panel-grid panel-no-style\" ><div id=\"pgc-4134-2-0\"  class=\"panel-grid-cell\" ><div id=\"panel-4134-2-0-0\" class=\"so-panel widget widget_sow-editor panel-first-child\" data-index=\"4\" ><div\n\t\t\t\n\t\t\tclass=\"so-widget-sow-editor so-widget-sow-editor-base\"\n\t\t\t\n\t\t>\n<div class=\"siteorigin-widget-tinymce textwidget\">\n\t<h2>Plaquette Image ITW<\/h2>\n<p>En savoir plus sur notre plaquette actuelle. Vous pouvez \u00e9galement la t\u00e9l\u00e9charger sous forme de fichier PDF. <\/p>\n<\/div>\n<\/div><\/div><div id=\"panel-4134-2-0-1\" class=\"so-panel widget widget_sow-editor panel-last-child\" data-index=\"5\" ><div\n\t\t\t\n\t\t\tclass=\"so-widget-sow-editor so-widget-sow-editor-base\"\n\t\t\t\n\t\t>\n<div class=\"siteorigin-widget-tinymce textwidget\">\n\t<p><a href=\"https:\/\/itw-technik.de\/pdf\/itw-imagebrochure-f128.pdf\" target=\"_blank\" rel=\"noopener\"><img loading=\"lazy\" decoding=\"async\" class=\"alignnone size-full wp-image-2476\" src=\"https:\/\/itw-technik.de\/wp-content\/uploads\/itw-technik-broschuere.icon_.jpg\" alt=\"Ic\u00f4ne de la plaquette Image ITW\" width=\"400\" height=\"555\" \/><\/a><\/p>\n<\/div>\n<\/div><\/div><\/div><div id=\"pgc-4134-2-1\"  class=\"panel-grid-cell\" ><div id=\"panel-4134-2-1-0\" class=\"so-panel widget widget_sow-editor panel-first-child\" data-index=\"6\" ><div\n\t\t\t\n\t\t\tclass=\"so-widget-sow-editor so-widget-sow-editor-base\"\n\t\t\t\n\t\t>\n<div class=\"siteorigin-widget-tinymce textwidget\">\n\t<h2>Film Image ITW<\/h2>\n<p>Notre film vous montrera d'une part un r\u00e9sum\u00e9 du profil de notre soci\u00e9t\u00e9 et, d'autre part, un aper\u00e7u des objectifs de notre soci\u00e9t\u00e9.<\/p>\n<\/div>\n<\/div><\/div><div id=\"panel-4134-2-1-1\" class=\"so-panel widget widget_sow-editor panel-last-child\" data-index=\"7\" ><div\n\t\t\t\n\t\t\tclass=\"so-widget-sow-editor so-widget-sow-editor-base\"\n\t\t\t\n\t\t>\n<div class=\"siteorigin-widget-tinymce textwidget\">\n\t<div style=\"width: 730px;\" class=\"wp-video\"><!--[if lt IE 9]><script>document.createElement('video');<\/script><![endif]-->\n<video class=\"wp-video-shortcode\" id=\"video-4134-1\" width=\"730\" height=\"386\" preload=\"metadata\" controls=\"controls\"><source type=\"video\/mp4\" src=\"https:\/\/itw-technik.de\/wp-content\/videos\/itw-imagefilm-2019-s.mp4?_=1\" \/><a href=\"https:\/\/itw-technik.de\/wp-content\/videos\/itw-imagefilm-2019-s.mp4\">https:\/\/itw-technik.de\/wp-content\/videos\/itw-imagefilm-2019-s.mp4<\/a><\/video><\/div>\n<\/div>\n<\/div><\/div><\/div><\/div><div id=\"pg-4134-3\"  class=\"panel-grid panel-no-style\" ><div id=\"pgc-4134-3-0\"  class=\"panel-grid-cell\" ><div id=\"panel-4134-3-0-0\" class=\"so-panel widget widget_sow-editor panel-first-child panel-last-child\" data-index=\"8\" ><div\n\t\t\t\n\t\t\tclass=\"so-widget-sow-editor so-widget-sow-editor-base\"\n\t\t\t\n\t\t>\n<div class=\"siteorigin-widget-tinymce textwidget\">\n\t<h2>Vue a\u00e9rienne du site de la soci\u00e9t\u00e9 ITW<\/h2>\n<\/div>\n<\/div><\/div><\/div><\/div><div id=\"pg-4134-4\"  class=\"panel-grid panel-no-style\" ><div id=\"pgc-4134-4-0\"  class=\"panel-grid-cell\" ><div id=\"panel-4134-4-0-0\" class=\"so-panel widget widget_sow-editor panel-first-child panel-last-child\" data-index=\"9\" ><div\n\t\t\t\n\t\t\tclass=\"so-widget-sow-editor so-widget-sow-editor-base\"\n\t\t\t\n\t\t>\n<div class=\"siteorigin-widget-tinymce textwidget\">\n\t<div class=\"foogallery foogallery-container foogallery-masonry foogallery-lightbox-dfactory fg-center fg-masonry fg-light fg-loading-dots fg-loaded-fade-in fg-hover-fade fg-hover-circle-plus fg-ready fg-col3\" id=\"foogallery-gallery-2396\" data-foogallery=\"{&quot;item&quot;:{&quot;showCaptionTitle&quot;:true,&quot;showCaptionDescription&quot;:true},&quot;lazy&quot;:true}\" >\n\t\t<div class=\"fg-column-width\"><\/div>\n\t<div class=\"fg-gutter-width\"><\/div>\n\t\t<div class=\"fg-item fg-type-image fg-idle\"><figure class=\"fg-item-inner\"><a href=\"https:\/\/itw-technik.de\/wp-content\/uploads\/itw-industrie-technik-werth-firmensitz-luftaufnahme-dji-0021-1050x600.jpg\" data-attachment-id=\"2395\" data-rel=\"lightbox-image-bGlnaHRib3g=\" data-rl_title=\"\" data-rl_caption=\"\" data-type=\"image\" class=\"fg-thumb\" title=\"\"><span class=\"fg-image-wrap\"><img fetchpriority=\"high\" decoding=\"async\" alt=\"ITW Industrie-Technik-Werth GmbH - Firmensitz Luftaufnahme\" width=\"400\" height=\"229\" class=\"skip-lazy fg-image\" data-src-fg=\"https:\/\/itw-technik.de\/wp-content\/uploads\/cache\/itw-industrie-technik-werth-firmensitz-luftaufnahme-dji-0021-1050x600\/1938022715.jpg\" src=\"data:image\/svg+xml,%3Csvg%20xmlns%3D%22http%3A%2F%2Fwww.w3.org%2F2000%2Fsvg%22%20width%3D%22400%22%20height%3D%22229%22%20viewBox%3D%220%200%20400%20229%22%3E%3C%2Fsvg%3E\" loading=\"eager\"><\/span><span class=\"fg-image-overlay\"><\/span><\/a><figcaption class=\"fg-caption\"><div class=\"fg-caption-inner\"><\/div><\/figcaption><\/figure><div class=\"fg-loader\"><\/div><\/div><div class=\"fg-item fg-type-image fg-idle\"><figure class=\"fg-item-inner\"><a href=\"https:\/\/itw-technik.de\/wp-content\/uploads\/itw-industrie-technik-werth-firmensitz-luftaufnahme-dji-0022-1050x600.jpg\" data-attachment-id=\"2394\" data-rel=\"lightbox-image-bGlnaHRib3g=\" data-rl_title=\"\" data-rl_caption=\"\" data-type=\"image\" class=\"fg-thumb\" title=\"\"><span class=\"fg-image-wrap\"><img decoding=\"async\" alt=\"ITW Industrie-Technik-Werth GmbH - Firmensitz Luftaufnahme\" width=\"400\" height=\"229\" class=\"skip-lazy fg-image\" data-src-fg=\"https:\/\/itw-technik.de\/wp-content\/uploads\/cache\/itw-industrie-technik-werth-firmensitz-luftaufnahme-dji-0022-1050x600\/643265026.jpg\" src=\"data:image\/svg+xml,%3Csvg%20xmlns%3D%22http%3A%2F%2Fwww.w3.org%2F2000%2Fsvg%22%20width%3D%22400%22%20height%3D%22229%22%20viewBox%3D%220%200%20400%20229%22%3E%3C%2Fsvg%3E\" loading=\"eager\"><\/span><span class=\"fg-image-overlay\"><\/span><\/a><figcaption class=\"fg-caption\"><div class=\"fg-caption-inner\"><\/div><\/figcaption><\/figure><div class=\"fg-loader\"><\/div><\/div><div class=\"fg-item fg-type-image fg-idle\"><figure class=\"fg-item-inner\"><a href=\"https:\/\/itw-technik.de\/wp-content\/uploads\/itw-industrie-technik-werth-firmensitz-luftaufnahme-dji-0023-1050x600.jpg\" data-attachment-id=\"2393\" data-rel=\"lightbox-image-bGlnaHRib3g=\" data-rl_title=\"\" data-rl_caption=\"\" data-type=\"image\" class=\"fg-thumb\" title=\"\"><span class=\"fg-image-wrap\"><img decoding=\"async\" alt=\"ITW Industrie-Technik-Werth GmbH - Firmensitz Luftaufnahme\" width=\"400\" height=\"229\" class=\"skip-lazy fg-image\" data-src-fg=\"https:\/\/itw-technik.de\/wp-content\/uploads\/cache\/itw-industrie-technik-werth-firmensitz-luftaufnahme-dji-0023-1050x600\/2988032626.jpg\" src=\"data:image\/svg+xml,%3Csvg%20xmlns%3D%22http%3A%2F%2Fwww.w3.org%2F2000%2Fsvg%22%20width%3D%22400%22%20height%3D%22229%22%20viewBox%3D%220%200%20400%20229%22%3E%3C%2Fsvg%3E\" loading=\"eager\"><\/span><span class=\"fg-image-overlay\"><\/span><\/a><figcaption class=\"fg-caption\"><div class=\"fg-caption-inner\"><\/div><\/figcaption><\/figure><div class=\"fg-loader\"><\/div><\/div><div class=\"fg-item fg-type-image fg-idle\"><figure class=\"fg-item-inner\"><a href=\"https:\/\/itw-technik.de\/wp-content\/uploads\/itw-industrie-technik-werth-firmensitz-luftaufnahme-dji-0024-1050x600.jpg\" data-attachment-id=\"2392\" data-rel=\"lightbox-image-bGlnaHRib3g=\" data-rl_title=\"\" data-rl_caption=\"\" data-type=\"image\" class=\"fg-thumb\" title=\"\"><span class=\"fg-image-wrap\"><img decoding=\"async\" alt=\"ITW Industrie-Technik-Werth GmbH - Firmensitz Luftaufnahme\" width=\"400\" height=\"229\" class=\"skip-lazy fg-image\" data-src-fg=\"https:\/\/itw-technik.de\/wp-content\/uploads\/cache\/itw-industrie-technik-werth-firmensitz-luftaufnahme-dji-0024-1050x600\/2495968900.jpg\" src=\"data:image\/svg+xml,%3Csvg%20xmlns%3D%22http%3A%2F%2Fwww.w3.org%2F2000%2Fsvg%22%20width%3D%22400%22%20height%3D%22229%22%20viewBox%3D%220%200%20400%20229%22%3E%3C%2Fsvg%3E\" loading=\"eager\"><\/span><span class=\"fg-image-overlay\"><\/span><\/a><figcaption class=\"fg-caption\"><div class=\"fg-caption-inner\"><\/div><\/figcaption><\/figure><div class=\"fg-loader\"><\/div><\/div><div class=\"fg-item fg-type-image fg-idle\"><figure class=\"fg-item-inner\"><a href=\"https:\/\/itw-technik.de\/wp-content\/uploads\/itw-industrie-technik-werth-firmensitz-luftaufnahme-dji-0025-1050x600.jpg\" data-attachment-id=\"2391\" data-rel=\"lightbox-image-bGlnaHRib3g=\" data-rl_title=\"\" data-rl_caption=\"\" data-type=\"image\" class=\"fg-thumb\" title=\"\"><span class=\"fg-image-wrap\"><img decoding=\"async\" alt=\"ITW Industrie-Technik-Werth GmbH - Firmensitz Luftaufnahme\" width=\"400\" height=\"229\" class=\"skip-lazy fg-image\" data-src-fg=\"https:\/\/itw-technik.de\/wp-content\/uploads\/cache\/itw-industrie-technik-werth-firmensitz-luftaufnahme-dji-0025-1050x600\/431023104.jpg\" src=\"data:image\/svg+xml,%3Csvg%20xmlns%3D%22http%3A%2F%2Fwww.w3.org%2F2000%2Fsvg%22%20width%3D%22400%22%20height%3D%22229%22%20viewBox%3D%220%200%20400%20229%22%3E%3C%2Fsvg%3E\" loading=\"eager\"><\/span><span class=\"fg-image-overlay\"><\/span><\/a><figcaption class=\"fg-caption\"><div class=\"fg-caption-inner\"><\/div><\/figcaption><\/figure><div class=\"fg-loader\"><\/div><\/div><div class=\"fg-item fg-type-image fg-idle\"><figure class=\"fg-item-inner\"><a href=\"https:\/\/itw-technik.de\/wp-content\/uploads\/itw-industrie-technik-werth-firmensitz-luftaufnahme-dji-0026-1050x600.jpg\" data-attachment-id=\"2390\" data-rel=\"lightbox-image-bGlnaHRib3g=\" data-rl_title=\"\" data-rl_caption=\"\" data-type=\"image\" class=\"fg-thumb\" title=\"\"><span class=\"fg-image-wrap\"><img decoding=\"async\" alt=\"ITW Industrie-Technik-Werth GmbH - Firmensitz Luftaufnahme\" width=\"400\" height=\"229\" class=\"skip-lazy fg-image\" data-src-fg=\"https:\/\/itw-technik.de\/wp-content\/uploads\/cache\/itw-industrie-technik-werth-firmensitz-luftaufnahme-dji-0026-1050x600\/1281652537.jpg\" src=\"data:image\/svg+xml,%3Csvg%20xmlns%3D%22http%3A%2F%2Fwww.w3.org%2F2000%2Fsvg%22%20width%3D%22400%22%20height%3D%22229%22%20viewBox%3D%220%200%20400%20229%22%3E%3C%2Fsvg%3E\" loading=\"eager\"><\/span><span class=\"fg-image-overlay\"><\/span><\/a><figcaption class=\"fg-caption\"><div class=\"fg-caption-inner\"><\/div><\/figcaption><\/figure><div class=\"fg-loader\"><\/div><\/div><div class=\"fg-item fg-type-image fg-idle\"><figure class=\"fg-item-inner\"><a href=\"https:\/\/itw-technik.de\/wp-content\/uploads\/itw-industrie-technik-werth-firmensitz-luftaufnahme-dji-0027-1050x600.jpg\" data-attachment-id=\"2389\" data-rel=\"lightbox-image-bGlnaHRib3g=\" data-rl_title=\"\" data-rl_caption=\"\" data-type=\"image\" class=\"fg-thumb\" title=\"\"><span class=\"fg-image-wrap\"><img decoding=\"async\" alt=\"ITW Industrie-Technik-Werth GmbH - Firmensitz Luftaufnahme\" width=\"400\" height=\"229\" class=\"skip-lazy fg-image\" data-src-fg=\"https:\/\/itw-technik.de\/wp-content\/uploads\/cache\/itw-industrie-technik-werth-firmensitz-luftaufnahme-dji-0027-1050x600\/1244442838.jpg\" src=\"data:image\/svg+xml,%3Csvg%20xmlns%3D%22http%3A%2F%2Fwww.w3.org%2F2000%2Fsvg%22%20width%3D%22400%22%20height%3D%22229%22%20viewBox%3D%220%200%20400%20229%22%3E%3C%2Fsvg%3E\" loading=\"eager\"><\/span><span class=\"fg-image-overlay\"><\/span><\/a><figcaption class=\"fg-caption\"><div class=\"fg-caption-inner\"><\/div><\/figcaption><\/figure><div class=\"fg-loader\"><\/div><\/div><div class=\"fg-item fg-type-image fg-idle\"><figure class=\"fg-item-inner\"><a href=\"https:\/\/itw-technik.de\/wp-content\/uploads\/itw-industrie-technik-werth-firmensitz-luftaufnahme-dji-0028-1050x600.jpg\" data-attachment-id=\"2388\" data-rel=\"lightbox-image-bGlnaHRib3g=\" data-rl_title=\"\" data-rl_caption=\"\" data-type=\"image\" class=\"fg-thumb\" title=\"\"><span class=\"fg-image-wrap\"><img decoding=\"async\" alt=\"ITW Industrie-Technik-Werth GmbH - Firmensitz Luftaufnahme\" width=\"400\" height=\"229\" class=\"skip-lazy fg-image\" data-src-fg=\"https:\/\/itw-technik.de\/wp-content\/uploads\/cache\/itw-industrie-technik-werth-firmensitz-luftaufnahme-dji-0028-1050x600\/2329955262.jpg\" src=\"data:image\/svg+xml,%3Csvg%20xmlns%3D%22http%3A%2F%2Fwww.w3.org%2F2000%2Fsvg%22%20width%3D%22400%22%20height%3D%22229%22%20viewBox%3D%220%200%20400%20229%22%3E%3C%2Fsvg%3E\" loading=\"eager\"><\/span><span class=\"fg-image-overlay\"><\/span><\/a><figcaption class=\"fg-caption\"><div class=\"fg-caption-inner\"><\/div><\/figcaption><\/figure><div class=\"fg-loader\"><\/div><\/div><div class=\"fg-item fg-type-image fg-idle\"><figure class=\"fg-item-inner\"><a href=\"https:\/\/itw-technik.de\/wp-content\/uploads\/itw-industrie-technik-werth-firmensitz-luftaufnahme-dji-0029-1050x600.jpg\" data-attachment-id=\"2387\" data-rel=\"lightbox-image-bGlnaHRib3g=\" data-rl_title=\"\" data-rl_caption=\"\" data-type=\"image\" class=\"fg-thumb\" title=\"\"><span class=\"fg-image-wrap\"><img decoding=\"async\" alt=\"ITW Industrie-Technik-Werth GmbH - Firmensitz Luftaufnahme\" width=\"400\" height=\"229\" class=\"skip-lazy fg-image\" data-src-fg=\"https:\/\/itw-technik.de\/wp-content\/uploads\/cache\/itw-industrie-technik-werth-firmensitz-luftaufnahme-dji-0029-1050x600\/752401958.jpg\" src=\"data:image\/svg+xml,%3Csvg%20xmlns%3D%22http%3A%2F%2Fwww.w3.org%2F2000%2Fsvg%22%20width%3D%22400%22%20height%3D%22229%22%20viewBox%3D%220%200%20400%20229%22%3E%3C%2Fsvg%3E\" loading=\"eager\"><\/span><span class=\"fg-image-overlay\"><\/span><\/a><figcaption class=\"fg-caption\"><div class=\"fg-caption-inner\"><\/div><\/figcaption><\/figure><div class=\"fg-loader\"><\/div><\/div><\/div>\n<\/div>\n<\/div><\/div><\/div><\/div><\/div>","protected":false},"excerpt":{"rendered":"<p>Une soci\u00e9t\u00e9 qui propose des solutions sur mesures dans le domaine des technologies du conditionnement et des transports, de la production de machines sp\u00e9ciales et de la fabrication de structures en acier ennobli.ITW est le partenaire de diverses soci\u00e9t\u00e9s de renom exer\u00e7ant leurs activit\u00e9s dans le domaine des technologies de conditionnement et de la production [&hellip;]<\/p>\n","protected":false},"author":1,"featured_media":0,"parent":4139,"menu_order":0,"comment_status":"closed","ping_status":"closed","template":"","meta":{"footnotes":""},"class_list":["post-4134","page","type-page","status-publish","hentry"],"yoast_head":"<!-- This site is optimized with the Yoast SEO plugin v25.5 - https:\/\/yoast.com\/wordpress\/plugins\/seo\/ -->\n<title>ITW - Qui nous sommes - ITW Industrie-Technik Werth GmbH<\/title>\n<meta name=\"robots\" content=\"index, follow, max-snippet:-1, max-image-preview:large, max-video-preview:-1\" \/>\n<link rel=\"canonical\" href=\"https:\/\/itw-technik.de\/fr\/entreprises\/itw-qui-nous-sommes\/\" \/>\n<meta name=\"twitter:card\" content=\"summary_large_image\" \/>\n<meta name=\"twitter:title\" content=\"ITW - Qui nous sommes - ITW Industrie-Technik Werth GmbH\" \/>\n<meta name=\"twitter:description\" content=\"Une soci\u00e9t\u00e9 qui propose des solutions sur mesures dans le domaine des technologies du conditionnement et des transports, de la production de machines sp\u00e9ciales et de la fabrication de structures en acier ennobli.ITW est le partenaire de diverses soci\u00e9t\u00e9s de renom exer\u00e7ant leurs activit\u00e9s dans le domaine des technologies de conditionnement et de la production [&hellip;]\" \/>\n<meta name=\"twitter:image\" content=\"https:\/\/itw-technik.de\/wp-content\/uploads\/itw-logo-grey-blue-1000px.svg\" \/>\n<meta name=\"twitter:label1\" content=\"Dur\u00e9e de lecture estim\u00e9e\" \/>\n\t<meta name=\"twitter:data1\" content=\"2 minutes\" \/>\n<script type=\"application\/ld+json\" class=\"yoast-schema-graph\">{\"@context\":\"https:\/\/schema.org\",\"@graph\":[{\"@type\":\"WebPage\",\"@id\":\"https:\/\/itw-technik.de\/fr\/entreprises\/itw-qui-nous-sommes\/\",\"url\":\"https:\/\/itw-technik.de\/fr\/entreprises\/itw-qui-nous-sommes\/\",\"name\":\"ITW - Qui nous sommes - ITW Industrie-Technik Werth GmbH\",\"isPartOf\":{\"@id\":\"https:\/\/itw-technik.de\/fr\/#website\"},\"primaryImageOfPage\":{\"@id\":\"https:\/\/itw-technik.de\/fr\/entreprises\/itw-qui-nous-sommes\/#primaryimage\"},\"image\":{\"@id\":\"https:\/\/itw-technik.de\/fr\/entreprises\/itw-qui-nous-sommes\/#primaryimage\"},\"thumbnailUrl\":\"https:\/\/itw-technik.de\/wp-content\/uploads\/itw-logo-grey-blue-1000px.svg\",\"datePublished\":\"2018-06-05T05:08:56+00:00\",\"dateModified\":\"2021-02-25T10:29:06+00:00\",\"breadcrumb\":{\"@id\":\"https:\/\/itw-technik.de\/fr\/entreprises\/itw-qui-nous-sommes\/#breadcrumb\"},\"inLanguage\":\"fr-FR\",\"potentialAction\":[{\"@type\":\"ReadAction\",\"target\":[\"https:\/\/itw-technik.de\/fr\/entreprises\/itw-qui-nous-sommes\/\"]}]},{\"@type\":\"ImageObject\",\"inLanguage\":\"fr-FR\",\"@id\":\"https:\/\/itw-technik.de\/fr\/entreprises\/itw-qui-nous-sommes\/#primaryimage\",\"url\":\"https:\/\/itw-technik.de\/wp-content\/uploads\/itw-logo-grey-blue-1000px.svg\",\"contentUrl\":\"https:\/\/itw-technik.de\/wp-content\/uploads\/itw-logo-grey-blue-1000px.svg\"},{\"@type\":\"BreadcrumbList\",\"@id\":\"https:\/\/itw-technik.de\/fr\/entreprises\/itw-qui-nous-sommes\/#breadcrumb\",\"itemListElement\":[{\"@type\":\"ListItem\",\"position\":1,\"name\":\"Entreprises\",\"item\":\"https:\/\/itw-technik.de\/fr\/entreprises\/\"},{\"@type\":\"ListItem\",\"position\":2,\"name\":\"ITW &#8211; Qui nous sommes\"}]},{\"@type\":\"WebSite\",\"@id\":\"https:\/\/itw-technik.de\/fr\/#website\",\"url\":\"https:\/\/itw-technik.de\/fr\/\",\"name\":\"ITW Industrie-Technik Werth GmbH\",\"description\":\"Industrie Technik Maschinenbau\",\"potentialAction\":[{\"@type\":\"SearchAction\",\"target\":{\"@type\":\"EntryPoint\",\"urlTemplate\":\"https:\/\/itw-technik.de\/fr\/?s={search_term_string}\"},\"query-input\":{\"@type\":\"PropertyValueSpecification\",\"valueRequired\":true,\"valueName\":\"search_term_string\"}}],\"inLanguage\":\"fr-FR\"}]}<\/script>\n<!-- \/ Yoast SEO plugin. -->","yoast_head_json":{"title":"ITW - Qui nous sommes - ITW Industrie-Technik Werth GmbH","robots":{"index":"index","follow":"follow","max-snippet":"max-snippet:-1","max-image-preview":"max-image-preview:large","max-video-preview":"max-video-preview:-1"},"canonical":"https:\/\/itw-technik.de\/fr\/entreprises\/itw-qui-nous-sommes\/","twitter_card":"summary_large_image","twitter_title":"ITW - Qui nous sommes - ITW Industrie-Technik Werth GmbH","twitter_description":"Une soci\u00e9t\u00e9 qui propose des solutions sur mesures dans le domaine des technologies du conditionnement et des transports, de la production de machines sp\u00e9ciales et de la fabrication de structures en acier ennobli.ITW est le partenaire de diverses soci\u00e9t\u00e9s de renom exer\u00e7ant leurs activit\u00e9s dans le domaine des technologies de conditionnement et de la production [&hellip;]","twitter_image":"https:\/\/itw-technik.de\/wp-content\/uploads\/itw-logo-grey-blue-1000px.svg","twitter_misc":{"Dur\u00e9e de lecture estim\u00e9e":"2 minutes"},"schema":{"@context":"https:\/\/schema.org","@graph":[{"@type":"WebPage","@id":"https:\/\/itw-technik.de\/fr\/entreprises\/itw-qui-nous-sommes\/","url":"https:\/\/itw-technik.de\/fr\/entreprises\/itw-qui-nous-sommes\/","name":"ITW - Qui nous sommes - ITW Industrie-Technik Werth GmbH","isPartOf":{"@id":"https:\/\/itw-technik.de\/fr\/#website"},"primaryImageOfPage":{"@id":"https:\/\/itw-technik.de\/fr\/entreprises\/itw-qui-nous-sommes\/#primaryimage"},"image":{"@id":"https:\/\/itw-technik.de\/fr\/entreprises\/itw-qui-nous-sommes\/#primaryimage"},"thumbnailUrl":"https:\/\/itw-technik.de\/wp-content\/uploads\/itw-logo-grey-blue-1000px.svg","datePublished":"2018-06-05T05:08:56+00:00","dateModified":"2021-02-25T10:29:06+00:00","breadcrumb":{"@id":"https:\/\/itw-technik.de\/fr\/entreprises\/itw-qui-nous-sommes\/#breadcrumb"},"inLanguage":"fr-FR","potentialAction":[{"@type":"ReadAction","target":["https:\/\/itw-technik.de\/fr\/entreprises\/itw-qui-nous-sommes\/"]}]},{"@type":"ImageObject","inLanguage":"fr-FR","@id":"https:\/\/itw-technik.de\/fr\/entreprises\/itw-qui-nous-sommes\/#primaryimage","url":"https:\/\/itw-technik.de\/wp-content\/uploads\/itw-logo-grey-blue-1000px.svg","contentUrl":"https:\/\/itw-technik.de\/wp-content\/uploads\/itw-logo-grey-blue-1000px.svg"},{"@type":"BreadcrumbList","@id":"https:\/\/itw-technik.de\/fr\/entreprises\/itw-qui-nous-sommes\/#breadcrumb","itemListElement":[{"@type":"ListItem","position":1,"name":"Entreprises","item":"https:\/\/itw-technik.de\/fr\/entreprises\/"},{"@type":"ListItem","position":2,"name":"ITW &#8211; Qui nous sommes"}]},{"@type":"WebSite","@id":"https:\/\/itw-technik.de\/fr\/#website","url":"https:\/\/itw-technik.de\/fr\/","name":"ITW Industrie-Technik Werth GmbH","description":"Industrie Technik Maschinenbau","potentialAction":[{"@type":"SearchAction","target":{"@type":"EntryPoint","urlTemplate":"https:\/\/itw-technik.de\/fr\/?s={search_term_string}"},"query-input":{"@type":"PropertyValueSpecification","valueRequired":true,"valueName":"search_term_string"}}],"inLanguage":"fr-FR"}]}},"publishpress_future_action":{"enabled":false,"date":"2026-05-08 12:16:21","action":"change-status","newStatus":"draft","terms":[],"taxonomy":"translation_priority","extraData":[]},"publishpress_future_workflow_manual_trigger":{"enabledWorkflows":[]},"_links":{"self":[{"href":"https:\/\/itw-technik.de\/fr\/wp-json\/wp\/v2\/pages\/4134","targetHints":{"allow":["GET"]}}],"collection":[{"href":"https:\/\/itw-technik.de\/fr\/wp-json\/wp\/v2\/pages"}],"about":[{"href":"https:\/\/itw-technik.de\/fr\/wp-json\/wp\/v2\/types\/page"}],"author":[{"embeddable":true,"href":"https:\/\/itw-technik.de\/fr\/wp-json\/wp\/v2\/users\/1"}],"replies":[{"embeddable":true,"href":"https:\/\/itw-technik.de\/fr\/wp-json\/wp\/v2\/comments?post=4134"}],"version-history":[{"count":5,"href":"https:\/\/itw-technik.de\/fr\/wp-json\/wp\/v2\/pages\/4134\/revisions"}],"predecessor-version":[{"id":4144,"href":"https:\/\/itw-technik.de\/fr\/wp-json\/wp\/v2\/pages\/4134\/revisions\/4144"}],"up":[{"embeddable":true,"href":"https:\/\/itw-technik.de\/fr\/wp-json\/wp\/v2\/pages\/4139"}],"wp:attachment":[{"href":"https:\/\/itw-technik.de\/fr\/wp-json\/wp\/v2\/media?parent=4134"}],"curies":[{"name":"wp","href":"https:\/\/api.w.org\/{rel}","templated":true}]}}