{"id":4139,"date":"2018-06-05T07:10:29","date_gmt":"2018-06-05T05:10:29","guid":{"rendered":"https:\/\/itw-technik.de\/?page_id=4139"},"modified":"2021-02-25T11:28:33","modified_gmt":"2021-02-25T10:28:33","slug":"entreprises","status":"publish","type":"page","link":"https:\/\/itw-technik.de\/fr\/entreprises\/","title":{"rendered":"Entreprises"},"content":{"rendered":"<div id=\"pl-4139\"  class=\"panel-layout\" ><div id=\"pg-4139-0\"  class=\"panel-grid panel-has-style\" ><div class=\"siteorigin-panels-stretch panel-row-style panel-row-style-for-4139-0\" data-stretch-type=\"full-stretched\" ><div id=\"pgc-4139-0-0\"  class=\"panel-grid-cell\" ><div id=\"panel-4139-0-0-0\" class=\"so-panel widget widget_sow-editor panel-first-child panel-last-child\" data-index=\"0\" ><div class=\"panel-widget-style panel-widget-style-for-4139-0-0-0\" ><div\n\t\t\t\n\t\t\tclass=\"so-widget-sow-editor so-widget-sow-editor-base\"\n\t\t\t\n\t\t>\n<div class=\"siteorigin-widget-tinymce textwidget\">\n\t<h2 class=\"img-line-3\"><\/h2>\n<\/div>\n<\/div><\/div><\/div><\/div><\/div><\/div><div id=\"pg-4139-1\"  class=\"panel-grid panel-no-style\" ><div id=\"pgc-4139-1-0\"  class=\"panel-grid-cell\" ><div id=\"panel-4139-1-0-0\" class=\"so-panel widget widget_sow-editor panel-first-child\" data-index=\"1\" ><div\n\t\t\t\n\t\t\tclass=\"so-widget-sow-editor so-widget-sow-editor-base\"\n\t\t\t\n\t\t>\n<div class=\"siteorigin-widget-tinymce textwidget\">\n\t<p><img decoding=\"async\" src=\"https:\/\/itw-technik.de\/wp-content\/uploads\/itw-logo-grey-blue-1000px.svg\" alt=\"Logo ITW Industrie-Technik Werth GmbH\" class=\"alignnone size-full wp-image-657\" width=\"80%\" height=\"80%\"\/><\/p>\n<\/div>\n<\/div><\/div><div id=\"panel-4139-1-0-1\" class=\"so-panel widget widget_sow-editor panel-last-child\" data-index=\"2\" ><div\n\t\t\t\n\t\t\tclass=\"so-widget-sow-editor so-widget-sow-editor-base\"\n\t\t\t\n\t\t>\n<div class=\"siteorigin-widget-tinymce textwidget\">\n\t<h2>ITW<\/h2>\n<h3>Une soci\u00e9t\u00e9 qui propose des solutions sur mesures dans le domaine des technologies du conditionnement et des transports, de la production de machines sp\u00e9ciales et de la fabrication de structures en acier ennobli.<\/h3>\n<p>ITW est le partenaire de diverses soci\u00e9t\u00e9s de renom exer\u00e7ant leurs activit\u00e9s dans le domaine des technologies de conditionnement et de la production d'aliments destin\u00e9s aussi bien aux hommes qu'aux animaux. Nous serions heureux de vous compter parmi nos clients satisfaits.<\/p>\n<\/div>\n<\/div><\/div><\/div><div id=\"pgc-4139-1-1\"  class=\"panel-grid-cell\" ><div id=\"panel-4139-1-1-0\" class=\"so-panel widget widget_sow-editor panel-first-child panel-last-child\" data-index=\"3\" ><div\n\t\t\t\n\t\t\tclass=\"so-widget-sow-editor so-widget-sow-editor-base\"\n\t\t\t\n\t\t>\n<div class=\"siteorigin-widget-tinymce textwidget\">\n\t<h2>Objectifs de notre soci\u00e9t\u00e9<\/h2>\n<p>Les principes de la soci\u00e9t\u00e9 ITW Industrie-Technik Werth GmbH qui sont repris ci-dessous repr\u00e9sentent la philosophie et le codex de l'ensemble de l'\u00e9quipe ITW. Ils servent \u00e9galement de notice d\u00e9finissant le comportement \u00e0 adopter et la mani\u00e8re dont les d\u00e9cisions doivent \u00eatre prises dans le cadre des processus quotidiens.<\/p>\n<ul class=\"aufzaehlung\">\n<li>Le fait que tous nos employ\u00e9s aient mis en place une coop\u00e9ration qui est focalis\u00e9e sur l'objectif \u00e0 atteindre est le principal capital de notre soci\u00e9t\u00e9.<\/li>\n<li>Les fondements du succ\u00e8s de notre soci\u00e9t\u00e9 r\u00e9sident dans la qualification et la motivation de nos employ\u00e9s.<\/li>\n<li>Nos clients sont nos partenaires et c'est eux qui d\u00e9cident de la r\u00e9ussite et du succ\u00e8s de notre soci\u00e9t\u00e9. Nous nous devons de r\u00e9pondre \u00e0 leurs attentes par le biais d'une philosophie et d'un codex de comportement qui sont orient\u00e9s vers le client.<\/li>\n<li>Nos services et nos produits doivent procurer des avantages concurrentiels \u00e9vidents et ce, principalement en ce qui concerne la qualit\u00e9 et le respect des d\u00e9lais.<\/li>\n<li>Nos id\u00e9es et notre cr\u00e9ativit\u00e9 nous garantissent un avantage concurrentiel. Cela signifie donc que nous nous devons de constamment trouver de nouvelles id\u00e9es et solutions et que nous devons ensuite tout mettre en \u0153uvre pour les r\u00e9aliser de mani\u00e8re consciencieuse et professionnelle.<\/li>\n<li>Notre objectif est de mettre en place un partenariat de longue dur\u00e9e avec nos fournisseurs. Les conditions sine qua non pour pouvoir y arriver sont les suivantes : \u00eatre efficaces termes de qualit\u00e9, avoir des fournitures qui soient fiables et r\u00e9soudre les probl\u00e8mes de mani\u00e8re optimale.<\/li>\n<\/ul>\n<\/div>\n<\/div><\/div><\/div><\/div><\/div>","protected":false},"excerpt":{"rendered":"<p>ITW Une soci\u00e9t\u00e9 qui propose des solutions sur mesures dans le domaine des technologies du conditionnement et des transports, de la production de machines sp\u00e9ciales et de la fabrication de structures en acier ennobli.ITW est le partenaire de diverses soci\u00e9t\u00e9s de renom exer\u00e7ant leurs activit\u00e9s dans le domaine des technologies de conditionnement et de la [&hellip;]<\/p>\n","protected":false},"author":1,"featured_media":0,"parent":0,"menu_order":0,"comment_status":"closed","ping_status":"closed","template":"","meta":{"footnotes":""},"class_list":["post-4139","page","type-page","status-publish","hentry"],"yoast_head":"<!-- This site is optimized with the Yoast SEO plugin v25.5 - https:\/\/yoast.com\/wordpress\/plugins\/seo\/ -->\n<title>Entreprises - ITW Industrie-Technik Werth GmbH<\/title>\n<meta name=\"robots\" content=\"index, follow, max-snippet:-1, max-image-preview:large, max-video-preview:-1\" \/>\n<link rel=\"canonical\" href=\"https:\/\/itw-technik.de\/fr\/entreprises\/\" \/>\n<meta name=\"twitter:card\" content=\"summary_large_image\" \/>\n<meta name=\"twitter:title\" content=\"Entreprises - ITW Industrie-Technik Werth GmbH\" \/>\n<meta name=\"twitter:description\" content=\"ITW Une soci\u00e9t\u00e9 qui propose des solutions sur mesures dans le domaine des technologies du conditionnement et des transports, de la production de machines sp\u00e9ciales et de la fabrication de structures en acier ennobli.ITW est le partenaire de diverses soci\u00e9t\u00e9s de renom exer\u00e7ant leurs activit\u00e9s dans le domaine des technologies de conditionnement et de la [&hellip;]\" \/>\n<meta name=\"twitter:image\" content=\"https:\/\/itw-technik.de\/wp-content\/uploads\/itw-logo-grey-blue-1000px.svg\" \/>\n<meta name=\"twitter:label1\" content=\"Dur\u00e9e de lecture estim\u00e9e\" \/>\n\t<meta name=\"twitter:data1\" content=\"2 minutes\" \/>\n<script type=\"application\/ld+json\" class=\"yoast-schema-graph\">{\"@context\":\"https:\/\/schema.org\",\"@graph\":[{\"@type\":\"WebPage\",\"@id\":\"https:\/\/itw-technik.de\/fr\/entreprises\/\",\"url\":\"https:\/\/itw-technik.de\/fr\/entreprises\/\",\"name\":\"Entreprises - ITW Industrie-Technik Werth GmbH\",\"isPartOf\":{\"@id\":\"https:\/\/itw-technik.de\/fr\/#website\"},\"primaryImageOfPage\":{\"@id\":\"https:\/\/itw-technik.de\/fr\/entreprises\/#primaryimage\"},\"image\":{\"@id\":\"https:\/\/itw-technik.de\/fr\/entreprises\/#primaryimage\"},\"thumbnailUrl\":\"https:\/\/itw-technik.de\/wp-content\/uploads\/itw-logo-grey-blue-1000px.svg\",\"datePublished\":\"2018-06-05T05:10:29+00:00\",\"dateModified\":\"2021-02-25T10:28:33+00:00\",\"inLanguage\":\"fr-FR\",\"potentialAction\":[{\"@type\":\"ReadAction\",\"target\":[\"https:\/\/itw-technik.de\/fr\/entreprises\/\"]}]},{\"@type\":\"ImageObject\",\"inLanguage\":\"fr-FR\",\"@id\":\"https:\/\/itw-technik.de\/fr\/entreprises\/#primaryimage\",\"url\":\"https:\/\/itw-technik.de\/wp-content\/uploads\/itw-logo-grey-blue-1000px.svg\",\"contentUrl\":\"https:\/\/itw-technik.de\/wp-content\/uploads\/itw-logo-grey-blue-1000px.svg\"},{\"@type\":\"WebSite\",\"@id\":\"https:\/\/itw-technik.de\/fr\/#website\",\"url\":\"https:\/\/itw-technik.de\/fr\/\",\"name\":\"ITW Industrie-Technik Werth GmbH\",\"description\":\"Industrie Technik Maschinenbau\",\"potentialAction\":[{\"@type\":\"SearchAction\",\"target\":{\"@type\":\"EntryPoint\",\"urlTemplate\":\"https:\/\/itw-technik.de\/fr\/?s={search_term_string}\"},\"query-input\":{\"@type\":\"PropertyValueSpecification\",\"valueRequired\":true,\"valueName\":\"search_term_string\"}}],\"inLanguage\":\"fr-FR\"}]}<\/script>\n<!-- \/ Yoast SEO plugin. -->","yoast_head_json":{"title":"Entreprises - ITW Industrie-Technik Werth GmbH","robots":{"index":"index","follow":"follow","max-snippet":"max-snippet:-1","max-image-preview":"max-image-preview:large","max-video-preview":"max-video-preview:-1"},"canonical":"https:\/\/itw-technik.de\/fr\/entreprises\/","twitter_card":"summary_large_image","twitter_title":"Entreprises - ITW Industrie-Technik Werth GmbH","twitter_description":"ITW Une soci\u00e9t\u00e9 qui propose des solutions sur mesures dans le domaine des technologies du conditionnement et des transports, de la production de machines sp\u00e9ciales et de la fabrication de structures en acier ennobli.ITW est le partenaire de diverses soci\u00e9t\u00e9s de renom exer\u00e7ant leurs activit\u00e9s dans le domaine des technologies de conditionnement et de la [&hellip;]","twitter_image":"https:\/\/itw-technik.de\/wp-content\/uploads\/itw-logo-grey-blue-1000px.svg","twitter_misc":{"Dur\u00e9e de lecture estim\u00e9e":"2 minutes"},"schema":{"@context":"https:\/\/schema.org","@graph":[{"@type":"WebPage","@id":"https:\/\/itw-technik.de\/fr\/entreprises\/","url":"https:\/\/itw-technik.de\/fr\/entreprises\/","name":"Entreprises - ITW Industrie-Technik Werth GmbH","isPartOf":{"@id":"https:\/\/itw-technik.de\/fr\/#website"},"primaryImageOfPage":{"@id":"https:\/\/itw-technik.de\/fr\/entreprises\/#primaryimage"},"image":{"@id":"https:\/\/itw-technik.de\/fr\/entreprises\/#primaryimage"},"thumbnailUrl":"https:\/\/itw-technik.de\/wp-content\/uploads\/itw-logo-grey-blue-1000px.svg","datePublished":"2018-06-05T05:10:29+00:00","dateModified":"2021-02-25T10:28:33+00:00","inLanguage":"fr-FR","potentialAction":[{"@type":"ReadAction","target":["https:\/\/itw-technik.de\/fr\/entreprises\/"]}]},{"@type":"ImageObject","inLanguage":"fr-FR","@id":"https:\/\/itw-technik.de\/fr\/entreprises\/#primaryimage","url":"https:\/\/itw-technik.de\/wp-content\/uploads\/itw-logo-grey-blue-1000px.svg","contentUrl":"https:\/\/itw-technik.de\/wp-content\/uploads\/itw-logo-grey-blue-1000px.svg"},{"@type":"WebSite","@id":"https:\/\/itw-technik.de\/fr\/#website","url":"https:\/\/itw-technik.de\/fr\/","name":"ITW Industrie-Technik Werth GmbH","description":"Industrie Technik Maschinenbau","potentialAction":[{"@type":"SearchAction","target":{"@type":"EntryPoint","urlTemplate":"https:\/\/itw-technik.de\/fr\/?s={search_term_string}"},"query-input":{"@type":"PropertyValueSpecification","valueRequired":true,"valueName":"search_term_string"}}],"inLanguage":"fr-FR"}]}},"publishpress_future_action":{"enabled":false,"date":"2026-05-06 15:21:06","action":"change-status","newStatus":"draft","terms":[],"taxonomy":"translation_priority","extraData":[]},"publishpress_future_workflow_manual_trigger":{"enabledWorkflows":[]},"_links":{"self":[{"href":"https:\/\/itw-technik.de\/fr\/wp-json\/wp\/v2\/pages\/4139","targetHints":{"allow":["GET"]}}],"collection":[{"href":"https:\/\/itw-technik.de\/fr\/wp-json\/wp\/v2\/pages"}],"about":[{"href":"https:\/\/itw-technik.de\/fr\/wp-json\/wp\/v2\/types\/page"}],"author":[{"embeddable":true,"href":"https:\/\/itw-technik.de\/fr\/wp-json\/wp\/v2\/users\/1"}],"replies":[{"embeddable":true,"href":"https:\/\/itw-technik.de\/fr\/wp-json\/wp\/v2\/comments?post=4139"}],"version-history":[{"count":4,"href":"https:\/\/itw-technik.de\/fr\/wp-json\/wp\/v2\/pages\/4139\/revisions"}],"predecessor-version":[{"id":4143,"href":"https:\/\/itw-technik.de\/fr\/wp-json\/wp\/v2\/pages\/4139\/revisions\/4143"}],"wp:attachment":[{"href":"https:\/\/itw-technik.de\/fr\/wp-json\/wp\/v2\/media?parent=4139"}],"curies":[{"name":"wp","href":"https:\/\/api.w.org\/{rel}","templated":true}]}}