{"id":4145,"date":"2018-06-07T17:26:17","date_gmt":"2018-06-07T15:26:17","guid":{"rendered":"https:\/\/itw-technik.de\/?page_id=4145"},"modified":"2021-03-16T12:16:26","modified_gmt":"2021-03-16T11:16:26","slug":"partenaires","status":"publish","type":"page","link":"https:\/\/itw-technik.de\/fr\/entreprises\/partenaires\/","title":{"rendered":"Partenaires"},"content":{"rendered":"<div id=\"pl-4145\"  class=\"panel-layout\" ><div id=\"pg-4145-0\"  class=\"panel-grid panel-no-style\" ><div id=\"pgc-4145-0-0\"  class=\"panel-grid-cell\" ><div id=\"panel-4145-0-0-0\" class=\"so-panel widget widget_sow-editor panel-first-child panel-last-child\" data-index=\"0\" ><div\n\t\t\t\n\t\t\tclass=\"so-widget-sow-editor so-widget-sow-editor-base\"\n\t\t\t\n\t\t>\n<div class=\"siteorigin-widget-tinymce textwidget\">\n\t<h2>Nos partenaires<\/h2>\n<h3>Seuls des partenariats solides peuvent garantir votre succ\u00e8s sur le long terme !<\/h3>\n<p>Gr\u00e2ce \u00e0 nos partenaires fiables et comp\u00e9tents, nous pouvons vous garantir un certain savoir-faire dans des domaines de comp\u00e9tences qui ne sont pas nos domaines principaux. C'est pour cela que depuis ses d\u00e9buts, la soci\u00e9t\u00e9 ITW s'appuie sur des partenariats \u00e0 long terme et dignes de confiance.<\/p>\n<\/div>\n<\/div><\/div><\/div><div id=\"pgc-4145-0-1\"  class=\"panel-grid-cell\" ><div id=\"panel-4145-0-1-0\" class=\"so-panel widget widget_sow-editor panel-first-child\" data-index=\"1\" ><div class=\"panel-widget-style panel-widget-style-for-4145-0-1-0\" ><div\n\t\t\t\n\t\t\tclass=\"so-widget-sow-editor so-widget-sow-editor-base\"\n\t\t\t\n\t\t>\n<div class=\"siteorigin-widget-tinymce textwidget\">\n\t<p><a href=\"https:\/\/www.smb-nidda.de\/\" rel=\"noopener noreferrer\" target=\"_blank\"><img loading=\"lazy\" decoding=\"async\" src=\"https:\/\/itw-technik.de\/wp-content\/uploads\/smb-logo-partner-250x150.jpg\" alt=\"Partenaire ITW \u2013 SMB\" class=\"alignnone size-full wp-image-989\" width=\"250\" height=\"150\"\/><\/a><\/p>\n<\/div>\n<\/div><\/div><\/div><div id=\"panel-4145-0-1-1\" class=\"so-panel widget widget_sow-editor\" data-index=\"2\" ><div\n\t\t\t\n\t\t\tclass=\"so-widget-sow-editor so-widget-sow-editor-base\"\n\t\t\t\n\t\t>\n<div class=\"siteorigin-widget-tinymce textwidget\">\n\t<p><strong>SMB GmbH<\/strong> Technologies de contr\u00f4le-commande, automatisation, fabrication d'armoires \u00e9lectriques<\/p>\n<\/div>\n<\/div><\/div><div id=\"panel-4145-0-1-2\" class=\"so-panel widget widget_sow-editor\" data-index=\"3\" ><div class=\"panel-widget-style panel-widget-style-for-4145-0-1-2\" ><div\n\t\t\t\n\t\t\tclass=\"so-widget-sow-editor so-widget-sow-editor-base\"\n\t\t\t\n\t\t>\n<div class=\"siteorigin-widget-tinymce textwidget\">\n\t<p><a href=\"http:\/\/www.kerres-group.de\/\" rel=\"noopener noreferrer\" target=\"_blank\"><img loading=\"lazy\" decoding=\"async\" src=\"https:\/\/itw-technik.de\/wp-content\/uploads\/kerres-group-logo-partner-250x150.jpg\" alt=\"Partenaire ITW \u2013 KERRES Group Anlagensysteme\" class=\"alignnone size-full wp-image-1014\" width=\"250\" height=\"150\"\/><\/a><\/p>\n<\/div>\n<\/div><\/div><\/div><div id=\"panel-4145-0-1-3\" class=\"so-panel widget widget_sow-editor panel-last-child\" data-index=\"4\" ><div\n\t\t\t\n\t\t\tclass=\"so-widget-sow-editor so-widget-sow-editor-base\"\n\t\t\t\n\t\t>\n<div class=\"siteorigin-widget-tinymce textwidget\">\n\t<p><strong>Kerres Anlagensysteme GmbH<\/strong> Syst\u00e8mes de nettoyage de l'air enfum\u00e9<\/p>\n<\/div>\n<\/div><\/div><\/div><div id=\"pgc-4145-0-2\"  class=\"panel-grid-cell\" ><div id=\"panel-4145-0-2-0\" class=\"so-panel widget widget_sow-editor panel-first-child\" data-index=\"5\" ><div class=\"panel-widget-style panel-widget-style-for-4145-0-2-0\" ><div\n\t\t\t\n\t\t\tclass=\"so-widget-sow-editor so-widget-sow-editor-base\"\n\t\t\t\n\t\t>\n<div class=\"siteorigin-widget-tinymce textwidget\">\n\t<p><a href=\"http:\/\/www.wehner-metallbau.de\" rel=\"noopener noreferrer\" target=\"_blank\"><img loading=\"lazy\" decoding=\"async\" src=\"https:\/\/itw-technik.de\/wp-content\/uploads\/wehner-metalltechnik-logo-partner-250x150.jpg\" alt=\"Partenaire ITW \u2013 Wehner Metalltechnik\" class=\"alignnone size-full wp-image-1009\" width=\"250\" height=\"150\"\/><\/a><\/p>\n<\/div>\n<\/div><\/div><\/div><div id=\"panel-4145-0-2-1\" class=\"so-panel widget widget_sow-editor\" data-index=\"6\" ><div\n\t\t\t\n\t\t\tclass=\"so-widget-sow-editor so-widget-sow-editor-base\"\n\t\t\t\n\t\t>\n<div class=\"siteorigin-widget-tinymce textwidget\">\n\t<p><strong>Wehner Metallbau GmbH &amp; Co. KG<\/strong> \u2013 Travail de la t\u00f4le, centre laser et centre d'usinage<\/p>\n<\/div>\n<\/div><\/div><div id=\"panel-4145-0-2-2\" class=\"so-panel widget widget_sow-editor\" data-index=\"7\" ><div class=\"panel-widget-style panel-widget-style-for-4145-0-2-2\" ><div\n\t\t\t\n\t\t\tclass=\"so-widget-sow-editor so-widget-sow-editor-base\"\n\t\t\t\n\t\t>\n<div class=\"siteorigin-widget-tinymce textwidget\">\n\t<p><a href=\"https:\/\/www.smb-fernwald.de\" rel=\"noopener noreferrer\" target=\"_blank\"><img loading=\"lazy\" decoding=\"async\" src=\"https:\/\/itw-technik.de\/wp-content\/uploads\/smb-schroeder-gmbh-logo-partner-250x150.jpg\" alt=\"Partenaire ITW \u2013 SMB Schr\u00f6der GmbH\" class=\"alignnone size-full wp-image-1002\" width=\"250\" height=\"150\"\/><\/a><\/p>\n<\/div>\n<\/div><\/div><\/div><div id=\"panel-4145-0-2-3\" class=\"so-panel widget widget_sow-editor panel-last-child\" data-index=\"8\" ><div\n\t\t\t\n\t\t\tclass=\"so-widget-sow-editor so-widget-sow-editor-base\"\n\t\t\t\n\t\t>\n<div class=\"siteorigin-widget-tinymce textwidget\">\n\t<p><strong>SMB Schr\u00f6der GmbH<\/strong> Comp\u00e9tences dans le domaine des technologies d'usinage<\/p>\n<\/div>\n<\/div><\/div><\/div><div id=\"pgc-4145-0-3\"  class=\"panel-grid-cell\" ><div id=\"panel-4145-0-3-0\" class=\"so-panel widget widget_sow-editor panel-first-child\" data-index=\"9\" ><div class=\"panel-widget-style panel-widget-style-for-4145-0-3-0\" ><div\n\t\t\t\n\t\t\tclass=\"so-widget-sow-editor so-widget-sow-editor-base\"\n\t\t\t\n\t\t>\n<div class=\"siteorigin-widget-tinymce textwidget\">\n\t<p><img loading=\"lazy\" decoding=\"async\" src=\"https:\/\/itw-technik.de\/wp-content\/uploads\/wolfgang-daesch-logo-partner-250x150.jpg\" alt=\"Partenaire ITW \u2013 Wolfgang D\u00e4sch Dreherei\" class=\"alignnone size-full wp-image-1019\" width=\"250\" height=\"150\"\/><\/p>\n<\/div>\n<\/div><\/div><\/div><div id=\"panel-4145-0-3-1\" class=\"so-panel widget widget_sow-editor\" data-index=\"10\" ><div\n\t\t\t\n\t\t\tclass=\"so-widget-sow-editor so-widget-sow-editor-base\"\n\t\t\t\n\t\t>\n<div class=\"siteorigin-widget-tinymce textwidget\">\n\t<p><strong>Wolfgang D\u00e4sch Dreherei<\/strong><br \/>\nTournage, fraisage de pi\u00e8ces de pr\u00e9cision<br \/>\n&nbsp;<\/p>\n<\/div>\n<\/div><\/div><div id=\"panel-4145-0-3-2\" class=\"so-panel widget widget_sow-editor\" data-index=\"11\" ><div class=\"panel-widget-style panel-widget-style-for-4145-0-3-2\" ><div\n\t\t\t\n\t\t\tclass=\"so-widget-sow-editor so-widget-sow-editor-base\"\n\t\t\t\n\t\t>\n<div class=\"siteorigin-widget-tinymce textwidget\">\n\t<p><a href=\"https:\/\/www.apc-tec.de\/\" rel=\"noopener\" target=\"_blank\"><img loading=\"lazy\" decoding=\"async\" src=\"https:\/\/itw-technik.de\/wp-content\/uploads\/apc-tec-logo-partner-250x150-1.png\" alt=\"apc-tec\" width=\"250\" height=\"150\" class=\"alignnone size-full wp-image-4486\" \/><\/a><\/p>\n<\/div>\n<\/div><\/div><\/div><div id=\"panel-4145-0-3-3\" class=\"so-panel widget widget_sow-editor panel-last-child\" data-index=\"12\" ><div\n\t\t\t\n\t\t\tclass=\"so-widget-sow-editor so-widget-sow-editor-base\"\n\t\t\t\n\t\t>\n<div class=\"siteorigin-widget-tinymce textwidget\">\n\t<p><strong>apc-tec GmbH<\/strong><br \/>\nVos experts en impression 3D industrielle!<\/p>\n<\/div>\n<\/div><\/div><\/div><\/div><\/div>","protected":false},"excerpt":{"rendered":"<p>Nos partenaires Seuls des partenariats solides peuvent garantir votre succ\u00e8s sur le long terme !Gr\u00e2ce \u00e0 nos partenaires fiables et comp\u00e9tents, nous pouvons vous garantir un certain savoir-faire dans des domaines de comp\u00e9tences qui ne sont pas nos domaines principaux. C&rsquo;est pour cela que depuis ses d\u00e9buts, la soci\u00e9t\u00e9 ITW s&rsquo;appuie sur des partenariats \u00e0 [&hellip;]<\/p>\n","protected":false},"author":1,"featured_media":0,"parent":4139,"menu_order":0,"comment_status":"closed","ping_status":"closed","template":"","meta":{"footnotes":""},"class_list":["post-4145","page","type-page","status-publish","hentry"],"yoast_head":"<!-- This site is optimized with the Yoast SEO plugin v25.5 - https:\/\/yoast.com\/wordpress\/plugins\/seo\/ -->\n<title>Partenaires - ITW Industrie-Technik Werth GmbH<\/title>\n<meta name=\"robots\" content=\"index, follow, max-snippet:-1, max-image-preview:large, max-video-preview:-1\" \/>\n<link rel=\"canonical\" href=\"https:\/\/itw-technik.de\/fr\/entreprises\/partenaires\/\" \/>\n<meta name=\"twitter:card\" content=\"summary_large_image\" \/>\n<meta name=\"twitter:title\" content=\"Partenaires - ITW Industrie-Technik Werth GmbH\" \/>\n<meta name=\"twitter:description\" content=\"Nos partenaires Seuls des partenariats solides peuvent garantir votre succ\u00e8s sur le long terme !Gr\u00e2ce \u00e0 nos partenaires fiables et comp\u00e9tents, nous pouvons vous garantir un certain savoir-faire dans des domaines de comp\u00e9tences qui ne sont pas nos domaines principaux. C&#039;est pour cela que depuis ses d\u00e9buts, la soci\u00e9t\u00e9 ITW s&#039;appuie sur des partenariats \u00e0 [&hellip;]\" \/>\n<meta name=\"twitter:image\" content=\"https:\/\/itw-technik.de\/wp-content\/uploads\/smb-logo-partner-250x150.jpg\" \/>\n<meta name=\"twitter:label1\" content=\"Dur\u00e9e de lecture estim\u00e9e\" \/>\n\t<meta name=\"twitter:data1\" content=\"1 minute\" \/>\n<script type=\"application\/ld+json\" class=\"yoast-schema-graph\">{\"@context\":\"https:\/\/schema.org\",\"@graph\":[{\"@type\":\"WebPage\",\"@id\":\"https:\/\/itw-technik.de\/fr\/entreprises\/partenaires\/\",\"url\":\"https:\/\/itw-technik.de\/fr\/entreprises\/partenaires\/\",\"name\":\"Partenaires - ITW Industrie-Technik Werth GmbH\",\"isPartOf\":{\"@id\":\"https:\/\/itw-technik.de\/fr\/#website\"},\"primaryImageOfPage\":{\"@id\":\"https:\/\/itw-technik.de\/fr\/entreprises\/partenaires\/#primaryimage\"},\"image\":{\"@id\":\"https:\/\/itw-technik.de\/fr\/entreprises\/partenaires\/#primaryimage\"},\"thumbnailUrl\":\"https:\/\/itw-technik.de\/wp-content\/uploads\/smb-logo-partner-250x150.jpg\",\"datePublished\":\"2018-06-07T15:26:17+00:00\",\"dateModified\":\"2021-03-16T11:16:26+00:00\",\"breadcrumb\":{\"@id\":\"https:\/\/itw-technik.de\/fr\/entreprises\/partenaires\/#breadcrumb\"},\"inLanguage\":\"fr-FR\",\"potentialAction\":[{\"@type\":\"ReadAction\",\"target\":[\"https:\/\/itw-technik.de\/fr\/entreprises\/partenaires\/\"]}]},{\"@type\":\"ImageObject\",\"inLanguage\":\"fr-FR\",\"@id\":\"https:\/\/itw-technik.de\/fr\/entreprises\/partenaires\/#primaryimage\",\"url\":\"https:\/\/itw-technik.de\/wp-content\/uploads\/smb-logo-partner-250x150.jpg\",\"contentUrl\":\"https:\/\/itw-technik.de\/wp-content\/uploads\/smb-logo-partner-250x150.jpg\"},{\"@type\":\"BreadcrumbList\",\"@id\":\"https:\/\/itw-technik.de\/fr\/entreprises\/partenaires\/#breadcrumb\",\"itemListElement\":[{\"@type\":\"ListItem\",\"position\":1,\"name\":\"Entreprises\",\"item\":\"https:\/\/itw-technik.de\/fr\/entreprises\/\"},{\"@type\":\"ListItem\",\"position\":2,\"name\":\"Partenaires\"}]},{\"@type\":\"WebSite\",\"@id\":\"https:\/\/itw-technik.de\/fr\/#website\",\"url\":\"https:\/\/itw-technik.de\/fr\/\",\"name\":\"ITW Industrie-Technik Werth GmbH\",\"description\":\"Industrie Technik Maschinenbau\",\"potentialAction\":[{\"@type\":\"SearchAction\",\"target\":{\"@type\":\"EntryPoint\",\"urlTemplate\":\"https:\/\/itw-technik.de\/fr\/?s={search_term_string}\"},\"query-input\":{\"@type\":\"PropertyValueSpecification\",\"valueRequired\":true,\"valueName\":\"search_term_string\"}}],\"inLanguage\":\"fr-FR\"}]}<\/script>\n<!-- \/ Yoast SEO plugin. -->","yoast_head_json":{"title":"Partenaires - ITW Industrie-Technik Werth GmbH","robots":{"index":"index","follow":"follow","max-snippet":"max-snippet:-1","max-image-preview":"max-image-preview:large","max-video-preview":"max-video-preview:-1"},"canonical":"https:\/\/itw-technik.de\/fr\/entreprises\/partenaires\/","twitter_card":"summary_large_image","twitter_title":"Partenaires - ITW Industrie-Technik Werth GmbH","twitter_description":"Nos partenaires Seuls des partenariats solides peuvent garantir votre succ\u00e8s sur le long terme !Gr\u00e2ce \u00e0 nos partenaires fiables et comp\u00e9tents, nous pouvons vous garantir un certain savoir-faire dans des domaines de comp\u00e9tences qui ne sont pas nos domaines principaux. C'est pour cela que depuis ses d\u00e9buts, la soci\u00e9t\u00e9 ITW s'appuie sur des partenariats \u00e0 [&hellip;]","twitter_image":"https:\/\/itw-technik.de\/wp-content\/uploads\/smb-logo-partner-250x150.jpg","twitter_misc":{"Dur\u00e9e de lecture estim\u00e9e":"1 minute"},"schema":{"@context":"https:\/\/schema.org","@graph":[{"@type":"WebPage","@id":"https:\/\/itw-technik.de\/fr\/entreprises\/partenaires\/","url":"https:\/\/itw-technik.de\/fr\/entreprises\/partenaires\/","name":"Partenaires - ITW Industrie-Technik Werth GmbH","isPartOf":{"@id":"https:\/\/itw-technik.de\/fr\/#website"},"primaryImageOfPage":{"@id":"https:\/\/itw-technik.de\/fr\/entreprises\/partenaires\/#primaryimage"},"image":{"@id":"https:\/\/itw-technik.de\/fr\/entreprises\/partenaires\/#primaryimage"},"thumbnailUrl":"https:\/\/itw-technik.de\/wp-content\/uploads\/smb-logo-partner-250x150.jpg","datePublished":"2018-06-07T15:26:17+00:00","dateModified":"2021-03-16T11:16:26+00:00","breadcrumb":{"@id":"https:\/\/itw-technik.de\/fr\/entreprises\/partenaires\/#breadcrumb"},"inLanguage":"fr-FR","potentialAction":[{"@type":"ReadAction","target":["https:\/\/itw-technik.de\/fr\/entreprises\/partenaires\/"]}]},{"@type":"ImageObject","inLanguage":"fr-FR","@id":"https:\/\/itw-technik.de\/fr\/entreprises\/partenaires\/#primaryimage","url":"https:\/\/itw-technik.de\/wp-content\/uploads\/smb-logo-partner-250x150.jpg","contentUrl":"https:\/\/itw-technik.de\/wp-content\/uploads\/smb-logo-partner-250x150.jpg"},{"@type":"BreadcrumbList","@id":"https:\/\/itw-technik.de\/fr\/entreprises\/partenaires\/#breadcrumb","itemListElement":[{"@type":"ListItem","position":1,"name":"Entreprises","item":"https:\/\/itw-technik.de\/fr\/entreprises\/"},{"@type":"ListItem","position":2,"name":"Partenaires"}]},{"@type":"WebSite","@id":"https:\/\/itw-technik.de\/fr\/#website","url":"https:\/\/itw-technik.de\/fr\/","name":"ITW Industrie-Technik Werth GmbH","description":"Industrie Technik Maschinenbau","potentialAction":[{"@type":"SearchAction","target":{"@type":"EntryPoint","urlTemplate":"https:\/\/itw-technik.de\/fr\/?s={search_term_string}"},"query-input":{"@type":"PropertyValueSpecification","valueRequired":true,"valueName":"search_term_string"}}],"inLanguage":"fr-FR"}]}},"publishpress_future_action":{"enabled":false,"date":"2026-05-06 15:56:58","action":"change-status","newStatus":"draft","terms":[],"taxonomy":"translation_priority","extraData":[]},"publishpress_future_workflow_manual_trigger":{"enabledWorkflows":[]},"_links":{"self":[{"href":"https:\/\/itw-technik.de\/fr\/wp-json\/wp\/v2\/pages\/4145","targetHints":{"allow":["GET"]}}],"collection":[{"href":"https:\/\/itw-technik.de\/fr\/wp-json\/wp\/v2\/pages"}],"about":[{"href":"https:\/\/itw-technik.de\/fr\/wp-json\/wp\/v2\/types\/page"}],"author":[{"embeddable":true,"href":"https:\/\/itw-technik.de\/fr\/wp-json\/wp\/v2\/users\/1"}],"replies":[{"embeddable":true,"href":"https:\/\/itw-technik.de\/fr\/wp-json\/wp\/v2\/comments?post=4145"}],"version-history":[{"count":5,"href":"https:\/\/itw-technik.de\/fr\/wp-json\/wp\/v2\/pages\/4145\/revisions"}],"predecessor-version":[{"id":4503,"href":"https:\/\/itw-technik.de\/fr\/wp-json\/wp\/v2\/pages\/4145\/revisions\/4503"}],"up":[{"embeddable":true,"href":"https:\/\/itw-technik.de\/fr\/wp-json\/wp\/v2\/pages\/4139"}],"wp:attachment":[{"href":"https:\/\/itw-technik.de\/fr\/wp-json\/wp\/v2\/media?parent=4145"}],"curies":[{"name":"wp","href":"https:\/\/api.w.org\/{rel}","templated":true}]}}