{"id":4255,"date":"2018-06-14T04:29:11","date_gmt":"2018-06-14T02:29:11","guid":{"rendered":"https:\/\/itw-technik.de\/?page_id=4255"},"modified":"2021-02-25T18:09:58","modified_gmt":"2021-02-25T17:09:58","slug":"montage-ibn","status":"publish","type":"page","link":"https:\/\/itw-technik.de\/fr\/montage-ibn\/","title":{"rendered":"Montage &#038; IBN"},"content":{"rendered":"<div id=\"pl-4255\"  class=\"panel-layout\" ><div id=\"pg-4255-0\"  class=\"panel-grid panel-has-style\" ><div class=\"siteorigin-panels-stretch panel-row-style panel-row-style-for-4255-0\" data-stretch-type=\"full-stretched\" ><div id=\"pgc-4255-0-0\"  class=\"panel-grid-cell\" ><div id=\"panel-4255-0-0-0\" class=\"so-panel widget widget_sow-editor panel-first-child panel-last-child\" data-index=\"0\" ><div class=\"panel-widget-style panel-widget-style-for-4255-0-0-0\" ><div\n\t\t\t\n\t\t\tclass=\"so-widget-sow-editor so-widget-sow-editor-base\"\n\t\t\t\n\t\t>\n<div class=\"siteorigin-widget-tinymce textwidget\">\n\t<p>&nbsp;<\/p>\n<h2 class=\"img-line\">Montage &amp; IBN<\/h2>\n<\/div>\n<\/div><\/div><\/div><\/div><\/div><\/div><div id=\"pg-4255-1\"  class=\"panel-grid panel-no-style\" ><div id=\"pgc-4255-1-0\"  class=\"panel-grid-cell\" ><div id=\"panel-4255-1-0-0\" class=\"so-panel widget widget_sow-editor panel-first-child panel-last-child\" data-index=\"1\" ><div\n\t\t\t\n\t\t\tclass=\"so-widget-sow-editor so-widget-sow-editor-base\"\n\t\t\t\n\t\t>\n<div class=\"siteorigin-widget-tinymce textwidget\">\n\t<h2>Montage<br \/>\net mise en service<\/h2>\n<h3>Ces op\u00e9rations sont r\u00e9alis\u00e9es sur la base des exigences des clients internes et des clients finals et incluent \u00e9galement une r\u00e9ception \u00ab\u00a0cl\u00e9 en main\u00a0\u00bb.<\/h3>\n<p>Les employ\u00e9s de la soci\u00e9t\u00e9 ITW formeront toujours une \u00e9quipe de montage exp\u00e9riment\u00e9e, comp\u00e9tente et engag\u00e9e. Dans le cas des produits \u00ab\u00a0cl\u00e9 en main\u00a0\u00bb, nous consid\u00e9rons le montage de nos composants et la mise en service comme \u00e9tant des points essentiels et c'est aussi pour cela que nous consacrons une attention toute particuli\u00e8re \u00e0 ces op\u00e9rations. Nous y avons recours non seulement pour les prestations sur nos propres produits, mais il est \u00e9galement possible de les utiliser purement sous forme de service. N'h\u00e9sitez pas \u00e0 nous contacter.<\/p>\n<\/div>\n<\/div><\/div><\/div><div id=\"pgc-4255-1-1\"  class=\"panel-grid-cell\" ><div id=\"panel-4255-1-1-0\" class=\"so-panel widget widget_sow-editor panel-first-child panel-last-child\" data-index=\"2\" ><div\n\t\t\t\n\t\t\tclass=\"so-widget-sow-editor so-widget-sow-editor-base\"\n\t\t\t\n\t\t>\n<div class=\"siteorigin-widget-tinymce textwidget\">\n\t<h3>Services de montage<\/h3>\n<ul class=\"aufzaehlung\">\n<li>d\u00e9m\u00e9nagement de machines et syst\u00e8mes<\/li>\n<li>d\u00e9montage des syst\u00e8mes obsol\u00e8tes<\/li>\n<li>int\u00e9gration dans des machines et syst\u00e8mes<\/li>\n<li>soudage de l'acier ennobli, de l\u2019acier et de l'aluminium<\/li>\n<li>maintenance et travaux de SAV sur les machines<\/li>\n<li>installation \u00e9lectrique<\/li>\n<li>mise en service m\u00e9canique et \u00e9lectrique<\/li>\n<li>programmation des API et des IHM<\/li>\n<li>\u00e9limination et analyse des d\u00e9faillances<\/li>\n<\/ul>\n<\/div>\n<\/div><\/div><\/div><\/div><div id=\"pg-4255-2\"  class=\"panel-grid panel-no-style\" ><div id=\"pgc-4255-2-0\"  class=\"panel-grid-cell\" ><div id=\"panel-4255-2-0-0\" class=\"so-panel widget widget_sow-editor panel-first-child panel-last-child\" data-index=\"3\" ><div id=\"produkte\" class=\"panel-widget-style panel-widget-style-for-4255-2-0-0\" ><div\n\t\t\t\n\t\t\tclass=\"so-widget-sow-editor so-widget-sow-editor-base\"\n\t\t\t\n\t\t>\n<div class=\"siteorigin-widget-tinymce textwidget\">\n\t<h2>Autres produits ITW<\/h2>\n<\/div>\n<\/div><\/div><\/div><\/div><\/div><div id=\"pg-4255-3\"  class=\"panel-grid panel-has-style\" ><div class=\"so-parallax siteorigin-panels-stretch panel-row-style panel-row-style-for-4255-3\" data-stretch-type=\"full-stretched\" ><img fetchpriority=\"high\" decoding=\"async\" width=\"1600\" height=\"800\" src=\"https:\/\/itw-technik.de\/wp-content\/uploads\/itw-sondermaschinen-main-4.jpg\" class=\"attachment-full size-full\" alt=\"ITW - Sondermaschinen\" data-siteorigin-parallax=\"true\" loading=\"eager\" srcset=\"https:\/\/itw-technik.de\/wp-content\/uploads\/itw-sondermaschinen-main-4.jpg 1600w, https:\/\/itw-technik.de\/wp-content\/uploads\/itw-sondermaschinen-main-4-768x384.jpg 768w\" sizes=\"(max-width: 1600px) 100vw, 1600px\" \/><div id=\"pgc-4255-3-0\"  class=\"panel-grid-cell\" ><div id=\"panel-4255-3-0-0\" class=\"so-panel widget widget_sow-editor panel-first-child\" data-index=\"4\" ><div class=\"prod panel-widget-style panel-widget-style-for-4255-3-0-0\" ><div\n\t\t\t\n\t\t\tclass=\"so-widget-sow-editor so-widget-sow-editor-base\"\n\t\t\t\n\t\t>\n<div class=\"siteorigin-widget-tinymce textwidget\">\n\t<h3 style=\"text-align: center;\"><span style=\"color: #000;\"><a href=\"https:\/\/itw-technik.de\/fr\/technologies-de-conditionnement\/\">Technologies de conditionnement<\/a><\/span><\/h3>\n<p>Machine soudant sur quatre c\u00f4t\u00e9s et solutions de conditionnement individuelles<\/p>\n<\/div>\n<\/div><\/div><\/div><div id=\"panel-4255-3-0-1\" class=\"so-panel widget widget_sow-editor\" data-index=\"5\" ><div class=\"prod panel-widget-style panel-widget-style-for-4255-3-0-1\" ><div\n\t\t\t\n\t\t\tclass=\"so-widget-sow-editor so-widget-sow-editor-base\"\n\t\t\t\n\t\t>\n<div class=\"siteorigin-widget-tinymce textwidget\">\n\t<h3 style=\"text-align: center;\"><span style=\"color: #000;\"><a href=\"https:\/\/itw-technik.de\/fr\/convoyeurs-hygieniques\/\">Convoyeurs\u00ad<br \/>\nhygi\u00e9niques<\/a><\/span><\/h3>\n<p>r\u00e9pondant aux exigences et normes les plus strictes (FDA, etc.).<\/p>\n<\/div>\n<\/div><\/div><\/div><div id=\"panel-4255-3-0-2\" class=\"so-panel widget widget_sow-editor panel-last-child\" data-index=\"6\" ><div class=\"prod panel-widget-style panel-widget-style-for-4255-3-0-2\" ><div\n\t\t\t\n\t\t\tclass=\"so-widget-sow-editor so-widget-sow-editor-base\"\n\t\t\t\n\t\t>\n<div class=\"siteorigin-widget-tinymce textwidget\">\n\t<h3 style=\"text-align: center;\"><span style=\"color: #000;\"><a href=\"https:\/\/itw-technik.de\/fr\/dispositifs-de-levage\/\">Dispositifs de<br \/>\nlevage<\/a><\/span><\/h3>\n<p>Plateformes de levage, dispositifs de levage et de basculement<\/p>\n<\/div>\n<\/div><\/div><\/div><\/div><div id=\"pgc-4255-3-1\"  class=\"panel-grid-cell\" ><div id=\"panel-4255-3-1-0\" class=\"so-panel widget widget_sow-editor panel-first-child\" data-index=\"7\" ><div class=\"prod panel-widget-style panel-widget-style-for-4255-3-1-0\" ><div\n\t\t\t\n\t\t\tclass=\"so-widget-sow-editor so-widget-sow-editor-base\"\n\t\t\t\n\t\t>\n<div class=\"siteorigin-widget-tinymce textwidget\">\n\t<h3 style=\"text-align: center;\"><span style=\"color: #000;\"><a href=\"https:\/\/itw-technik.de\/fr\/bandes-de-convoyage\/\">Bandes de convoyage<\/a><\/span><\/h3>\n<p>Divers mod\u00e8les de bandes de convoyage<\/p>\n<\/div>\n<\/div><\/div><\/div><div id=\"panel-4255-3-1-1\" class=\"so-panel widget widget_sow-editor\" data-index=\"8\" ><div class=\"prod panel-widget-style panel-widget-style-for-4255-3-1-1\" ><div\n\t\t\t\n\t\t\tclass=\"so-widget-sow-editor so-widget-sow-editor-base\"\n\t\t\t\n\t\t>\n<div class=\"siteorigin-widget-tinymce textwidget\">\n\t<h3 style=\"text-align: center;\"><span style=\"color: #000;\"><a href=\"https:\/\/itw-technik.de\/fr\/machine-soudant-sur-quatre-cotes-fm\/\/\">Machine soudant sur quatre c\u00f4t\u00e9s FM<\/a><\/span><\/h3>\n<p>Machine d'emballage r\u00e9alisant un sachet plat classique<\/p>\n<\/div>\n<\/div><\/div><\/div><div id=\"panel-4255-3-1-2\" class=\"so-panel widget widget_sow-editor panel-last-child\" data-index=\"9\" ><div class=\"prod panel-widget-style panel-widget-style-for-4255-3-1-2\" ><div\n\t\t\t\n\t\t\tclass=\"so-widget-sow-editor so-widget-sow-editor-base\"\n\t\t\t\n\t\t>\n<div class=\"siteorigin-widget-tinymce textwidget\">\n\t<h3 style=\"text-align: center;\"><span style=\"color: #000;\"><a href=\"https:\/\/itw-technik.de\/fr\/structures-speciales\/\">Structures<br \/>\nsp\u00e9ciales<\/a><\/span><\/h3>\n<p>Ensembles structurels sp\u00e9ciaux, machines et applications sp\u00e9ciales<\/p>\n<\/div>\n<\/div><\/div><\/div><\/div><div id=\"pgc-4255-3-2\"  class=\"panel-grid-cell\" ><div id=\"panel-4255-3-2-0\" class=\"so-panel widget widget_sow-editor panel-first-child\" data-index=\"10\" ><div class=\"prod panel-widget-style panel-widget-style-for-4255-3-2-0\" ><div\n\t\t\t\n\t\t\tclass=\"so-widget-sow-editor so-widget-sow-editor-base\"\n\t\t\t\n\t\t>\n<div class=\"siteorigin-widget-tinymce textwidget\">\n\t<h3 style=\"text-align: center;\"><span style=\"color: #000;\"><a href=\"https:\/\/itw-technik.de\/fr\/bandes-speciales\/\">Bandes sp\u00e9ciales<\/a><\/span><\/h3>\n<p>Con\u00e7ues sp\u00e9cialement pour vos applications<\/p>\n<\/div>\n<\/div><\/div><\/div><div id=\"panel-4255-3-2-1\" class=\"so-panel widget widget_sow-editor\" data-index=\"11\" ><div class=\"prod panel-widget-style panel-widget-style-for-4255-3-2-1\" ><div\n\t\t\t\n\t\t\tclass=\"so-widget-sow-editor so-widget-sow-editor-base\"\n\t\t\t\n\t\t>\n<div class=\"siteorigin-widget-tinymce textwidget\">\n\t<h3 style=\"text-align: center;\"><span style=\"color: #000;\"><a href=\"https:\/\/itw-technik.de\/fr\/technologies-de-convoyeur\/\">Technologies de convoyeur<\/a><\/span><\/h3>\n<p>Des technologies de convoyeur classiques, mais aussi des convoyeurs sp\u00e9ciaux et\/ou hygi\u00e9niques en acier ennobli<\/p>\n<\/div>\n<\/div><\/div><\/div><div id=\"panel-4255-3-2-2\" class=\"so-panel widget widget_sow-editor panel-last-child\" data-index=\"12\" ><div class=\"prod panel-widget-style panel-widget-style-for-4255-3-2-2\" ><div\n\t\t\t\n\t\t\tclass=\"so-widget-sow-editor so-widget-sow-editor-base\"\n\t\t\t\n\t\t>\n<div class=\"siteorigin-widget-tinymce textwidget\">\n\t<h3 style=\"text-align: center;\"><span style=\"color: #000;\"><a href=\"https:\/\/itw-technik.de\/fr\/convoyeurs-a-vis-sans-fin\/\">Convoyeurs \u00e0 vis sans fin<\/a><\/span><\/h3>\n<p>Des convoyeurs \u00e0 vis sans fin verticaux ou transversaux, des convoyeurs \u00e0 vis sans fin en auge, mais aussi des doseurs \u00e0 vis sans fin<\/p>\n<\/div>\n<\/div><\/div><\/div><\/div><div id=\"pgc-4255-3-3\"  class=\"panel-grid-cell\" ><div id=\"panel-4255-3-3-0\" class=\"so-panel widget widget_sow-editor panel-first-child\" data-index=\"13\" ><div class=\"prod panel-widget-style panel-widget-style-for-4255-3-3-0\" ><div\n\t\t\t\n\t\t\tclass=\"so-widget-sow-editor so-widget-sow-editor-base\"\n\t\t\t\n\t\t>\n<div class=\"siteorigin-widget-tinymce textwidget\">\n\t<h3 style=\"text-align: center;\"><span style=\"color: #000;\"><a href=\"https:\/\/itw-technik.de\/fr\/systemes-de-remplissage-et-de-distribution\/\">Syst\u00e8mes de<br \/> remplissage et de<br \/> distribution<\/a><\/span><\/h3>\n<p>Conditionnement dans des emballages en fonction des demandes du client<\/p>\n<\/div>\n<\/div><\/div><\/div><div id=\"panel-4255-3-3-1\" class=\"so-panel widget widget_sow-editor\" data-index=\"14\" ><div class=\"prod panel-widget-style panel-widget-style-for-4255-3-3-1\" ><div\n\t\t\t\n\t\t\tclass=\"so-widget-sow-editor so-widget-sow-editor-base\"\n\t\t\t\n\t\t>\n<div class=\"siteorigin-widget-tinymce textwidget\">\n\t<h3 style=\"text-align: center;\"><span style=\"color: #000;\"><a href=\"https:\/\/itw-technik.de\/fr\/systemes-de-production\/\">Syst\u00e8mes de<br \/>\nproduction<\/a><\/span><\/h3>\n<p>Des solutions sp\u00e9cifiques qui r\u00e9pondent aux besoins du client et de l'industrie<\/p>\n<\/div>\n<\/div><\/div><\/div><div id=\"panel-4255-3-3-2\" class=\"so-panel widget widget_sow-editor panel-last-child\" data-index=\"15\" ><div class=\"prod panel-widget-style panel-widget-style-for-4255-3-3-2\" ><div\n\t\t\t\n\t\t\tclass=\"so-widget-sow-editor so-widget-sow-editor-base\"\n\t\t\t\n\t\t>\n<div class=\"siteorigin-widget-tinymce textwidget\">\n\t<h3 style=\"text-align: center;\"><span style=\"color: #000;\"><a href=\"https:\/\/itw-technik.de\/fr\/systemes-d-approvisionnement\/\">Syst\u00e8mes d'approvisionnement<\/a><\/span><\/h3>\n<p>Des solutions compl\u00e8tes d'approvisionnement d'un produit \u00ab\u00a0cl\u00e9 en main\u00a0\u00bb<\/p>\n<\/div>\n<\/div><\/div><\/div><\/div><div id=\"pgc-4255-3-4\"  class=\"panel-grid-cell\" ><div id=\"panel-4255-3-4-0\" class=\"so-panel widget widget_sow-editor panel-first-child\" data-index=\"16\" ><div class=\"prod panel-widget-style panel-widget-style-for-4255-3-4-0\" ><div\n\t\t\t\n\t\t\tclass=\"so-widget-sow-editor so-widget-sow-editor-base\"\n\t\t\t\n\t\t>\n<div class=\"siteorigin-widget-tinymce textwidget\">\n\t<h3 style=\"text-align: center;\"><span style=\"color: #000;\"><a href=\"https:\/\/itw-technik.de\/fr\/structures-en-acier-ennobli\/\/\">Structures en acier ennobli<\/a><\/span><\/h3>\n<p>Des passerelles, des plateformes et des structures sp\u00e9ciales<\/p>\n<\/div>\n<\/div><\/div><\/div><div id=\"panel-4255-3-4-1\" class=\"so-panel widget widget_sow-editor\" data-index=\"17\" ><div class=\"prod panel-widget-style panel-widget-style-for-4255-3-4-1\" ><div\n\t\t\t\n\t\t\tclass=\"so-widget-sow-editor so-widget-sow-editor-base\"\n\t\t\t\n\t\t>\n<div class=\"siteorigin-widget-tinymce textwidget\">\n\t<h3 style=\"text-align: center;\"><span style=\"color: #000;\"><a href=\"https:\/\/itw-technik.de\/fr\/elevateurs-convoyeurs-verticaux\/\">\u00c9l\u00e9vateurs, convoyeurs<br \/>\nverticaux<\/a><\/span><\/h3>\n<p>Divers mod\u00e8les d'\u00e9l\u00e9vateurs et de convoyeurs verticaux<\/p>\n<\/div>\n<\/div><\/div><\/div><div id=\"panel-4255-3-4-2\" class=\"so-panel widget widget_sow-editor panel-last-child\" data-index=\"18\" ><div class=\"prod panel-widget-style panel-widget-style-for-4255-3-4-2\" ><div\n\t\t\t\n\t\t\tclass=\"so-widget-sow-editor so-widget-sow-editor-base\"\n\t\t\t\n\t\t>\n<div class=\"siteorigin-widget-tinymce textwidget\">\n\t<h3 style=\"text-align: center;\"><span style=\"color: #000;\"><a href=\"https:\/\/itw-technik.de\/fr\/technologies-de-pesage\/\">Technologies de pesage<\/a><\/span><\/h3>\n<p>Des syst\u00e8mes de pesage qui sont aussi destin\u00e9s aux domaines d'utilisation exigeants<\/p>\n<\/div>\n<\/div><\/div><\/div><\/div><\/div><\/div><\/div>","protected":false},"excerpt":{"rendered":"<p>&nbsp; Montage &amp; IBN Montage et mise en service Ces op\u00e9rations sont r\u00e9alis\u00e9es sur la base des exigences des clients internes et des clients finals et incluent \u00e9galement une r\u00e9ception \u00ab\u00a0cl\u00e9 en main\u00a0\u00bb. Les employ\u00e9s de la soci\u00e9t\u00e9 ITW formeront toujours une \u00e9quipe de montage exp\u00e9riment\u00e9e, comp\u00e9tente et engag\u00e9e. Dans le cas des produits \u00ab\u00a0cl\u00e9 [&hellip;]<\/p>\n","protected":false},"author":1,"featured_media":0,"parent":0,"menu_order":0,"comment_status":"closed","ping_status":"closed","template":"","meta":{"footnotes":""},"class_list":["post-4255","page","type-page","status-publish","hentry"],"yoast_head":"<!-- This site is optimized with the Yoast SEO plugin v25.5 - https:\/\/yoast.com\/wordpress\/plugins\/seo\/ -->\n<title>Montage &amp; IBN - ITW Industrie-Technik Werth GmbH<\/title>\n<meta name=\"robots\" content=\"index, follow, max-snippet:-1, max-image-preview:large, max-video-preview:-1\" \/>\n<link rel=\"canonical\" href=\"https:\/\/itw-technik.de\/fr\/montage-ibn\/\" \/>\n<meta name=\"twitter:card\" content=\"summary_large_image\" \/>\n<meta name=\"twitter:title\" content=\"Montage &amp; IBN - ITW Industrie-Technik Werth GmbH\" \/>\n<meta name=\"twitter:description\" content=\"&nbsp; Montage &amp; IBN Montage et mise en service Ces op\u00e9rations sont r\u00e9alis\u00e9es sur la base des exigences des clients internes et des clients finals et incluent \u00e9galement une r\u00e9ception \u00ab\u00a0cl\u00e9 en main\u00a0\u00bb. Les employ\u00e9s de la soci\u00e9t\u00e9 ITW formeront toujours une \u00e9quipe de montage exp\u00e9riment\u00e9e, comp\u00e9tente et engag\u00e9e. Dans le cas des produits \u00ab\u00a0cl\u00e9 [&hellip;]\" \/>\n<meta name=\"twitter:label1\" content=\"Dur\u00e9e de lecture estim\u00e9e\" \/>\n\t<meta name=\"twitter:data1\" content=\"2 minutes\" \/>\n<script type=\"application\/ld+json\" class=\"yoast-schema-graph\">{\"@context\":\"https:\/\/schema.org\",\"@graph\":[{\"@type\":\"WebPage\",\"@id\":\"https:\/\/itw-technik.de\/fr\/montage-ibn\/\",\"url\":\"https:\/\/itw-technik.de\/fr\/montage-ibn\/\",\"name\":\"Montage & IBN - ITW Industrie-Technik Werth GmbH\",\"isPartOf\":{\"@id\":\"https:\/\/itw-technik.de\/fr\/#website\"},\"datePublished\":\"2018-06-14T02:29:11+00:00\",\"dateModified\":\"2021-02-25T17:09:58+00:00\",\"inLanguage\":\"fr-FR\",\"potentialAction\":[{\"@type\":\"ReadAction\",\"target\":[\"https:\/\/itw-technik.de\/fr\/montage-ibn\/\"]}]},{\"@type\":\"WebSite\",\"@id\":\"https:\/\/itw-technik.de\/fr\/#website\",\"url\":\"https:\/\/itw-technik.de\/fr\/\",\"name\":\"ITW Industrie-Technik Werth GmbH\",\"description\":\"Industrie Technik Maschinenbau\",\"potentialAction\":[{\"@type\":\"SearchAction\",\"target\":{\"@type\":\"EntryPoint\",\"urlTemplate\":\"https:\/\/itw-technik.de\/fr\/?s={search_term_string}\"},\"query-input\":{\"@type\":\"PropertyValueSpecification\",\"valueRequired\":true,\"valueName\":\"search_term_string\"}}],\"inLanguage\":\"fr-FR\"}]}<\/script>\n<!-- \/ Yoast SEO plugin. -->","yoast_head_json":{"title":"Montage & IBN - ITW Industrie-Technik Werth GmbH","robots":{"index":"index","follow":"follow","max-snippet":"max-snippet:-1","max-image-preview":"max-image-preview:large","max-video-preview":"max-video-preview:-1"},"canonical":"https:\/\/itw-technik.de\/fr\/montage-ibn\/","twitter_card":"summary_large_image","twitter_title":"Montage & IBN - ITW Industrie-Technik Werth GmbH","twitter_description":"&nbsp; Montage &amp; IBN Montage et mise en service Ces op\u00e9rations sont r\u00e9alis\u00e9es sur la base des exigences des clients internes et des clients finals et incluent \u00e9galement une r\u00e9ception \u00ab\u00a0cl\u00e9 en main\u00a0\u00bb. Les employ\u00e9s de la soci\u00e9t\u00e9 ITW formeront toujours une \u00e9quipe de montage exp\u00e9riment\u00e9e, comp\u00e9tente et engag\u00e9e. Dans le cas des produits \u00ab\u00a0cl\u00e9 [&hellip;]","twitter_misc":{"Dur\u00e9e de lecture estim\u00e9e":"2 minutes"},"schema":{"@context":"https:\/\/schema.org","@graph":[{"@type":"WebPage","@id":"https:\/\/itw-technik.de\/fr\/montage-ibn\/","url":"https:\/\/itw-technik.de\/fr\/montage-ibn\/","name":"Montage & IBN - ITW Industrie-Technik Werth GmbH","isPartOf":{"@id":"https:\/\/itw-technik.de\/fr\/#website"},"datePublished":"2018-06-14T02:29:11+00:00","dateModified":"2021-02-25T17:09:58+00:00","inLanguage":"fr-FR","potentialAction":[{"@type":"ReadAction","target":["https:\/\/itw-technik.de\/fr\/montage-ibn\/"]}]},{"@type":"WebSite","@id":"https:\/\/itw-technik.de\/fr\/#website","url":"https:\/\/itw-technik.de\/fr\/","name":"ITW Industrie-Technik Werth GmbH","description":"Industrie Technik Maschinenbau","potentialAction":[{"@type":"SearchAction","target":{"@type":"EntryPoint","urlTemplate":"https:\/\/itw-technik.de\/fr\/?s={search_term_string}"},"query-input":{"@type":"PropertyValueSpecification","valueRequired":true,"valueName":"search_term_string"}}],"inLanguage":"fr-FR"}]}},"publishpress_future_action":{"enabled":false,"date":"2026-05-10 15:43:24","action":"change-status","newStatus":"draft","terms":[],"taxonomy":"translation_priority","extraData":[]},"publishpress_future_workflow_manual_trigger":{"enabledWorkflows":[]},"_links":{"self":[{"href":"https:\/\/itw-technik.de\/fr\/wp-json\/wp\/v2\/pages\/4255","targetHints":{"allow":["GET"]}}],"collection":[{"href":"https:\/\/itw-technik.de\/fr\/wp-json\/wp\/v2\/pages"}],"about":[{"href":"https:\/\/itw-technik.de\/fr\/wp-json\/wp\/v2\/types\/page"}],"author":[{"embeddable":true,"href":"https:\/\/itw-technik.de\/fr\/wp-json\/wp\/v2\/users\/1"}],"replies":[{"embeddable":true,"href":"https:\/\/itw-technik.de\/fr\/wp-json\/wp\/v2\/comments?post=4255"}],"version-history":[{"count":5,"href":"https:\/\/itw-technik.de\/fr\/wp-json\/wp\/v2\/pages\/4255\/revisions"}],"predecessor-version":[{"id":4458,"href":"https:\/\/itw-technik.de\/fr\/wp-json\/wp\/v2\/pages\/4255\/revisions\/4458"}],"wp:attachment":[{"href":"https:\/\/itw-technik.de\/fr\/wp-json\/wp\/v2\/media?parent=4255"}],"curies":[{"name":"wp","href":"https:\/\/api.w.org\/{rel}","templated":true}]}}