{"id":4291,"date":"2018-06-14T03:39:29","date_gmt":"2018-06-14T01:39:29","guid":{"rendered":"https:\/\/itw-technik.de\/?page_id=4291"},"modified":"2021-02-25T18:15:50","modified_gmt":"2021-02-25T17:15:50","slug":"technologies-de-controle-commande","status":"publish","type":"page","link":"https:\/\/itw-technik.de\/fr\/technologies-de-controle-commande\/","title":{"rendered":"Technologies de contr\u00f4le-commande"},"content":{"rendered":"<div id=\"pl-4291\"  class=\"panel-layout\" ><div id=\"pg-4291-0\"  class=\"panel-grid panel-has-style\" ><div class=\"siteorigin-panels-stretch panel-row-style panel-row-style-for-4291-0\" data-stretch-type=\"full-stretched\" ><div id=\"pgc-4291-0-0\"  class=\"panel-grid-cell\" ><div id=\"panel-4291-0-0-0\" class=\"so-panel widget widget_sow-editor panel-first-child panel-last-child\" data-index=\"0\" ><div class=\"panel-widget-style panel-widget-style-for-4291-0-0-0\" ><div\n\t\t\t\n\t\t\tclass=\"so-widget-sow-editor so-widget-sow-editor-base\"\n\t\t\t\n\t\t>\n<div class=\"siteorigin-widget-tinymce textwidget\">\n\t<h2 class=\"img-line\">Technologies de contr\u00f4le-commande<\/h2>\n<\/div>\n<\/div><\/div><\/div><\/div><\/div><\/div><div id=\"pg-4291-1\"  class=\"panel-grid panel-no-style\" ><div id=\"pgc-4291-1-0\"  class=\"panel-grid-cell\" ><div id=\"panel-4291-1-0-0\" class=\"so-panel widget widget_sow-editor panel-first-child panel-last-child\" data-index=\"1\" ><div\n\t\t\t\n\t\t\tclass=\"so-widget-sow-editor so-widget-sow-editor-base\"\n\t\t\t\n\t\t>\n<div class=\"siteorigin-widget-tinymce textwidget\">\n\t<h2>Technologies de contr\u00f4le-commande<\/h2>\n<h3>Des technologies de contr\u00f4le-commande modernes et adapt\u00e9es aux utilisateurs gr\u00e2ce \u00e0 une interface homme-machine (IHM)<\/h3>\n<p>Disposer de technologies de gestion modernes et efficaces est absolument indispensable pour une industrie m\u00e9canique innovante et moderne. C'est pour cela qu'avec nos partenaires (voir ci-dessous), nous mettons ensemble \u00e0 votre disposition une \u00e9quipe comp\u00e9tente et exp\u00e9riment\u00e9e. D'une commande minimaliste des bandes \u00e0 une gestion Hi-tech des machines ayant une interface homme-machine (IHM). De nos jours, l'interface utilisateur (IHM) est un aspect tr\u00e8s important car l'interface homme-machine doit \u00eatre simple et claire. En cas de besoin, cela inclura les syst\u00e8mes de gestion des donn\u00e9es (MDE\/BDE) et les syst\u00e8mes de contr\u00f4le-commande (capteurs de cam\u00e9ra, etc.).<\/p>\n<ul class=\"aufzaehlung\">\n<li>syst\u00e8me de contr\u00f4le-commande Siemens S7300 et S71200<\/li>\n<li>IHM avec panneau tactile<\/li>\n<li>haute sp\u00e9cialisation et exp\u00e9rience dans la programmation et la mise en service<\/li>\n<li>EPlan et ECad<\/li>\n<li>gestion des donn\u00e9es ou syst\u00e8me BDE que nous avons nous-m\u00eames mis au point<\/li>\n<li>radio-identification RFID et syst\u00e8mes de contr\u00f4le-commande (capteur de cam\u00e9ra)<\/li>\n<li>gestion des utilisateurs (\u00e9galement par le biais d'une RFID)<\/li>\n<\/ul>\n<p>C'est pour cela que la soci\u00e9t\u00e9 ITW dispose de technologies de contr\u00f4le-commande innovantes et transparentes, int\u00e9grant une ing\u00e9nieuse interface homme-machine (IHM) et un logiciel.<\/p>\n<\/div>\n<\/div><\/div><\/div><div id=\"pgc-4291-1-1\"  class=\"panel-grid-cell\" ><div id=\"panel-4291-1-1-0\" class=\"so-panel widget widget_sow-editor panel-first-child panel-last-child\" data-index=\"2\" ><div\n\t\t\t\n\t\t\tclass=\"so-widget-sow-editor so-widget-sow-editor-base\"\n\t\t\t\n\t\t>\n<div class=\"siteorigin-widget-tinymce textwidget\">\n\t<p><img loading=\"lazy\" decoding=\"async\" src=\"https:\/\/itw-technik.de\/wp-content\/uploads\/itw-steuerungstechnik-HMI3.jpg\" alt=\"ITW Industrie-Technik Werth GmbH \u2013 Technologies de contr\u00f4le-commande\" class=\"alignnone size-full wp-image-1697\" width=\"800\" height=\"493\" srcset=\"https:\/\/itw-technik.de\/wp-content\/uploads\/itw-steuerungstechnik-HMI3.jpg 800w, https:\/\/itw-technik.de\/wp-content\/uploads\/itw-steuerungstechnik-HMI3-768x473.jpg 768w\" sizes=\"auto, (max-width: 800px) 100vw, 800px\" \/><\/p>\n<\/div>\n<\/div><\/div><\/div><div id=\"pgc-4291-1-2\"  class=\"panel-grid-cell\" ><div id=\"panel-4291-1-2-0\" class=\"so-panel widget widget_sow-editor panel-first-child panel-last-child\" data-index=\"3\" ><div\n\t\t\t\n\t\t\tclass=\"so-widget-sow-editor so-widget-sow-editor-base\"\n\t\t\t\n\t\t>\n<div class=\"siteorigin-widget-tinymce textwidget\">\n\t<p><img loading=\"lazy\" decoding=\"async\" src=\"https:\/\/itw-technik.de\/wp-content\/uploads\/itw-steuerungstechnik-HMI2.jpg\" alt=\"ITW Industrie-Technik Werth GmbH \u2013 Technologies de contr\u00f4le-commande\" class=\"alignnone size-full wp-image-1698\" width=\"800\" height=\"482\" srcset=\"https:\/\/itw-technik.de\/wp-content\/uploads\/itw-steuerungstechnik-HMI2.jpg 800w, https:\/\/itw-technik.de\/wp-content\/uploads\/itw-steuerungstechnik-HMI2-768x463.jpg 768w\" sizes=\"auto, (max-width: 800px) 100vw, 800px\" \/><\/p>\n<\/div>\n<\/div><\/div><\/div><div id=\"pgc-4291-1-3\"  class=\"panel-grid-cell\" ><div id=\"panel-4291-1-3-0\" class=\"so-panel widget widget_sow-editor panel-first-child panel-last-child\" data-index=\"4\" ><div\n\t\t\t\n\t\t\tclass=\"so-widget-sow-editor so-widget-sow-editor-base\"\n\t\t\t\n\t\t>\n<div class=\"siteorigin-widget-tinymce textwidget\">\n\t<p><img loading=\"lazy\" decoding=\"async\" src=\"https:\/\/itw-technik.de\/wp-content\/uploads\/itw-steuerungstechnik-HMI-0.jpg\" alt=\"ITW Industrie-Technik Werth GmbH \u2013 Technologies de contr\u00f4le-commande\" class=\"alignnone size-full wp-image-1699\" width=\"800\" height=\"583\" srcset=\"https:\/\/itw-technik.de\/wp-content\/uploads\/itw-steuerungstechnik-HMI-0.jpg 800w, https:\/\/itw-technik.de\/wp-content\/uploads\/itw-steuerungstechnik-HMI-0-768x560.jpg 768w\" sizes=\"auto, (max-width: 800px) 100vw, 800px\" \/><\/p>\n<\/div>\n<\/div><\/div><\/div><\/div><div id=\"pg-4291-2\"  class=\"panel-grid panel-no-style\" ><div id=\"pgc-4291-2-0\"  class=\"panel-grid-cell\" ><div id=\"panel-4291-2-0-0\" class=\"so-panel widget widget_sow-editor panel-first-child panel-last-child\" data-index=\"5\" ><div\n\t\t\t\n\t\t\tclass=\"so-widget-sow-editor so-widget-sow-editor-base\"\n\t\t\t\n\t\t>\n<div class=\"siteorigin-widget-tinymce textwidget\">\n\t<h2>Notre partenaire<\/h2>\n<\/div>\n<\/div><\/div><\/div><\/div><div id=\"pg-4291-3\"  class=\"panel-grid panel-no-style\" ><div id=\"pgc-4291-3-0\"  class=\"panel-grid-cell\" ><div id=\"panel-4291-3-0-0\" class=\"so-panel widget widget_sow-editor panel-first-child panel-last-child\" data-index=\"6\" ><div class=\"panel-widget-style panel-widget-style-for-4291-3-0-0\" ><div\n\t\t\t\n\t\t\tclass=\"so-widget-sow-editor so-widget-sow-editor-base\"\n\t\t\t\n\t\t>\n<div class=\"siteorigin-widget-tinymce textwidget\">\n\t<p><a href=\"https:\/\/www.smb-nidda.de\/\" rel=\"noopener\" target=\"_blank\"><img loading=\"lazy\" decoding=\"async\" src=\"https:\/\/itw-technik.de\/wp-content\/uploads\/smb-logo-partner-250x150.jpg\" alt=\"Partenaire ITW \u2013 SMB GmbH\" class=\"alignnone size-full wp-image-989\" width=\"250\" height=\"150\"\/><\/a><\/p>\n<\/div>\n<\/div><\/div><\/div><\/div><div id=\"pgc-4291-3-1\"  class=\"panel-grid-cell\" ><div id=\"panel-4291-3-1-0\" class=\"so-panel widget widget_sow-editor panel-first-child panel-last-child\" data-index=\"7\" ><div\n\t\t\t\n\t\t\tclass=\"so-widget-sow-editor so-widget-sow-editor-base\"\n\t\t\t\n\t\t>\n<div class=\"siteorigin-widget-tinymce textwidget\">\n\t<p><strong>SMB GmbH<\/strong> Technologies de contr\u00f4le-commande, automatisation, fabrication d'armoires \u00e9lectriques<\/p>\n<\/div>\n<\/div><\/div><\/div><div id=\"pgc-4291-3-2\"  class=\"panel-grid-cell panel-grid-cell-empty\" ><\/div><div id=\"pgc-4291-3-3\"  class=\"panel-grid-cell panel-grid-cell-empty\" ><\/div><div id=\"pgc-4291-3-4\"  class=\"panel-grid-cell panel-grid-cell-empty panel-grid-cell-mobile-last\" ><\/div><div id=\"pgc-4291-3-5\"  class=\"panel-grid-cell panel-grid-cell-empty\" ><\/div><\/div><div id=\"pg-4291-4\"  class=\"panel-grid panel-no-style\" ><div id=\"pgc-4291-4-0\"  class=\"panel-grid-cell\" ><div id=\"panel-4291-4-0-0\" class=\"so-panel widget widget_sow-editor panel-first-child panel-last-child\" data-index=\"8\" ><div id=\"produkte\" class=\"panel-widget-style panel-widget-style-for-4291-4-0-0\" ><div\n\t\t\t\n\t\t\tclass=\"so-widget-sow-editor so-widget-sow-editor-base\"\n\t\t\t\n\t\t>\n<div class=\"siteorigin-widget-tinymce textwidget\">\n\t<h2>Autres produits ITW<\/h2>\n<\/div>\n<\/div><\/div><\/div><\/div><\/div><div id=\"pg-4291-5\"  class=\"panel-grid panel-has-style\" ><div class=\"so-parallax siteorigin-panels-stretch panel-row-style panel-row-style-for-4291-5\" data-stretch-type=\"full-stretched\" ><img fetchpriority=\"high\" decoding=\"async\" width=\"1600\" height=\"800\" src=\"https:\/\/itw-technik.de\/wp-content\/uploads\/itw-sondermaschinen-main-4.jpg\" class=\"attachment-full size-full\" alt=\"ITW - Sondermaschinen\" data-siteorigin-parallax=\"true\" loading=\"eager\" srcset=\"https:\/\/itw-technik.de\/wp-content\/uploads\/itw-sondermaschinen-main-4.jpg 1600w, https:\/\/itw-technik.de\/wp-content\/uploads\/itw-sondermaschinen-main-4-768x384.jpg 768w\" sizes=\"(max-width: 1600px) 100vw, 1600px\" \/><div id=\"pgc-4291-5-0\"  class=\"panel-grid-cell\" ><div id=\"panel-4291-5-0-0\" class=\"so-panel widget widget_sow-editor panel-first-child\" data-index=\"9\" ><div class=\"prod panel-widget-style panel-widget-style-for-4291-5-0-0\" ><div\n\t\t\t\n\t\t\tclass=\"so-widget-sow-editor so-widget-sow-editor-base\"\n\t\t\t\n\t\t>\n<div class=\"siteorigin-widget-tinymce textwidget\">\n\t<h3 style=\"text-align: center;\"><span style=\"color: #000;\"><a href=\"https:\/\/itw-technik.de\/fr\/technologies-de-conditionnement\/\">Technologies de conditionnement<\/a><\/span><\/h3>\n<p>Machine soudant sur quatre c\u00f4t\u00e9s et solutions de conditionnement individuelles<\/p>\n<\/div>\n<\/div><\/div><\/div><div id=\"panel-4291-5-0-1\" class=\"so-panel widget widget_sow-editor\" data-index=\"10\" ><div class=\"prod panel-widget-style panel-widget-style-for-4291-5-0-1\" ><div\n\t\t\t\n\t\t\tclass=\"so-widget-sow-editor so-widget-sow-editor-base\"\n\t\t\t\n\t\t>\n<div class=\"siteorigin-widget-tinymce textwidget\">\n\t<h3 style=\"text-align: center;\"><span style=\"color: #000;\"><a href=\"https:\/\/itw-technik.de\/fr\/convoyeurs-hygieniques\/\">Convoyeurs\u00ad<br \/>\nhygi\u00e9niques<\/a><\/span><\/h3>\n<p>r\u00e9pondant aux exigences et normes les plus strictes (FDA, etc.).<\/p>\n<\/div>\n<\/div><\/div><\/div><div id=\"panel-4291-5-0-2\" class=\"so-panel widget widget_sow-editor panel-last-child\" data-index=\"11\" ><div class=\"prod panel-widget-style panel-widget-style-for-4291-5-0-2\" ><div\n\t\t\t\n\t\t\tclass=\"so-widget-sow-editor so-widget-sow-editor-base\"\n\t\t\t\n\t\t>\n<div class=\"siteorigin-widget-tinymce textwidget\">\n\t<h3 style=\"text-align: center;\"><span style=\"color: #000;\"><a href=\"https:\/\/itw-technik.de\/fr\/dispositifs-de-levage\/\">Dispositifs de<br \/>\nlevage<\/a><\/span><\/h3>\n<p>Plateformes de levage, dispositifs de levage et de basculement<\/p>\n<\/div>\n<\/div><\/div><\/div><\/div><div id=\"pgc-4291-5-1\"  class=\"panel-grid-cell\" ><div id=\"panel-4291-5-1-0\" class=\"so-panel widget widget_sow-editor panel-first-child\" data-index=\"12\" ><div class=\"prod panel-widget-style panel-widget-style-for-4291-5-1-0\" ><div\n\t\t\t\n\t\t\tclass=\"so-widget-sow-editor so-widget-sow-editor-base\"\n\t\t\t\n\t\t>\n<div class=\"siteorigin-widget-tinymce textwidget\">\n\t<h3 style=\"text-align: center;\"><span style=\"color: #000;\"><a href=\"https:\/\/itw-technik.de\/fr\/bandes-de-convoyage\/\">Bandes de convoyage<\/a><\/span><\/h3>\n<p>Divers mod\u00e8les de bandes de convoyage<\/p>\n<\/div>\n<\/div><\/div><\/div><div id=\"panel-4291-5-1-1\" class=\"so-panel widget widget_sow-editor\" data-index=\"13\" ><div class=\"prod panel-widget-style panel-widget-style-for-4291-5-1-1\" ><div\n\t\t\t\n\t\t\tclass=\"so-widget-sow-editor so-widget-sow-editor-base\"\n\t\t\t\n\t\t>\n<div class=\"siteorigin-widget-tinymce textwidget\">\n\t<h3 style=\"text-align: center;\"><span style=\"color: #000;\"><a href=\"https:\/\/itw-technik.de\/fr\/machine-soudant-sur-quatre-cotes-fm\/\/\">Machine soudant sur quatre c\u00f4t\u00e9s FM<\/a><\/span><\/h3>\n<p>Machine d'emballage r\u00e9alisant un sachet plat classique<\/p>\n<\/div>\n<\/div><\/div><\/div><div id=\"panel-4291-5-1-2\" class=\"so-panel widget widget_sow-editor panel-last-child\" data-index=\"14\" ><div class=\"prod panel-widget-style panel-widget-style-for-4291-5-1-2\" ><div\n\t\t\t\n\t\t\tclass=\"so-widget-sow-editor so-widget-sow-editor-base\"\n\t\t\t\n\t\t>\n<div class=\"siteorigin-widget-tinymce textwidget\">\n\t<h3 style=\"text-align: center;\"><span style=\"color: #000;\"><a href=\"https:\/\/itw-technik.de\/fr\/structures-speciales\/\">Structures<br \/>\nsp\u00e9ciales<\/a><\/span><\/h3>\n<p>Ensembles structurels sp\u00e9ciaux, machines et applications sp\u00e9ciales<\/p>\n<\/div>\n<\/div><\/div><\/div><\/div><div id=\"pgc-4291-5-2\"  class=\"panel-grid-cell\" ><div id=\"panel-4291-5-2-0\" class=\"so-panel widget widget_sow-editor panel-first-child\" data-index=\"15\" ><div class=\"prod panel-widget-style panel-widget-style-for-4291-5-2-0\" ><div\n\t\t\t\n\t\t\tclass=\"so-widget-sow-editor so-widget-sow-editor-base\"\n\t\t\t\n\t\t>\n<div class=\"siteorigin-widget-tinymce textwidget\">\n\t<h3 style=\"text-align: center;\"><span style=\"color: #000;\"><a href=\"https:\/\/itw-technik.de\/fr\/bandes-speciales\/\">Bandes sp\u00e9ciales<\/a><\/span><\/h3>\n<p>Con\u00e7ues sp\u00e9cialement pour vos applications<\/p>\n<\/div>\n<\/div><\/div><\/div><div id=\"panel-4291-5-2-1\" class=\"so-panel widget widget_sow-editor\" data-index=\"16\" ><div class=\"prod panel-widget-style panel-widget-style-for-4291-5-2-1\" ><div\n\t\t\t\n\t\t\tclass=\"so-widget-sow-editor so-widget-sow-editor-base\"\n\t\t\t\n\t\t>\n<div class=\"siteorigin-widget-tinymce textwidget\">\n\t<h3 style=\"text-align: center;\"><span style=\"color: #000;\"><a href=\"https:\/\/itw-technik.de\/fr\/technologies-de-convoyeur\/\">Technologies de convoyeur<\/a><\/span><\/h3>\n<p>Des technologies de convoyeur classiques, mais aussi des convoyeurs sp\u00e9ciaux et\/ou hygi\u00e9niques en acier ennobli<\/p>\n<\/div>\n<\/div><\/div><\/div><div id=\"panel-4291-5-2-2\" class=\"so-panel widget widget_sow-editor panel-last-child\" data-index=\"17\" ><div class=\"prod panel-widget-style panel-widget-style-for-4291-5-2-2\" ><div\n\t\t\t\n\t\t\tclass=\"so-widget-sow-editor so-widget-sow-editor-base\"\n\t\t\t\n\t\t>\n<div class=\"siteorigin-widget-tinymce textwidget\">\n\t<h3 style=\"text-align: center;\"><span style=\"color: #000;\"><a href=\"https:\/\/itw-technik.de\/fr\/convoyeurs-a-vis-sans-fin\/\">Convoyeurs \u00e0 vis sans fin<\/a><\/span><\/h3>\n<p>Des convoyeurs \u00e0 vis sans fin verticaux ou transversaux, des convoyeurs \u00e0 vis sans fin en auge, mais aussi des doseurs \u00e0 vis sans fin<\/p>\n<\/div>\n<\/div><\/div><\/div><\/div><div id=\"pgc-4291-5-3\"  class=\"panel-grid-cell\" ><div id=\"panel-4291-5-3-0\" class=\"so-panel widget widget_sow-editor panel-first-child\" data-index=\"18\" ><div class=\"prod panel-widget-style panel-widget-style-for-4291-5-3-0\" ><div\n\t\t\t\n\t\t\tclass=\"so-widget-sow-editor so-widget-sow-editor-base\"\n\t\t\t\n\t\t>\n<div class=\"siteorigin-widget-tinymce textwidget\">\n\t<h3 style=\"text-align: center;\"><span style=\"color: #000;\"><a href=\"https:\/\/itw-technik.de\/fr\/systemes-de-remplissage-et-de-distribution\/\">Syst\u00e8mes de<br \/> remplissage et de<br \/> distribution<\/a><\/span><\/h3>\n<p>Conditionnement dans des emballages en fonction des demandes du client<\/p>\n<\/div>\n<\/div><\/div><\/div><div id=\"panel-4291-5-3-1\" class=\"so-panel widget widget_sow-editor\" data-index=\"19\" ><div class=\"prod panel-widget-style panel-widget-style-for-4291-5-3-1\" ><div\n\t\t\t\n\t\t\tclass=\"so-widget-sow-editor so-widget-sow-editor-base\"\n\t\t\t\n\t\t>\n<div class=\"siteorigin-widget-tinymce textwidget\">\n\t<h3 style=\"text-align: center;\"><span style=\"color: #000;\"><a href=\"https:\/\/itw-technik.de\/fr\/systemes-de-production\/\">Syst\u00e8mes de<br \/>\nproduction<\/a><\/span><\/h3>\n<p>Des solutions sp\u00e9cifiques qui r\u00e9pondent aux besoins du client et de l'industrie<\/p>\n<\/div>\n<\/div><\/div><\/div><div id=\"panel-4291-5-3-2\" class=\"so-panel widget widget_sow-editor panel-last-child\" data-index=\"20\" ><div class=\"prod panel-widget-style panel-widget-style-for-4291-5-3-2\" ><div\n\t\t\t\n\t\t\tclass=\"so-widget-sow-editor so-widget-sow-editor-base\"\n\t\t\t\n\t\t>\n<div class=\"siteorigin-widget-tinymce textwidget\">\n\t<h3 style=\"text-align: center;\"><span style=\"color: #000;\"><a href=\"https:\/\/itw-technik.de\/fr\/systemes-d-approvisionnement\/\">Syst\u00e8mes d'approvisionnement<\/a><\/span><\/h3>\n<p>Des solutions compl\u00e8tes d'approvisionnement d'un produit \u00ab\u00a0cl\u00e9 en main\u00a0\u00bb<\/p>\n<\/div>\n<\/div><\/div><\/div><\/div><div id=\"pgc-4291-5-4\"  class=\"panel-grid-cell\" ><div id=\"panel-4291-5-4-0\" class=\"so-panel widget widget_sow-editor panel-first-child\" data-index=\"21\" ><div class=\"prod panel-widget-style panel-widget-style-for-4291-5-4-0\" ><div\n\t\t\t\n\t\t\tclass=\"so-widget-sow-editor so-widget-sow-editor-base\"\n\t\t\t\n\t\t>\n<div class=\"siteorigin-widget-tinymce textwidget\">\n\t<h3 style=\"text-align: center;\"><span style=\"color: #000;\"><a href=\"https:\/\/itw-technik.de\/fr\/structures-en-acier-ennobli\/\/\">Structures en acier ennobli<\/a><\/span><\/h3>\n<p>Des passerelles, des plateformes et des structures sp\u00e9ciales<\/p>\n<\/div>\n<\/div><\/div><\/div><div id=\"panel-4291-5-4-1\" class=\"so-panel widget widget_sow-editor\" data-index=\"22\" ><div class=\"prod panel-widget-style panel-widget-style-for-4291-5-4-1\" ><div\n\t\t\t\n\t\t\tclass=\"so-widget-sow-editor so-widget-sow-editor-base\"\n\t\t\t\n\t\t>\n<div class=\"siteorigin-widget-tinymce textwidget\">\n\t<h3 style=\"text-align: center;\"><span style=\"color: #000;\"><a href=\"https:\/\/itw-technik.de\/fr\/elevateurs-convoyeurs-verticaux\/\">\u00c9l\u00e9vateurs, convoyeurs<br \/>\nverticaux<\/a><\/span><\/h3>\n<p>Divers mod\u00e8les d'\u00e9l\u00e9vateurs et de convoyeurs verticaux<\/p>\n<\/div>\n<\/div><\/div><\/div><div id=\"panel-4291-5-4-2\" class=\"so-panel widget widget_sow-editor panel-last-child\" data-index=\"23\" ><div class=\"prod panel-widget-style panel-widget-style-for-4291-5-4-2\" ><div\n\t\t\t\n\t\t\tclass=\"so-widget-sow-editor so-widget-sow-editor-base\"\n\t\t\t\n\t\t>\n<div class=\"siteorigin-widget-tinymce textwidget\">\n\t<h3 style=\"text-align: center;\"><span style=\"color: #000;\"><a href=\"https:\/\/itw-technik.de\/fr\/technologies-de-pesage\/\">Technologies de pesage<\/a><\/span><\/h3>\n<p>Des syst\u00e8mes de pesage qui sont aussi destin\u00e9s aux domaines d'utilisation exigeants<\/p>\n<\/div>\n<\/div><\/div><\/div><\/div><\/div><\/div><\/div>","protected":false},"excerpt":{"rendered":"<p>Technologies de contr\u00f4le-commande Technologies de contr\u00f4le-commande Des technologies de contr\u00f4le-commande modernes et adapt\u00e9es aux utilisateurs gr\u00e2ce \u00e0 une interface homme-machine (IHM)Disposer de technologies de gestion modernes et efficaces est absolument indispensable pour une industrie m\u00e9canique innovante et moderne. C&rsquo;est pour cela qu&rsquo;avec nos partenaires (voir ci-dessous), nous mettons ensemble \u00e0 votre disposition une \u00e9quipe comp\u00e9tente [&hellip;]<\/p>\n","protected":false},"author":1,"featured_media":0,"parent":0,"menu_order":0,"comment_status":"closed","ping_status":"closed","template":"","meta":{"footnotes":""},"class_list":["post-4291","page","type-page","status-publish","hentry"],"yoast_head":"<!-- This site is optimized with the Yoast SEO plugin v25.5 - https:\/\/yoast.com\/wordpress\/plugins\/seo\/ -->\n<title>Technologies de contr\u00f4le-commande - ITW Industrie-Technik Werth GmbH<\/title>\n<meta name=\"robots\" content=\"index, follow, max-snippet:-1, max-image-preview:large, max-video-preview:-1\" \/>\n<link rel=\"canonical\" href=\"https:\/\/itw-technik.de\/fr\/technologies-de-controle-commande\/\" \/>\n<meta name=\"twitter:card\" content=\"summary_large_image\" \/>\n<meta name=\"twitter:title\" content=\"Technologies de contr\u00f4le-commande - ITW Industrie-Technik Werth GmbH\" \/>\n<meta name=\"twitter:description\" content=\"Technologies de contr\u00f4le-commande Technologies de contr\u00f4le-commande Des technologies de contr\u00f4le-commande modernes et adapt\u00e9es aux utilisateurs gr\u00e2ce \u00e0 une interface homme-machine (IHM)Disposer de technologies de gestion modernes et efficaces est absolument indispensable pour une industrie m\u00e9canique innovante et moderne. C&#039;est pour cela qu&#039;avec nos partenaires (voir ci-dessous), nous mettons ensemble \u00e0 votre disposition une \u00e9quipe comp\u00e9tente [&hellip;]\" \/>\n<meta name=\"twitter:image\" content=\"https:\/\/itw-technik.de\/wp-content\/uploads\/itw-steuerungstechnik-HMI3.jpg\" \/>\n<meta name=\"twitter:label1\" content=\"Dur\u00e9e de lecture estim\u00e9e\" \/>\n\t<meta name=\"twitter:data1\" content=\"2 minutes\" \/>\n<script type=\"application\/ld+json\" class=\"yoast-schema-graph\">{\"@context\":\"https:\/\/schema.org\",\"@graph\":[{\"@type\":\"WebPage\",\"@id\":\"https:\/\/itw-technik.de\/fr\/technologies-de-controle-commande\/\",\"url\":\"https:\/\/itw-technik.de\/fr\/technologies-de-controle-commande\/\",\"name\":\"Technologies de contr\u00f4le-commande - ITW Industrie-Technik Werth GmbH\",\"isPartOf\":{\"@id\":\"https:\/\/itw-technik.de\/fr\/#website\"},\"primaryImageOfPage\":{\"@id\":\"https:\/\/itw-technik.de\/fr\/technologies-de-controle-commande\/#primaryimage\"},\"image\":{\"@id\":\"https:\/\/itw-technik.de\/fr\/technologies-de-controle-commande\/#primaryimage\"},\"thumbnailUrl\":\"https:\/\/itw-technik.de\/wp-content\/uploads\/itw-steuerungstechnik-HMI3.jpg\",\"datePublished\":\"2018-06-14T01:39:29+00:00\",\"dateModified\":\"2021-02-25T17:15:50+00:00\",\"inLanguage\":\"fr-FR\",\"potentialAction\":[{\"@type\":\"ReadAction\",\"target\":[\"https:\/\/itw-technik.de\/fr\/technologies-de-controle-commande\/\"]}]},{\"@type\":\"ImageObject\",\"inLanguage\":\"fr-FR\",\"@id\":\"https:\/\/itw-technik.de\/fr\/technologies-de-controle-commande\/#primaryimage\",\"url\":\"https:\/\/itw-technik.de\/wp-content\/uploads\/itw-steuerungstechnik-HMI3.jpg\",\"contentUrl\":\"https:\/\/itw-technik.de\/wp-content\/uploads\/itw-steuerungstechnik-HMI3.jpg\"},{\"@type\":\"WebSite\",\"@id\":\"https:\/\/itw-technik.de\/fr\/#website\",\"url\":\"https:\/\/itw-technik.de\/fr\/\",\"name\":\"ITW Industrie-Technik Werth GmbH\",\"description\":\"Industrie Technik Maschinenbau\",\"potentialAction\":[{\"@type\":\"SearchAction\",\"target\":{\"@type\":\"EntryPoint\",\"urlTemplate\":\"https:\/\/itw-technik.de\/fr\/?s={search_term_string}\"},\"query-input\":{\"@type\":\"PropertyValueSpecification\",\"valueRequired\":true,\"valueName\":\"search_term_string\"}}],\"inLanguage\":\"fr-FR\"}]}<\/script>\n<!-- \/ Yoast SEO plugin. -->","yoast_head_json":{"title":"Technologies de contr\u00f4le-commande - ITW Industrie-Technik Werth GmbH","robots":{"index":"index","follow":"follow","max-snippet":"max-snippet:-1","max-image-preview":"max-image-preview:large","max-video-preview":"max-video-preview:-1"},"canonical":"https:\/\/itw-technik.de\/fr\/technologies-de-controle-commande\/","twitter_card":"summary_large_image","twitter_title":"Technologies de contr\u00f4le-commande - ITW Industrie-Technik Werth GmbH","twitter_description":"Technologies de contr\u00f4le-commande Technologies de contr\u00f4le-commande Des technologies de contr\u00f4le-commande modernes et adapt\u00e9es aux utilisateurs gr\u00e2ce \u00e0 une interface homme-machine (IHM)Disposer de technologies de gestion modernes et efficaces est absolument indispensable pour une industrie m\u00e9canique innovante et moderne. C'est pour cela qu'avec nos partenaires (voir ci-dessous), nous mettons ensemble \u00e0 votre disposition une \u00e9quipe comp\u00e9tente [&hellip;]","twitter_image":"https:\/\/itw-technik.de\/wp-content\/uploads\/itw-steuerungstechnik-HMI3.jpg","twitter_misc":{"Dur\u00e9e de lecture estim\u00e9e":"2 minutes"},"schema":{"@context":"https:\/\/schema.org","@graph":[{"@type":"WebPage","@id":"https:\/\/itw-technik.de\/fr\/technologies-de-controle-commande\/","url":"https:\/\/itw-technik.de\/fr\/technologies-de-controle-commande\/","name":"Technologies de contr\u00f4le-commande - ITW Industrie-Technik Werth GmbH","isPartOf":{"@id":"https:\/\/itw-technik.de\/fr\/#website"},"primaryImageOfPage":{"@id":"https:\/\/itw-technik.de\/fr\/technologies-de-controle-commande\/#primaryimage"},"image":{"@id":"https:\/\/itw-technik.de\/fr\/technologies-de-controle-commande\/#primaryimage"},"thumbnailUrl":"https:\/\/itw-technik.de\/wp-content\/uploads\/itw-steuerungstechnik-HMI3.jpg","datePublished":"2018-06-14T01:39:29+00:00","dateModified":"2021-02-25T17:15:50+00:00","inLanguage":"fr-FR","potentialAction":[{"@type":"ReadAction","target":["https:\/\/itw-technik.de\/fr\/technologies-de-controle-commande\/"]}]},{"@type":"ImageObject","inLanguage":"fr-FR","@id":"https:\/\/itw-technik.de\/fr\/technologies-de-controle-commande\/#primaryimage","url":"https:\/\/itw-technik.de\/wp-content\/uploads\/itw-steuerungstechnik-HMI3.jpg","contentUrl":"https:\/\/itw-technik.de\/wp-content\/uploads\/itw-steuerungstechnik-HMI3.jpg"},{"@type":"WebSite","@id":"https:\/\/itw-technik.de\/fr\/#website","url":"https:\/\/itw-technik.de\/fr\/","name":"ITW Industrie-Technik Werth GmbH","description":"Industrie Technik Maschinenbau","potentialAction":[{"@type":"SearchAction","target":{"@type":"EntryPoint","urlTemplate":"https:\/\/itw-technik.de\/fr\/?s={search_term_string}"},"query-input":{"@type":"PropertyValueSpecification","valueRequired":true,"valueName":"search_term_string"}}],"inLanguage":"fr-FR"}]}},"publishpress_future_action":{"enabled":false,"date":"2026-05-10 15:45:56","action":"change-status","newStatus":"draft","terms":[],"taxonomy":"translation_priority","extraData":[]},"publishpress_future_workflow_manual_trigger":{"enabledWorkflows":[]},"_links":{"self":[{"href":"https:\/\/itw-technik.de\/fr\/wp-json\/wp\/v2\/pages\/4291","targetHints":{"allow":["GET"]}}],"collection":[{"href":"https:\/\/itw-technik.de\/fr\/wp-json\/wp\/v2\/pages"}],"about":[{"href":"https:\/\/itw-technik.de\/fr\/wp-json\/wp\/v2\/types\/page"}],"author":[{"embeddable":true,"href":"https:\/\/itw-technik.de\/fr\/wp-json\/wp\/v2\/users\/1"}],"replies":[{"embeddable":true,"href":"https:\/\/itw-technik.de\/fr\/wp-json\/wp\/v2\/comments?post=4291"}],"version-history":[{"count":4,"href":"https:\/\/itw-technik.de\/fr\/wp-json\/wp\/v2\/pages\/4291\/revisions"}],"predecessor-version":[{"id":4469,"href":"https:\/\/itw-technik.de\/fr\/wp-json\/wp\/v2\/pages\/4291\/revisions\/4469"}],"wp:attachment":[{"href":"https:\/\/itw-technik.de\/fr\/wp-json\/wp\/v2\/media?parent=4291"}],"curies":[{"name":"wp","href":"https:\/\/api.w.org\/{rel}","templated":true}]}}