{"id":4302,"date":"2018-06-06T16:04:38","date_gmt":"2018-06-06T14:04:38","guid":{"rendered":"https:\/\/itw-technik.de\/?page_id=4302"},"modified":"2021-11-19T16:12:20","modified_gmt":"2021-11-19T15:12:20","slug":"videos-itw","status":"publish","type":"page","link":"https:\/\/itw-technik.de\/fr\/videos-itw\/","title":{"rendered":"Vid\u00e9os ITW"},"content":{"rendered":"<div id=\"pl-4302\"  class=\"panel-layout\" ><div id=\"pg-4302-0\"  class=\"panel-grid panel-no-style\" ><div id=\"pgc-4302-0-0\"  class=\"panel-grid-cell\" ><div id=\"panel-4302-0-0-0\" class=\"so-panel widget widget_sow-editor panel-first-child panel-last-child\" data-index=\"0\" ><div\n\t\t\t\n\t\t\tclass=\"so-widget-sow-editor so-widget-sow-editor-base\"\n\t\t\t\n\t\t>\n<div class=\"siteorigin-widget-tinymce textwidget\">\n\t<h2>Vid\u00e9os ITW<\/h2>\n<p>Ci-dessous, vous trouverez plusieurs vid\u00e9os traitant de notre palette de services. Le film Image ITW vous montrera le profil de notre soci\u00e9t\u00e9. Toutes les autres vid\u00e9os vous procureront un aper\u00e7u plus d\u00e9taill\u00e9es des solutions adapt\u00e9es aux besoins de nos clients qui sont actifs dans le domaine des technologies du conditionnement et des transports, de la production de machines sp\u00e9ciales et de la fabrication de structures en acier ennobli.<\/p>\n<\/div>\n<\/div><\/div><\/div><\/div><div id=\"pg-4302-1\"  class=\"panel-grid panel-no-style\" ><div id=\"pgc-4302-1-0\"  class=\"panel-grid-cell\" ><div id=\"panel-4302-1-0-0\" class=\"so-panel widget widget_sow-editor panel-first-child panel-last-child\" data-index=\"1\" ><div\n\t\t\t\n\t\t\tclass=\"so-widget-sow-editor so-widget-sow-editor-base\"\n\t\t\t\n\t\t>\n<div class=\"siteorigin-widget-tinymce textwidget\">\n\t<h2>Film Image ITW<\/h2>\n<p>Ce film vous vous r\u00e9sumera nos secteurs d'activit\u00e9s, nos m\u00e9thodes de travail et les objectifs de la soci\u00e9t\u00e9.<\/p>\n<\/div>\n<\/div><\/div><\/div><div id=\"pgc-4302-1-1\"  class=\"panel-grid-cell\" ><div id=\"panel-4302-1-1-0\" class=\"so-panel widget widget_sow-editor panel-first-child panel-last-child\" data-index=\"2\" ><div\n\t\t\t\n\t\t\tclass=\"so-widget-sow-editor so-widget-sow-editor-base\"\n\t\t\t\n\t\t>\n<div class=\"siteorigin-widget-tinymce textwidget\">\n\t<div style=\"width: 730px;\" class=\"wp-video\"><!--[if lt IE 9]><script>document.createElement('video');<\/script><![endif]-->\n<video class=\"wp-video-shortcode\" id=\"video-4302-1\" width=\"730\" height=\"386\" preload=\"metadata\" controls=\"controls\"><source type=\"video\/mp4\" src=\"https:\/\/itw-technik.de\/wp-content\/videos\/itw-imagefilm-fr-v.mp4?_=1\" \/><a href=\"https:\/\/itw-technik.de\/wp-content\/videos\/itw-imagefilm-fr-v.mp4\">https:\/\/itw-technik.de\/wp-content\/videos\/itw-imagefilm-fr-v.mp4<\/a><\/video><\/div>\n<\/div>\n<\/div><\/div><\/div><\/div><div id=\"pg-4302-2\"  class=\"panel-grid panel-no-style\" ><div id=\"pgc-4302-2-0\"  class=\"panel-grid-cell\" ><div id=\"panel-4302-2-0-0\" class=\"so-panel widget widget_sow-editor panel-first-child panel-last-child\" data-index=\"3\" ><div\n\t\t\t\n\t\t\tclass=\"so-widget-sow-editor so-widget-sow-editor-base\"\n\t\t\t\n\t\t>\n<div class=\"siteorigin-widget-tinymce textwidget\">\n\t<h2>ITW FM 250<\/h2>\n<h3>Machine d'emballage r\u00e9alisant un sachet plat classique<\/h3>\n<\/div>\n<\/div><\/div><\/div><div id=\"pgc-4302-2-1\"  class=\"panel-grid-cell\" ><div id=\"panel-4302-2-1-0\" class=\"so-panel widget widget_sow-editor panel-first-child panel-last-child\" data-index=\"4\" ><div\n\t\t\t\n\t\t\tclass=\"so-widget-sow-editor so-widget-sow-editor-base\"\n\t\t\t\n\t\t>\n<div class=\"siteorigin-widget-tinymce textwidget\">\n\t<div style=\"width: 730px;\" class=\"wp-video\"><video class=\"wp-video-shortcode\" id=\"video-4302-2\" width=\"730\" height=\"386\" preload=\"metadata\" controls=\"controls\"><source type=\"video\/mp4\" src=\"https:\/\/itw-technik.de\/wp-content\/videos\/itw-vierrandsiegelmaschine-fm250.mp4?_=2\" \/><a href=\"https:\/\/itw-technik.de\/wp-content\/videos\/itw-vierrandsiegelmaschine-fm250.mp4\">https:\/\/itw-technik.de\/wp-content\/videos\/itw-vierrandsiegelmaschine-fm250.mp4<\/a><\/video><\/div>\n<\/div>\n<\/div><\/div><\/div><\/div><div id=\"pg-4302-3\"  class=\"panel-grid panel-no-style\" ><div id=\"pgc-4302-3-0\"  class=\"panel-grid-cell\" ><div id=\"panel-4302-3-0-0\" class=\"so-panel widget widget_sow-editor panel-first-child panel-last-child\" data-index=\"5\" ><div\n\t\t\t\n\t\t\tclass=\"so-widget-sow-editor so-widget-sow-editor-base\"\n\t\t\t\n\t\t>\n<div class=\"siteorigin-widget-tinymce textwidget\">\n\t<h2>Technologies de pesage ITW<\/h2>\n<h3>Aper\u00e7u des produits trait\u00e9s par nos syst\u00e8mes et composants de pesage<\/h3>\n<p>Technologies de pesage \u2013 Sp\u00e9cialement mises au point pour des domaines d'utilisation exigeants. Cette gamme de produits a \u00e9t\u00e9 sp\u00e9cialement con\u00e7ue pour peser des denr\u00e9es alimentaires compliqu\u00e9es telles que des aliments mous, collants ou fragiles. Outre des aliments tels que des prunes, du fromage frais, des noix, des friandises, des fruits fra\u00eechement coup\u00e9s, des fruits de mer, des l\u00e9gumes r\u00e2p\u00e9s, etc., il sera \u00e9galement possible de peser tous les types de granul\u00e9s ou de produits \u00e0 la pi\u00e8ce.<\/p>\n<\/div>\n<\/div><\/div><\/div><div id=\"pgc-4302-3-1\"  class=\"panel-grid-cell\" ><div id=\"panel-4302-3-1-0\" class=\"so-panel widget widget_sow-editor panel-first-child panel-last-child\" data-index=\"6\" ><div\n\t\t\t\n\t\t\tclass=\"so-widget-sow-editor so-widget-sow-editor-base\"\n\t\t\t\n\t\t>\n<div class=\"siteorigin-widget-tinymce textwidget\">\n\t<div style=\"width: 720px;\" class=\"wp-video\"><video class=\"wp-video-shortcode\" id=\"video-4302-3\" width=\"720\" preload=\"metadata\" controls=\"controls\"><source type=\"video\/mp4\" src=\"https:\/\/itw-technik.de\/wp-content\/videos\/itw-wiegetechnik-1.mp4?_=3\" \/><a href=\"https:\/\/itw-technik.de\/wp-content\/videos\/itw-wiegetechnik-1.mp4\">https:\/\/itw-technik.de\/wp-content\/videos\/itw-wiegetechnik-1.mp4<\/a><\/video><\/div>\n<\/div>\n<\/div><\/div><\/div><\/div><div id=\"pg-4302-4\"  class=\"panel-grid panel-no-style\" ><div id=\"pgc-4302-4-0\"  class=\"panel-grid-cell\" ><div id=\"panel-4302-4-0-0\" class=\"so-panel widget widget_sow-editor panel-first-child panel-last-child\" data-index=\"7\" ><div\n\t\t\t\n\t\t\tclass=\"so-widget-sow-editor so-widget-sow-editor-base\"\n\t\t\t\n\t\t>\n<div class=\"siteorigin-widget-tinymce textwidget\">\n\t<h2>ITW Syst\u00e8me de compensation<\/h2>\n<\/div>\n<\/div><\/div><\/div><div id=\"pgc-4302-4-1\"  class=\"panel-grid-cell\" ><div id=\"panel-4302-4-1-0\" class=\"so-panel widget widget_sow-editor panel-first-child panel-last-child\" data-index=\"8\" ><div\n\t\t\t\n\t\t\tclass=\"so-widget-sow-editor so-widget-sow-editor-base\"\n\t\t\t\n\t\t>\n<div class=\"siteorigin-widget-tinymce textwidget\">\n\t<div style=\"width: 720px;\" class=\"wp-video\"><video class=\"wp-video-shortcode\" id=\"video-4302-4\" width=\"720\" preload=\"metadata\" controls=\"controls\"><source type=\"video\/mp4\" src=\"https:\/\/itw-technik.de\/wp-content\/videos\/itw-pv2-abraeumanlage-straenge.mp4?_=4\" \/><a href=\"https:\/\/itw-technik.de\/wp-content\/videos\/itw-pv2-abraeumanlage-straenge.mp4\">https:\/\/itw-technik.de\/wp-content\/videos\/itw-pv2-abraeumanlage-straenge.mp4<\/a><\/video><\/div>\n<\/div>\n<\/div><\/div><\/div><\/div><div id=\"pg-4302-5\"  class=\"panel-grid panel-no-style\" ><div id=\"pgc-4302-5-0\"  class=\"panel-grid-cell\" ><div id=\"panel-4302-5-0-0\" class=\"so-panel widget widget_sow-editor panel-first-child panel-last-child\" data-index=\"9\" ><div\n\t\t\t\n\t\t\tclass=\"so-widget-sow-editor so-widget-sow-editor-base\"\n\t\t\t\n\t\t>\n<div class=\"siteorigin-widget-tinymce textwidget\">\n\t<h2>ITW Pes\u00e9e lin\u00e9aire<\/h2>\n<\/div>\n<\/div><\/div><\/div><div id=\"pgc-4302-5-1\"  class=\"panel-grid-cell\" ><div id=\"panel-4302-5-1-0\" class=\"so-panel widget widget_sow-editor panel-first-child panel-last-child\" data-index=\"10\" ><div\n\t\t\t\n\t\t\tclass=\"so-widget-sow-editor so-widget-sow-editor-base\"\n\t\t\t\n\t\t>\n<div class=\"siteorigin-widget-tinymce textwidget\">\n\t<div style=\"width: 720px;\" class=\"wp-video\"><video class=\"wp-video-shortcode\" id=\"video-4302-5\" width=\"720\" preload=\"metadata\" controls=\"controls\"><source type=\"video\/mp4\" src=\"https:\/\/itw-technik.de\/wp-content\/videos\/itw-linearwaage1-wiegetechnik.mp4?_=5\" \/><a href=\"https:\/\/itw-technik.de\/wp-content\/videos\/itw-linearwaage1-wiegetechnik.mp4\">https:\/\/itw-technik.de\/wp-content\/videos\/itw-linearwaage1-wiegetechnik.mp4<\/a><\/video><\/div>\n<\/div>\n<\/div><\/div><\/div><\/div><div id=\"pg-4302-6\"  class=\"panel-grid panel-no-style\" ><div id=\"pgc-4302-6-0\"  class=\"panel-grid-cell\" ><div id=\"panel-4302-6-0-0\" class=\"so-panel widget widget_sow-editor panel-first-child panel-last-child\" data-index=\"11\" ><div\n\t\t\t\n\t\t\tclass=\"so-widget-sow-editor so-widget-sow-editor-base\"\n\t\t\t\n\t\t>\n<div class=\"siteorigin-widget-tinymce textwidget\">\n\t<h2>ITW Remplisseur de canettes<\/h2>\n<\/div>\n<\/div><\/div><\/div><div id=\"pgc-4302-6-1\"  class=\"panel-grid-cell\" ><div id=\"panel-4302-6-1-0\" class=\"so-panel widget widget_sow-editor panel-first-child panel-last-child\" data-index=\"12\" ><div\n\t\t\t\n\t\t\tclass=\"so-widget-sow-editor so-widget-sow-editor-base\"\n\t\t\t\n\t\t>\n<div class=\"siteorigin-widget-tinymce textwidget\">\n\t<div style=\"width: 720px;\" class=\"wp-video\"><video class=\"wp-video-shortcode\" id=\"video-4302-6\" width=\"720\" preload=\"metadata\" controls=\"controls\"><source type=\"video\/mp4\" src=\"https:\/\/itw-technik.de\/wp-content\/videos\/itw-dosenfueller-mit-linearwaage.mp4?_=6\" \/><a href=\"https:\/\/itw-technik.de\/wp-content\/videos\/itw-dosenfueller-mit-linearwaage.mp4\">https:\/\/itw-technik.de\/wp-content\/videos\/itw-dosenfueller-mit-linearwaage.mp4<\/a><\/video><\/div>\n<\/div>\n<\/div><\/div><\/div><\/div><\/div>","protected":false},"excerpt":{"rendered":"<p>Vid\u00e9os ITW Ci-dessous, vous trouverez plusieurs vid\u00e9os traitant de notre palette de services. Le film Image ITW vous montrera le profil de notre soci\u00e9t\u00e9. Toutes les autres vid\u00e9os vous procureront un aper\u00e7u plus d\u00e9taill\u00e9es des solutions adapt\u00e9es aux besoins de nos clients qui sont actifs dans le domaine des technologies du conditionnement et des transports, [&hellip;]<\/p>\n","protected":false},"author":1,"featured_media":0,"parent":0,"menu_order":0,"comment_status":"closed","ping_status":"closed","template":"","meta":{"footnotes":""},"class_list":["post-4302","page","type-page","status-publish","hentry"],"yoast_head":"<!-- This site is optimized with the Yoast SEO plugin v25.5 - https:\/\/yoast.com\/wordpress\/plugins\/seo\/ -->\n<title>Vid\u00e9os ITW - ITW Industrie-Technik Werth GmbH<\/title>\n<meta name=\"robots\" content=\"index, follow, max-snippet:-1, max-image-preview:large, max-video-preview:-1\" \/>\n<link rel=\"canonical\" href=\"https:\/\/itw-technik.de\/fr\/videos-itw\/\" \/>\n<meta name=\"twitter:card\" content=\"summary_large_image\" \/>\n<meta name=\"twitter:title\" content=\"Vid\u00e9os ITW - ITW Industrie-Technik Werth GmbH\" \/>\n<meta name=\"twitter:description\" content=\"Vid\u00e9os ITW Ci-dessous, vous trouverez plusieurs vid\u00e9os traitant de notre palette de services. Le film Image ITW vous montrera le profil de notre soci\u00e9t\u00e9. Toutes les autres vid\u00e9os vous procureront un aper\u00e7u plus d\u00e9taill\u00e9es des solutions adapt\u00e9es aux besoins de nos clients qui sont actifs dans le domaine des technologies du conditionnement et des transports, [&hellip;]\" \/>\n<meta name=\"twitter:label1\" content=\"Dur\u00e9e de lecture estim\u00e9e\" \/>\n\t<meta name=\"twitter:data1\" content=\"2 minutes\" \/>\n<script type=\"application\/ld+json\" class=\"yoast-schema-graph\">{\"@context\":\"https:\/\/schema.org\",\"@graph\":[{\"@type\":\"WebPage\",\"@id\":\"https:\/\/itw-technik.de\/fr\/videos-itw\/\",\"url\":\"https:\/\/itw-technik.de\/fr\/videos-itw\/\",\"name\":\"Vid\u00e9os ITW - ITW Industrie-Technik Werth GmbH\",\"isPartOf\":{\"@id\":\"https:\/\/itw-technik.de\/fr\/#website\"},\"datePublished\":\"2018-06-06T14:04:38+00:00\",\"dateModified\":\"2021-11-19T15:12:20+00:00\",\"inLanguage\":\"fr-FR\",\"potentialAction\":[{\"@type\":\"ReadAction\",\"target\":[\"https:\/\/itw-technik.de\/fr\/videos-itw\/\"]}]},{\"@type\":\"WebSite\",\"@id\":\"https:\/\/itw-technik.de\/fr\/#website\",\"url\":\"https:\/\/itw-technik.de\/fr\/\",\"name\":\"ITW Industrie-Technik Werth GmbH\",\"description\":\"Industrie Technik Maschinenbau\",\"potentialAction\":[{\"@type\":\"SearchAction\",\"target\":{\"@type\":\"EntryPoint\",\"urlTemplate\":\"https:\/\/itw-technik.de\/fr\/?s={search_term_string}\"},\"query-input\":{\"@type\":\"PropertyValueSpecification\",\"valueRequired\":true,\"valueName\":\"search_term_string\"}}],\"inLanguage\":\"fr-FR\"}]}<\/script>\n<!-- \/ Yoast SEO plugin. -->","yoast_head_json":{"title":"Vid\u00e9os ITW - ITW Industrie-Technik Werth GmbH","robots":{"index":"index","follow":"follow","max-snippet":"max-snippet:-1","max-image-preview":"max-image-preview:large","max-video-preview":"max-video-preview:-1"},"canonical":"https:\/\/itw-technik.de\/fr\/videos-itw\/","twitter_card":"summary_large_image","twitter_title":"Vid\u00e9os ITW - ITW Industrie-Technik Werth GmbH","twitter_description":"Vid\u00e9os ITW Ci-dessous, vous trouverez plusieurs vid\u00e9os traitant de notre palette de services. Le film Image ITW vous montrera le profil de notre soci\u00e9t\u00e9. Toutes les autres vid\u00e9os vous procureront un aper\u00e7u plus d\u00e9taill\u00e9es des solutions adapt\u00e9es aux besoins de nos clients qui sont actifs dans le domaine des technologies du conditionnement et des transports, [&hellip;]","twitter_misc":{"Dur\u00e9e de lecture estim\u00e9e":"2 minutes"},"schema":{"@context":"https:\/\/schema.org","@graph":[{"@type":"WebPage","@id":"https:\/\/itw-technik.de\/fr\/videos-itw\/","url":"https:\/\/itw-technik.de\/fr\/videos-itw\/","name":"Vid\u00e9os ITW - ITW Industrie-Technik Werth GmbH","isPartOf":{"@id":"https:\/\/itw-technik.de\/fr\/#website"},"datePublished":"2018-06-06T14:04:38+00:00","dateModified":"2021-11-19T15:12:20+00:00","inLanguage":"fr-FR","potentialAction":[{"@type":"ReadAction","target":["https:\/\/itw-technik.de\/fr\/videos-itw\/"]}]},{"@type":"WebSite","@id":"https:\/\/itw-technik.de\/fr\/#website","url":"https:\/\/itw-technik.de\/fr\/","name":"ITW Industrie-Technik Werth GmbH","description":"Industrie Technik Maschinenbau","potentialAction":[{"@type":"SearchAction","target":{"@type":"EntryPoint","urlTemplate":"https:\/\/itw-technik.de\/fr\/?s={search_term_string}"},"query-input":{"@type":"PropertyValueSpecification","valueRequired":true,"valueName":"search_term_string"}}],"inLanguage":"fr-FR"}]}},"publishpress_future_action":{"enabled":false,"date":"2026-05-08 11:28:20","action":"change-status","newStatus":"draft","terms":[],"taxonomy":"translation_priority","extraData":[]},"publishpress_future_workflow_manual_trigger":{"enabledWorkflows":[]},"_links":{"self":[{"href":"https:\/\/itw-technik.de\/fr\/wp-json\/wp\/v2\/pages\/4302","targetHints":{"allow":["GET"]}}],"collection":[{"href":"https:\/\/itw-technik.de\/fr\/wp-json\/wp\/v2\/pages"}],"about":[{"href":"https:\/\/itw-technik.de\/fr\/wp-json\/wp\/v2\/types\/page"}],"author":[{"embeddable":true,"href":"https:\/\/itw-technik.de\/fr\/wp-json\/wp\/v2\/users\/1"}],"replies":[{"embeddable":true,"href":"https:\/\/itw-technik.de\/fr\/wp-json\/wp\/v2\/comments?post=4302"}],"version-history":[{"count":5,"href":"https:\/\/itw-technik.de\/fr\/wp-json\/wp\/v2\/pages\/4302\/revisions"}],"predecessor-version":[{"id":4591,"href":"https:\/\/itw-technik.de\/fr\/wp-json\/wp\/v2\/pages\/4302\/revisions\/4591"}],"wp:attachment":[{"href":"https:\/\/itw-technik.de\/fr\/wp-json\/wp\/v2\/media?parent=4302"}],"curies":[{"name":"wp","href":"https:\/\/api.w.org\/{rel}","templated":true}]}}