{"id":3726,"date":"2021-01-14T20:32:08","date_gmt":"2021-01-14T19:32:08","guid":{"rendered":"https:\/\/itw-technik.de\/?page_id=3726"},"modified":"2021-02-19T15:19:21","modified_gmt":"2021-02-19T14:19:21","slug":"althaus","status":"publish","type":"page","link":"https:\/\/itw-technik.de\/ru\/althaus\/","title":{"rendered":"Althaus"},"content":{"rendered":"<div id=\"pl-3726\"  class=\"panel-layout\" ><div id=\"pg-3726-0\"  class=\"panel-grid panel-no-style\" ><div id=\"pgc-3726-0-0\"  class=\"panel-grid-cell\" ><div id=\"panel-3726-0-0-0\" class=\"so-panel widget widget_sow-editor panel-first-child panel-last-child\" data-index=\"0\" ><div\n\t\t\t\n\t\t\tclass=\"so-widget-sow-editor so-widget-sow-editor-base\"\n\t\t\t\n\t\t>\n<div class=\"siteorigin-widget-tinymce textwidget\">\n\t<h3>ITW \u0434\u043e\u0431\u0430\u0432\u043b\u044f\u0435\u0442 \u0432 \u0430\u0441\u0441\u043e\u0440\u0442\u0438\u043c\u0435\u043d\u0442 \u0441\u0432\u043e\u0435\u0439 \u043f\u0440\u043e\u0434\u0443\u043a\u0446\u0438\u0438 \u0432\u0435\u0441\u043e\u0432\u0443\u044e \u0442\u0435\u0445\u043d\u0438\u043a\u0443<\/h3>\n<p>\u0411\u0438\u0440\u0448\u0442\u0435\u0439\u043d, B\u00f6\u00df-Ges\u00e4\u00df (wm) 1 \u044f\u043d\u0432\u0430\u0440\u044f 2021 \u0433\u043e\u0434\u0430 \u043a\u043e\u043c\u043f\u0430\u043d\u0438\u044f ITW Industrie-Technik Werth GmbH \u043f\u0440\u0438\u043e\u0431\u0440\u0435\u043b\u0430 \u0444\u0438\u0440\u043c\u0443 Dieter Althaus Wiegetechnik GmbH, \u044f\u0432\u043b\u044f\u044e\u0449\u0443\u044e\u0441\u044f \u0434\u043e\u043b\u0433\u043e\u0441\u0440\u043e\u0447\u043d\u044b\u043c \u043f\u0430\u0440\u0442\u043d\u0435\u0440\u043e\u043c. \u0422\u0430\u043a\u0438\u043c \u043e\u0431\u0440\u0430\u0437\u043e\u043c, ITW \u043e\u0431\u044a\u0435\u0434\u0438\u043d\u044f\u0435\u0442 \u043f\u0440\u043e\u0438\u0437\u0432\u043e\u0434\u0441\u0442\u0432\u043e, \u043f\u0440\u043e\u0434\u0430\u0436\u0438 \u0438 \u043e\u0431\u0441\u043b\u0443\u0436\u0438\u0432\u0430\u043d\u0438\u0435 \u043a\u043b\u0438\u0435\u043d\u0442\u043e\u0432 \u0432 \u0432\u0430\u0436\u043d\u043e\u043c \u043f\u043e\u0434\u0440\u0430\u0437\u0434\u0435\u043b\u0435\u043d\u0438\u0438 <a href=\"https:\/\/itw-technik.de\/ru\/vesovaya-tekhnika\/\">\u0432\u0435\u0441\u043e\u0432\u043e\u0439 \u0442\u0435\u0445\u043d\u0438\u043a\u0438<\/a>. \u0421\u0443\u0449\u0435\u0441\u0442\u0432\u0443\u044e\u0449\u0430\u044f \u043b\u0438\u043d\u0435\u0439\u043a\u0430 \u043f\u0440\u043e\u0434\u0443\u043a\u0442\u043e\u0432 Alpha (Alpha I\u2013V) \u0431\u0443\u0434\u0435\u0442 \u043f\u0440\u043e\u0434\u043e\u043b\u0436\u0430\u0442\u044c\u0441\u044f \u0438 \u0440\u0430\u0437\u0432\u0438\u0432\u0430\u0442\u044c\u0441\u044f. \u042d\u0442\u043e \u0433\u0430\u0440\u0430\u043d\u0442\u0438\u0440\u0443\u0435\u0442, \u0447\u0442\u043e \u0441\u0443\u0449\u0435\u0441\u0442\u0432\u0443\u044e\u0449\u0438\u0435 \u043a\u043b\u0438\u0435\u043d\u0442\u044b Althaus Wiegetechnik GmbH \u0431\u0443\u0434\u0443\u0442 \u043f\u0440\u043e\u0434\u043e\u043b\u0436\u0430\u0442\u044c \u043f\u043e\u043b\u0443\u0447\u0430\u0442\u044c \u0437\u0430\u043f\u0430\u0441\u043d\u044b\u0435 \u0447\u0430\u0441\u0442\u0438 \u0438 \u0442\u0435\u0445\u043d\u0438\u0447\u0435\u0441\u043a\u0443\u044e \u043f\u043e\u0434\u0434\u0435\u0440\u0436\u043a\u0443 \u0432 \u0431\u0443\u0434\u0443\u0449\u0435\u043c.<\/p>\n<\/div>\n<\/div><\/div><\/div><div id=\"pgc-3726-0-1\"  class=\"panel-grid-cell\" ><div id=\"panel-3726-0-1-0\" class=\"so-panel widget widget_sow-editor panel-first-child panel-last-child\" data-index=\"1\" ><div\n\t\t\t\n\t\t\tclass=\"so-widget-sow-editor so-widget-sow-editor-base\"\n\t\t\t\n\t\t>\n<div class=\"siteorigin-widget-tinymce textwidget\">\n\t<p>\t<a href=\"https:\/\/itw-technik.de\/wiegetechnik\/\"><img loading=\"lazy\" decoding=\"async\" class=\"alignnone size-full wp-image-2713\" src=\"https:\/\/itw-technik.de\/wp-content\/uploads\/althaus-itw-730x342-1.png\" alt=\"\u041a\u043e\u043c\u043f\u0430\u043d\u0438\u044f ITW Industrie Technik GmbH \u043f\u0440\u0438\u043e\u0431\u0440\u0435\u043b\u0430 \u0444\u0438\u0440\u043c\u0443 Dieter Althaus Wiegetechnik GmbH\" width=\"730\" height=\"343\"\/><\/a><\/p>\n<\/div>\n<\/div><\/div><\/div><\/div><div id=\"pg-3726-1\"  class=\"panel-grid panel-no-style\" ><div id=\"pgc-3726-1-0\"  class=\"panel-grid-cell\" ><div id=\"panel-3726-1-0-0\" class=\"so-panel widget widget_sow-editor panel-first-child panel-last-child\" data-index=\"2\" ><div\n\t\t\t\n\t\t\tclass=\"so-widget-sow-editor so-widget-sow-editor-base\"\n\t\t\t\n\t\t>\n<div class=\"siteorigin-widget-tinymce textwidget\">\n\t<h3>\u041d\u043e\u0432\u044b\u043c \u0442\u0435\u0445\u043d\u0438\u0447\u0435\u0441\u043a\u0438\u043c <br \/> \u0434\u0438\u0440\u0435\u043a\u0442\u043e\u0440\u043e\u043c \u0431\u0443\u0434\u0435\u0442 \u0414\u0438\u0442\u0435\u0440 \u0410\u043b\u044c\u0442\u0445\u0430\u0443\u0441<\/h3>\n<p>\u0421 01.02.2021 \u0414\u0438\u0442\u0435\u0440 \u0410\u043b\u044c\u0442\u0445\u0430\u0443\u0441 \u043f\u0440\u0438\u043c\u0435\u0442 \u043d\u0430 \u0441\u0435\u0431\u044f \u0442\u0435\u0445\u043d\u0438\u0447\u0435\u0441\u043a\u043e\u0435 \u0440\u0443\u043a\u043e\u0432\u043e\u0434\u0441\u0442\u0432\u043e \u043a\u043e\u043c\u043f\u0430\u043d\u0438\u0435\u0439 ITW. \u0413-\u043d \u0410\u043b\u044c\u0442\u0445\u0430\u0443\u0441 \u0432 \u0412\u0430\u0448\u0435\u043c \u0440\u0430\u0441\u043f\u043e\u0440\u044f\u0436\u0435\u043d\u0438\u0438 \u043f\u043e \u0432\u0441\u0435\u043c \u0432\u043e\u043f\u0440\u043e\u0441\u0430\u043c, \u043a\u0430\u0441\u0430\u044e\u0449\u0438\u043c\u0441\u044f \u0442\u0435\u0445\u043d\u043e\u043b\u043e\u0433\u0438\u0438 \u0432\u0437\u0432\u0435\u0448\u0438\u0432\u0430\u043d\u0438\u044f \u0438 \u043e\u0431\u0449\u0438\u0445 \u0442\u0435\u0445\u043d\u0438\u0447\u0435\u0441\u043a\u0438\u0445 \u043a\u043e\u043d\u0441\u0443\u043b\u044c\u0442\u0430\u0446\u0438\u0439.<\/p>\n<\/div>\n<\/div><\/div><\/div><div id=\"pgc-3726-1-1\"  class=\"panel-grid-cell\" ><div id=\"panel-3726-1-1-0\" class=\"so-panel widget widget_sow-editor panel-first-child panel-last-child\" data-index=\"3\" ><div\n\t\t\t\n\t\t\tclass=\"so-widget-sow-editor so-widget-sow-editor-base\"\n\t\t\t\n\t\t>\n<div class=\"siteorigin-widget-tinymce textwidget\">\n\t<p>\t&nbsp; <img loading=\"lazy\" decoding=\"async\" class=\"img-circle\" src=\"https:\/\/itw-technik.de\/wp-content\/uploads\/dieter-althaus-500q.jpg\" alt=\"\u0414\u0438\u0442\u0435\u0440 \u0410\u043b\u044c\u0442\u0445\u0430\u0443\u0441\" width=\"500\" height=\"500\"\/><\/p>\n<\/div>\n<\/div><\/div><\/div><div id=\"pgc-3726-1-2\"  class=\"panel-grid-cell\" ><div id=\"panel-3726-1-2-0\" class=\"so-panel widget widget_sow-editor panel-first-child\" data-index=\"4\" ><div\n\t\t\t\n\t\t\tclass=\"so-widget-sow-editor so-widget-sow-editor-base\"\n\t\t\t\n\t\t>\n<div class=\"siteorigin-widget-tinymce textwidget\">\n\t<p style=\"text-align: center;\"><a class=\"btn btn-default right\" href=\"\/vesovaya-tekhnika\/\" target=\"_self\" rel=\"noopener noreferrer\" type=\"button\">\u041f\u0435\u0440\u0435\u0439\u0442\u0438 \u043d\u0430 \u0432\u0435\u0441\u043e\u0432\u0443\u044e \u0442\u0435\u0445\u043d\u0438\u043a\u0443<\/a><\/p>\n<\/div>\n<\/div><\/div><div id=\"panel-3726-1-2-1\" class=\"so-panel widget widget_sow-editor\" data-index=\"5\" ><div\n\t\t\t\n\t\t\tclass=\"so-widget-sow-editor so-widget-sow-editor-base\"\n\t\t\t\n\t\t>\n<div class=\"siteorigin-widget-tinymce textwidget\">\n\t<p style=\"text-align: center;\"><a class=\"btn btn-default right\" href=\"\/sistemy-vzveshivaniya\/\" target=\"_self\" rel=\"noopener noreferrer\" type=\"button\">\u041f\u0435\u0440\u0435\u0439\u0442\u0438 \u043d\u0430 \u043e\u0431\u0437\u043e\u0440 \u043f\u0440\u043e\u0434\u0443\u043a\u0442\u043e\u0432<\/a><\/p>\n<\/div>\n<\/div><\/div><div id=\"panel-3726-1-2-2\" class=\"so-panel widget widget_sow-editor panel-last-child\" data-index=\"6\" ><div\n\t\t\t\n\t\t\tclass=\"so-widget-sow-editor so-widget-sow-editor-base\"\n\t\t\t\n\t\t>\n<div class=\"siteorigin-widget-tinymce textwidget\">\n\t<p style=\"text-align: center;\"><a class=\"btn btn-default right\" href=\"\/ru\/#kontakt\" target=\"_self\" rel=\"noopener noreferrer\" type=\"button\">\u0423 \u0412\u0430\u0441 \u0435\u0441\u0442\u044c \u0432\u043e\u043f\u0440\u043e\u0441\u044b?<\/a><\/p>\n<\/div>\n<\/div><\/div><\/div><div id=\"pgc-3726-1-3\"  class=\"panel-grid-cell panel-grid-cell-empty panel-grid-cell-mobile-last\" ><\/div><div id=\"pgc-3726-1-4\"  class=\"panel-grid-cell panel-grid-cell-empty\" ><\/div><\/div><\/div>","protected":false},"excerpt":{"rendered":"<p>ITW \u0434\u043e\u0431\u0430\u0432\u043b\u044f\u0435\u0442 \u0432 \u0430\u0441\u0441\u043e\u0440\u0442\u0438\u043c\u0435\u043d\u0442 \u0441\u0432\u043e\u0435\u0439 \u043f\u0440\u043e\u0434\u0443\u043a\u0446\u0438\u0438 \u0432\u0435\u0441\u043e\u0432\u0443\u044e \u0442\u0435\u0445\u043d\u0438\u043a\u0443 \u0411\u0438\u0440\u0448\u0442\u0435\u0439\u043d, B\u00f6\u00df-Ges\u00e4\u00df (wm) 1 \u044f\u043d\u0432\u0430\u0440\u044f 2021 \u0433\u043e\u0434\u0430 \u043a\u043e\u043c\u043f\u0430\u043d\u0438\u044f ITW Industrie-Technik Werth GmbH \u043f\u0440\u0438\u043e\u0431\u0440\u0435\u043b\u0430 \u0444\u0438\u0440\u043c\u0443 Dieter Althaus Wiegetechnik GmbH, \u044f\u0432\u043b\u044f\u044e\u0449\u0443\u044e\u0441\u044f \u0434\u043e\u043b\u0433\u043e\u0441\u0440\u043e\u0447\u043d\u044b\u043c \u043f\u0430\u0440\u0442\u043d\u0435\u0440\u043e\u043c. \u0422\u0430\u043a\u0438\u043c \u043e\u0431\u0440\u0430\u0437\u043e\u043c, ITW \u043e\u0431\u044a\u0435\u0434\u0438\u043d\u044f\u0435\u0442 \u043f\u0440\u043e\u0438\u0437\u0432\u043e\u0434\u0441\u0442\u0432\u043e, \u043f\u0440\u043e\u0434\u0430\u0436\u0438 \u0438 \u043e\u0431\u0441\u043b\u0443\u0436\u0438\u0432\u0430\u043d\u0438\u0435 \u043a\u043b\u0438\u0435\u043d\u0442\u043e\u0432 \u0432 \u0432\u0430\u0436\u043d\u043e\u043c \u043f\u043e\u0434\u0440\u0430\u0437\u0434\u0435\u043b\u0435\u043d\u0438\u0438 \u0432\u0435\u0441\u043e\u0432\u043e\u0439 \u0442\u0435\u0445\u043d\u0438\u043a\u0438. \u0421\u0443\u0449\u0435\u0441\u0442\u0432\u0443\u044e\u0449\u0430\u044f \u043b\u0438\u043d\u0435\u0439\u043a\u0430 \u043f\u0440\u043e\u0434\u0443\u043a\u0442\u043e\u0432 Alpha (Alpha I\u2013V) \u0431\u0443\u0434\u0435\u0442 \u043f\u0440\u043e\u0434\u043e\u043b\u0436\u0430\u0442\u044c\u0441\u044f \u0438 \u0440\u0430\u0437\u0432\u0438\u0432\u0430\u0442\u044c\u0441\u044f. \u042d\u0442\u043e \u0433\u0430\u0440\u0430\u043d\u0442\u0438\u0440\u0443\u0435\u0442, [&hellip;]<\/p>\n","protected":false},"author":1,"featured_media":0,"parent":0,"menu_order":0,"comment_status":"closed","ping_status":"closed","template":"","meta":{"footnotes":""},"class_list":["post-3726","page","type-page","status-publish","hentry"],"yoast_head":"<!-- This site is optimized with the Yoast SEO plugin v25.5 - https:\/\/yoast.com\/wordpress\/plugins\/seo\/ -->\n<title>Althaus - ITW Industrie-Technik Werth GmbH<\/title>\n<meta name=\"robots\" content=\"index, follow, max-snippet:-1, max-image-preview:large, max-video-preview:-1\" \/>\n<link rel=\"canonical\" href=\"https:\/\/itw-technik.de\/ru\/althaus\/\" \/>\n<meta name=\"twitter:card\" content=\"summary_large_image\" \/>\n<meta name=\"twitter:title\" content=\"Althaus - ITW Industrie-Technik Werth GmbH\" \/>\n<meta name=\"twitter:description\" content=\"ITW \u0434\u043e\u0431\u0430\u0432\u043b\u044f\u0435\u0442 \u0432 \u0430\u0441\u0441\u043e\u0440\u0442\u0438\u043c\u0435\u043d\u0442 \u0441\u0432\u043e\u0435\u0439 \u043f\u0440\u043e\u0434\u0443\u043a\u0446\u0438\u0438 \u0432\u0435\u0441\u043e\u0432\u0443\u044e \u0442\u0435\u0445\u043d\u0438\u043a\u0443 \u0411\u0438\u0440\u0448\u0442\u0435\u0439\u043d, B\u00f6\u00df-Ges\u00e4\u00df (wm) 1 \u044f\u043d\u0432\u0430\u0440\u044f 2021 \u0433\u043e\u0434\u0430 \u043a\u043e\u043c\u043f\u0430\u043d\u0438\u044f ITW Industrie-Technik Werth GmbH \u043f\u0440\u0438\u043e\u0431\u0440\u0435\u043b\u0430 \u0444\u0438\u0440\u043c\u0443 Dieter Althaus Wiegetechnik GmbH, \u044f\u0432\u043b\u044f\u044e\u0449\u0443\u044e\u0441\u044f \u0434\u043e\u043b\u0433\u043e\u0441\u0440\u043e\u0447\u043d\u044b\u043c \u043f\u0430\u0440\u0442\u043d\u0435\u0440\u043e\u043c. \u0422\u0430\u043a\u0438\u043c \u043e\u0431\u0440\u0430\u0437\u043e\u043c, ITW \u043e\u0431\u044a\u0435\u0434\u0438\u043d\u044f\u0435\u0442 \u043f\u0440\u043e\u0438\u0437\u0432\u043e\u0434\u0441\u0442\u0432\u043e, \u043f\u0440\u043e\u0434\u0430\u0436\u0438 \u0438 \u043e\u0431\u0441\u043b\u0443\u0436\u0438\u0432\u0430\u043d\u0438\u0435 \u043a\u043b\u0438\u0435\u043d\u0442\u043e\u0432 \u0432 \u0432\u0430\u0436\u043d\u043e\u043c \u043f\u043e\u0434\u0440\u0430\u0437\u0434\u0435\u043b\u0435\u043d\u0438\u0438 \u0432\u0435\u0441\u043e\u0432\u043e\u0439 \u0442\u0435\u0445\u043d\u0438\u043a\u0438. \u0421\u0443\u0449\u0435\u0441\u0442\u0432\u0443\u044e\u0449\u0430\u044f \u043b\u0438\u043d\u0435\u0439\u043a\u0430 \u043f\u0440\u043e\u0434\u0443\u043a\u0442\u043e\u0432 Alpha (Alpha I\u2013V) \u0431\u0443\u0434\u0435\u0442 \u043f\u0440\u043e\u0434\u043e\u043b\u0436\u0430\u0442\u044c\u0441\u044f \u0438 \u0440\u0430\u0437\u0432\u0438\u0432\u0430\u0442\u044c\u0441\u044f. \u042d\u0442\u043e \u0433\u0430\u0440\u0430\u043d\u0442\u0438\u0440\u0443\u0435\u0442, [&hellip;]\" \/>\n<meta name=\"twitter:image\" content=\"https:\/\/itw-technik.de\/wp-content\/uploads\/althaus-itw-730x342-1.png\" \/>\n<script type=\"application\/ld+json\" class=\"yoast-schema-graph\">{\"@context\":\"https:\/\/schema.org\",\"@graph\":[{\"@type\":\"WebPage\",\"@id\":\"https:\/\/itw-technik.de\/ru\/althaus\/\",\"url\":\"https:\/\/itw-technik.de\/ru\/althaus\/\",\"name\":\"Althaus - ITW Industrie-Technik Werth GmbH\",\"isPartOf\":{\"@id\":\"https:\/\/itw-technik.de\/ru\/#website\"},\"primaryImageOfPage\":{\"@id\":\"https:\/\/itw-technik.de\/ru\/althaus\/#primaryimage\"},\"image\":{\"@id\":\"https:\/\/itw-technik.de\/ru\/althaus\/#primaryimage\"},\"thumbnailUrl\":\"https:\/\/itw-technik.de\/wp-content\/uploads\/althaus-itw-730x342-1.png\",\"datePublished\":\"2021-01-14T19:32:08+00:00\",\"dateModified\":\"2021-02-19T14:19:21+00:00\",\"inLanguage\":\"ru-RU\",\"potentialAction\":[{\"@type\":\"ReadAction\",\"target\":[\"https:\/\/itw-technik.de\/ru\/althaus\/\"]}]},{\"@type\":\"ImageObject\",\"inLanguage\":\"ru-RU\",\"@id\":\"https:\/\/itw-technik.de\/ru\/althaus\/#primaryimage\",\"url\":\"https:\/\/itw-technik.de\/wp-content\/uploads\/althaus-itw-730x342-1.png\",\"contentUrl\":\"https:\/\/itw-technik.de\/wp-content\/uploads\/althaus-itw-730x342-1.png\"},{\"@type\":\"WebSite\",\"@id\":\"https:\/\/itw-technik.de\/ru\/#website\",\"url\":\"https:\/\/itw-technik.de\/ru\/\",\"name\":\"ITW Industrie-Technik Werth GmbH\",\"description\":\"Industrie Technik Maschinenbau\",\"potentialAction\":[{\"@type\":\"SearchAction\",\"target\":{\"@type\":\"EntryPoint\",\"urlTemplate\":\"https:\/\/itw-technik.de\/ru\/?s={search_term_string}\"},\"query-input\":{\"@type\":\"PropertyValueSpecification\",\"valueRequired\":true,\"valueName\":\"search_term_string\"}}],\"inLanguage\":\"ru-RU\"}]}<\/script>\n<!-- \/ Yoast SEO plugin. -->","yoast_head_json":{"title":"Althaus - ITW Industrie-Technik Werth GmbH","robots":{"index":"index","follow":"follow","max-snippet":"max-snippet:-1","max-image-preview":"max-image-preview:large","max-video-preview":"max-video-preview:-1"},"canonical":"https:\/\/itw-technik.de\/ru\/althaus\/","twitter_card":"summary_large_image","twitter_title":"Althaus - ITW Industrie-Technik Werth GmbH","twitter_description":"ITW \u0434\u043e\u0431\u0430\u0432\u043b\u044f\u0435\u0442 \u0432 \u0430\u0441\u0441\u043e\u0440\u0442\u0438\u043c\u0435\u043d\u0442 \u0441\u0432\u043e\u0435\u0439 \u043f\u0440\u043e\u0434\u0443\u043a\u0446\u0438\u0438 \u0432\u0435\u0441\u043e\u0432\u0443\u044e \u0442\u0435\u0445\u043d\u0438\u043a\u0443 \u0411\u0438\u0440\u0448\u0442\u0435\u0439\u043d, B\u00f6\u00df-Ges\u00e4\u00df (wm) 1 \u044f\u043d\u0432\u0430\u0440\u044f 2021 \u0433\u043e\u0434\u0430 \u043a\u043e\u043c\u043f\u0430\u043d\u0438\u044f ITW Industrie-Technik Werth GmbH \u043f\u0440\u0438\u043e\u0431\u0440\u0435\u043b\u0430 \u0444\u0438\u0440\u043c\u0443 Dieter Althaus Wiegetechnik GmbH, \u044f\u0432\u043b\u044f\u044e\u0449\u0443\u044e\u0441\u044f \u0434\u043e\u043b\u0433\u043e\u0441\u0440\u043e\u0447\u043d\u044b\u043c \u043f\u0430\u0440\u0442\u043d\u0435\u0440\u043e\u043c. \u0422\u0430\u043a\u0438\u043c \u043e\u0431\u0440\u0430\u0437\u043e\u043c, ITW \u043e\u0431\u044a\u0435\u0434\u0438\u043d\u044f\u0435\u0442 \u043f\u0440\u043e\u0438\u0437\u0432\u043e\u0434\u0441\u0442\u0432\u043e, \u043f\u0440\u043e\u0434\u0430\u0436\u0438 \u0438 \u043e\u0431\u0441\u043b\u0443\u0436\u0438\u0432\u0430\u043d\u0438\u0435 \u043a\u043b\u0438\u0435\u043d\u0442\u043e\u0432 \u0432 \u0432\u0430\u0436\u043d\u043e\u043c \u043f\u043e\u0434\u0440\u0430\u0437\u0434\u0435\u043b\u0435\u043d\u0438\u0438 \u0432\u0435\u0441\u043e\u0432\u043e\u0439 \u0442\u0435\u0445\u043d\u0438\u043a\u0438. \u0421\u0443\u0449\u0435\u0441\u0442\u0432\u0443\u044e\u0449\u0430\u044f \u043b\u0438\u043d\u0435\u0439\u043a\u0430 \u043f\u0440\u043e\u0434\u0443\u043a\u0442\u043e\u0432 Alpha (Alpha I\u2013V) \u0431\u0443\u0434\u0435\u0442 \u043f\u0440\u043e\u0434\u043e\u043b\u0436\u0430\u0442\u044c\u0441\u044f \u0438 \u0440\u0430\u0437\u0432\u0438\u0432\u0430\u0442\u044c\u0441\u044f. \u042d\u0442\u043e \u0433\u0430\u0440\u0430\u043d\u0442\u0438\u0440\u0443\u0435\u0442, [&hellip;]","twitter_image":"https:\/\/itw-technik.de\/wp-content\/uploads\/althaus-itw-730x342-1.png","schema":{"@context":"https:\/\/schema.org","@graph":[{"@type":"WebPage","@id":"https:\/\/itw-technik.de\/ru\/althaus\/","url":"https:\/\/itw-technik.de\/ru\/althaus\/","name":"Althaus - ITW Industrie-Technik Werth GmbH","isPartOf":{"@id":"https:\/\/itw-technik.de\/ru\/#website"},"primaryImageOfPage":{"@id":"https:\/\/itw-technik.de\/ru\/althaus\/#primaryimage"},"image":{"@id":"https:\/\/itw-technik.de\/ru\/althaus\/#primaryimage"},"thumbnailUrl":"https:\/\/itw-technik.de\/wp-content\/uploads\/althaus-itw-730x342-1.png","datePublished":"2021-01-14T19:32:08+00:00","dateModified":"2021-02-19T14:19:21+00:00","inLanguage":"ru-RU","potentialAction":[{"@type":"ReadAction","target":["https:\/\/itw-technik.de\/ru\/althaus\/"]}]},{"@type":"ImageObject","inLanguage":"ru-RU","@id":"https:\/\/itw-technik.de\/ru\/althaus\/#primaryimage","url":"https:\/\/itw-technik.de\/wp-content\/uploads\/althaus-itw-730x342-1.png","contentUrl":"https:\/\/itw-technik.de\/wp-content\/uploads\/althaus-itw-730x342-1.png"},{"@type":"WebSite","@id":"https:\/\/itw-technik.de\/ru\/#website","url":"https:\/\/itw-technik.de\/ru\/","name":"ITW Industrie-Technik Werth GmbH","description":"Industrie Technik Maschinenbau","potentialAction":[{"@type":"SearchAction","target":{"@type":"EntryPoint","urlTemplate":"https:\/\/itw-technik.de\/ru\/?s={search_term_string}"},"query-input":{"@type":"PropertyValueSpecification","valueRequired":true,"valueName":"search_term_string"}}],"inLanguage":"ru-RU"}]}},"publishpress_future_action":{"enabled":false,"date":"2026-04-11 00:45:00","action":"change-status","newStatus":"draft","terms":[],"taxonomy":"translation_priority","extraData":[]},"publishpress_future_workflow_manual_trigger":{"enabledWorkflows":[]},"_links":{"self":[{"href":"https:\/\/itw-technik.de\/ru\/wp-json\/wp\/v2\/pages\/3726","targetHints":{"allow":["GET"]}}],"collection":[{"href":"https:\/\/itw-technik.de\/ru\/wp-json\/wp\/v2\/pages"}],"about":[{"href":"https:\/\/itw-technik.de\/ru\/wp-json\/wp\/v2\/types\/page"}],"author":[{"embeddable":true,"href":"https:\/\/itw-technik.de\/ru\/wp-json\/wp\/v2\/users\/1"}],"replies":[{"embeddable":true,"href":"https:\/\/itw-technik.de\/ru\/wp-json\/wp\/v2\/comments?post=3726"}],"version-history":[{"count":5,"href":"https:\/\/itw-technik.de\/ru\/wp-json\/wp\/v2\/pages\/3726\/revisions"}],"predecessor-version":[{"id":3806,"href":"https:\/\/itw-technik.de\/ru\/wp-json\/wp\/v2\/pages\/3726\/revisions\/3806"}],"wp:attachment":[{"href":"https:\/\/itw-technik.de\/ru\/wp-json\/wp\/v2\/media?parent=3726"}],"curies":[{"name":"wp","href":"https:\/\/api.w.org\/{rel}","templated":true}]}}